{"id":6926,"date":"2025-04-23T02:44:09","date_gmt":"2025-04-22T23:44:09","guid":{"rendered":"https:\/\/tursaytravel.com\/?post_type=product&#038;p=6926"},"modified":"2026-04-17T15:30:31","modified_gmt":"2026-04-17T12:30:31","slug":"alanyadan-tazi-canyon-ve-rafting-turu","status":"publish","type":"product","link":"https:\/\/tursaytravel.com\/tr\/alanyadan-tazi-canyon-ve-rafting-turu\/","title":{"rendered":"Alanya\u2019dan Taz\u0131 Canyon ve Rafting Turu"},"content":{"rendered":"<h2>Alanya\u2019dan Taz\u0131 Canyon ve Rafting Turu<\/h2>\n<p>Alanya&#8217;dan Taz\u0131 Kanyon Turu ile do\u011fan\u0131n b\u00fcy\u00fcl\u00fc g\u00fczelliklerini ke\u015ffetmeye haz\u0131r olun! Taz\u0131 Kanyonu 400 metreyi a\u015fan y\u00fcksekli\u011fiyle muhte\u015fem bir manzaraya sahiptir. K\u00f6pr\u00fcl\u00fc Kanyon Milli Park\u0131&#8217;n\u0131n e\u015fsiz do\u011fal g\u00fczelliklerini ke\u015ffedeceksiniz.<\/p>\n<p>Alanya&#8217;da rafting, do\u011fada muhte\u015fem bir macera arayanlar i\u00e7in m\u00fckemmel bir se\u00e7enektir. B\u00f6lgenin do\u011fal g\u00fczelliklerinin tad\u0131n\u0131 \u00e7\u0131kar\u0131rken ayn\u0131 zamanda adrenalin dolu bir deneyim ya\u015famak isteyenler i\u00e7in ideal bir aktivitedir.<\/p>\n<p>Taz\u0131 Kanyonu&#8217;nda do\u011fan\u0131n b\u00fcy\u00fcleyici g\u00fczelliklerini ke\u015ffettikten sonra, Rafting ile macera ve aksiyonun bir arada oldu\u011fu iki harika tur ya\u015fayacaks\u0131n\u0131z! Hem do\u011fa severlerin hem de macera tutkunlar\u0131n\u0131n bay\u0131laca\u011f\u0131 bu tur, Alanya&#8217;da sizi bekliyor. <\/p>\n<h2>Tur Detaylar\u0131:<\/h2>\n<ul>\n<li>Saat 08:00 civar\u0131nda sizi klimal\u0131 otob\u00fcsle otelinizden alaca\u011f\u0131z. (Taz\u0131 Kanyonu Alanya&#8217;ya yakla\u015f\u0131k 130 km uzakl\u0131ktad\u0131r)<\/li>\n<li>K\u00f6pr\u00fcl\u00fc Kanyon\u2019a gidip orada cabrio ara\u00e7lara ge\u00e7ece\u011fiz.<\/li>\n<li>Toros Da\u011flar\u0131&#8217;ndan Taz\u0131 Kanyonu&#8217;na kadar cabrio ara\u00e7larla do\u011fan\u0131n i\u00e7inden yolumuza devam edece\u011fiz. Bu arada K\u00f6pr\u00fcl\u00fc Kanyonu&#8217;nun \u00fcst\u00fcndeki kanyonu ve eski Roma Antik k\u00f6pr\u00fcs\u00fcn\u00fc g\u00f6rece\u011fiz. <\/li>\n<li>Daha sonra Toros Panorama&#8217;da foto\u011fraf molas\u0131 veriyoruz.<\/li>\n<li>Daha sonra Taz\u0131 Kanyonu&#8217;na ge\u00e7ece\u011fiz ve serbest zaman olacak.<\/li>\n<li>Daha sonra Rafting alan\u0131na ge\u00e7ece\u011fiz.<\/li>\n<li>Rehberimiz size rafting hakk\u0131nda bilgi ve ekipman verecek.<\/li>\n<li>Rafting alan\u0131 yakla\u015f\u0131k 14 km. \u0130lk alan 8 km, sonraki 6 km. <\/li>\n<li>\u0130lk parkurdan sonra nehir kenar\u0131nda \u00f6\u011fle yeme\u011fi molas\u0131 verilecek. (\u00d6\u011fle yeme\u011fi tur \u00fccretine dahildir) <\/li>\n<li>Turun sonunda Alanya&#8217;ya geri d\u00f6nece\u011fiz ve sizi saat 18:30 civar\u0131nda otelinize b\u0131rakaca\u011f\u0131z.<\/li>\n<\/ul>\n<p>\u015eimdiden iyi e\u011flenceler\ud83d\ude42<\/p>\n<h2>Fiyata dahil:<\/h2>\n<ul>\n<li>Sigorta<\/li>\n<li>Rehber<\/li>\n<li>Otelinizden Al\u0131n\u0131\u015f\/Otelinize B\u0131rak\u0131l\u0131\u015f<\/li>\n<li>Ekipmanlar<\/li>\n<li>\u00d6\u011fle yeme\u011fi<\/li>\n<\/ul>\n<h2>\u0130ste\u011fe ba\u011fl\u0131 fiyata dahil olmayanlar:<\/h2>\n<ul>\n<li>\u0130\u00e7ecekler<\/li>\n<li>Foto\u011fraf ve video<\/li>\n<li>Ki\u015fisel giderler<\/li>\n<\/ul>\n<h2>Tavsiyeler ve ek bilgiler:<\/h2>\n<ul>\n<li>Havlu, mayo, \u015fort, g\u00fcne\u015f kremi, rafting i\u00e7in suya dayan\u0131kl\u0131 ayakkab\u0131 ve taz\u0131 kanyonu i\u00e7in y\u00fcr\u00fcy\u00fc\u015f ayakkab\u0131s\u0131 getirmelisiniz. E\u011fer su ayakkab\u0131n\u0131z yoksa rafting alan\u0131ndaki rehberimizden sat\u0131n alabilirsiniz. (ekstra)<\/li>\n<li>Hamileler rafting turuna kat\u0131lamaz.<\/li>\n<li>Kat\u0131l\u0131mc\u0131lar 3 ya\u015f\u0131n\u0131 doldurmu\u015f olmal\u0131d\u0131r.<\/li>\n<li>Al\u0131n\u0131\u015f ve b\u0131rak\u0131l\u0131\u015f saatleri otelinizin konumuna g\u00f6re de\u011fi\u015fiklik g\u00f6sterebilir.<\/li>\n<\/ul>\n<h2>Genel Bilgiler:<\/h2>\n<ul>\n<li>Tur G\u00fcnleri: Pazartesi, Per\u015fembe, Cumartesi<\/li>\n<li>Al\u0131\u015f Noktas\u0131: Otel<\/li>\n<li>Al\u0131\u015f Saati:08:30<\/li>\n<li>B\u0131rakma Noktas\u0131: Otel<\/li>\n<li>B\u0131rakma Saati: 18:00<\/li>\n<li>Tur S\u00fcresi: 10 (Ula\u015f\u0131m Dahil)<\/li>\n<\/ul>\n","protected":false},"excerpt":{"rendered":"<h3>Fiyat Listesi<\/h3>\n<table class=\"price-table\">\n<tbody>\n<tr>\n<td>Bir Ki\u015fi<\/td>\n<td>Yeti\u015fkin (&gt;11)<\/td>\n<td>1715 TL<\/td>\n<\/tr>\n<tr>\n<td>Bir Ki\u015fi<\/td>\n<td>\u00c7ocuk (5-10)<\/td>\n<td>980TL<\/td>\n<\/tr>\n<tr>\n<td>Bir Ki\u015fi<\/td>\n<td>Bebek (0-4)<\/td>\n<td>\u00dccretsiz<\/td>\n<\/tr>\n<\/tbody>\n<\/table>\n","protected":false},"featured_media":6934,"comment_status":"open","ping_status":"closed","template":"","meta":{"_joinchat":[]},"product_brand":[],"product_cat":[43],"product_tag":[],"class_list":{"0":"post-6926","1":"product","2":"type-product","3":"status-publish","4":"has-post-thumbnail","6":"product_cat-alanya-tatil-turlari","8":"first","9":"instock","10":"sold-individually","11":"shipping-taxable","12":"purchasable","13":"product-type-booking"},"booking_location":"","booking_location_type":"","booking_duration":1,"booking_duration_unit":"day","booking_buffer":0,"booking_cost":0,"booking_resources":[],"jetpack_sharing_enabled":true,"_links":{"self":[{"href":"https:\/\/tursaytravel.com\/tr\/wp-json\/wp\/v2\/product\/6926","targetHints":{"allow":["GET"]}}],"collection":[{"href":"https:\/\/tursaytravel.com\/tr\/wp-json\/wp\/v2\/product"}],"about":[{"href":"https:\/\/tursaytravel.com\/tr\/wp-json\/wp\/v2\/types\/product"}],"replies":[{"embeddable":true,"href":"https:\/\/tursaytravel.com\/tr\/wp-json\/wp\/v2\/comments?post=6926"}],"wp:featuredmedia":[{"embeddable":true,"href":"https:\/\/tursaytravel.com\/tr\/wp-json\/wp\/v2\/media\/6934"}],"wp:attachment":[{"href":"https:\/\/tursaytravel.com\/tr\/wp-json\/wp\/v2\/media?parent=6926"}],"wp:term":[{"taxonomy":"product_brand","embeddable":true,"href":"https:\/\/tursaytravel.com\/tr\/wp-json\/wp\/v2\/product_brand?post=6926"},{"taxonomy":"product_cat","embeddable":true,"href":"https:\/\/tursaytravel.com\/tr\/wp-json\/wp\/v2\/product_cat?post=6926"},{"taxonomy":"product_tag","embeddable":true,"href":"https:\/\/tursaytravel.com\/tr\/wp-json\/wp\/v2\/product_tag?post=6926"}],"curies":[{"name":"wp","href":"https:\/\/api.w.org\/{rel}","templated":true}]}}