{"id":6828,"date":"2025-04-23T01:39:40","date_gmt":"2025-04-22T22:39:40","guid":{"rendered":"https:\/\/tursaytravel.com\/?post_type=product&#038;p=6828"},"modified":"2026-01-31T21:14:19","modified_gmt":"2026-01-31T18:14:19","slug":"alanya-sehir-ve-dim-cayi-turu","status":"publish","type":"product","link":"https:\/\/tursaytravel.com\/tr\/alanya-sehir-ve-dim-cayi-turu\/","title":{"rendered":"Alanya \u015eehir ve Dim \u00c7ay\u0131 Turu"},"content":{"rendered":"<h2>Alanya \u015eehir ve Dim \u00c7ay\u0131 Turu<\/h2>\n<p>Alanya \u015eehir ve Dim \u00c7ay\u0131 turu, Akdeniz&#8217;in g\u00fczelliklerini ke\u015ffetmek isteyenler i\u00e7in olduk\u00e7a keyifli bir g\u00fcn\u00fcbirlik gezi se\u00e7ene\u011fidir. Turun ilk b\u00f6l\u00fcm\u00fc Alanya \u015fehir merkezinde, ikinci b\u00f6l\u00fcm\u00fc ise do\u011fayla i\u00e7 i\u00e7e olan Dim \u00c7ay\u0131 b\u00f6lgesinde ger\u00e7ekle\u015fecektir. \u0130kisi bir arada olan Alanya&#8217;daki bu muhte\u015fem turu ka\u00e7\u0131rmay\u0131n.  <\/p>\n<h2>Tur Detaylar\u0131:<\/h2>\n<ul>\n<li>Saat 09:00 civar\u0131nda otelinizden klimal\u0131 otob\u00fcs ile al\u0131nacaks\u0131n\u0131z.<\/li>\n<li>Damlata\u015f&#8217;a gidece\u011fiz ve rehberimiz size tur hakk\u0131nda bilgi verecek.<\/li>\n<li>Daha sonra serbest zaman olacak.<\/li>\n<li>Serbest zaman\u0131n\u0131zda Damlata\u015f plaj\u0131nda y\u00fczebilir, \u00e7ar\u015f\u0131da al\u0131\u015fveri\u015f yapabilir, Damlata\u015f Ma\u011faras\u0131&#8217;na ve teleferi\u011fe gidebilirsiniz. (Ma\u011fara giri\u015f bileti ve teleferik giri\u015f bileti tura dahil de\u011fildir) <\/li>\n<li>Serbest zaman\u0131n ard\u0131ndan \u00f6\u011fle yeme\u011fi i\u00e7in Dim \u00c7ay\u0131&#8217;na do\u011fru yola \u00e7\u0131kaca\u011f\u0131z. (\u00d6\u011fle yeme\u011fi tura dahildir)<\/li>\n<li>Dim \u00c7ay\u0131&#8217;nda veya havuzda y\u00fczebilirsiniz.<\/li>\n<li>\u00d6\u011fle yeme\u011finden sonra b\u00fcy\u00fck bir tropikal meyve bah\u00e7esini ziyaret edece\u011fiz ve orada meyve ikramlar\u0131m\u0131z olacak.<\/li>\n<li>Sonra panorama i\u00e7in I LOVE ALANYA&#8217;ya gidece\u011fiz.<\/li>\n<li>Sizi saat 17:00 civar\u0131nda otelinize b\u0131rakaca\u011f\u0131z.<\/li>\n<\/ul>\n<p>\u015eimdiden iyi e\u011flenceler\ud83d\ude42<\/p>\n<h2>Fiyata dahil:<\/h2>\n<ul>\n<li>Sigorta<\/li>\n<li>Rehber<\/li>\n<li>Otelinizden Al\u0131n\u0131\u015f\/Otelinize B\u0131rak\u0131l\u0131\u015f<\/li>\n<li>\u00d6\u011fle yeme\u011fi<\/li>\n<li>Meyve ikram\u0131<\/li>\n<\/ul>\n<h2>\u0130ste\u011fe ba\u011fl\u0131 fiyata dahil olmayanlar:<\/h2>\n<ul>\n<li>Ki\u015fisel giderler<\/li>\n<li>\u0130\u00e7ecekler<\/li>\n<li>Damlata\u015f Ma\u011faras\u0131na veya teleferi\u011fe giderseniz e\u011fer giri\u015f \u00fccretleri.<\/li>\n<\/ul>\n<h2>Tavsiyeler ve ek bilgiler:<\/h2>\n<ul>\n<li>Al\u0131n\u0131\u015f ve b\u0131rak\u0131l\u0131\u015f saatleri otelinizin konumuna g\u00f6re de\u011fi\u015fiklik g\u00f6sterebilir.<\/li>\n<li>E\u011fer y\u00fczecekseniz yan\u0131n\u0131za havlu ve mayo al\u0131n l\u00fctfen.<\/li>\n<\/ul>\n<h2>Genel Bilgiler:<\/h2>\n<ul>\n<li>Tur G\u00fcnleri:Sal\u0131, Per\u015fembe, Cuma,Pazar<\/li>\n<li>Al\u0131\u015f Noktas\u0131: Otel<\/li>\n<li>Al\u0131\u015f Saati: 09:00<\/li>\n<li>B\u0131rakma Noktas\u0131: Otel<\/li>\n<li>B\u0131rakma Saati: 17:00<\/li>\n<li>Tur S\u00fcresi:8 (Ula\u015f\u0131m dahil)<\/li>\n<\/ul>\n","protected":false},"excerpt":{"rendered":"<h3>Fiyat Listesi<\/h3>\n<table class=\"price-table\">\n<tbody>\n<tr>\n<td>Bir ki\u015fi<\/td>\n<td>Yeti\u015fkin (&gt;10)<\/td>\n<td>1225 TL<\/td>\n<\/tr>\n<tr>\n<td>Bir Ki\u015fi\n<\/td>\n<td>\u00c7ocuk (5-9)<\/td>\n<td>735 TL<\/td>\n<\/tr>\n<tr>\n<td>Bir Ki\u015fi<\/td>\n<td>Bebek (0-4)<\/td>\n<td>\u00dccretsiz<\/td>\n<\/tr>\n<\/tbody>\n<\/table>\n","protected":false},"featured_media":6836,"comment_status":"open","ping_status":"closed","template":"","meta":{"_joinchat":[]},"product_brand":[],"product_cat":[43],"product_tag":[],"class_list":{"0":"post-6828","1":"product","2":"type-product","3":"status-publish","4":"has-post-thumbnail","6":"product_cat-alanya-tatil-turlari","8":"first","9":"instock","10":"sold-individually","11":"shipping-taxable","12":"purchasable","13":"product-type-booking"},"booking_location":"","booking_location_type":"","booking_duration":1,"booking_duration_unit":"day","booking_buffer":0,"booking_cost":0,"booking_resources":[],"jetpack_sharing_enabled":true,"_links":{"self":[{"href":"https:\/\/tursaytravel.com\/tr\/wp-json\/wp\/v2\/product\/6828","targetHints":{"allow":["GET"]}}],"collection":[{"href":"https:\/\/tursaytravel.com\/tr\/wp-json\/wp\/v2\/product"}],"about":[{"href":"https:\/\/tursaytravel.com\/tr\/wp-json\/wp\/v2\/types\/product"}],"replies":[{"embeddable":true,"href":"https:\/\/tursaytravel.com\/tr\/wp-json\/wp\/v2\/comments?post=6828"}],"wp:featuredmedia":[{"embeddable":true,"href":"https:\/\/tursaytravel.com\/tr\/wp-json\/wp\/v2\/media\/6836"}],"wp:attachment":[{"href":"https:\/\/tursaytravel.com\/tr\/wp-json\/wp\/v2\/media?parent=6828"}],"wp:term":[{"taxonomy":"product_brand","embeddable":true,"href":"https:\/\/tursaytravel.com\/tr\/wp-json\/wp\/v2\/product_brand?post=6828"},{"taxonomy":"product_cat","embeddable":true,"href":"https:\/\/tursaytravel.com\/tr\/wp-json\/wp\/v2\/product_cat?post=6828"},{"taxonomy":"product_tag","embeddable":true,"href":"https:\/\/tursaytravel.com\/tr\/wp-json\/wp\/v2\/product_tag?post=6828"}],"curies":[{"name":"wp","href":"https:\/\/api.w.org\/{rel}","templated":true}]}}