{"id":6786,"date":"2025-04-23T00:32:39","date_gmt":"2025-04-22T21:32:39","guid":{"rendered":"https:\/\/tursaytravel.com\/?post_type=product&#038;p=6786"},"modified":"2025-09-05T16:07:38","modified_gmt":"2025-09-05T13:07:38","slug":"alanyada-ozel-tekne-turu","status":"publish","type":"product","link":"https:\/\/tursaytravel.com\/tr\/alanyada-ozel-tekne-turu\/","title":{"rendered":"Alanya&#8217;da \u00d6zel Tekne Turu"},"content":{"rendered":"<h2>Alanya&#8217;da \u00d6zel Tekne Turu<\/h2>\n<p>Alanya&#8217;da \u00d6zel Tekne Turu Akdeniz&#8217;in Kalbinde Unutulmaz Bir Deneyim Sunar. Alanya, sadece tarihi g\u00fczellikleri ve masmavi deniziyle de\u011fil, sundu\u011fu e\u015fsiz deniz olanaklar\u0131yla da her y\u0131l binlerce ziyaret\u00e7iyi kendine \u00e7ekiyor. Bu aktivitelerin en \u00f6zel ve ayr\u0131cal\u0131kl\u0131 olanlar\u0131ndan biri de \u015f\u00fcphesiz \u00f6zel tekne turlar\u0131d\u0131r. Kalabal\u0131ktan uzakta, sadece sevdiklerinizle birlikte ya\u015famak, denizin ve huzurun tad\u0131n\u0131 \u00e7\u0131karmak istiyorsan\u0131z, Alanya&#8217;daki \u00f6zel tekne turumuzla Akdeniz&#8217;in huzurunda harika bir g\u00fcn ge\u00e7irebilirsiniz.   <\/p>\n<h2>Tur Detaylar\u0131:<\/h2>\n<h3>Tur s\u00fcresi i\u00e7in 2 se\u00e7ene\u011fimiz var;<\/h3>\n<ul>\n<li>10:00\/14:00<\/li>\n<li>15:00\/19:00<\/li>\n<\/ul>\n<p>2 se\u00e7enekten istedi\u011finiz saati se\u00e7ebilirsiniz.<\/p>\n<ul>\n<li>Otelinizden al\u0131nd\u0131ktan sonra Alanya liman\u0131na do\u011fru yola \u00e7\u0131kaca\u011f\u0131z.<\/li>\n<li>Teknemiz limandan ayr\u0131ld\u0131ktan sonra K\u0131z\u0131l Kule&#8217;nin yan\u0131ndaki tersanede ilk y\u00fczme molam\u0131z\u0131 verece\u011fiz.<\/li>\n<li>Foto\u011fraf molas\u0131 i\u00e7in 3 ma\u011fara g\u00f6rece\u011fiz (Korsanlar Ma\u011faras\u0131, A\u015f\u0131klar Ma\u011faras\u0131, Fosforlu Ma\u011fara)<\/li>\n<li>Kleopatra plaj\u0131na gidip y\u00fczme molas\u0131 verece\u011fiz.<\/li>\n<li>\u00d6\u011fle yeme\u011fi molas\u0131 verece\u011fiz. (\u00d6\u011fle yeme\u011fi tavuk veya bal\u0131k makarna, salata ve meyve) <\/li>\n<li>\u00d6\u011fle yeme\u011fi tur fiyat\u0131na dahildir. Ayr\u0131ca g\u00fcn boyu alkols\u00fcz i\u00e7ecekler \u00fccretsizdir. <\/li>\n<li>A\u00e7\u0131k denizden limana geri d\u00f6nece\u011fiz.<\/li>\n<li>Tur bitiminde sizi otelinize b\u0131rakaca\u011f\u0131z.<\/li>\n<\/ul>\n<p>\u015eimdiden iyi e\u011flenceler\ud83d\ude42<\/p>\n<h2>Fiyata dahil:<\/h2>\n<ul>\n<li>Sigorta<\/li>\n<li>Rehber<\/li>\n<li>Otelinizden Al\u0131n\u0131\u015f\/Otelinize B\u0131rak\u0131l\u0131\u015f<\/li>\n<li>\u00d6\u011fle yeme\u011fi, Meyve<\/li>\n<li>G\u00fcn boyu alkols\u00fcz i\u00e7ecekler<\/li>\n<\/ul>\n<h2>\u0130ste\u011fe ba\u011fl\u0131 fiyata dahil olmayanlar:<\/h2>\n<ul>\n<li>Alkol<\/li>\n<\/ul>\n<h2>Tavsiyeler ve ek bilgiler:<\/h2>\n<ul>\n<li>Rezervasyon i\u00e7in l\u00fctfen whatsapp \u00fczerinden bize ula\u015f\u0131n.<\/li>\n<li>S\u0131n\u0131r\u0131m\u0131z 5 ki\u015fidir. Fiyat 350 Euro&#8217;dur. Ki\u015fi say\u0131s\u0131 azalsa bile fiyat de\u011fi\u015fmez. 1 ila 5 ki\u015fi i\u00e7in toplam fiyat 350 Euro&#8217;dur.   <\/li>\n<li>Ki\u015fi say\u0131s\u0131 fazla ise turumuz biraz daha b\u00fcy\u00fck teknemizle ger\u00e7ekle\u015fecektir. Bunun i\u00e7in bizimle ileti\u015fime ge\u00e7melisiniz. <\/li>\n<li>Al\u0131n\u0131\u015f ve b\u0131rak\u0131l\u0131\u015f saatleri otelinizin konumuna g\u00f6re de\u011fi\u015fiklik g\u00f6sterebilir.<\/li>\n<li>Havlu, mayo, g\u00fcne\u015f g\u00f6zl\u00fc\u011f\u00fc ve g\u00fcne\u015f kremi getirmelisiniz.<\/li>\n<li>Kendi alkol\u00fcn\u00fcz\u00fc (1 veya 2 \u015fi\u015fe) getirebilirsiniz ancak alkol\u00fcn\u00fcz\u00fcn fi\u015fini yan\u0131n\u0131zda bulundurman\u0131z gerekir.<\/li>\n<\/ul>\n<h2>Genel Bilgiler:<\/h2>\n<ul>\n<li>Tur G\u00fcnleri: L\u00fctfen Whatsapp \u00fczerinden bizimle ileti\u015fime ge\u00e7in<\/li>\n<li>Al\u0131\u015f Noktas\u0131: Otel<\/li>\n<li>Al\u0131\u015f Saati: 10:00\/15:00<\/li>\n<li>B\u0131rakma Noktas\u0131: Otel<\/li>\n<li>B\u0131rakma Saati: 14:00\/19:00<\/li>\n<li>Tur S\u00fcresi:4 (Ula\u015f\u0131m Dahil)<\/li>\n<\/ul>\n","protected":false},"excerpt":{"rendered":"<h3>Fiyat Listesi<\/h3>\n<p><span style=\"font-size: 120%;\"><span style=\"color: #000000;\">17.150 TL 5 Ki\u015fiye Kadar<\/span><\/span><\/p>\n<p><span style=\"font-size: 120%;\"><strong><span style=\"color: #000000;\">Detaylar ve tur g\u00fcnleri i\u00e7in l\u00fctfen WhatsApp \u00fczerinden bizimle ileti\u015fime ge\u00e7in.<\/span><\/strong><\/span><\/p>\n","protected":false},"featured_media":6807,"comment_status":"open","ping_status":"closed","template":"","meta":{"_joinchat":[]},"product_brand":[],"product_cat":[43],"product_tag":[],"class_list":{"0":"post-6786","1":"product","2":"type-product","3":"status-publish","4":"has-post-thumbnail","6":"product_cat-alanya-tatil-turlari","8":"first","9":"instock","10":"sold-individually","11":"shipping-taxable","12":"purchasable","13":"product-type-booking"},"booking_location":"","booking_location_type":"","booking_duration":1,"booking_duration_unit":"day","booking_buffer":0,"booking_cost":18900,"booking_resources":[],"jetpack_sharing_enabled":true,"_links":{"self":[{"href":"https:\/\/tursaytravel.com\/tr\/wp-json\/wp\/v2\/product\/6786","targetHints":{"allow":["GET"]}}],"collection":[{"href":"https:\/\/tursaytravel.com\/tr\/wp-json\/wp\/v2\/product"}],"about":[{"href":"https:\/\/tursaytravel.com\/tr\/wp-json\/wp\/v2\/types\/product"}],"replies":[{"embeddable":true,"href":"https:\/\/tursaytravel.com\/tr\/wp-json\/wp\/v2\/comments?post=6786"}],"wp:featuredmedia":[{"embeddable":true,"href":"https:\/\/tursaytravel.com\/tr\/wp-json\/wp\/v2\/media\/6807"}],"wp:attachment":[{"href":"https:\/\/tursaytravel.com\/tr\/wp-json\/wp\/v2\/media?parent=6786"}],"wp:term":[{"taxonomy":"product_brand","embeddable":true,"href":"https:\/\/tursaytravel.com\/tr\/wp-json\/wp\/v2\/product_brand?post=6786"},{"taxonomy":"product_cat","embeddable":true,"href":"https:\/\/tursaytravel.com\/tr\/wp-json\/wp\/v2\/product_cat?post=6786"},{"taxonomy":"product_tag","embeddable":true,"href":"https:\/\/tursaytravel.com\/tr\/wp-json\/wp\/v2\/product_tag?post=6786"}],"curies":[{"name":"wp","href":"https:\/\/api.w.org\/{rel}","templated":true}]}}