{"id":6583,"date":"2025-04-22T23:11:59","date_gmt":"2025-04-22T20:11:59","guid":{"rendered":"https:\/\/tursaytravel.com\/?post_type=product&#038;p=6583"},"modified":"2026-01-31T22:25:38","modified_gmt":"2026-01-31T19:25:38","slug":"alanyada-koy-turu","status":"publish","type":"product","link":"https:\/\/tursaytravel.com\/tr\/alanyada-koy-turu\/","title":{"rendered":"Alanya&#8217;da K\u00f6y Turu"},"content":{"rendered":"<h2>Alanya&#8217;da K\u00f6y Turu<\/h2>\n<p>Alanya&#8217;da k\u00f6y turu, b\u00f6lgenin do\u011fal g\u00fczelliklerini ve geleneksel Y\u00f6r\u00fck k\u00fclt\u00fcr\u00fcn\u00fc ke\u015ffetmek isteyenler i\u00e7in e\u015fsiz bir f\u0131rsat sunuyor. Bu turlar, Toros Da\u011flar\u0131&#8217;n\u0131n eteklerinde bulunan k\u00f6yleri ziyaret ederek yerel ya\u015fam\u0131 deneyimleme f\u0131rsat\u0131 sunuyor. Do\u011fayla i\u00e7 i\u00e7e olaca\u011f\u0131n\u0131z bu harika k\u00f6y turunu ka\u00e7\u0131rmay\u0131n.  <\/p>\n<h2>Tur Detaylar\u0131:<\/h2>\n<ul>\n<li>Sabah saat 09:00 civar\u0131nda otelinizden al\u0131nacaks\u0131n\u0131z.<\/li>\n<li>Dim Vadisi&#8217;nin sonuna do\u011fru yola \u00e7\u0131kaca\u011f\u0131z.<\/li>\n<li>Da\u011f manzaralar\u0131n\u0131 g\u00f6rerek ve b\u00fcy\u00fck kanyonun i\u00e7inden ge\u00e7erek k\u00f6y\u00fcm\u00fcze girece\u011fiz.<\/li>\n<li>Cami ve foto\u011fraf molalar\u0131 olacak.<\/li>\n<li>Daha sonra \u00f6\u011fle yeme\u011fi i\u00e7in restorana geliyoruz. \u0130steyenler yemekten \u00f6nce ve sonra havuzda y\u00fczebilir.  (\u00d6\u011fle yeme\u011fi tura dahildir.)<\/li>\n<li>\u00d6\u011fle yeme\u011finden sonra k\u00f6y\u00fcn i\u00e7inden y\u00fcr\u00fcy\u00fcp k\u00f6y evine iniyoruz.<\/li>\n<li>K\u00f6y evi ziyaretinden sonra 45 dakikal\u0131k bir y\u00fczme molas\u0131 olacak.<\/li>\n<li>Daha sonra Dim \u00c7ay\u0131 zirvelerinden Alanya&#8217;ya geri d\u00f6nece\u011fiz. Bu esnada manzaran\u0131n kenarlar\u0131nda foto\u011fraf molas\u0131 verece\u011fiz.<\/li>\n<li>Daha sonra saat 16:00 civar\u0131nda sizi otelinize b\u0131rakaca\u011f\u0131z.<\/li>\n<\/ul>\n<p>\u015eimdiden iyi e\u011flenceler\ud83d\ude42<\/p>\n<h2>Fiyata dahil:<\/h2>\n<ul>\n<li>Sigorta<\/li>\n<li>Rehber<\/li>\n<li>Otelinizden Al\u0131n\u0131\u015f\/Otelinize B\u0131rak\u0131l\u0131\u015f<\/li>\n<li>\u00d6\u011fle yeme\u011fi<\/li>\n<\/ul>\n<h2>\u0130ste\u011fe ba\u011fl\u0131 fiyata dahil olmayanlar:<\/h2>\n<ul>\n<li>Ki\u015fisel giderler<\/li>\n<li>\u0130\u00e7ecekler<\/li>\n<\/ul>\n<h2>Tavsiyeler ve ek bilgiler:<\/h2>\n<ul>\n<li>Yan\u0131n\u0131zda mayo, g\u00fcne\u015f kremi, g\u00fcne\u015f g\u00f6zl\u00fc\u011f\u00fc, havlu getirin.<\/li>\n<li>Al\u0131n\u0131\u015f ve b\u0131rak\u0131l\u0131\u015f saatleri otelinizin konumuna g\u00f6re de\u011fi\u015fiklik g\u00f6sterebilir.<\/li>\n<\/ul>\n<h2>Genel Bilgiler:<\/h2>\n<ul>\n<li>Tur G\u00fcnleri: Pazartesi,Cuma<\/li>\n<li>Al\u0131\u015f Noktas\u0131: Otel<\/li>\n<li>Al\u0131\u015f Saati: 09:00<\/li>\n<li>B\u0131rakma Noktas\u0131: Otel<\/li>\n<li>B\u0131rakma Saati: 16:00<\/li>\n<li>Tur S\u00fcresi: 7 (Ula\u015f\u0131m dahil)<\/li>\n<\/ul>\n","protected":false},"excerpt":{"rendered":"<h3>Fiyat Listesi<\/h3>\n<table class=\"price-table\">\n<tbody>\n<tr>\n<td>Bir Ki\u015fi<\/td>\n<td>Yeti\u015fkin (&gt;11)<\/td>\n<td>1715 TL<\/td>\n<\/tr>\n<tr>\n<td>Bir Ki\u015fi<\/td>\n<td>\u00c7ocuk (4-10)<\/td>\n<td>1715 TL<\/td>\n<\/tr>\n<tr>\n<td>Bir Ki\u015fi<\/td>\n<td>Bebek (0-3)<\/td>\n<td>\u00dccretsiz<\/td>\n<\/tr>\n<\/tbody>\n<\/table>\n","protected":false},"featured_media":6591,"comment_status":"open","ping_status":"closed","template":"","meta":{"_joinchat":[]},"product_brand":[],"product_cat":[43],"product_tag":[],"class_list":{"0":"post-6583","1":"product","2":"type-product","3":"status-publish","4":"has-post-thumbnail","6":"product_cat-alanya-tatil-turlari","8":"first","9":"instock","10":"sold-individually","11":"shipping-taxable","12":"purchasable","13":"product-type-booking"},"booking_location":"","booking_location_type":"","booking_duration":1,"booking_duration_unit":"day","booking_buffer":0,"booking_cost":0,"booking_resources":[],"jetpack_sharing_enabled":true,"_links":{"self":[{"href":"https:\/\/tursaytravel.com\/tr\/wp-json\/wp\/v2\/product\/6583","targetHints":{"allow":["GET"]}}],"collection":[{"href":"https:\/\/tursaytravel.com\/tr\/wp-json\/wp\/v2\/product"}],"about":[{"href":"https:\/\/tursaytravel.com\/tr\/wp-json\/wp\/v2\/types\/product"}],"replies":[{"embeddable":true,"href":"https:\/\/tursaytravel.com\/tr\/wp-json\/wp\/v2\/comments?post=6583"}],"wp:featuredmedia":[{"embeddable":true,"href":"https:\/\/tursaytravel.com\/tr\/wp-json\/wp\/v2\/media\/6591"}],"wp:attachment":[{"href":"https:\/\/tursaytravel.com\/tr\/wp-json\/wp\/v2\/media?parent=6583"}],"wp:term":[{"taxonomy":"product_brand","embeddable":true,"href":"https:\/\/tursaytravel.com\/tr\/wp-json\/wp\/v2\/product_brand?post=6583"},{"taxonomy":"product_cat","embeddable":true,"href":"https:\/\/tursaytravel.com\/tr\/wp-json\/wp\/v2\/product_cat?post=6583"},{"taxonomy":"product_tag","embeddable":true,"href":"https:\/\/tursaytravel.com\/tr\/wp-json\/wp\/v2\/product_tag?post=6583"}],"curies":[{"name":"wp","href":"https:\/\/api.w.org\/{rel}","templated":true}]}}