{"id":6350,"date":"2025-04-22T21:49:00","date_gmt":"2025-04-22T18:49:00","guid":{"rendered":"https:\/\/tursaytravel.com\/?post_type=product&#038;p=6350"},"modified":"2026-01-31T21:55:14","modified_gmt":"2026-01-31T18:55:14","slug":"alanyadan-3-gunluk-kapadokya-turu","status":"publish","type":"product","link":"https:\/\/tursaytravel.com\/tr\/alanyadan-3-gunluk-kapadokya-turu\/","title":{"rendered":"Alanya\u2019dan 3 G\u00fcnl\u00fck Kapadokya Turu"},"content":{"rendered":"<h2>Alanya\u2019dan 3 G\u00fcnl\u00fck Kapadokya Turu<\/h2>\n<p>Alanya \u00e7\u0131k\u0131\u015fl\u0131 Kapadokya turu do\u011fal g\u00fczellikleri, tarihi yerleri ve k\u00fclt\u00fcrel zenginlikleri ke\u015ffetmek isteyenler i\u00e7in m\u00fckemmel bir se\u00e7enektir. 2 gece 3 g\u00fcn olarak d\u00fczenlenmektedir. <\/p>\n<p>Kapadokya, Alanya\u2019n\u0131n kuzeydo\u011fusunda ve yakla\u015f\u0131k 500 km uzakl\u0131kta yer almaktad\u0131r. Turumuza 3 y\u0131ld\u0131zl\u0131 otelde konaklama dahildir  Kapadokya yer alt\u0131 \u015fehirleri, vadileri, ma\u011faralar\u0131 ve peribacalar\u0131yla \u00fcnl\u00fcd\u00fcr. Do\u011fal kaya olu\u015fumlar\u0131 milyonlarca y\u0131ll\u0131k erozyon sonucu \u015fekillenmi\u015ftir. B\u00f6lge tarihin do\u011fayla bulu\u015ftu\u011fu mistik bir yer. Alanya \u00e7\u0131k\u0131\u015fl\u0131 Kapadokya turu do\u011fal g\u00fczellikleri ve tarihi zenginlikleri ke\u015ffetmek isteyenler i\u00e7in harika bir deneyimdir.   <\/p>\n<h2>Tur Detaylar\u0131:<\/h2>\n<h3>Birinci g\u00fcn:<\/h3>\n<ul>\n<li>Sizi saat 04:30&#8217;da otelinizden alaca\u011f\u0131z.<\/li>\n<li>Toros Da\u011flar\u0131&#8217;nda foto\u011fraf molas\u0131 ve kahvalt\u0131 molas\u0131 verece\u011fiz. (Kahvalt\u0131 tura dahil de\u011fildir) <\/li>\n<li>Konya&#8217;da Mevlana T\u00fcrbesi&#8217;ni ziyaret edece\u011fiz.<\/li>\n<li>Sultanhan\u0131 Kervansaray\u0131&#8217;n\u0131 ziyaret edece\u011fiz.<\/li>\n<li>Aksaray&#8217;da \u00f6\u011fle yeme\u011fi molas\u0131 verece\u011fiz. (\u00d6\u011fle yeme\u011fi tura dahil de\u011fildir)<\/li>\n<li>Tatlarin Yeralt\u0131 \u015eehrini ve Kiliseyi ziyaret edece\u011fiz. (ekstra. Yakla\u015f\u0131k 2 euro)<\/li>\n<li>Otelde ak\u015fam yeme\u011fi (Ak\u015fam yeme\u011fi tura dahildir)<\/li>\n<\/ul>\n<h3>\u0130kinci g\u00fcn:<\/h3>\n<ul>\n<li>Sabah\u0131n erken saatlerinde Panoramik manzara ve u\u00e7an balonlar i\u00e7in balon ge\u00e7idine transferimiz olacak. (iste\u011fe ba\u011fl\u0131 ekstra) <\/li>\n<li>Otelde kahvalt\u0131 (tura dahil)<\/li>\n<li>Devrent vadisi ziyareti. (2 km y\u00fcr\u00fcy\u00fc\u015f olacak)<\/li>\n<li>Seramik at\u00f6lyesini ziyaret edece\u011fiz.<\/li>\n<li>\u00c7avu\u015fin Kasabas\u0131&#8217;nda y\u00fcr\u00fcy\u00fc\u015f yapaca\u011f\u0131z ve St. John Kilisesi&#8217;ni ziyaret edece\u011fiz.<\/li>\n<li>Avanos&#8217;ta \u00f6\u011fle yeme\u011fi (\u00d6\u011fle yeme\u011fi tura dahil de\u011fildir)<\/li>\n<li>Avanos K\u0131z\u0131l\u0131rmak&#8217;ta y\u00fcr\u00fcyece\u011fiz<\/li>\n<li>A\u015fk Vadisi&#8217;ni ziyaret edece\u011fiz.<\/li>\n<li>G\u00f6reme vadisinde panoramik mola verece\u011fiz.<\/li>\n<li>U\u00e7hisar Kalesi&#8217;nde panoramik mola verece\u011fiz.<\/li>\n<li>G\u00fcvercinlik Vadisi&#8217;nde panoramik mola verece\u011fiz.<\/li>\n<li>Otelde dinlenme ve Ak\u015fam yeme\u011fi.<\/li>\n<\/ul>\n<h3>\u00dc\u00e7\u00fcnc\u00fc g\u00fcn:<\/h3>\n<ul>\n<li>Otelde kahvalt\u0131.(tura dahil)<\/li>\n<li>Otelden ayr\u0131l\u0131\u015f.<\/li>\n<li>Onix fabrikas\u0131n\u0131 ziyaret edece\u011fiz.<\/li>\n<li>Yerel Balkaba\u011f\u0131 d\u00fckkan\u0131n\u0131 ziyaret edece\u011fiz.<\/li>\n<li>Tepesidelik Kervansaray\u0131&#8217;nda yolda mola verece\u011fiz.<\/li>\n<li>Konya&#8217;da \u00f6\u011fle yeme\u011fi molas\u0131 verece\u011fiz. (\u00d6\u011fle yeme\u011fi tura dahil de\u011fildir) <\/li>\n<li>Alanya&#8217;ya d\u00f6n\u00fc\u015f.<\/li>\n<li>Sizi saat 18:00 civar\u0131nda otelinize b\u0131rakaca\u011f\u0131z.<\/li>\n<\/ul>\n<p>\u015eimdiden iyi e\u011flenceler\ud83d\ude42<\/p>\n<h2>Fiyata dahil:<\/h2>\n<ul>\n<li>Sigorta<\/li>\n<li>Rehber<\/li>\n<li>Otelinizden Al\u0131n\u0131\u015f\/Otelinize B\u0131rak\u0131l\u0131\u015f<\/li>\n<li>\u00dcrg\u00fcp&#8217;te 3 y\u0131ld\u0131zl\u0131 otelde 2 gece konaklama \/yar\u0131m pansiyon.<\/li>\n<li>Otelde 2 ak\u015fam yeme\u011fi ve 2 kahvalt\u0131.<\/li>\n<\/ul>\n<h2>\u0130ste\u011fe ba\u011fl\u0131 fiyata dahil olmayanlar:<\/h2>\n<ul>\n<li>\u0130lk g\u00fcn kahvalt\u0131 ve t\u00fcm \u00f6\u011fle yemekleri.<\/li>\n<li>T\u00fcm i\u00e7ecekler<\/li>\n<li>Yeralt\u0131 \u015eehri ve Klise giri\u015f \u00fccreti. (Yakla\u015f\u0131k 2 euro)<\/li>\n<li>Ki\u015fisel giderler<\/li>\n<li>T\u00fcrk gecesi g\u00f6sterisi, semazen g\u00f6sterisi, balon turu ve balon izleme.<\/li>\n<li>Otelde tek ki\u015filik oda- gecelik 15 euro. (Tek ki\u015fiyseniz ve tek ki\u015filik odada kalmak istiyorsan\u0131z) <\/li>\n<\/ul>\n<h2>Tavsiyeler ve ek bilgiler:<\/h2>\n<ul>\n<li>Pasaport veya kimli\u011finizi, kameran\u0131z\u0131 veya cep telefonunuzu yan\u0131n\u0131zda g\u00f6t\u00fcr\u00fcn.<\/li>\n<li>Kapadokya daha serin olabilece\u011fi i\u00e7in yan\u0131n\u0131zda ceket bulundurun.  <\/li>\n<li>Yan\u0131n\u0131zda rahat y\u00fcr\u00fcy\u00fc\u015f ayakkab\u0131lar\u0131 g\u00f6t\u00fcrmelisiniz.<\/li>\n<li>Al\u0131n\u0131\u015f ve b\u0131rak\u0131l\u0131\u015f saatleri otelinizin konumuna g\u00f6re de\u011fi\u015fiklik g\u00f6sterebilir.<\/li>\n<\/ul>\n<h2>Genel Bilgiler:<\/h2>\n<ul>\n<li>Tur G\u00fcnleri:Sal\u0131<\/li>\n<li>Al\u0131\u015f Noktas\u0131: Otel<\/li>\n<li>Al\u0131\u015f Saati: 04:30<\/li>\n<li>B\u0131rakma Noktas\u0131: Otel<\/li>\n<li>B\u0131rakma Saati: 18:00<\/li>\n<li>Tur S\u00fcresi: 3 g\u00fcn<\/li>\n<\/ul>\n","protected":false},"excerpt":{"rendered":"<h3>Fiyat Listesi<\/h3>\n<table class=\"price-table\">\n<tbody>\n<tr>\n<td>Bir Ki\u015fi<\/td>\n<td>Yeti\u015fkin (&gt;11)<\/td>\n<td>6370 TL<\/td>\n<\/tr>\n<tr>\n<td>Bir Ki\u015fi<\/td>\n<td>\u00c7ocuk (6-10)<\/td>\n<td> 3185 TL<\/td>\n<\/tr>\n<tr>\n<td>Bir Ki\u015fi<\/td>\n<td>Bebek (0-5)<\/td>\n<td>\u00dccretsiz<\/td>\n<\/tr>\n<\/tbody>\n<\/table>\n","protected":false},"featured_media":6478,"comment_status":"open","ping_status":"closed","template":"","meta":{"_joinchat":[]},"product_brand":[],"product_cat":[43],"product_tag":[],"class_list":{"0":"post-6350","1":"product","2":"type-product","3":"status-publish","4":"has-post-thumbnail","6":"product_cat-alanya-tatil-turlari","8":"first","9":"instock","10":"sold-individually","11":"shipping-taxable","12":"purchasable","13":"product-type-booking"},"booking_location":"","booking_location_type":"","booking_duration":1,"booking_duration_unit":"day","booking_buffer":0,"booking_cost":0,"booking_resources":[],"jetpack_sharing_enabled":true,"_links":{"self":[{"href":"https:\/\/tursaytravel.com\/tr\/wp-json\/wp\/v2\/product\/6350","targetHints":{"allow":["GET"]}}],"collection":[{"href":"https:\/\/tursaytravel.com\/tr\/wp-json\/wp\/v2\/product"}],"about":[{"href":"https:\/\/tursaytravel.com\/tr\/wp-json\/wp\/v2\/types\/product"}],"replies":[{"embeddable":true,"href":"https:\/\/tursaytravel.com\/tr\/wp-json\/wp\/v2\/comments?post=6350"}],"wp:featuredmedia":[{"embeddable":true,"href":"https:\/\/tursaytravel.com\/tr\/wp-json\/wp\/v2\/media\/6478"}],"wp:attachment":[{"href":"https:\/\/tursaytravel.com\/tr\/wp-json\/wp\/v2\/media?parent=6350"}],"wp:term":[{"taxonomy":"product_brand","embeddable":true,"href":"https:\/\/tursaytravel.com\/tr\/wp-json\/wp\/v2\/product_brand?post=6350"},{"taxonomy":"product_cat","embeddable":true,"href":"https:\/\/tursaytravel.com\/tr\/wp-json\/wp\/v2\/product_cat?post=6350"},{"taxonomy":"product_tag","embeddable":true,"href":"https:\/\/tursaytravel.com\/tr\/wp-json\/wp\/v2\/product_tag?post=6350"}],"curies":[{"name":"wp","href":"https:\/\/api.w.org\/{rel}","templated":true}]}}