{"id":3315,"date":"2024-06-28T21:26:33","date_gmt":"2024-06-28T18:26:33","guid":{"rendered":"https:\/\/tursaytravel.com\/?post_type=product&#038;p=3315"},"modified":"2026-02-05T17:15:37","modified_gmt":"2026-02-05T14:15:37","slug":"alanya-katamaran-tekne-turu","status":"publish","type":"product","link":"https:\/\/tursaytravel.com\/tr\/alanya-katamaran-tekne-turu\/","title":{"rendered":"Alanya Katamaran Tekne Turu"},"content":{"rendered":"<h2>Alanya Katamaran Tekne Turu<\/h2>\n<p>Katamaran teknemizde d\u00fczenlenen g\u00fcnl\u00fck e\u011flence turudur. D\u00fcnyaca \u00fcnl\u00fc Kleopatra plaj\u0131n\u0131, tarihi ma\u011faralar\u0131 ve en g\u00fczel plajlar\u0131n\u0131 g\u00f6rece\u011finiz, ayn\u0131 zamanda k\u00f6p\u00fck partisi ve e\u011flenceli aktivitelerle de mutlu olaca\u011f\u0131n\u0131z bu tur Alanya&#8217;da sizleri bekliyor. <\/p>\n<h2>Tur Detaylar\u0131:<\/h2>\n<ul>\n<li>Sabah 09:30 civar\u0131nda sizi otelinizden alaca\u011f\u0131z.<\/li>\n<li>Alanya liman\u0131na gidece\u011fiz.<\/li>\n<li>Teknemiz saat 10:30 civar\u0131nda Alanya liman\u0131ndan hareket etmektedir.<\/li>\n<li>\u0130lk y\u00fczme molas\u0131n\u0131 K\u0131z\u0131lkule yan\u0131ndaki tersanede verece\u011fiz.<\/li>\n<li>Korsanlar ma\u011faras\u0131n\u0131, A\u015f\u0131klar ma\u011faras\u0131n\u0131, Fosforlu ma\u011faray\u0131 g\u00f6rece\u011fiz.<\/li>\n<li>A\u00e7\u0131k denizden Ula\u015f plaj\u0131na gidece\u011fiz.<\/li>\n<li>Ula\u015f plaj\u0131nda \u00f6\u011fle yeme\u011fi. \u00d6\u011fle yeme\u011fi tura dahildir.<\/li>\n<li>Ayr\u0131ca g\u00fcn boyu alkols\u00fcz i\u00e7ecekler \u00fccretsiz ancak bardakta ve self servis \u015feklindedir (su, kola, fanta).<\/li>\n<li>\u015eeytan ma\u011faras\u0131nda y\u00fczme molas\u0131 verilecektir.(Ma\u011fara i\u00e7ine girip y\u00fczebilirsiniz)<\/li>\n<li>Daha sonra y\u00fczme molas\u0131 i\u00e7in Kleopatra plaj\u0131na gidece\u011fiz.<\/li>\n<li>Tur s\u00fcresince k\u00f6p\u00fck partisi, animasyon, m\u00fczik ve \u00e7e\u015fitli aktiviteler olacakt\u0131r.<\/li>\n<li>A\u00e7\u0131k denizden Alanya liman\u0131na d\u00f6n\u00fc\u015f yapaca\u011f\u0131z.<\/li>\n<li>E\u011fer \u015fansl\u0131 g\u00fcn\u00fcn\u00fczdeyseniz yunuslar\u0131 g\u00f6rebilirsiniz.<\/li>\n<li>Turumuz saat 15:00 civar\u0131nda bitecektir ve sizi saat 15:30 civar\u0131nda otelinize b\u0131rakaca\u011f\u0131z.<\/li>\n<\/ul>\n<p>\u015eimdiden iyi e\u011flenceler\u263a\ufe0f<\/p>\n<h2>Fiyata dahil:<\/h2>\n<ul>\n<li>Sigorta<\/li>\n<li>Rehber<\/li>\n<li>Otelinizden Al\u0131n\u0131\u015f\/Otelinize B\u0131rak\u0131l\u0131\u015f<\/li>\n<li>\u00d6\u011fle yeme\u011fi (Tavuk, makarna ve salata)<\/li>\n<li>Alkols\u00fcz i\u00e7ecekler (G\u00fcn boyu \u00fccretsiz)<\/li>\n<\/ul>\n<h2>\u0130ste\u011fe ba\u011fl\u0131 fiyata dahil olmayanlar:<\/h2>\n<ul>\n<li>Foto\u011fraf<\/li>\n<li>Dondurma<\/li>\n<li>Alkol<\/li>\n<\/ul>\n<h2>Tavsiyeler ve ek bilgiler:<\/h2>\n<ul>\n<li>Yan\u0131n\u0131zda mayo, g\u00fcne\u015f kremi, g\u00fcne\u015f g\u00f6zl\u00fc\u011f\u00fc, havlu getirmelisiniz.<\/li>\n<li>Al\u0131n\u0131\u015f ve b\u0131rak\u0131l\u0131\u015f saatleri otelinizin konumuna g\u00f6re de\u011fi\u015fiklik g\u00f6sterebilir.<\/li>\n<\/ul>\n<h2>Genel Bilgiler:<\/h2>\n<ul>\n<li>Tur G\u00fcnleri: Her g\u00fcn<\/li>\n<li>Al\u0131\u015f Noktas\u0131: Otel<\/li>\n<li>Al\u0131\u015f Saati: 09:30<\/li>\n<li>B\u0131rakma Noktas\u0131: Otel<\/li>\n<li>B\u0131rakma Saati: 15:30<\/li>\n<li>Tur S\u00fcresi:6 (Ula\u015f\u0131m dahil)<\/li>\n<\/ul>\n","protected":false},"excerpt":{"rendered":"<h3>Fiyat Listesi<\/h3>\n<table class=\"price-table\">\n<tbody>\n<tr>\n<td>Bir Ki\u015fi<\/td>\n<td>Yeti\u015fkin (&gt;12)<\/td>\n<td>980 TL<\/td>\n<\/tr>\n<tr>\n<td>Bir Ki\u015fi<\/td>\n<td>\u00c7ocuk (7-11)<\/td>\n<td>490 TL<\/td>\n<\/tr>\n<tr>\n<td>Bir Ki\u015fi<\/td>\n<td>Bebek (0-6)<\/td>\n<td>\u00dccretsiz<\/td>\n<\/tr>\n<\/tbody>\n<\/table>\n","protected":false},"featured_media":3322,"comment_status":"open","ping_status":"closed","template":"","meta":{"_joinchat":[]},"product_brand":[],"product_cat":[43],"product_tag":[],"class_list":{"0":"post-3315","1":"product","2":"type-product","3":"status-publish","4":"has-post-thumbnail","6":"product_cat-alanya-tatil-turlari","8":"first","9":"instock","10":"sold-individually","11":"shipping-taxable","12":"purchasable","13":"product-type-booking"},"booking_location":"","booking_location_type":"","booking_duration":1,"booking_duration_unit":"day","booking_buffer":0,"booking_cost":0,"booking_resources":[],"jetpack_sharing_enabled":true,"_links":{"self":[{"href":"https:\/\/tursaytravel.com\/tr\/wp-json\/wp\/v2\/product\/3315","targetHints":{"allow":["GET"]}}],"collection":[{"href":"https:\/\/tursaytravel.com\/tr\/wp-json\/wp\/v2\/product"}],"about":[{"href":"https:\/\/tursaytravel.com\/tr\/wp-json\/wp\/v2\/types\/product"}],"replies":[{"embeddable":true,"href":"https:\/\/tursaytravel.com\/tr\/wp-json\/wp\/v2\/comments?post=3315"}],"wp:featuredmedia":[{"embeddable":true,"href":"https:\/\/tursaytravel.com\/tr\/wp-json\/wp\/v2\/media\/3322"}],"wp:attachment":[{"href":"https:\/\/tursaytravel.com\/tr\/wp-json\/wp\/v2\/media?parent=3315"}],"wp:term":[{"taxonomy":"product_brand","embeddable":true,"href":"https:\/\/tursaytravel.com\/tr\/wp-json\/wp\/v2\/product_brand?post=3315"},{"taxonomy":"product_cat","embeddable":true,"href":"https:\/\/tursaytravel.com\/tr\/wp-json\/wp\/v2\/product_cat?post=3315"},{"taxonomy":"product_tag","embeddable":true,"href":"https:\/\/tursaytravel.com\/tr\/wp-json\/wp\/v2\/product_tag?post=3315"}],"curies":[{"name":"wp","href":"https:\/\/api.w.org\/{rel}","templated":true}]}}