{"id":2471,"date":"2024-05-22T22:09:14","date_gmt":"2024-05-22T19:09:14","guid":{"rendered":"https:\/\/tursaytravel.com\/alanyadan-the-land-of-legends-gece-turu\/"},"modified":"2026-04-01T18:01:16","modified_gmt":"2026-04-01T15:01:16","slug":"alanyadan-the-land-of-legends-gece-turu","status":"publish","type":"product","link":"https:\/\/tursaytravel.com\/tr\/alanyadan-the-land-of-legends-gece-turu\/","title":{"rendered":"Alanya&#8217;dan The Land Of Legends Gece Turu"},"content":{"rendered":"<h2>Alanya&#8217;dan The Land Of Legends Gece Turu<\/h2>\n<p>The Land of Legends tema park\u0131 e\u011flencenin, adrenalinin ve heyecan\u0131n efsane adresi olarak biliniyor. Burada istedi\u011finiz zaman yeni bir efsanevi deneyimle tan\u0131\u015fabilirsiniz. Gece turlar\u0131 bu e\u015fsiz tema park\u0131nda d\u00fczenlenen muhte\u015fem e\u011flence g\u00f6sterilerini i\u00e7ermektedir. I\u015f\u0131k, ses, g\u00f6rsel efektler ve unutulmaz \u015fovlarla dolu bir gece ya\u015fama f\u0131rsat\u0131 sunuyor. Akrobatlar, dans\u00e7\u0131lar ve son teknoloji g\u00f6rsel efektlerle bezenen bu g\u00f6steriler sizi kendine hayran b\u0131rakacak. The Land of Legends&#8217;ta unutulmaz bir ak\u015fam ya\u015famak i\u00e7in Alanya&#8217;dan gece turunu tercih edebilirsiniz.     <\/p>\n<h3>Tur Detaylar\u0131:<\/h3>\n<ul>\n<li>Land of Legends d\u00fcnyadaki en b\u00fcy\u00fck temalardan biridir<\/li>\n<li>Antalya yak\u0131nlar\u0131ndaki Belek b\u00f6lgesindedir.Alanya&#8217;ya yakla\u015f\u0131k 120 km uzakl\u0131ktad\u0131r.<\/li>\n<li>Sizi saat 16:45 civar\u0131nda otelinizden alaca\u011f\u0131z.<\/li>\n<li>Land of Legends&#8217;e var\u0131\u015f.<\/li>\n<li>Al\u0131\u015fveri\u015f ve kafeterya i\u00e7in serbest zaman verece\u011fiz.<\/li>\n<li>Animasyon, g\u00f6steri, tekne ge\u00e7it t\u00f6reni olacak.<\/li>\n<li>Alanya&#8217;ya d\u00f6n\u00fc\u015f.<\/li>\n<li>Sizi saat 00:30 civar\u0131nda otelinize b\u0131rakaca\u011f\u0131z.<\/li>\n<\/ul>\n<p>\u015eimdiden iyi e\u011flenceler \ud83d\ude42<\/p>\n<h3>Fiyata dahil:<\/h3>\n<ul>\n<li>Sigorta<\/li>\n<li>Rehber<\/li>\n<li>Otelinizden Al\u0131n\u0131\u015f\/Otelinize B\u0131rak\u0131l\u0131\u015f<\/li>\n<li>Animasyonlar, g\u00f6steri, tekne ge\u00e7it t\u00f6reni<\/li>\n<\/ul>\n<h3>\u0130ste\u011fe ba\u011fl\u0131 fiyata dahil olmayanlar:<\/h3>\n<ul>\n<li>Ki\u015fisel giderler<\/li>\n<li>Yiyecekler, i\u00e7ecekler<\/li>\n<\/ul>\n<h3>Tavsiyeler ve ek bilgiler:<\/h3>\n<ul>\n<li>Al\u0131n\u0131\u015f ve b\u0131rak\u0131l\u0131\u015f saatleri otelinizin konumuna g\u00f6re de\u011fi\u015fiklik g\u00f6sterebilir.<\/li>\n<\/ul>\n<h3>Genel Bilgiler:<\/h3>\n<ul>\n<li>Tur G\u00fcnleri: Sal\u0131,Per\u015fembe,Cumartresi<\/li>\n<li>Al\u0131\u015f Noktas\u0131: Otel<\/li>\n<li>Al\u0131\u015f Saati: 16:45<\/li>\n<li>B\u0131rakma Noktas\u0131: Otel<\/li>\n<li>B\u0131rakma Saati: 00:30<\/li>\n<li>Tur S\u00fcresi: 8 (Ula\u015f\u0131m Dahil)<\/li>\n<\/ul>\n","protected":false},"excerpt":{"rendered":"<h3>Fiyat Listesi<\/h3>\n<table class=\"price-table\">\n<tbody>\n<tr>\n<td>Bir Ki\u015fi<\/td>\n<td>Yeti\u015fkin (&gt;11)<\/td>\n<td>980 TL<\/td>\n<\/tr>\n<tr>\n<td>Bir Ki\u015fi<\/td>\n<td>\u00c7ocuk (4-10)<\/td>\n<td>980 TL<\/td>\n<\/tr>\n<tr>\n<td>Bir Ki\u015fi<\/td>\n<td>Bebek (0-3)<\/td>\n<td>\u00dccretsiz<\/td>\n<\/tr>\n<\/tbody>\n<\/table>\n","protected":false},"featured_media":1826,"comment_status":"open","ping_status":"closed","template":"","meta":{"_joinchat":[]},"product_brand":[],"product_cat":[43],"product_tag":[],"class_list":{"0":"post-2471","1":"product","2":"type-product","3":"status-publish","4":"has-post-thumbnail","6":"product_cat-alanya-tatil-turlari","8":"first","9":"instock","10":"sold-individually","11":"shipping-taxable","12":"purchasable","13":"product-type-booking"},"booking_location":"","booking_location_type":"","booking_duration":1,"booking_duration_unit":"day","booking_buffer":0,"booking_cost":0,"booking_resources":[],"jetpack_sharing_enabled":true,"_links":{"self":[{"href":"https:\/\/tursaytravel.com\/tr\/wp-json\/wp\/v2\/product\/2471","targetHints":{"allow":["GET"]}}],"collection":[{"href":"https:\/\/tursaytravel.com\/tr\/wp-json\/wp\/v2\/product"}],"about":[{"href":"https:\/\/tursaytravel.com\/tr\/wp-json\/wp\/v2\/types\/product"}],"replies":[{"embeddable":true,"href":"https:\/\/tursaytravel.com\/tr\/wp-json\/wp\/v2\/comments?post=2471"}],"wp:featuredmedia":[{"embeddable":true,"href":"https:\/\/tursaytravel.com\/tr\/wp-json\/wp\/v2\/media\/1826"}],"wp:attachment":[{"href":"https:\/\/tursaytravel.com\/tr\/wp-json\/wp\/v2\/media?parent=2471"}],"wp:term":[{"taxonomy":"product_brand","embeddable":true,"href":"https:\/\/tursaytravel.com\/tr\/wp-json\/wp\/v2\/product_brand?post=2471"},{"taxonomy":"product_cat","embeddable":true,"href":"https:\/\/tursaytravel.com\/tr\/wp-json\/wp\/v2\/product_cat?post=2471"},{"taxonomy":"product_tag","embeddable":true,"href":"https:\/\/tursaytravel.com\/tr\/wp-json\/wp\/v2\/product_tag?post=2471"}],"curies":[{"name":"wp","href":"https:\/\/api.w.org\/{rel}","templated":true}]}}