{"id":2467,"date":"2024-05-22T21:39:51","date_gmt":"2024-05-22T18:39:51","guid":{"rendered":"https:\/\/tursaytravel.com\/alanyadan-tazi-kanyon-turu\/"},"modified":"2026-04-08T14:51:35","modified_gmt":"2026-04-08T11:51:35","slug":"alanyadan-tazi-kanyon-turu","status":"publish","type":"product","link":"https:\/\/tursaytravel.com\/tr\/alanyadan-tazi-kanyon-turu\/","title":{"rendered":"Alanya&#8217;dan Taz\u0131 Kanyon Turu"},"content":{"rendered":"<h2>Alanya&#8217;dan Taz\u0131 Kanyon Turu<\/h2>\n<p>Alanya&#8217;dan Taz\u0131 Kanyon Turu ile do\u011fan\u0131n b\u00fcy\u00fcl\u00fc g\u00fczelliklerini ke\u015ffetmeye haz\u0131r olun! Taz\u0131 Kanyonu 400 metreyi a\u015fan y\u00fcksekli\u011fiyle muhte\u015fem bir manzaraya sahiptir. K\u00f6pr\u00fcl\u00fc Kanyon Milli Park\u0131&#8217;n\u0131n e\u015fsiz do\u011fal g\u00fczelliklerini ke\u015ffedeceksiniz. Alanya Taz\u0131 Kanyon Turu do\u011fan\u0131n b\u00fcy\u00fcl\u00fc g\u00fczelliklerini ke\u015ffetmek ve tarihle i\u00e7 i\u00e7e bir yolculu\u011fa \u00e7\u0131kmak i\u00e7in harika bir se\u00e7enek.   <\/p>\n<h3>Tur Detaylar\u0131:<\/h3>\n<ul>\n<li>Taz\u0131 Kanyonu Alanya&#8217;ya yakla\u015f\u0131k 130 km uzakl\u0131ktad\u0131r.<\/li>\n<li>Saat 08:00 civar\u0131nda sizi klimal\u0131 otob\u00fcsle otelinizden alaca\u011f\u0131z.<\/li>\n<li>Cabrio otob\u00fcs ara\u00e7lar\u0131na binip K\u00f6pr\u00fcl\u00fc Kanyon&#8217;daki tarihi Roma k\u00f6pr\u00fcs\u00fcn\u00fc ziyaret edece\u011fiz.<\/li>\n<li>Daha sonra mola i\u00e7in Taz\u0131 Kanyonuna gidece\u011fiz.<\/li>\n<li>Irmak kenar\u0131nda \u00f6\u011fle yeme\u011fi molas\u0131 verece\u011fiz.(tavuk,pilav veya makarna,salata)<\/li>\n<li>Selge Antik Kenti ve Adam kayalar\u0131 ziyaret edece\u011fiz.<\/li>\n<li>Alanya&#8217;ya d\u00f6n\u00fc\u015f yapaca\u011f\u0131z.<\/li>\n<li>Sizi saat 18:30 civar\u0131nda otelinize b\u0131rakaca\u011f\u0131z.<\/li>\n<\/ul>\n<p>\u015eimdiden iyi e\u011flenceler \ud83d\ude42<\/p>\n<h3>Fiyata dahil:<\/h3>\n<ul>\n<li>Sigorta<\/li>\n<li>Rehber<\/li>\n<li>Otelinizden Al\u0131n\u0131\u015f\/Otelinize B\u0131rak\u0131l\u0131\u015f<\/li>\n<li>\u00d6\u011fle yeme\u011fi<\/li>\n<li>Adam kayalar giri\u015f \u00fccreti<\/li>\n<\/ul>\n<h3>\u0130ste\u011fe ba\u011fl\u0131 fiyata dahil olmayanlar:<\/h3>\n<ul>\n<li>\u0130\u00e7ecekler<\/li>\n<li>Kanyon Giri\u015fi<\/li>\n<li>Ki\u015fisel giderler<\/li>\n<\/ul>\n<h3>Tavsiyeler ve ek bilgiler:<\/h3>\n<ul>\n<li>G\u00fcvenli\u011finize her zaman \u00f6nem veriyoruz. Deneyimli tur rehberlerimiz sizi g\u00fcvenli bir \u015fekilde y\u00f6nlendirecek ve t\u00fcm aktivitelerden maksimum keyif alman\u0131z\u0131 sa\u011flayacakt\u0131r.<\/li>\n<li>Al\u0131n\u0131\u015f ve b\u0131rak\u0131l\u0131\u015f saatleri otelinizin konumuna g\u00f6re de\u011fi\u015fiklik g\u00f6sterebilir.<\/li>\n<\/ul>\n<h3>Genel Bilgiler:<\/h3>\n<ul>\n<li>Tur G\u00fcnleri: Pazartesi, Per\u015fembe, Cumartesi<\/li>\n<li>Al\u0131\u015f Noktas\u0131: Otel<\/li>\n<li>Al\u0131\u015f Saati:08:30<\/li>\n<li>B\u0131rakma Noktas\u0131: Otel<\/li>\n<li>B\u0131rakma Saati: 18:00<\/li>\n<li>Tur S\u00fcresi: 10 (Ula\u015f\u0131m Dahil)<\/li>\n<\/ul>\n","protected":false},"excerpt":{"rendered":"<h3>Fiyat Listesi<\/h3>\n<table class=\"price-table\">\n<tbody>\n<tr>\n<td>Bir Ki\u015fi<\/td>\n<td>Yeti\u015fkin (&gt;11)<\/td>\n<td>1960 TL<\/td>\n<\/tr>\n<tr>\n<td>Bir Ki\u015fi<\/td>\n<td>\u00c7ocuk (5-10)<\/td>\n<td>1225 TL<\/td>\n<\/tr>\n<tr>\n<td>Bir Ki\u015fi<\/td>\n<td>Bebek (0-4)<\/td>\n<td>\u00dccretsiz<\/td>\n<\/tr>\n<\/tbody>\n<\/table>\n","protected":false},"featured_media":1746,"comment_status":"open","ping_status":"closed","template":"","meta":{"_joinchat":[]},"product_brand":[],"product_cat":[43],"product_tag":[],"class_list":{"0":"post-2467","1":"product","2":"type-product","3":"status-publish","4":"has-post-thumbnail","6":"product_cat-alanya-tatil-turlari","8":"first","9":"instock","10":"sold-individually","11":"shipping-taxable","12":"purchasable","13":"product-type-booking"},"booking_location":"","booking_location_type":"","booking_duration":1,"booking_duration_unit":"day","booking_buffer":0,"booking_cost":0,"booking_resources":[],"jetpack_sharing_enabled":true,"_links":{"self":[{"href":"https:\/\/tursaytravel.com\/tr\/wp-json\/wp\/v2\/product\/2467","targetHints":{"allow":["GET"]}}],"collection":[{"href":"https:\/\/tursaytravel.com\/tr\/wp-json\/wp\/v2\/product"}],"about":[{"href":"https:\/\/tursaytravel.com\/tr\/wp-json\/wp\/v2\/types\/product"}],"replies":[{"embeddable":true,"href":"https:\/\/tursaytravel.com\/tr\/wp-json\/wp\/v2\/comments?post=2467"}],"wp:featuredmedia":[{"embeddable":true,"href":"https:\/\/tursaytravel.com\/tr\/wp-json\/wp\/v2\/media\/1746"}],"wp:attachment":[{"href":"https:\/\/tursaytravel.com\/tr\/wp-json\/wp\/v2\/media?parent=2467"}],"wp:term":[{"taxonomy":"product_brand","embeddable":true,"href":"https:\/\/tursaytravel.com\/tr\/wp-json\/wp\/v2\/product_brand?post=2467"},{"taxonomy":"product_cat","embeddable":true,"href":"https:\/\/tursaytravel.com\/tr\/wp-json\/wp\/v2\/product_cat?post=2467"},{"taxonomy":"product_tag","embeddable":true,"href":"https:\/\/tursaytravel.com\/tr\/wp-json\/wp\/v2\/product_tag?post=2467"}],"curies":[{"name":"wp","href":"https:\/\/api.w.org\/{rel}","templated":true}]}}