{"id":2463,"date":"2024-05-22T21:32:15","date_gmt":"2024-05-22T18:32:15","guid":{"rendered":"https:\/\/tursaytravel.com\/alanyadan-side-manavgat-gizli-cennet-turu\/"},"modified":"2026-01-31T22:30:00","modified_gmt":"2026-01-31T19:30:00","slug":"alanyadan-side-manavgat-gizli-cennet-turu","status":"publish","type":"product","link":"https:\/\/tursaytravel.com\/tr\/alanyadan-side-manavgat-gizli-cennet-turu\/","title":{"rendered":"Alanya\u2019dan Side-Manavgat-Gizli Cennet Turu"},"content":{"rendered":"<h2>Alanya\u2019dan Side-Manavgat-Gizli Cennet Turu<\/h2>\n<p>Alanya&#8217;dan Manavgat ve Side&#8217;ye Sakl\u0131 Cennet Turu, do\u011fal g\u00fczellikleri ve tarihi zenginlikleri bir araya getiren bir k\u00fclt\u00fcr turudur. Bu tur s\u0131ras\u0131nda Alanya&#8217;n\u0131n gizli hazinelerini ke\u015ffedecek ve yerel k\u00fclt\u00fcr\u00fc yak\u0131ndan tan\u0131ma f\u0131rsat\u0131 bulacaks\u0131n\u0131z. <\/p>\n<h3>Tur Detaylar\u0131:<\/h3>\n<ul>\n<li>Sabah 08:30 civar\u0131nda sizi cabrio otob\u00fcsle veya klimal\u0131 otob\u00fcsle otelinizden alaca\u011f\u0131z.<\/li>\n<li>Side, Alanya&#8217;ya yakla\u015f\u0131k 65 km uzakl\u0131ktad\u0131r.<\/li>\n<li>Manavgat K\u00fclliyesi Cami Ziyareti (4000 ki\u015fi kapasiteli Antalya B\u00f6lgesinin en b\u00fcy\u00fck camisi)<\/li>\n<li>Antik Side&#8217;yi ziyaret edece\u011fiz (Yakla\u015f\u0131k 2 saat)<\/li>\n<li>Side Antik Kenti&#8217;nde rehber e\u015fli\u011finde y\u00fcr\u00fcy\u00fc\u015f ve foto\u011fraf molalar\u0131 verilecektir (Yakla\u015f\u0131k 1 saat) (Agora, S\u00fctunlu Cadde, Devlet Agoras\u0131, Yerebatan Bizans Hastanesi ve Amfi Tiyatro Bilgileri)<\/li>\n<li>Side&#8217;de (Side Liman Caddesi \u00fczerindeki Side \u00c7ar\u015f\u0131s\u0131) 1 saat serbest zaman verece\u011fiz.<\/li>\n<li>Gizli cennet \u015felalelerinde \u00f6\u011fle yeme\u011fi molas\u0131 verece\u011fiz(Izgara Alabal\u0131k veya Tavuk \u015ei\u015f, Pilav ve Mevsim Salatas\u0131), \u015felalelerde y\u00fczme molas\u0131 olacakt\u0131r ve ormanda y\u00fcr\u00fcy\u00fc\u015f yapaca\u011f\u0131z.<\/li>\n<li>Alanya&#8217;ya d\u00f6n\u00fc\u015f.<\/li>\n<li>Sizi saat 18.00 civar\u0131nda otelinize b\u0131rakaca\u011f\u0131z.<\/li>\n<\/ul>\n<p>\u015eimdiden iyi e\u011flenceler \ud83d\ude42<\/p>\n<h3>Fiyata dahil:<\/h3>\n<ul>\n<li>Sigorta<\/li>\n<li>Rehber<\/li>\n<li>Otelinizden Al\u0131n\u0131\u015f\/Otelinize B\u0131rak\u0131l\u0131\u015f<\/li>\n<li>\u00d6\u011fle yeme\u011fi<\/li>\n<\/ul>\n<h3>\u0130ste\u011fe ba\u011fl\u0131 fiyata dahil olmayanlar:<\/h3>\n<ul>\n<li>\u0130\u00e7ecekler<\/li>\n<li>Ki\u015fisel giderler<\/li>\n<\/ul>\n<h3>Tavsiyeler ve ek bilgiler:<\/h3>\n<ul>\n<li>Kameran\u0131z\u0131 yan\u0131n\u0131zda getirebilirsiniz.<\/li>\n<li>Y\u00fczmek istiyorsan\u0131z yan\u0131n\u0131zda mayo, havlu getirin.<\/li>\n<li>Al\u0131n\u0131\u015f ve b\u0131rak\u0131l\u0131\u015f saatleri otelinizin konumuna g\u00f6re de\u011fi\u015fiklik g\u00f6sterebilir.<\/li>\n<\/ul>\n<h3>Genel Bilgiler:<\/h3>\n<ul>\n<li>Tur G\u00fcnleri: Sal\u0131,Cuma,Pazar<\/li>\n<li>Al\u0131\u015f Noktas\u0131: Otel<\/li>\n<li>Al\u0131\u015f Saati:08:30<\/li>\n<li>B\u0131rakma Noktas\u0131: Otel<\/li>\n<li>B\u0131rakma Saati: 18:00<\/li>\n<li>Tur S\u00fcresi: 9 (Ula\u015f\u0131m Dahil)<\/li>\n<\/ul>\n","protected":false},"excerpt":{"rendered":"<h3>Fiyat Listesi<\/h3>\n<table class=\"price-table\">\n<tbody>\n<tr>\n<td>Bir Ki\u015fi<\/td>\n<td>Yeti\u015fkin (&gt;11)<\/td>\n<td>1715 TL<\/td>\n<\/tr>\n<tr>\n<td>Bir Ki\u015fi<\/td>\n<td>\u00c7ocuk (4-10)<\/td>\n<td>980 TL<\/td>\n<\/tr>\n<tr>\n<td>Bir Ki\u015fi<\/td>\n<td>Bebek (0-3)<\/td>\n<td>\u00dccretsiz<\/td>\n<\/tr>\n<\/tbody>\n<\/table>\n","protected":false},"featured_media":5915,"comment_status":"open","ping_status":"closed","template":"","meta":{"_joinchat":[]},"product_brand":[],"product_cat":[43],"product_tag":[],"class_list":{"0":"post-2463","1":"product","2":"type-product","3":"status-publish","4":"has-post-thumbnail","6":"product_cat-alanya-tatil-turlari","8":"first","9":"instock","10":"sold-individually","11":"shipping-taxable","12":"purchasable","13":"product-type-booking"},"booking_location":"","booking_location_type":"","booking_duration":1,"booking_duration_unit":"day","booking_buffer":0,"booking_cost":0,"booking_resources":[],"jetpack_sharing_enabled":true,"_links":{"self":[{"href":"https:\/\/tursaytravel.com\/tr\/wp-json\/wp\/v2\/product\/2463","targetHints":{"allow":["GET"]}}],"collection":[{"href":"https:\/\/tursaytravel.com\/tr\/wp-json\/wp\/v2\/product"}],"about":[{"href":"https:\/\/tursaytravel.com\/tr\/wp-json\/wp\/v2\/types\/product"}],"replies":[{"embeddable":true,"href":"https:\/\/tursaytravel.com\/tr\/wp-json\/wp\/v2\/comments?post=2463"}],"wp:featuredmedia":[{"embeddable":true,"href":"https:\/\/tursaytravel.com\/tr\/wp-json\/wp\/v2\/media\/5915"}],"wp:attachment":[{"href":"https:\/\/tursaytravel.com\/tr\/wp-json\/wp\/v2\/media?parent=2463"}],"wp:term":[{"taxonomy":"product_brand","embeddable":true,"href":"https:\/\/tursaytravel.com\/tr\/wp-json\/wp\/v2\/product_brand?post=2463"},{"taxonomy":"product_cat","embeddable":true,"href":"https:\/\/tursaytravel.com\/tr\/wp-json\/wp\/v2\/product_cat?post=2463"},{"taxonomy":"product_tag","embeddable":true,"href":"https:\/\/tursaytravel.com\/tr\/wp-json\/wp\/v2\/product_tag?post=2463"}],"curies":[{"name":"wp","href":"https:\/\/api.w.org\/{rel}","templated":true}]}}