{"id":2459,"date":"2024-05-22T21:21:55","date_gmt":"2024-05-22T18:21:55","guid":{"rendered":"https:\/\/tursaytravel.com\/alanyadan-salda-golu-ve-pamukkale-turu\/"},"modified":"2026-01-31T22:01:25","modified_gmt":"2026-01-31T19:01:25","slug":"alanyadan-salda-golu-ve-pamukkale-turu","status":"publish","type":"product","link":"https:\/\/tursaytravel.com\/tr\/alanyadan-salda-golu-ve-pamukkale-turu\/","title":{"rendered":"Alanya&#8217;dan Salda G\u00f6l\u00fc ve Pamukkale Turu"},"content":{"rendered":"<h2>Alanya&#8217;dan Salda G\u00f6l\u00fc ve Pamukkale Turu<\/h2>\n<p>Pamukkale ve Salda, T\u00fcrkiye&#8217;nin Ege B\u00f6lgesi&#8217;nde bulunan iki e\u015fsiz destinasyondur. Bu do\u011fal g\u00fczellikler her y\u0131l milyonlarca ziyaret\u00e7iyi b\u00fcy\u00fclemektedir. Pamukkale, termal sular\u0131n olu\u015fturdu\u011fu bembeyaz traverten teraslar\u0131yla \u00fcnl\u00fcd\u00fcr. Bu teraslarda y\u00fcr\u00fcy\u00fc\u015f yapmak, e\u015fsiz manzaralar\u0131 g\u00f6zlemlemek, Kleopatra Havuzu gibi tarihi ve do\u011fal g\u00fczellikleri ke\u015ffetmek m\u00fcmk\u00fcn.   <\/p>\n<p>Pamukkale&#8217;deki termal sularda y\u00fczmek sa\u011fl\u0131\u011fa da olduk\u00e7a faydal\u0131d\u0131r. Salda G\u00f6l\u00fc, turkuaz sular\u0131 ve beyaz kumsallar\u0131yla b\u00fcy\u00fcleyici bir g\u00fczelli\u011fe sahiptir. Magnezyum a\u00e7\u0131s\u0131ndan zengin olan bu g\u00f6l, suya turkuaz rengini vermektedir. Pamukkale ve Salda&#8217;da yapabilece\u011finiz aktivitelerle unutulmaz an\u0131lar yaratabilirsiniz.   <\/p>\n<h3>Tur Detaylar\u0131:<\/h3>\n<ul>\n<li>Saat 02:00 gibi sizi otelinizden alaca\u011f\u0131z.<\/li>\n<li>Salda, Alanya&#8217;ya yakla\u015f\u0131k 270 km, Pamukkale ise Alanya&#8217;ya yakla\u015f\u0131k 380 km uzakl\u0131ktad\u0131r.<\/li>\n<li>Antalya&#8217;da restoranda kahvalt\u0131 molas\u0131 verece\u011fiz.<\/li>\n<li>Salda g\u00f6l\u00fc ziyaretimiz olacak (yakla\u015f\u0131k 45 dakika)<\/li>\n<li>Daha sonra Pamukkale&#8217;ye gidece\u011fiz. (saat 11:00 civar\u0131)<\/li>\n<li>Pamukkale teraslar\u0131n\u0131, antik kenti ve antik tiyatroyu gezece\u011fiz ve orada size serbest zaman verece\u011fiz.(bunlar yakla\u015f\u0131k \u00fc\u00e7 saattir)<\/li>\n<li>\u0130sterseniz Pamukkale travertenlerinde y\u00fczebilirsiniz<\/li>\n<li>Pamukkale&#8217;de restoranda \u00f6\u011fle yeme\u011fi molas\u0131 verece\u011fiz.<\/li>\n<li>Alanya&#8217;ya d\u00f6n\u00fc\u015f.<\/li>\n<li>Alanya&#8217;ya d\u00f6nerken Ac\u0131payam&#8217;da restoranda ak\u015fam yeme\u011fi molas\u0131 verece\u011fiz.<\/li>\n<li>Saat 23:00 civar\u0131nda otelinize b\u0131rakaca\u011f\u0131z.<\/li>\n<\/ul>\n<p>\u015eimdiden iyi e\u011flenceler \ud83d\ude42<\/p>\n<h3>Fiyata dahil:<\/h3>\n<ul>\n<li>Sigorta<\/li>\n<li>Rehber<\/li>\n<li>Otelinizden Al\u0131n\u0131\u015f\/Otelinize B\u0131rak\u0131l\u0131\u015f<\/li>\n<li>Kahvalt\u0131, \u00f6\u011fle yeme\u011fi,ak\u015fam yeme\u011fi<\/li>\n<li>Pamukkale travertenleri, Hierapolis antik kenti, Antik tiyatro ve Salda g\u00f6l\u00fc giri\u015f \u00fccretleri.<\/li>\n<\/ul>\n<h3>\u0130ste\u011fe ba\u011fl\u0131 fiyata dahil olmayanlar:<\/h3>\n<ul>\n<li>\u0130\u00e7ecekler<\/li>\n<li>Ki\u015fisel giderler<\/li>\n<li>Kleopatra havuzu y\u00fczme \u00fccreti. (Kleopatra havuzu \u015fu anda kapal\u0131d\u0131r)<\/li>\n<\/ul>\n<h3>Tavsiyeler ve ek bilgiler:<\/h3>\n<ul>\n<li>Y\u00fczmek istiyorsan\u0131z yan\u0131n\u0131zda mayo, havlu getirin.<\/li>\n<li>Al\u0131n\u0131\u015f ve b\u0131rak\u0131l\u0131\u015f saatleri otelinizin konumuna g\u00f6re de\u011fi\u015fiklik g\u00f6sterebilir.<\/li>\n<\/ul>\n<h3>Genel Bilgiler:<\/h3>\n<ul>\n<li>Tur G\u00fcnleri: Sal\u0131, Per\u015fembe, Pazar<\/li>\n<li>Al\u0131\u015f Noktas\u0131: Otel<\/li>\n<li>Al\u0131\u015f Saati: 02:00<\/li>\n<li>B\u0131rakma Noktas\u0131: Otel<\/li>\n<li>B\u0131rakma Saati: 23:00<\/li>\n<li>Tur S\u00fcresi:19 (Ula\u015f\u0131m Dahil)<\/li>\n<\/ul>\n","protected":false},"excerpt":{"rendered":"<h3>Fiyat Listesi<\/h3>\n<table class=\"price-table\">\n<tbody>\n<tr>\n<td>Bir Ki\u015fi<\/td>\n<td>Yeti\u015fkin (&gt;9)<\/td>\n<td>3430 TL<\/td>\n<\/tr>\n<tr>\n<td>Bir Ki\u015fi<\/td>\n<td>\u00c7ocuk (4-8)<\/td>\n<td>1960 TL<\/td>\n<\/tr>\n<tr>\n<td>Bir Ki\u015fi<\/td>\n<td>Bebek (0-3)<\/td>\n<td>\u00dccretsiz<\/td>\n<\/tr>\n<\/tbody>\n<\/table>\n","protected":false},"featured_media":1964,"comment_status":"open","ping_status":"closed","template":"","meta":{"_joinchat":[]},"product_brand":[],"product_cat":[43],"product_tag":[],"class_list":{"0":"post-2459","1":"product","2":"type-product","3":"status-publish","4":"has-post-thumbnail","6":"product_cat-alanya-tatil-turlari","8":"first","9":"instock","10":"sold-individually","11":"shipping-taxable","12":"purchasable","13":"product-type-booking"},"booking_location":"","booking_location_type":"","booking_duration":1,"booking_duration_unit":"day","booking_buffer":0,"booking_cost":0,"booking_resources":[],"jetpack_sharing_enabled":true,"_links":{"self":[{"href":"https:\/\/tursaytravel.com\/tr\/wp-json\/wp\/v2\/product\/2459","targetHints":{"allow":["GET"]}}],"collection":[{"href":"https:\/\/tursaytravel.com\/tr\/wp-json\/wp\/v2\/product"}],"about":[{"href":"https:\/\/tursaytravel.com\/tr\/wp-json\/wp\/v2\/types\/product"}],"replies":[{"embeddable":true,"href":"https:\/\/tursaytravel.com\/tr\/wp-json\/wp\/v2\/comments?post=2459"}],"wp:featuredmedia":[{"embeddable":true,"href":"https:\/\/tursaytravel.com\/tr\/wp-json\/wp\/v2\/media\/1964"}],"wp:attachment":[{"href":"https:\/\/tursaytravel.com\/tr\/wp-json\/wp\/v2\/media?parent=2459"}],"wp:term":[{"taxonomy":"product_brand","embeddable":true,"href":"https:\/\/tursaytravel.com\/tr\/wp-json\/wp\/v2\/product_brand?post=2459"},{"taxonomy":"product_cat","embeddable":true,"href":"https:\/\/tursaytravel.com\/tr\/wp-json\/wp\/v2\/product_cat?post=2459"},{"taxonomy":"product_tag","embeddable":true,"href":"https:\/\/tursaytravel.com\/tr\/wp-json\/wp\/v2\/product_tag?post=2459"}],"curies":[{"name":"wp","href":"https:\/\/api.w.org\/{rel}","templated":true}]}}