{"id":2455,"date":"2024-05-22T21:12:56","date_gmt":"2024-05-22T18:12:56","guid":{"rendered":"https:\/\/tursaytravel.com\/alanyadan-manavgat-tekne-turu\/"},"modified":"2026-01-31T21:48:40","modified_gmt":"2026-01-31T18:48:40","slug":"alanyadan-manavgat-tekne-turu","status":"publish","type":"product","link":"https:\/\/tursaytravel.com\/tr\/alanyadan-manavgat-tekne-turu\/","title":{"rendered":"Alanya&#8217;dan Manavgat Tekne Turu"},"content":{"rendered":"<h2>Alanya&#8217;dan Manavgat Tekne Turu<\/h2>\n<p>Manavgat Tekne Turu do\u011fan\u0131n g\u00fczelliklerini ke\u015ffetmek isteyenlere unutulmaz bir deneyim sunuyor. Manavgat Nehri&#8217;nin sakin sular\u0131ndan d\u00f6k\u00fclen \u015felale bir do\u011fa harikas\u0131d\u0131r. Tekne turu s\u0131ras\u0131nda ye\u015fillikler i\u00e7erisinde ilerlerken \u00e7evrenizdeki do\u011fal g\u00fczellikleri ke\u015ffetme f\u0131rsat\u0131 bulacaks\u0131n\u0131z. Tur bitiminde Manavgat pazar\u0131na u\u011frayacaks\u0131n\u0131z. Burada yerel \u00fcr\u00fcnler, el yap\u0131m\u0131 hediyelik e\u015fyalar ve taze meyve ve sebzeleri bulabilirsiniz.    <\/p>\n<h3>Tur Detaylar\u0131:<\/h3>\n<ul>\n<li>Sabah saat 08:00 civar\u0131nda sizi otelinizden alaca\u011f\u0131z.<\/li>\n<li>Manavgat, Alanya&#8217;ya 60 km uzakl\u0131ktad\u0131r.<\/li>\n<li>Manavgat nehri liman\u0131na gidece\u011fiz.<\/li>\n<li>Manavgat nehrinde 4 saatlik tekne turumuz olacakt\u0131r.<\/li>\n<li>Y\u00fczme molalar\u0131 verece\u011fiz. Hem denizde hem de nehirde y\u00fczebilirsiniz. <\/li>\n<li>Teknede \u00f6\u011fle yeme\u011fi molam\u0131z olacak \u00d6\u011fle yeme\u011fi tura dahildir ancak i\u00e7ecekler tura dahil de\u011fildir. <\/li>\n<li>Nehir liman\u0131na d\u00f6n\u00fc\u015f yapaca\u011f\u0131z.<\/li>\n<li>Daha sonra manavgat \u015felalesini ziyaret edece\u011fiz (\u015felale giri\u015f \u00fccreti tura dahildir).<\/li>\n<li>Manavgat b\u00fcy\u00fck \u00e7ar\u015f\u0131s\u0131n\u0131 ziyaret edece\u011fiz ve iki saat serbest zaman\u0131m\u0131z olacak.<\/li>\n<li>Geri d\u00f6nece\u011fiz ve sizi saat 18:00 civar\u0131nda otelinize b\u0131rakaca\u011f\u0131z.<\/li>\n<\/ul>\n<p>\u015eimdiden iyi e\u011flenceler \ud83d\ude42<\/p>\n<h3>Fiyata dahil:<\/h3>\n<ul>\n<li>Sigorta<\/li>\n<li>Rehber<\/li>\n<li>Otelinizden Al\u0131n\u0131\u015f\/Otelinize B\u0131rak\u0131l\u0131\u015f<\/li>\n<li>\u00d6\u011fle yeme\u011fi<\/li>\n<li>Manavgat \u015felalesi giri\u015f \u00fccreti<\/li>\n<\/ul>\n<h3>\u0130ste\u011fe ba\u011fl\u0131 fiyata dahil olmayanlar:<\/h3>\n<ul>\n<li>\u0130\u00e7ecekler<\/li>\n<li>Foto\u011fraflar<\/li>\n<li>Ki\u015fisel giderler<\/li>\n<\/ul>\n<h3>Tavsiyeler ve ek bilgiler:<\/h3>\n<ul>\n<li>Manavgat&#8217;ta pazartesi ve per\u015fembe g\u00fcnleri kurulan pazar nedeniyle turumuzu bu g\u00fcnlerde d\u00fczenliyoruz.<\/li>\n<li>Y\u00fczmek istiyorsan\u0131z yan\u0131n\u0131zda mayo, g\u00fcne\u015f kremi, havlu getirin.<\/li>\n<li>Al\u0131n\u0131\u015f ve b\u0131rak\u0131l\u0131\u015f saatleri otelinizin konumuna g\u00f6re de\u011fi\u015fiklik g\u00f6sterebilir.<\/li>\n<\/ul>\n<h3>Genel Bilgiler:<\/h3>\n<ul>\n<li>Tur G\u00fcnleri: Pazartesi,Per\u015fembe<\/li>\n<li>Al\u0131\u015f Noktas\u0131: Otel<\/li>\n<li>Al\u0131\u015f Saati: 08:00<\/li>\n<li>B\u0131rakma Noktas\u0131: Otel<\/li>\n<li>B\u0131rakma Saati: 18:00<\/li>\n<li>Tur S\u00fcresi: 10 (Ula\u015f\u0131m Dahil)<\/li>\n<\/ul>\n","protected":false},"excerpt":{"rendered":"<h3>Fiyat Listesi<\/h3>\n<table class=\"price-table\">\n<tbody>\n<tr>\n<td>Bir Ki\u015fi<\/td>\n<td>Yeti\u015fkin (&gt;11)<\/td>\n<td>1715 TL<\/td>\n<\/tr>\n<tr>\n<td>Bir Ki\u015fi<\/td>\n<td>\u00c7ocuk (5-10)<\/td>\n<td>1225 TL<\/td>\n<\/tr>\n<tr>\n<td>Bir Ki\u015fi<\/td>\n<td>Bebek (0-4)<\/td>\n<td>\u00dccretsiz<\/td>\n<\/tr>\n<\/tbody>\n<\/table>\n","protected":false},"featured_media":1605,"comment_status":"open","ping_status":"closed","template":"","meta":{"_joinchat":[]},"product_brand":[],"product_cat":[43],"product_tag":[],"class_list":{"0":"post-2455","1":"product","2":"type-product","3":"status-publish","4":"has-post-thumbnail","6":"product_cat-alanya-tatil-turlari","8":"first","9":"instock","10":"sold-individually","11":"shipping-taxable","12":"purchasable","13":"product-type-booking"},"booking_location":"","booking_location_type":"","booking_duration":1,"booking_duration_unit":"day","booking_buffer":0,"booking_cost":0,"booking_resources":[],"jetpack_sharing_enabled":true,"_links":{"self":[{"href":"https:\/\/tursaytravel.com\/tr\/wp-json\/wp\/v2\/product\/2455","targetHints":{"allow":["GET"]}}],"collection":[{"href":"https:\/\/tursaytravel.com\/tr\/wp-json\/wp\/v2\/product"}],"about":[{"href":"https:\/\/tursaytravel.com\/tr\/wp-json\/wp\/v2\/types\/product"}],"replies":[{"embeddable":true,"href":"https:\/\/tursaytravel.com\/tr\/wp-json\/wp\/v2\/comments?post=2455"}],"wp:featuredmedia":[{"embeddable":true,"href":"https:\/\/tursaytravel.com\/tr\/wp-json\/wp\/v2\/media\/1605"}],"wp:attachment":[{"href":"https:\/\/tursaytravel.com\/tr\/wp-json\/wp\/v2\/media?parent=2455"}],"wp:term":[{"taxonomy":"product_brand","embeddable":true,"href":"https:\/\/tursaytravel.com\/tr\/wp-json\/wp\/v2\/product_brand?post=2455"},{"taxonomy":"product_cat","embeddable":true,"href":"https:\/\/tursaytravel.com\/tr\/wp-json\/wp\/v2\/product_cat?post=2455"},{"taxonomy":"product_tag","embeddable":true,"href":"https:\/\/tursaytravel.com\/tr\/wp-json\/wp\/v2\/product_tag?post=2455"}],"curies":[{"name":"wp","href":"https:\/\/api.w.org\/{rel}","templated":true}]}}