{"id":2453,"date":"2024-05-22T21:01:49","date_gmt":"2024-05-22T18:01:49","guid":{"rendered":"https:\/\/tursaytravel.com\/alanyadan-demre-kekova-myra-turu\/"},"modified":"2026-01-31T22:01:21","modified_gmt":"2026-01-31T19:01:21","slug":"alanyadan-demre-kekova-myra-turu","status":"publish","type":"product","link":"https:\/\/tursaytravel.com\/tr\/alanyadan-demre-kekova-myra-turu\/","title":{"rendered":"Alanya&#8217;dan Demre-Kekova-Myra Turu"},"content":{"rendered":"<h2>Alanya&#8217;dan Demre-Kekova-Myra Turu<\/h2>\n<p>Alanya&#8217;dan Demre, Kekova ve Myra turu, Antalya&#8217;n\u0131n g\u00fcney k\u0131y\u0131s\u0131nda yer alan \u00fc\u00e7 b\u00fcy\u00fcl\u00fc tarihi mekan\u0131 ke\u015ffetmek i\u00e7in heyecan verici bir g\u00fcnl\u00fck gezi sunuyor! Bu turumuzda antik kal\u0131nt\u0131lar\u0131, bat\u0131k \u015fehri ve do\u011fal g\u00fczellikleri deneyimleyeceksiniz. <\/p>\n<h3>Tur Detaylar\u0131:<\/h3>\n<ul>\n<li>Saat 02:00 civar\u0131nda sizi otelinizden alaca\u011f\u0131z.<\/li>\n<li>Demre, Alanya&#8217;ya yakla\u015f\u0131k 280 km uzakl\u0131ktad\u0131r.<\/li>\n<li>Antalya&#8217;da bir restoranda kahvalt\u0131 molas\u0131 verece\u011fiz. (Kahvalt\u0131 tura dahil de\u011fildir) <\/li>\n<li>Kahvalt\u0131 molas\u0131ndan sonra Demre\u2019ye gidece\u011fiz.<\/li>\n<li>M\u00fczeyi ve Nicholas kilisesini ziyaret edece\u011fiz.<\/li>\n<li>Daha sonra Kekova&#8217;ya gidece\u011fiz.<\/li>\n<li>Kekova bat\u0131k \u015fehrinde tekne turu olacakt\u0131r (yakla\u015f\u0131k 2 saat)<\/li>\n<li>\u0130sterseniz tekne turunda y\u00fczebilirsiniz.<\/li>\n<li>Restoranda \u00f6\u011fle yeme\u011fi molas\u0131 olacak.(\u00d6\u011fle yeme\u011fi tura dahildir.)<\/li>\n<li>Daha sonra Myra\u2019ya ge\u00e7ece\u011fiz.<\/li>\n<li>Antik kenti, Antik tiyatroyu ve Kaya mezarl\u0131\u011f\u0131n\u0131 ziyaret edece\u011fiz.<\/li>\n<li>Alanya&#8217;ya d\u00f6n\u00fc\u015f yapaca\u011f\u0131z.<\/li>\n<li>Antalya&#8217;da dinlenme molas\u0131 verece\u011fiz<\/li>\n<li>Sizi saat 20:00 civar\u0131nda otelinize b\u0131rakaca\u011f\u0131z.<\/li>\n<\/ul>\n<p>\u015eimdiden iyi e\u011flenceler \ud83d\ude42<\/p>\n<h3>Fiyata dahil:<\/h3>\n<ul>\n<li>Sigorta<\/li>\n<li>Otelinizden Al\u0131n\u0131\u015f\/Otelinize B\u0131rak\u0131l\u0131\u015f<\/li>\n<li>\u00d6\u011fle yeme\u011fi<\/li>\n<li>Kekova&#8217;da tekne turu (yakla\u015f\u0131k 2 saat)<\/li>\n<li>M\u00fcze ve tiyatro giri\u015fleri<\/li>\n<\/ul>\n<h3>\u0130ste\u011fe ba\u011fl\u0131 fiyata dahil olmayanlar:<\/h3>\n<ul>\n<li>Kahvalt\u0131<\/li>\n<li>\u0130\u00e7ecekler<\/li>\n<li>Ki\u015fisel giderler<\/li>\n<\/ul>\n<h3>Tavsiyeler ve ek bilgiler:<\/h3>\n<ul>\n<li>Y\u00fczmek istiyorsan\u0131z yan\u0131n\u0131zda mayo ve havlu getiriniz.<\/li>\n<li>Kahvalt\u0131n\u0131z\u0131 otelinizden paket olarak yan\u0131n\u0131za alabilirsiniz.<\/li>\n<li>Al\u0131n\u0131\u015f ve b\u0131rak\u0131l\u0131\u015f saatleri otelinizin konumuna g\u00f6re de\u011fi\u015fiklik g\u00f6sterebilir.<\/li>\n<\/ul>\n<h3>Genel Bilgiler:<\/h3>\n<ul>\n<li>Tur G\u00fcnleri: \u00c7ar\u015famba, Pazar<\/li>\n<li>Al\u0131\u015f Noktas\u0131: Otel<\/li>\n<li>Al\u0131\u015f Saati: 02:00<\/li>\n<li>B\u0131rakma Noktas\u0131: Otel<\/li>\n<li>B\u0131rakma Saati: 20:00<\/li>\n<li>Tur S\u00fcresi: 18 (Ula\u015f\u0131m Dahil)<\/li>\n<\/ul>\n","protected":false},"excerpt":{"rendered":"<h3>Fiyat Listesi<\/h3>\n<table class=\"price-table\">\n<tbody>\n<tr>\n<td>Bir Ki\u015fi<\/td>\n<td>Yeti\u015fkin (&gt;9)<\/td>\n<td>3920 TL<\/td>\n<\/tr>\n<tr>\n<td>Bir Ki\u015fi<\/td>\n<td>\u00c7ocuk (4-8)<\/td>\n<td>1960 TL<\/td>\n<\/tr>\n<tr>\n<td>Bir Ki\u015fi<\/td>\n<td>Bebek (0-3)<\/td>\n<td>\u00dccretsiz<\/td>\n<\/tr>\n<\/tbody>\n<\/table>\n","protected":false},"featured_media":1978,"comment_status":"open","ping_status":"closed","template":"","meta":{"_joinchat":[]},"product_brand":[],"product_cat":[43],"product_tag":[],"class_list":{"0":"post-2453","1":"product","2":"type-product","3":"status-publish","4":"has-post-thumbnail","6":"product_cat-alanya-tatil-turlari","8":"first","9":"instock","10":"sold-individually","11":"shipping-taxable","12":"purchasable","13":"product-type-booking"},"booking_location":"","booking_location_type":"","booking_duration":1,"booking_duration_unit":"day","booking_buffer":0,"booking_cost":0,"booking_resources":[],"jetpack_sharing_enabled":true,"_links":{"self":[{"href":"https:\/\/tursaytravel.com\/tr\/wp-json\/wp\/v2\/product\/2453","targetHints":{"allow":["GET"]}}],"collection":[{"href":"https:\/\/tursaytravel.com\/tr\/wp-json\/wp\/v2\/product"}],"about":[{"href":"https:\/\/tursaytravel.com\/tr\/wp-json\/wp\/v2\/types\/product"}],"replies":[{"embeddable":true,"href":"https:\/\/tursaytravel.com\/tr\/wp-json\/wp\/v2\/comments?post=2453"}],"wp:featuredmedia":[{"embeddable":true,"href":"https:\/\/tursaytravel.com\/tr\/wp-json\/wp\/v2\/media\/1978"}],"wp:attachment":[{"href":"https:\/\/tursaytravel.com\/tr\/wp-json\/wp\/v2\/media?parent=2453"}],"wp:term":[{"taxonomy":"product_brand","embeddable":true,"href":"https:\/\/tursaytravel.com\/tr\/wp-json\/wp\/v2\/product_brand?post=2453"},{"taxonomy":"product_cat","embeddable":true,"href":"https:\/\/tursaytravel.com\/tr\/wp-json\/wp\/v2\/product_cat?post=2453"},{"taxonomy":"product_tag","embeddable":true,"href":"https:\/\/tursaytravel.com\/tr\/wp-json\/wp\/v2\/product_tag?post=2453"}],"curies":[{"name":"wp","href":"https:\/\/api.w.org\/{rel}","templated":true}]}}