{"id":2449,"date":"2024-05-22T20:31:56","date_gmt":"2024-05-22T17:31:56","guid":{"rendered":"https:\/\/tursaytravel.com\/alanyadan-aspendos-side-manavgat-turu\/"},"modified":"2026-01-31T22:12:26","modified_gmt":"2026-01-31T19:12:26","slug":"alanyadan-aspendos-side-manavgat-turu","status":"publish","type":"product","link":"https:\/\/tursaytravel.com\/tr\/alanyadan-aspendos-side-manavgat-turu\/","title":{"rendered":"Alanya&#8217;dan Aspendos-Side-Manavgat Turu"},"content":{"rendered":"<h2>Alanya&#8217;dan Aspendos-Side-Manavgat Turu<\/h2>\n<p>Alanya \u00e7\u0131k\u0131\u015fl\u0131 Aspendos, Side ve Manavgat \u015eelaleleri turu, tarihi ve do\u011fal g\u00fczellikleri bir araya getiren g\u00fcn\u00fcbirlik bir k\u00fclt\u00fcr ve do\u011fa turudur. Aspendos d\u00fcnyaca \u00fcnl\u00fc bir Roma tiyatrosudur ve MS 1. y\u00fczy\u0131lda in\u015fa edilmi\u015ftir. 2. y\u00fczy\u0131lda in\u015fa edilmi\u015ftir. Side, Alanya&#8217;ya yakla\u015f\u0131k 60 km uzakl\u0131kta olup bir zamanlar \u00f6nemli bir Roma liman\u0131yd\u0131.Tarihi kal\u0131nt\u0131larla dolu modern bir kasabad\u0131r. Manavgat, T\u00fcrkiye&#8217;nin en \u00e7ok foto\u011fraflanan noktalar\u0131ndan biri olan \u00fcnl\u00fc bir \u015felaledir.    <\/p>\n<p>Bembeyaz p\u0131r\u0131l p\u0131r\u0131l sular\u0131yla kayalar\u0131n \u00fczerinden ak\u0131yor ve do\u011fal g\u00fczellikleriyle \u00fcnl\u00fc. Bu tur tarih, k\u00fclt\u00fcr ve do\u011fa tutkunlar\u0131 i\u00e7in unutulmaz bir deneyim olabilir! E\u011fer Alanya&#8217;da tatil yap\u0131yorsan\u0131z Aspendos, Side ve Manavgat \u015eelalesi turunu mutlaka d\u00fc\u015f\u00fcnmelisiniz.  <\/p>\n<h3>Tur Detaylar\u0131:<\/h3>\n<ul>\n<li>Sabah 08:15 civar\u0131nda sizi otelinizden alaca\u011f\u0131z.<\/li>\n<li>Aspendos, Alanya&#8217;ya yakla\u015f\u0131k 90 km uzakl\u0131ktad\u0131r.(Manavgat 60 km, Side 65 km)<\/li>\n<li>Manavgat \u015felalesine gidece\u011fiz.<\/li>\n<li>Manavgat \u015felalesinde serbest zaman.<\/li>\n<li>Aspendos antik kentini ve antik tiyatroyu ziyaret edece\u011fiz.<\/li>\n<li>Restoranda \u00f6\u011fle yeme\u011fi molas\u0131 verece\u011fiz (\u00d6\u011fle yeme\u011fi turumuza dahildir)<\/li>\n<li>Side Antik Kenti ve Apollon Tap\u0131na\u011f\u0131 ziyaretimiz olacak.<\/li>\n<li>Side Antik Kenti&#8217;nde sizlere serbest zaman verece\u011fiz.<\/li>\n<li>Alanya&#8217;ya d\u00f6n\u00fc\u015f.<\/li>\n<li>Sizi saat 18.00 civar\u0131nda otelinize b\u0131rakaca\u011f\u0131z.<\/li>\n<\/ul>\n<p>\u015eimdiden iyi e\u011flenceler \ud83d\ude42<\/p>\n<h3>Fiyata dahil:<\/h3>\n<ul>\n<li>Sigorta<\/li>\n<li>Rehber<\/li>\n<li>Otelinizden Al\u0131n\u0131\u015f\/Otelinize B\u0131rak\u0131l\u0131\u015f<\/li>\n<li>\u00d6\u011fle yeme\u011fi<\/li>\n<li>Ziyaret giri\u015f \u00fccretleri<\/li>\n<\/ul>\n<h3>\u0130ste\u011fe ba\u011fl\u0131 fiyata dahil olmayanlar:<\/h3>\n<ul>\n<li>\u0130\u00e7ecekler<\/li>\n<li>Ki\u015fisel giderler<\/li>\n<\/ul>\n<h3>Tavsiyeler ve ek bilgiler:<\/h3>\n<ul>\n<li>Kameran\u0131z\u0131 yan\u0131n\u0131zda getirebilirsiniz.<\/li>\n<li>Al\u0131n\u0131\u015f ve b\u0131rak\u0131l\u0131\u015f saatleri otelinizin konumuna g\u00f6re de\u011fi\u015fiklik g\u00f6sterebilir.<\/li>\n<\/ul>\n<h3>Genel Bilgiler:<\/h3>\n<ul>\n<li>Tur G\u00fcnleri:Sal\u0131,Cumartesi<\/li>\n<li>Al\u0131\u015f Noktas\u0131: Otel<\/li>\n<li>Al\u0131\u015f Saati: 08:15<\/li>\n<li>B\u0131rakma Noktas\u0131: Otel<\/li>\n<li>B\u0131rakma Saati: 18:00<\/li>\n<li>Tur S\u00fcresi: 10 (Ula\u015f\u0131m Dahil)<\/li>\n<\/ul>\n","protected":false},"excerpt":{"rendered":"<h3>Fiyat Listesi<\/h3>\n<table class=\"price-table\">\n<tbody>\n<tr>\n<td>Bir Ki\u015fi<\/td>\n<td>Yeti\u015fkin (&gt;9)<\/td>\n<td>2695 TL<\/td>\n<\/tr>\n<tr>\n<td>Bir Ki\u015fi<\/td>\n<td>\u00c7ocuk (4-8)<\/td>\n<td>1372 TL<\/td>\n<\/tr>\n<tr>\n<td>Bir Ki\u015fi<\/td>\n<td>Bebek (0-3)<\/td>\n<td>\u00dccretsiz<\/td>\n<\/tr>\n<\/tbody>\n<\/table>\n","protected":false},"featured_media":1973,"comment_status":"open","ping_status":"closed","template":"","meta":{"_joinchat":[]},"product_brand":[],"product_cat":[43],"product_tag":[],"class_list":{"0":"post-2449","1":"product","2":"type-product","3":"status-publish","4":"has-post-thumbnail","6":"product_cat-alanya-tatil-turlari","8":"first","9":"instock","10":"sold-individually","11":"shipping-taxable","12":"purchasable","13":"product-type-booking"},"booking_location":"","booking_location_type":"","booking_duration":1,"booking_duration_unit":"day","booking_buffer":0,"booking_cost":0,"booking_resources":[],"jetpack_sharing_enabled":true,"_links":{"self":[{"href":"https:\/\/tursaytravel.com\/tr\/wp-json\/wp\/v2\/product\/2449","targetHints":{"allow":["GET"]}}],"collection":[{"href":"https:\/\/tursaytravel.com\/tr\/wp-json\/wp\/v2\/product"}],"about":[{"href":"https:\/\/tursaytravel.com\/tr\/wp-json\/wp\/v2\/types\/product"}],"replies":[{"embeddable":true,"href":"https:\/\/tursaytravel.com\/tr\/wp-json\/wp\/v2\/comments?post=2449"}],"wp:featuredmedia":[{"embeddable":true,"href":"https:\/\/tursaytravel.com\/tr\/wp-json\/wp\/v2\/media\/1973"}],"wp:attachment":[{"href":"https:\/\/tursaytravel.com\/tr\/wp-json\/wp\/v2\/media?parent=2449"}],"wp:term":[{"taxonomy":"product_brand","embeddable":true,"href":"https:\/\/tursaytravel.com\/tr\/wp-json\/wp\/v2\/product_brand?post=2449"},{"taxonomy":"product_cat","embeddable":true,"href":"https:\/\/tursaytravel.com\/tr\/wp-json\/wp\/v2\/product_cat?post=2449"},{"taxonomy":"product_tag","embeddable":true,"href":"https:\/\/tursaytravel.com\/tr\/wp-json\/wp\/v2\/product_tag?post=2449"}],"curies":[{"name":"wp","href":"https:\/\/api.w.org\/{rel}","templated":true}]}}