{"id":2445,"date":"2024-05-22T20:53:07","date_gmt":"2024-05-22T17:53:07","guid":{"rendered":"https:\/\/tursaytravel.com\/alanyadan-2-gunluk-kapadokya-turu\/"},"modified":"2026-04-01T17:23:21","modified_gmt":"2026-04-01T14:23:21","slug":"alanyadan-2-gunluk-kapadokya-turu","status":"publish","type":"product","link":"https:\/\/tursaytravel.com\/tr\/alanyadan-2-gunluk-kapadokya-turu\/","title":{"rendered":"Alanya\u2019dan 2 G\u00fcnl\u00fck Kapadokya Turu"},"content":{"rendered":"<h2>Alanya\u2019dan 2 G\u00fcnl\u00fck Kapadokya Turu<\/h2>\n<p>Alanya \u00e7\u0131k\u0131\u015fl\u0131 Kapadokya turu do\u011fal g\u00fczellikleri, tarihi yerleri ve k\u00fclt\u00fcrel zenginlikleri ke\u015ffetmek isteyenler i\u00e7in m\u00fckemmel bir se\u00e7enektir. Alanya&#8217;dan 2 gece konaklamal\u0131 olarak d\u00fczenlenmektedir. <\/p>\n<p>Kapadokya, Alanya&#8217;n\u0131n kuzeydo\u011fusunda ve yakla\u015f\u0131k 500 km uzakl\u0131kta yer almaktad\u0131r. Turumuza 4 y\u0131ld\u0131zl\u0131 otelde konaklama dahildir. Kapadokya yer alt\u0131 \u015fehirleri, vadileri, ma\u011faralar\u0131 ve peribacalar\u0131yla \u00fcnl\u00fcd\u00fcr. Do\u011fal kaya olu\u015fumlar\u0131 milyonlarca y\u0131ll\u0131k erozyon sonucu \u015fekillenmi\u015ftir. B\u00f6lge tarihin do\u011fayla bulu\u015ftu\u011fu mistik bir yer. Alanya \u00e7\u0131k\u0131\u015fl\u0131 Kapadokya turu do\u011fal g\u00fczellikleri ve tarihi zenginlikleri ke\u015ffetmek isteyenler i\u00e7in harika bir deneyimdir.     <\/p>\n<h3>Tur Detaylar\u0131:<\/h3>\n<h3>1. G\u00fcn:<\/h3>\n<ul>\n<li>Saat 03:00 civar\u0131nda otelinizden sizi alaca\u011f\u0131z.<\/li>\n<li>Akseki&#8217;deki restoranda kahvalt\u0131 molas\u0131 verece\u011fiz.<\/li>\n<li>Yeralt\u0131 \u015fehri Saratl\u0131 M\u00fczesi&#8217;ni ziyaret edece\u011fiz.<\/li>\n<li>Kapadokya&#8217;daki restoranda \u00f6\u011fle yeme\u011fi.<\/li>\n<li>Daha sonra Devrent Vadisi&#8217;ni ve Devrent \u00c7\u00f6mlek\u00e7ilik ve Seramik Merkezi&#8217;ni ziyaret edece\u011fiz.<\/li>\n<li>U\u00e7hisar Kalesinde foto\u011fraf molas\u0131 verece\u011fi.<\/li>\n<li>G\u00fcvercin Vadisi ziyareti.<\/li>\n<li>G\u00f6reme Vadisinde foto\u011fraf molas\u0131 verece\u011fiz.<\/li>\n<li>A\u015f\u0131klar Vadisi ziyareti.<\/li>\n<li>Otele var\u0131\u015f ve konaklama<\/li>\n<li>Otelin restoran\u0131nda ak\u015fam yeme\u011fi.<\/li>\n<li>Otelde serbest zaman (dilerseniz T\u00fcrk gecesi ve semazen g\u00f6sterisine kat\u0131labilirsiniz)<\/li>\n<\/ul>\n<h3>2. G\u00fcn:<\/h3>\n<ul>\n<li>Sabah\u0131n erken saatlerinde balon ge\u00e7idine transfer. (ekstra)<\/li>\n<li>Otelde kahvalt\u0131.<\/li>\n<li>Otelden ayr\u0131l\u0131\u015f.<\/li>\n<li>Onyx ve Sultaniti merkezi ziyareti.<\/li>\n<li>Deri \u00fcr\u00fcnleri merkezini ziyaret<\/li>\n<li>Konya\u2019da \u00f6\u011fle yeme\u011fi<\/li>\n<li>Seydi\u015fehir\u2019de dinlenme molas\u0131<\/li>\n<li>Alanya&#8217;ya d\u00f6n\u00fc\u015f yapaca\u011f\u0131z.<\/li>\n<li>Sizi saat 18:30 civar\u0131nda otelinize b\u0131rakaca\u011f\u0131z.<\/li>\n<\/ul>\n<p>\u015eimdiden iyi e\u011flenceler \ud83d\ude42<\/p>\n<h3>Fiyata dahil:<\/h3>\n<ul>\n<li>Sigorta<\/li>\n<li>Rehber<\/li>\n<li>Otelinizden Al\u0131n\u0131\u015f\/Otelinize B\u0131rak\u0131l\u0131\u015f<\/li>\n<li>Otelde sabah kahvalt\u0131s\u0131 ve ak\u015fam yeme\u011fi<\/li>\n<li>Yeralt\u0131 \u015eehri Saratl\u0131 M\u00fczesi Giri\u015f \u00dccreti<\/li>\n<li>4 y\u0131ld\u0131zl\u0131 otelde konaklama<\/li>\n<\/ul>\n<h3>\u0130ste\u011fe ba\u011fl\u0131 fiyata dahil olmayanlar:<\/h3>\n<ul>\n<li>\u0130lk g\u00fcn kahvalt\u0131. Kahvalt\u0131n\u0131z\u0131 otelinizden paket olarak yan\u0131n\u0131za alabilirsiniz.<\/li>\n<li>\u00d6\u011fle yemekleri (iki kez)<\/li>\n<li>\u0130\u00e7ecekler<\/li>\n<li>Ki\u015fisel giderler<\/li>\n<li>Balon turu, balon panoramas\u0131, T\u00fcrk gecesi, semazen g\u00f6sterisi<\/li>\n<li>Otelde tek ki\u015filik oda &#8211; Gecelik 25 Euro (Tek ki\u015fiyseniz ve tek ki\u015filik odada kalmak istiyorsan\u0131z)<\/li>\n<\/ul>\n<h3>Tavsiyeler ve ek bilgiler:<\/h3>\n<ul>\n<li>Pasaport veya kimlik ve Foto\u011fraf makinenizi, cep telefonunuzu yan\u0131n\u0131za al\u0131n.<\/li>\n<li>Yan\u0131n\u0131za ceketinizi alabilirsiniz. \u00c7\u00fcnk\u00fc Kapadokya&#8217;da hava daha serin olabilir.<\/li>\n<li>Al\u0131n\u0131\u015f ve b\u0131rak\u0131l\u0131\u015f saatleri otelinizin konumuna g\u00f6re de\u011fi\u015fiklik g\u00f6sterebilir.<\/li>\n<\/ul>\n<h3>Genel Bilgiler:<\/h3>\n<ul>\n<li>Tur G\u00fcnleri:Pazartesi, Sal\u0131, Per\u015fembe, Cuma<\/li>\n<li>Al\u0131\u015f Noktas\u0131: Otel<\/li>\n<li>Al\u0131\u015f Saati: 03:00<\/li>\n<li>B\u0131rakma Noktas\u0131: Otel<\/li>\n<li>B\u0131rakma Saati: 18:30<\/li>\n<li>Tur S\u00fcresi: 2 g\u00fcn<\/li>\n<\/ul>\n","protected":false},"excerpt":{"rendered":"<h3>Fiyat Listesi<\/h3>\n<table class=\"price-table\">\n<tbody>\n<tr>\n<td>Bir Ki\u015fi<\/td>\n<td>Yeti\u015fkin (&gt;9)<\/td>\n<td>2940 TL<\/td>\n<\/tr>\n<tr>\n<td>Bir Ki\u015fi<\/td>\n<td>\u00c7ocuk (4-8)<\/td>\n<td>1960 TL<\/td>\n<\/tr>\n<tr>\n<td>Bir Ki\u015fi<\/td>\n<td>Bebek (0-3)<\/td>\n<td>\u00dccretsiz<\/td>\n<\/tr>\n<\/tbody>\n<\/table>\n","protected":false},"featured_media":1493,"comment_status":"open","ping_status":"closed","template":"","meta":{"_joinchat":[]},"product_brand":[],"product_cat":[43],"product_tag":[],"class_list":{"0":"post-2445","1":"product","2":"type-product","3":"status-publish","4":"has-post-thumbnail","6":"product_cat-alanya-tatil-turlari","8":"first","9":"instock","10":"sold-individually","11":"shipping-taxable","12":"purchasable","13":"product-type-booking"},"booking_location":"","booking_location_type":"","booking_duration":1,"booking_duration_unit":"day","booking_buffer":0,"booking_cost":0,"booking_resources":[],"jetpack_sharing_enabled":true,"_links":{"self":[{"href":"https:\/\/tursaytravel.com\/tr\/wp-json\/wp\/v2\/product\/2445","targetHints":{"allow":["GET"]}}],"collection":[{"href":"https:\/\/tursaytravel.com\/tr\/wp-json\/wp\/v2\/product"}],"about":[{"href":"https:\/\/tursaytravel.com\/tr\/wp-json\/wp\/v2\/types\/product"}],"replies":[{"embeddable":true,"href":"https:\/\/tursaytravel.com\/tr\/wp-json\/wp\/v2\/comments?post=2445"}],"wp:featuredmedia":[{"embeddable":true,"href":"https:\/\/tursaytravel.com\/tr\/wp-json\/wp\/v2\/media\/1493"}],"wp:attachment":[{"href":"https:\/\/tursaytravel.com\/tr\/wp-json\/wp\/v2\/media?parent=2445"}],"wp:term":[{"taxonomy":"product_brand","embeddable":true,"href":"https:\/\/tursaytravel.com\/tr\/wp-json\/wp\/v2\/product_brand?post=2445"},{"taxonomy":"product_cat","embeddable":true,"href":"https:\/\/tursaytravel.com\/tr\/wp-json\/wp\/v2\/product_cat?post=2445"},{"taxonomy":"product_tag","embeddable":true,"href":"https:\/\/tursaytravel.com\/tr\/wp-json\/wp\/v2\/product_tag?post=2445"}],"curies":[{"name":"wp","href":"https:\/\/api.w.org\/{rel}","templated":true}]}}