{"id":2429,"date":"2024-05-21T22:59:45","date_gmt":"2024-05-21T19:59:45","guid":{"rendered":"https:\/\/tursaytravel.com\/alanya-yesil-kanyon-cabrio-safari-turu\/"},"modified":"2026-01-31T22:19:22","modified_gmt":"2026-01-31T19:19:22","slug":"alanya-yesil-kanyon-cabrio-safari-turu","status":"publish","type":"product","link":"https:\/\/tursaytravel.com\/tr\/alanya-yesil-kanyon-cabrio-safari-turu\/","title":{"rendered":"Alanya Ye\u015fil Kanyon Cabrio Safari Turu"},"content":{"rendered":"<h2>Alanya Ye\u015fil Kanyon Cabrio Safari Turu<\/h2>\n<p>Ye\u015fil Kanyon, Manavgat do\u011fas\u0131nda huzuru ve maceray\u0131 bir araya getiren e\u015fsiz bir destinasyondur. Turkuaz sular\u0131, yemye\u015fil \u00e7am ormanlar\u0131yla \u00e7evrili b\u00fcy\u00fcleyici manzaralar\u0131 ve ferahlat\u0131c\u0131 havas\u0131yla Green Canyon, \u00f6zellikle yaz aylar\u0131nda \u015fehir kalabal\u0131\u011f\u0131ndan uzakla\u015fmak isteyen do\u011fa severler i\u00e7in ideal bir ka\u00e7\u0131\u015f noktas\u0131d\u0131r. Bu e\u015fsiz do\u011fa harikas\u0131n\u0131 ke\u015ffetmenin en keyifli yollar\u0131ndan biri Green Canyon Safari turuna kat\u0131lmakt\u0131r. Green Canyon Safari, kat\u0131l\u0131mc\u0131lara hem suda hem de karada \u00e7e\u015fitli aktiviteler sunar. \u015eehir hayat\u0131n\u0131n kaosundan uzakla\u015fmak ve T\u00fcrkiye&#8217;nin gizli g\u00fczelliklerini ke\u015ffetmek isteyen herkes i\u00e7in unutulmaz bir deneyim sunar.    <\/p>\n<h3>Tur Detaylar\u0131:<\/h3>\n<ul>\n<li>Sabah saat 08:30 civar\u0131nda sizi otelinizden \u00fcst\u00fc a\u00e7\u0131k otob\u00fcs (cabrio) ile alaca\u011f\u0131z.<\/li>\n<li>Zoopark Hayvanat Bah\u00e7esini ziyaret edece\u011fiz. (Giri\u015f bileti ekstrad\u0131r)<\/li>\n<li>Oymap\u0131nar K\u00f6y\u00fc&#8217;ndeki G\u00f6zleme Evi&#8217;ndeki meyve bah\u00e7esini gezece\u011fiz (Portakal, Limon, Nar vb. G\u00f6zleme ve t\u00fcm i\u00e7ecekler ekstrad\u0131r)<\/li>\n<li>Ye\u015fil G\u00f6l, Oymap\u0131nar Baraj\u0131 ve Ye\u015fil Kanyon Teras\u0131nda foto\u011fraf molalar\u0131 verece\u011fiz.<\/li>\n<li>Ye\u015fil Kanyon&#8217;da (Orijinal Ye\u015fil Kanyon) 1 Saatlik Katamaran Tekne Turu d\u00fczenlenecektir. \u0130sterseniz y\u00fczebilirsiniz.<\/li>\n<li>Daha sonra Ye\u015fil G\u00f6l&#8217;deki bir restoranda \u00f6\u011fle yeme\u011fi molas\u0131 verece\u011fiz. (\u00d6\u011fle yeme\u011fi tura dahildir)<\/li>\n<li>Bu s\u00fcre zarf\u0131nda y\u00fczme, g\u00fcne\u015flenme ve bal\u0131k tutma molalar\u0131 da verece\u011fiz.<\/li>\n<li>Geri d\u00f6n\u00fc\u015f.<\/li>\n<li>Sizi saat 18.00 civar\u0131nda otelinize b\u0131rakaca\u011f\u0131z.<\/li>\n<\/ul>\n<p>\u015eimdiden iyi e\u011flenceler \ud83d\ude42<\/p>\n<h3>Fiyata dahil:<\/h3>\n<ul>\n<li>Sigorta<\/li>\n<li>Rehber<\/li>\n<li>Otelinizden Al\u0131n\u0131\u015f\/Otelinize B\u0131rak\u0131l\u0131\u015f<\/li>\n<li>\u00d6\u011fle yeme\u011fi<\/li>\n<li>Green Kanyon&#8217;da Tekne Turu<\/li>\n<\/ul>\n<h3>\u0130ste\u011fe ba\u011fl\u0131 fiyata dahil olmayanlar:<\/h3>\n<ul>\n<li>\u0130\u00e7ecekler<\/li>\n<li>Hayvanat bah\u00e7esi giri\u015f \u00fccreti<\/li>\n<li>Foto\u011fraf videosu<\/li>\n<li>Ki\u015fisel giderler<\/li>\n<\/ul>\n<h3>Tavsiyeler ve ek bilgiler:<\/h3>\n<ul>\n<li>Y\u00fczmek istiyorsan\u0131z yan\u0131n\u0131zda mayo, havlu getirin.<\/li>\n<li>Al\u0131n\u0131\u015f ve b\u0131rak\u0131l\u0131\u015f saatleri otelinizin konumuna g\u00f6re de\u011fi\u015fiklik g\u00f6sterebilir.<\/li>\n<\/ul>\n<h3>Genel Bilgiler:<\/h3>\n<ul>\n<li>Tur G\u00fcnleri: Her g\u00fcn<\/li>\n<li>Al\u0131\u015f Noktas\u0131: Otel<\/li>\n<li>Al\u0131\u015f Saati:08:30<\/li>\n<li>B\u0131rakma Noktas\u0131: Otel<\/li>\n<li>B\u0131rakma Saati: 18:00<\/li>\n<li>Tur S\u00fcresi: 10 (Ula\u015f\u0131m Dahil)<\/li>\n<\/ul>\n","protected":false},"excerpt":{"rendered":"<h3>Fiyat Listesi<\/h3>\n<table class=\"price-table\">\n<tbody>\n<tr>\n<td>Bir Ki\u015fi<\/td>\n<td> Yeti\u015fkin (&gt;11)<\/td>\n<td>1715 TL<\/td>\n<\/tr>\n<tr>\n<td>Bir Ki\u015fi<\/td>\n<td>\u00c7ocuk (4-10)<\/td>\n<td>980 TL<\/td>\n<\/tr>\n<tr>\n<td>Bir Ki\u015fi<\/td>\n<td>Bebek (0-3)<\/td>\n<td>\u00dccretsiz<\/td>\n<\/tr>\n<\/tbody>\n<\/table>\n","protected":false},"featured_media":6271,"comment_status":"open","ping_status":"closed","template":"","meta":{"_joinchat":[]},"product_brand":[],"product_cat":[43],"product_tag":[],"class_list":{"0":"post-2429","1":"product","2":"type-product","3":"status-publish","4":"has-post-thumbnail","6":"product_cat-alanya-tatil-turlari","8":"first","9":"instock","10":"sold-individually","11":"shipping-taxable","12":"purchasable","13":"product-type-booking"},"booking_location":"","booking_location_type":"","booking_duration":1,"booking_duration_unit":"day","booking_buffer":0,"booking_cost":0,"booking_resources":[],"jetpack_sharing_enabled":true,"_links":{"self":[{"href":"https:\/\/tursaytravel.com\/tr\/wp-json\/wp\/v2\/product\/2429","targetHints":{"allow":["GET"]}}],"collection":[{"href":"https:\/\/tursaytravel.com\/tr\/wp-json\/wp\/v2\/product"}],"about":[{"href":"https:\/\/tursaytravel.com\/tr\/wp-json\/wp\/v2\/types\/product"}],"replies":[{"embeddable":true,"href":"https:\/\/tursaytravel.com\/tr\/wp-json\/wp\/v2\/comments?post=2429"}],"wp:featuredmedia":[{"embeddable":true,"href":"https:\/\/tursaytravel.com\/tr\/wp-json\/wp\/v2\/media\/6271"}],"wp:attachment":[{"href":"https:\/\/tursaytravel.com\/tr\/wp-json\/wp\/v2\/media?parent=2429"}],"wp:term":[{"taxonomy":"product_brand","embeddable":true,"href":"https:\/\/tursaytravel.com\/tr\/wp-json\/wp\/v2\/product_brand?post=2429"},{"taxonomy":"product_cat","embeddable":true,"href":"https:\/\/tursaytravel.com\/tr\/wp-json\/wp\/v2\/product_cat?post=2429"},{"taxonomy":"product_tag","embeddable":true,"href":"https:\/\/tursaytravel.com\/tr\/wp-json\/wp\/v2\/product_tag?post=2429"}],"curies":[{"name":"wp","href":"https:\/\/api.w.org\/{rel}","templated":true}]}}