{"id":2425,"date":"2024-05-22T00:51:35","date_gmt":"2024-05-21T21:51:35","guid":{"rendered":"https:\/\/tursaytravel.com\/alanya-yamac-parasutu-turu\/"},"modified":"2026-01-31T22:55:02","modified_gmt":"2026-01-31T19:55:02","slug":"alanya-yamac-parasutu-turu","status":"publish","type":"product","link":"https:\/\/tursaytravel.com\/tr\/alanya-yamac-parasutu-turu\/","title":{"rendered":"Alanya Yama\u00e7 Para\u015f\u00fct\u00fc Turu"},"content":{"rendered":"<h2>Alanya Yama\u00e7 Para\u015f\u00fct\u00fc Turu<\/h2>\n<p>Alanya Yama\u00e7 Para\u015f\u00fct\u00fc do\u011fan\u0131n e\u015fsiz g\u00fczelliklerini ke\u015ffetmek isteyenlere unutulmaz bir deneyim sunuyor. Yama\u00e7 para\u015f\u00fct\u00fcn\u00fczle g\u00f6ky\u00fcz\u00fcne y\u00fckseldi\u011finizde Alanya&#8217;n\u0131n muhte\u015fem sahil \u015feridi, tarihi kalesi ve do\u011fal g\u00fczellikleri kar\u015f\u0131n\u0131za \u00e7\u0131kacak. Bu unutulmaz manzara, hayalinizdeki maceray\u0131 daha da \u00f6zel k\u0131lacak. Bu an\u0131lar\u0131n\u0131z\u0131 sevdiklerinizle payla\u015fmak harika bir f\u0131rsat.   <\/p>\n<h3>Tur Detaylar\u0131:<\/h3>\n<ul>\n<li>Turumuz sabah 09:00 ak\u015fam 17:00 aras\u0131d\u0131r. Diledi\u011finiz zaman rezervasyon yapabilirsiniz. <\/li>\n<li>Sizi otelinizden alaca\u011f\u0131z.<\/li>\n<li>\u0130stasyona var\u0131\u015f.<\/li>\n<li>Yass\u0131 tepesine \u00e7\u0131kaca\u011f\u0131z. Yakla\u015f\u0131k 25 dakika s\u00fcrecek (Yakla\u015f\u0131k 800 metre y\u00fckseklikte)<\/li>\n<li>Profesyonel rehberimiz size u\u00e7u\u015f g\u00fcvenli\u011fi hakk\u0131nda bilgi verecektir.<\/li>\n<li>Profesyonel rehber e\u015fli\u011finde u\u00e7u\u015fa ba\u015flanacakt\u0131r.<\/li>\n<li>U\u00e7u\u015f yakla\u015f\u0131k 15-20 dakika s\u00fcrecektir.<\/li>\n<li>Daha istasyona inece\u011fiz.<\/li>\n<li>Profesyonel kamera ile \u00e7ekilmi\u015f foto\u011fraf ve videolar\u0131n\u0131z\u0131 istasyonumuzda izleyebilirsiniz.<\/li>\n<li>Tur bitiminde sizi otelinize b\u0131rakaca\u011f\u0131z.<\/li>\n<\/ul>\n<p>\u015eimdiden iyi e\u011flenceler \ud83d\ude42<\/p>\n<h3>Fiyata dahil:<\/h3>\n<ul>\n<li>Sigorta<\/li>\n<li>Rehber<\/li>\n<li>Otelinizden Al\u0131n\u0131\u015f\/Otelinize B\u0131rak\u0131l\u0131\u015f<\/li>\n<li>Atlama tepesine giri\u015f \u00fccreti<\/li>\n<li>U\u00e7u\u015f<\/li>\n<li>Ekipmanlar<\/li>\n<\/ul>\n<h3>\u0130ste\u011fe ba\u011fl\u0131 fiyata dahil olmayanlar:<\/h3>\n<ul>\n<li>Foto\u011fraf ve video<\/li>\n<li>Ki\u015fisel giderler<\/li>\n<\/ul>\n<h3>Tavsiyeler ve ek bilgiler:<\/h3>\n<ul>\n<li>Kat\u0131l\u0131mc\u0131lar\u0131n 5 ya\u015f\u0131n\u0131 doldurmu\u015f olmalar\u0131 gerekmektedir.<\/li>\n<li>S\u0131n\u0131r 125 kg.<\/li>\n<li>Al\u0131n\u0131\u015f ve b\u0131rak\u0131l\u0131\u015f saatleri otelinizin konumuna g\u00f6re de\u011fi\u015fiklik g\u00f6sterebilir.<\/li>\n<\/ul>\n<h3>Genel Bilgiler:<\/h3>\n<ul>\n<li>Tur G\u00fcnleri: Her g\u00fcn<\/li>\n<li>Al\u0131\u015f Noktas\u0131: Otel<\/li>\n<li>B\u0131rakma Noktas\u0131: Otel<\/li>\n<li>Tur S\u00fcresi: 2 (Ula\u015f\u0131m Dahil)<\/li>\n<\/ul>\n","protected":false},"excerpt":{"rendered":"<h3>Fiyat Listesi<\/h3>\n<table class=\"price-table\">\n<tbody>\n<tr>\n<td>Bir Ki\u015fi<\/td>\n<td>Yeti\u015fkin (&gt;12)<\/td>\n<td>1715 TL<\/td>\n<\/tr>\n<tr>\n<td>Bir Ki\u015fi<\/td>\n<td>\u00c7ocuk (7-11)<\/td>\n<td>1715 TL<\/td>\n<\/tr>\n<tr>\n<td>Bir Ki\u015fi<\/td>\n<td>Bebek (0-6)<\/td>\n<td>1715 TL<\/td>\n<\/tr>\n<\/tbody>\n<\/table>\n","protected":false},"featured_media":18794,"comment_status":"open","ping_status":"closed","template":"","meta":{"_joinchat":[]},"product_brand":[],"product_cat":[43],"product_tag":[],"class_list":{"0":"post-2425","1":"product","2":"type-product","3":"status-publish","4":"has-post-thumbnail","6":"product_cat-alanya-tatil-turlari","8":"first","9":"instock","10":"sold-individually","11":"shipping-taxable","12":"purchasable","13":"product-type-booking"},"booking_location":"","booking_location_type":"","booking_duration":1,"booking_duration_unit":"day","booking_buffer":0,"booking_cost":0,"booking_resources":[],"jetpack_sharing_enabled":true,"_links":{"self":[{"href":"https:\/\/tursaytravel.com\/tr\/wp-json\/wp\/v2\/product\/2425","targetHints":{"allow":["GET"]}}],"collection":[{"href":"https:\/\/tursaytravel.com\/tr\/wp-json\/wp\/v2\/product"}],"about":[{"href":"https:\/\/tursaytravel.com\/tr\/wp-json\/wp\/v2\/types\/product"}],"replies":[{"embeddable":true,"href":"https:\/\/tursaytravel.com\/tr\/wp-json\/wp\/v2\/comments?post=2425"}],"wp:featuredmedia":[{"embeddable":true,"href":"https:\/\/tursaytravel.com\/tr\/wp-json\/wp\/v2\/media\/18794"}],"wp:attachment":[{"href":"https:\/\/tursaytravel.com\/tr\/wp-json\/wp\/v2\/media?parent=2425"}],"wp:term":[{"taxonomy":"product_brand","embeddable":true,"href":"https:\/\/tursaytravel.com\/tr\/wp-json\/wp\/v2\/product_brand?post=2425"},{"taxonomy":"product_cat","embeddable":true,"href":"https:\/\/tursaytravel.com\/tr\/wp-json\/wp\/v2\/product_cat?post=2425"},{"taxonomy":"product_tag","embeddable":true,"href":"https:\/\/tursaytravel.com\/tr\/wp-json\/wp\/v2\/product_tag?post=2425"}],"curies":[{"name":"wp","href":"https:\/\/api.w.org\/{rel}","templated":true}]}}