{"id":2416,"date":"2024-05-21T22:18:34","date_gmt":"2024-05-21T19:18:34","guid":{"rendered":"https:\/\/tursaytravel.com\/alanya-sehir-ve-sapadere-kanyonu-turu\/"},"modified":"2026-01-31T22:27:04","modified_gmt":"2026-01-31T19:27:04","slug":"alanya-sehir-ve-sapadere-kanyonu-turu","status":"publish","type":"product","link":"https:\/\/tursaytravel.com\/tr\/alanya-sehir-ve-sapadere-kanyonu-turu\/","title":{"rendered":"Alanya \u015eehir ve Sapadere Kanyonu Turu"},"content":{"rendered":"<h2>Alanya \u015eehir ve Sapadere Kanyonu Turu<\/h2>\n<p>Alanya \u015fehir turu, bu g\u00fczel Akdeniz k\u0131y\u0131 \u015fehrinin tarihi ve do\u011fal g\u00fczelliklerini ke\u015ffetmek i\u00e7in harika bir f\u0131rsatt\u0131r. Alanya&#8217;n\u0131n tepelerinden ve manzaral\u0131 noktalar\u0131ndan \u015fehri ku\u015fbak\u0131\u015f\u0131 g\u00f6rmek unutulmaz bir deneyim olabilir. Bu noktalarda foto\u011fraf \u00e7ekmek i\u00e7in kameran\u0131z\u0131 haz\u0131r bulundurun. Sapadere Kanyonu: Yemye\u015fil ye\u015filliklerle \u00e7evrili bu b\u00fcy\u00fcleyici kanyon, muhte\u015fem \u015felaleleri ve berrak havuzlar\u0131yla \u00fcnl\u00fcd\u00fcr. Yemye\u015fil ormanlar\u0131n aras\u0131nda y\u00fcr\u00fcy\u00fc\u015f yapmak ve do\u011fan\u0131n tad\u0131n\u0131 \u00e7\u0131karmak i\u00e7in ideal bir yerdir. Alanya \u015fehir ve Sapadere kanyonu turu hem tarih hem de do\u011fa tutkunlar\u0131 i\u00e7in keyifli bir deneyim olabilir. Unutulmaz an\u0131lar yaratmak i\u00e7in bu turu de\u011ferlendirebilirsiniz.      <\/p>\n<h3>Tur Detaylar\u0131:<\/h3>\n<ul>\n<li>Sabah 08:30 civar\u0131nda sizi otelinize alaca\u011f\u0131z.<\/li>\n<li>I LOVE ALANYA Seyir Teras\u0131&#8217;nda foto\u011fraf molas\u0131 verece\u011fiz.<\/li>\n<li>Alanya kale ziyaretimiz olacak (i\u00e7 kale) burada foto\u011fraf molas\u0131 verece\u011fiz. Ayn\u0131 zamanda rehberimiz sizlere Alanya tarihi hakk\u0131nda bilgiler verecektir. <\/li>\n<li>Kleopatra plaj\u0131nda 1,5 saatlik y\u00fczme molas\u0131 verece\u011fiz.<\/li>\n<li>Damlata\u015f Ma\u011faras\u0131 ve teleferik ziyaretleri. (Giri\u015fler ekstrad\u0131r).<\/li>\n<li>K\u0131z\u0131lkule ve Alanya marina ziyaretimiz olacak.<\/li>\n<li>Alanya \u015eehir Merkezi turu yapaca\u011f\u0131z(Otob\u00fcsle inmeden).<\/li>\n<li>Restoranda \u00d6\u011fle Yeme\u011fi molas\u0131 verece\u011fiz (Men\u00fc tavuk \u015fi\u015f ve mevsim salatas\u0131ndan olu\u015fmaktad\u0131r).<\/li>\n<li>Sapadere kanyonuna gidece\u011fiz.<\/li>\n<li>Sapadere kanyonunda y\u00fcr\u00fcy\u00fc\u015f ve y\u00fczme molas\u0131 verilecek.<\/li>\n<li>Alanya&#8217;ya d\u00f6n\u00fc\u015f.<\/li>\n<li>Sizi saat 17:00 civar\u0131nda otelinize b\u0131rakaca\u011f\u0131z.<\/li>\n<\/ul>\n<p>\u015eimdiden iyi e\u011flenceler \ud83d\ude42<\/p>\n<h3>Fiyata dahil:<\/h3>\n<ul>\n<li>Sigorta<\/li>\n<li>Rehber<\/li>\n<li>Otelinizden Al\u0131n\u0131\u015f\/Otelinize B\u0131rak\u0131l\u0131\u015f<\/li>\n<li>\u00d6\u011fle yeme\u011fi<\/li>\n<li>Sapadere kanyonu giri\u015f \u00fccreti<\/li>\n<\/ul>\n<h3>\u0130ste\u011fe ba\u011fl\u0131 fiyata dahil olmayanlar:<\/h3>\n<ul>\n<li>\u0130\u00e7ecekler<\/li>\n<li>Damlata\u015f Ma\u011faras\u0131 ve teleferik giri\u015f \u00fccreti<\/li>\n<li>Ki\u015fisel giderler<\/li>\n<\/ul>\n<h3>Tavsiyeler ve ek bilgiler:<\/h3>\n<ul>\n<li>Kameran\u0131z\u0131 yan\u0131n\u0131zda getirebilirsiniz.<\/li>\n<li>Al\u0131n\u0131\u015f ve b\u0131rak\u0131l\u0131\u015f saatleri otelinizin konumuna g\u00f6re de\u011fi\u015fiklik g\u00f6sterebilir.<\/li>\n<\/ul>\n<h3>Genel Bilgiler:<\/h3>\n<ul>\n<li>Tur G\u00fcnleri: Tur g\u00fcn\u00fcn\u00fc \u00f6\u011frenmek i\u00e7in l\u00fctfen WhatsApp \u00fczerinden ileti\u015fime ge\u00e7iniz.<\/li>\n<li>Al\u0131\u015f Noktas\u0131: Otel<\/li>\n<li>Al\u0131\u015f Saati:08:30<\/li>\n<li>B\u0131rakma Noktas\u0131: Otel<\/li>\n<li>B\u0131rakma Saati: 17:00<\/li>\n<li>Tur S\u00fcresi: 8 (Ula\u015f\u0131m Dahil)<\/li>\n<\/ul>\n","protected":false},"excerpt":{"rendered":"<h3>Fiyat Listesi<\/h3>\n<table class=\"price-table\">\n<tbody>\n<tr>\n<td>Bir Ki\u015fi<\/td>\n<td>Yeti\u015fkin (&gt;11)<\/td>\n<td>1715 TL<\/td>\n<\/tr>\n<tr>\n<td>Bir Ki\u015fi<\/td>\n<td>\u00c7ocuk (4-10)<\/td>\n<td>980 TL<\/td>\n<\/tr>\n<tr>\n<td>Bir Ki\u015fi<\/td>\n<td>Bebek (0-3)<\/td>\n<td>\u00dccretsiz<\/td>\n<\/tr>\n<\/tbody>\n<\/table>\n","protected":false},"featured_media":1968,"comment_status":"open","ping_status":"closed","template":"","meta":{"_joinchat":[]},"product_brand":[],"product_cat":[43],"product_tag":[],"class_list":{"0":"post-2416","1":"product","2":"type-product","3":"status-publish","4":"has-post-thumbnail","6":"product_cat-alanya-tatil-turlari","8":"first","9":"instock","10":"sold-individually","11":"shipping-taxable","12":"purchasable","13":"product-type-booking"},"booking_location":"","booking_location_type":"","booking_duration":1,"booking_duration_unit":"day","booking_buffer":0,"booking_cost":0,"booking_resources":[],"jetpack_sharing_enabled":true,"_links":{"self":[{"href":"https:\/\/tursaytravel.com\/tr\/wp-json\/wp\/v2\/product\/2416","targetHints":{"allow":["GET"]}}],"collection":[{"href":"https:\/\/tursaytravel.com\/tr\/wp-json\/wp\/v2\/product"}],"about":[{"href":"https:\/\/tursaytravel.com\/tr\/wp-json\/wp\/v2\/types\/product"}],"replies":[{"embeddable":true,"href":"https:\/\/tursaytravel.com\/tr\/wp-json\/wp\/v2\/comments?post=2416"}],"wp:featuredmedia":[{"embeddable":true,"href":"https:\/\/tursaytravel.com\/tr\/wp-json\/wp\/v2\/media\/1968"}],"wp:attachment":[{"href":"https:\/\/tursaytravel.com\/tr\/wp-json\/wp\/v2\/media?parent=2416"}],"wp:term":[{"taxonomy":"product_brand","embeddable":true,"href":"https:\/\/tursaytravel.com\/tr\/wp-json\/wp\/v2\/product_brand?post=2416"},{"taxonomy":"product_cat","embeddable":true,"href":"https:\/\/tursaytravel.com\/tr\/wp-json\/wp\/v2\/product_cat?post=2416"},{"taxonomy":"product_tag","embeddable":true,"href":"https:\/\/tursaytravel.com\/tr\/wp-json\/wp\/v2\/product_tag?post=2416"}],"curies":[{"name":"wp","href":"https:\/\/api.w.org\/{rel}","templated":true}]}}