{"id":2412,"date":"2024-05-22T01:29:51","date_gmt":"2024-05-21T22:29:51","guid":{"rendered":"https:\/\/tursaytravel.com\/alanya-starcraft-tekne-turu\/"},"modified":"2026-01-31T21:45:40","modified_gmt":"2026-01-31T18:45:40","slug":"alanya-starcraft-tekne-turu","status":"publish","type":"product","link":"https:\/\/tursaytravel.com\/tr\/alanya-starcraft-tekne-turu\/","title":{"rendered":"Alanya Starcraft Tekne Turu"},"content":{"rendered":"<h2>Alanya Starcraft Tekne Turu<\/h2>\n<p>Starcraft teknesi beyaz renkte ve modern bir g\u00f6r\u00fcn\u00fcme sahip olup, Alanya&#8217;n\u0131n en b\u00fcy\u00fck ve en l\u00fcks teknesi olarak bilinmektedir. Animasyon ekibi dans g\u00f6sterileri ve k\u00f6p\u00fck partisiyle harika bir e\u011flence ortam\u0131 sunuyor. Ayr\u0131ca y\u00fcksek yolcu kapasitesi, ferah tasar\u0131m\u0131 ve zengin yemek men\u00fcs\u00fcyle di\u011fer teknelere g\u00f6re \u00fcst\u00fcn bir deneyim ya\u015fat\u0131r. E\u011fer Alanya&#8217;da tatil yap\u0131yorsan\u0131z Starcraft tekne turunu kesinlikle ka\u00e7\u0131rmaman\u0131z\u0131 tavsiye ederim.   <\/p>\n<h3>Tur Detaylar\u0131:<\/h3>\n<ul>\n<li>Sizi sabah saat 09:00 civar\u0131nda otelinizden alaca\u011f\u0131z.<\/li>\n<li>Alanya liman\u0131na gidece\u011fiz.<\/li>\n<li>Teknemiz Alanya liman\u0131ndan hareket edecektir.<\/li>\n<li>K\u0131z\u0131l Kule&#8217;nin yan\u0131ndaki tersanede y\u00fczme molas\u0131 verece\u011fiz.<\/li>\n<li>Korsanlar ma\u011faras\u0131, A\u015f\u0131klar ma\u011faras\u0131, Fosforlu ma\u011fara, Kleopatra plaj\u0131 ve yeni liman\u0131 g\u00f6rece\u011fiz.<\/li>\n<li>Ula\u015f plaj\u0131 yak\u0131n\u0131nda \u00f6\u011fle yeme\u011fi molas\u0131 ve y\u00fczme molas\u0131 verilecektir.<\/li>\n<li>G\u00fcn boyu alkols\u00fcz i\u00e7ecekler \u00fccretsiz ancak bardakta ve self servis \u015feklindedir (su, kola, fanta).<\/li>\n<li>Daha sonra a\u00e7\u0131k denizde y\u00fczme molam\u0131z olacak.<\/li>\n<li>A\u00e7\u0131k denizden Alanya liman\u0131na d\u00f6nece\u011fiz.<\/li>\n<li>E\u011fer \u015fansl\u0131 g\u00fcn\u00fcn\u00fczdeyseniz yunuslar\u0131 g\u00f6rebilirsiniz.<\/li>\n<li>Tur s\u0131ras\u0131nda k\u00f6p\u00fck partisi, animasyonlar, m\u00fczik ve aktiviteler olacak.<\/li>\n<li>Tur yakla\u015f\u0131k olarak saat 15:00 civar\u0131nda sona erecektir. Sizi saat 15:30 civar\u0131nda otelinize b\u0131rakaca\u011f\u0131z. <\/li>\n<\/ul>\n<p>\u015eimdiden iyi e\u011flenceler \ud83d\ude42<\/p>\n<h3>Fiyata dahil:<\/h3>\n<ul>\n<li>Sigorta<\/li>\n<li>Rehber<\/li>\n<li>Otelinizden Al\u0131n\u0131\u015f\/Otelinize B\u0131rak\u0131l\u0131\u015f<\/li>\n<li>\u00d6\u011fle yeme\u011fi<\/li>\n<li>G\u00fcn boyu alkols\u00fcz i\u00e7ecekler<\/li>\n<li>Animasyonlar<\/li>\n<\/ul>\n<h3>\u0130ste\u011fe ba\u011fl\u0131 fiyata dahil olmayanlar:<\/h3>\n<ul>\n<li>Alkoller<\/li>\n<li>Dondurma<\/li>\n<li>Ki\u015fisel giderler<\/li>\n<\/ul>\n<h3>Tavsiyeler ve ek bilgiler:<\/h3>\n<ul>\n<li>Yan\u0131n\u0131zda mayo, g\u00fcne\u015f kremi, havlu getirin<\/li>\n<li>Al\u0131n\u0131\u015f ve b\u0131rak\u0131l\u0131\u015f saatleri otelinizin konumuna g\u00f6re de\u011fi\u015fiklik g\u00f6sterebilir.<\/li>\n<li>Dilerseniz Starcraft turumuza alkol dahil paketimiz mevcuttur. (fiyat\u0131 40 euro)<\/li>\n<li>Bunun i\u00e7in bize WhatsApp \u00fczerinden ula\u015fabilirsiniz.<\/li>\n<\/ul>\n<h3>Genel Bilgiler:<\/h3>\n<ul>\n<li>Tur G\u00fcnleri: Pazartesi,\u00c7ar\u015famba,Cumartesi<\/li>\n<li>Al\u0131\u015f Noktas\u0131: Otel<\/li>\n<li>Al\u0131\u015f Saati: 09:00<\/li>\n<li>B\u0131rakma Noktas\u0131: Otel<\/li>\n<li>B\u0131rakma Saati: 15:30<\/li>\n<li>Tur S\u00fcresi: 7 (Ula\u015f\u0131m Dahil)<\/li>\n<\/ul>\n","protected":false},"excerpt":{"rendered":"<h3>Fiyat Listesi<\/h3>\n<table class=\"price-table\">\n<tbody>\n<tr>\n<td>Bir Ki\u015fi<\/td>\n<td>Yeti\u015fkin (&gt;13)<\/td>\n<td>1225 TL<\/td>\n<\/tr>\n<tr>\n<td>Bir Ki\u015fi<\/td>\n<td>\u00c7ocuk (4-12)<\/td>\n<td>980 TL<\/td>\n<\/tr>\n<tr>\n<td>Bir Ki\u015fi<\/td>\n<td>Bebek (0-3)<\/td>\n<td>\u00dccretsiz<\/td>\n<\/tr>\n<\/tbody>\n<\/table>\n","protected":false},"featured_media":1277,"comment_status":"open","ping_status":"closed","template":"","meta":{"_joinchat":[]},"product_brand":[],"product_cat":[43],"product_tag":[],"class_list":{"0":"post-2412","1":"product","2":"type-product","3":"status-publish","4":"has-post-thumbnail","6":"product_cat-alanya-tatil-turlari","8":"first","9":"instock","10":"sold-individually","11":"shipping-taxable","12":"purchasable","13":"product-type-booking"},"booking_location":"","booking_location_type":"","booking_duration":1,"booking_duration_unit":"day","booking_buffer":0,"booking_cost":0,"booking_resources":[],"jetpack_sharing_enabled":true,"_links":{"self":[{"href":"https:\/\/tursaytravel.com\/tr\/wp-json\/wp\/v2\/product\/2412","targetHints":{"allow":["GET"]}}],"collection":[{"href":"https:\/\/tursaytravel.com\/tr\/wp-json\/wp\/v2\/product"}],"about":[{"href":"https:\/\/tursaytravel.com\/tr\/wp-json\/wp\/v2\/types\/product"}],"replies":[{"embeddable":true,"href":"https:\/\/tursaytravel.com\/tr\/wp-json\/wp\/v2\/comments?post=2412"}],"wp:featuredmedia":[{"embeddable":true,"href":"https:\/\/tursaytravel.com\/tr\/wp-json\/wp\/v2\/media\/1277"}],"wp:attachment":[{"href":"https:\/\/tursaytravel.com\/tr\/wp-json\/wp\/v2\/media?parent=2412"}],"wp:term":[{"taxonomy":"product_brand","embeddable":true,"href":"https:\/\/tursaytravel.com\/tr\/wp-json\/wp\/v2\/product_brand?post=2412"},{"taxonomy":"product_cat","embeddable":true,"href":"https:\/\/tursaytravel.com\/tr\/wp-json\/wp\/v2\/product_cat?post=2412"},{"taxonomy":"product_tag","embeddable":true,"href":"https:\/\/tursaytravel.com\/tr\/wp-json\/wp\/v2\/product_tag?post=2412"}],"curies":[{"name":"wp","href":"https:\/\/api.w.org\/{rel}","templated":true}]}}