{"id":2408,"date":"2024-05-22T01:15:22","date_gmt":"2024-05-21T22:15:22","guid":{"rendered":"https:\/\/tursaytravel.com\/alanya-sapadere-kanyon-turu\/"},"modified":"2026-04-09T16:23:21","modified_gmt":"2026-04-09T13:23:21","slug":"alanya-sapadere-kanyon-turu","status":"publish","type":"product","link":"https:\/\/tursaytravel.com\/tr\/alanya-sapadere-kanyon-turu\/","title":{"rendered":"Alanya Sapadere Kanyon Turu"},"content":{"rendered":"<h2>Alanya Sapadere Kanyon Turu<\/h2>\n<p>Alanya Sapadere Kanyonu turu g\u00fcn\u00fcbirlik do\u011fa ve e\u011flence turudur. Sapadere Kanyonu Alanya&#8217;ya yakla\u015f\u0131k 45 km uzakl\u0131ktad\u0131r. Sapadere kanyonu yakla\u015f\u0131k 600 m uzunlu\u011fundad\u0131r. Ye\u015filin her tonunu g\u00f6rebilece\u011finiz Sapadere Kanyonu k\u00f6y\u00fc muhte\u015fem bir do\u011faya sahiptir. Ah\u015faptan yap\u0131lm\u0131\u015f y\u00fcksek k\u00f6pr\u00fclerin aras\u0131nda yer alan 600 mt&#8217;lik kanyon, uzun sahil \u015feridi boyunca y\u00fcr\u00fcnd\u00fc\u011f\u00fcnde muhte\u015fem g\u00f6r\u00fcn\u00fcml\u00fc bir \u015felaleye kavu\u015facakt\u0131r. Do\u011fa ve e\u011flence tutkunlar\u0131n\u0131n ka\u00e7\u0131ramayaca\u011f\u0131 bu tur sizleri bekliyor.     <\/p>\n<h3>Tur Detaylar\u0131:<\/h3>\n<ul>\n<li>Sabah sizi 09:00 civar\u0131nda otelinizden alaca\u011f\u0131z. (Jeep ile)<\/li>\n<li>Sapadere Kanyonu Alanya&#8217;ya yakla\u015f\u0131k 45 km uzakl\u0131ktad\u0131r.<\/li>\n<li>Kanyona giderken Toros Da\u011flar\u0131&#8217;nda foto\u011fraf molas\u0131 verece\u011fiz ve rehberimiz size tur hakk\u0131nda bilgi verecektir. <\/li>\n<li>Muz bah\u00e7esini ziyaret edece\u011fiz.<\/li>\n<li>Orman yolundan giderken iki bin y\u0131ll\u0131k tarihi roma k\u00f6pr\u00fcs\u00fcnde yar\u0131m saat y\u00fczme molas\u0131 verece\u011fiz.<\/li>\n<li>Sapadere, Sapadere k\u00f6y\u00fcn\u00fc ve k\u00f6y ya\u015fam\u0131n\u0131 g\u00f6rece\u011fiz.<\/li>\n<li>Kanyonun i\u00e7erisinde 600 metrelik bir y\u00fcr\u00fcy\u00fc\u015f\u00fcm\u00fcz olacakt\u0131r.<\/li>\n<li>\u00dc\u00e7 \u015felale g\u00f6rece\u011fiz.<\/li>\n<li>\u0130sterseniz buralarda y\u00fczebilirsiniz (su so\u011fuktur).<\/li>\n<li>C\u00fcceler ma\u011faras\u0131n\u0131 ziyaret edece\u011fiz. (C\u00fcceler ma\u011faras\u0131 giri\u015f \u00fccreti tura dahil de\u011fildir.) <\/li>\n<li>K\u00f6ydeki restoranda \u00f6\u011fle yeme\u011fi molas\u0131 verece\u011fiz<\/li>\n<li>\u00d6\u011fle yeme\u011fi bal\u0131k veya tavuktur. \u00d6\u011fle yeme\u011fi tura dahildir ancak i\u00e7ecekler ekstrad\u0131r. <\/li>\n<li>\u0130sterseniz \u00f6\u011fle yeme\u011fi molas\u0131 verilen yerde y\u00fczebilirsiniz.<\/li>\n<li>Turun ard\u0131ndan saat 16:00 civar\u0131nda siz otelinize b\u0131rakaca\u011f\u0131z.<\/li>\n<li>Dileyen misafirler cip yerine klimal\u0131 otob\u00fcsle tura kat\u0131labilirler. Otob\u00fcsle tura kat\u0131lmak isterseniz l\u00fctfen WhatsApp \u00fczerinden bizimle ileti\u015fime ge\u00e7in. <\/li>\n<\/ul>\n<p>\u015eimdiden iyi e\u011flenceler \ud83d\ude42<\/p>\n<h3>Fiyata dahil:<\/h3>\n<ul>\n<li>Sigorta<\/li>\n<li>Rehber<\/li>\n<li>Otelinizden al\u0131n\u0131\u015f<\/li>\n<li>Otelinize b\u0131rak\u0131l\u0131\u015f<\/li>\n<li>\u00d6\u011fle yeme\u011fi<\/li>\n<li>Sapadere Kanyonu giri\u015f \u00fccreti<\/li>\n<\/ul>\n<h3>\u0130ste\u011fe ba\u011fl\u0131 fiyata dahil olmayanlar:<\/h3>\n<ul>\n<li>\u0130\u00e7ecekler<\/li>\n<li>Foto\u011fraf, video<\/li>\n<li>C\u00fcceler ma\u011faras\u0131na giri\u015f \u00fccreti<\/li>\n<\/ul>\n<h3>Tavsiyeler ve ek bilgiler:<\/h3>\n<ul>\n<li>Y\u00fczmek istiyorsan\u0131z yan\u0131n\u0131zda havlu ve mayo getirmelisiniz<\/li>\n<li>Turumuzda ara\u00e7 olarak \u00fcst\u00fc a\u00e7\u0131k off-road Jeep kullan\u0131yoruz.<\/li>\n<li>Al\u0131n\u0131\u015f ve b\u0131rak\u0131l\u0131\u015f saatleri otelinizin konumuna g\u00f6re de\u011fi\u015fiklik g\u00f6sterebilir.<\/li>\n<\/ul>\n<h3>Genel Bilgiler:<\/h3>\n<ul>\n<li>Tur G\u00fcnleri: Her g\u00fcn<\/li>\n<li>Al\u0131\u015f Noktas\u0131: Otel<\/li>\n<li>Al\u0131\u015f Saati: 09:00<\/li>\n<li>B\u0131rakma Noktas\u0131: Otel<\/li>\n<li>B\u0131rakma Saati: 16:00<\/li>\n<li>Tur S\u00fcresi: 7 (Ula\u015f\u0131m Dahil)<\/li>\n<\/ul>\n","protected":false},"excerpt":{"rendered":"<h3>Fiyat Listesi<\/h3>\n<table class=\"price-table\">\n<tbody>\n<tr>\n<td>Bir Ki\u015fi<\/td>\n<td>Yeti\u015fkin (&gt;11)<\/td>\n<td>1225 TL<\/td>\n<\/tr>\n<tr>\n<td>Bir Ki\u015fi<\/td>\n<td>\u00c7ocuk (4-10)<\/td>\n<td>735 TL<\/td>\n<\/tr>\n<tr>\n<td>Bir Ki\u015fi<\/td>\n<td>Bebek (0-3)<\/td>\n<td>\u00dccretsiz<\/td>\n<\/tr>\n<\/tbody>\n<\/table>\n","protected":false},"featured_media":1268,"comment_status":"open","ping_status":"closed","template":"","meta":{"_joinchat":[]},"product_brand":[],"product_cat":[43],"product_tag":[],"class_list":{"0":"post-2408","1":"product","2":"type-product","3":"status-publish","4":"has-post-thumbnail","6":"product_cat-alanya-tatil-turlari","8":"first","9":"instock","10":"sold-individually","11":"shipping-taxable","12":"purchasable","13":"product-type-booking"},"booking_location":"","booking_location_type":"","booking_duration":1,"booking_duration_unit":"day","booking_buffer":0,"booking_cost":0,"booking_resources":[],"jetpack_sharing_enabled":true,"_links":{"self":[{"href":"https:\/\/tursaytravel.com\/tr\/wp-json\/wp\/v2\/product\/2408","targetHints":{"allow":["GET"]}}],"collection":[{"href":"https:\/\/tursaytravel.com\/tr\/wp-json\/wp\/v2\/product"}],"about":[{"href":"https:\/\/tursaytravel.com\/tr\/wp-json\/wp\/v2\/types\/product"}],"replies":[{"embeddable":true,"href":"https:\/\/tursaytravel.com\/tr\/wp-json\/wp\/v2\/comments?post=2408"}],"wp:featuredmedia":[{"embeddable":true,"href":"https:\/\/tursaytravel.com\/tr\/wp-json\/wp\/v2\/media\/1268"}],"wp:attachment":[{"href":"https:\/\/tursaytravel.com\/tr\/wp-json\/wp\/v2\/media?parent=2408"}],"wp:term":[{"taxonomy":"product_brand","embeddable":true,"href":"https:\/\/tursaytravel.com\/tr\/wp-json\/wp\/v2\/product_brand?post=2408"},{"taxonomy":"product_cat","embeddable":true,"href":"https:\/\/tursaytravel.com\/tr\/wp-json\/wp\/v2\/product_cat?post=2408"},{"taxonomy":"product_tag","embeddable":true,"href":"https:\/\/tursaytravel.com\/tr\/wp-json\/wp\/v2\/product_tag?post=2408"}],"curies":[{"name":"wp","href":"https:\/\/api.w.org\/{rel}","templated":true}]}}