{"id":2400,"date":"2024-05-21T22:09:37","date_gmt":"2024-05-21T19:09:37","guid":{"rendered":"https:\/\/tursaytravel.com\/alanya-kanyon-rafting-zipline-turu\/"},"modified":"2026-01-31T21:42:14","modified_gmt":"2026-01-31T18:42:14","slug":"alanya-kanyon-rafting-zipline-turu","status":"publish","type":"product","link":"https:\/\/tursaytravel.com\/tr\/alanya-kanyon-rafting-zipline-turu\/","title":{"rendered":"Alanya Kanyon-Rafting-Zipline Turu"},"content":{"rendered":"<h2>Alanya Kanyon-Rafting-Zipline Turu<\/h2>\n<p>K\u00f6pr\u00fcl\u00fc Kanyon&#8217;da Rafting, Kanyoning ve Zipline Turu, Antalya&#8217;n\u0131n do\u011fal g\u00fczelliklerinden K\u00f6pr\u00fcl\u00fc Kanyon&#8217;da sunulan heyecan verici bir deneyimdir. \u0130\u015fte bu turla ilgili baz\u0131 bilgiler: <\/p>\n<h3>Rafting:<\/h3>\n<ul>\n<li>K\u00f6pr\u00fcl\u00fc Kanyonun serin sular\u0131nda yap\u0131lan tak\u0131m \u00e7al\u0131\u015fmas\u0131d\u0131r.<\/li>\n<li>Ak\u0131nt\u0131lar\u0131n kollar\u0131nda y\u00fczerken do\u011fan\u0131n b\u00fcy\u00fcs\u00fcn\u00fc ve heyecan\u0131n\u0131 bir arada hissedebilirsiniz.<\/li>\n<\/ul>\n<h3>Kanyon ge\u00e7i\u015fi:<\/h3>\n<ul>\n<li>Kanyonun gizemli d\u00fcnyas\u0131n\u0131 ke\u015ffetmenizi sa\u011flayan e\u015fsiz bir aktivitedir.<\/li>\n<li>Y\u00fcr\u00fcmeyi, y\u00fcr\u00fcmeyi ve t\u0131rmanmay\u0131 i\u00e7erir.<\/li>\n<\/ul>\n<h3>Zipline:<\/h3>\n<ul>\n<li>Size y\u00fcksekliklerden ar\u0131nm\u0131\u015f \u00f6zg\u00fcrl\u00fc\u011f\u00fcn tad\u0131n\u0131 verir.<\/li>\n<li>Kanyonun \u00fczerinde h\u0131zl\u0131ca s\u00fcz\u00fclerek ku\u015f gibi manzaray\u0131 izleyebilirsiniz.<\/li>\n<li>K\u00f6pr\u00fcl\u00fc Kanyon&#8217;da rafting, Kanyon ve Zipline turlar\u0131 do\u011fa ve adrenalin tutkunlar\u0131na harika an\u0131lar ya\u015fatmaktad\u0131r. Bu etkinliklerin do\u011fal kollar\u0131nda heyecanl\u0131 anlar ya\u015famak isteyen herkes i\u00e7in bulunmaz bir f\u0131rsat. <\/li>\n<\/ul>\n<h3>Tur Detaylar\u0131:<\/h3>\n<ul>\n<li>Saat 08.00 gibi sizi otelinizden alaca\u011f\u0131z.<\/li>\n<li>Klimal\u0131 otob\u00fcsle iki bu\u00e7uk saatlik yolculuk olacakt\u0131r.<\/li>\n<li>K\u00f6pr\u00fcl\u00fc Kanyon&#8217;a gidece\u011fiz.<\/li>\n<li>Rehberimiz size tur hakk\u0131nda bilgi verecek ve ekipmanlar\u0131 verecektir.<\/li>\n<li>Yakla\u015f\u0131k 1 bu\u00e7uk saat boyunca kanyonda y\u00fczme, y\u00fcr\u00fcy\u00fc\u015f ve atlama aktiviteleri yap\u0131lacakt\u0131r.<\/li>\n<li>600 metre y\u00fczerek rafting alan\u0131na ula\u015f\u0131yoruz.<\/li>\n<li>Rafting&#8217;e ba\u015flayaca\u011f\u0131z. (14 km ve yakla\u015f\u0131k 2 saat)<\/li>\n<li>Rafting sonras\u0131 rehberimiz size zipline hakk\u0131nda bilgi verecek ve zipline ekipmanlar\u0131 verecektir.<\/li>\n<li>1 saat zipline s\u00fcresi (Bilgiler dahildir) (Zipline alan\u0131 gidi\u015f-d\u00f6n\u00fc\u015f toplam 700 metredir.)<\/li>\n<li>Zipline&#8217;dan sonra nehir kenar\u0131nda \u00f6\u011fle yeme\u011fi yiyece\u011fiz<\/li>\n<li>Alanya&#8217;ya d\u00f6n\u00fc\u015f.<\/li>\n<li>Sizi saat 18:30 civar\u0131nda otelinize b\u0131rakaca\u011f\u0131z.<\/li>\n<\/ul>\n<p>\u015eimdiden iyi e\u011flenceler \ud83d\ude42<\/p>\n<h3>Fiyata dahil:<\/h3>\n<ul>\n<li>Sigorta<\/li>\n<li>Rehber<\/li>\n<li>Otelinizden Al\u0131n\u0131\u015f\/Otelinize B\u0131rak\u0131l\u0131\u015f<\/li>\n<li>\u00d6\u011fle yeme\u011fi<\/li>\n<li>Ekipmanlar<\/li>\n<\/ul>\n<h3>\u0130ste\u011fe ba\u011fl\u0131 fiyata dahil olmayanlar:<\/h3>\n<ul>\n<li>\u0130\u00e7ecekler<\/li>\n<li>Ki\u015fisel giderler<\/li>\n<li>Foto\u011fraf, video<\/li>\n<\/ul>\n<h3>Tavsiyeler ve ek bilgiler:<\/h3>\n<ul>\n<li>Havlu, mayo, \u015fort, g\u00fcne\u015f kremi, suya dayan\u0131kl\u0131 ayakkab\u0131 ve sandalet getirmelisiniz.<\/li>\n<li>Bu ayakkab\u0131lar\u0131 tur rehberimiz \u00fczerinden sat\u0131n alabilirsiniz (ekstra)<\/li>\n<li>Hamile bayanlar bu tura kat\u0131lamaz.<\/li>\n<li>Kat\u0131l\u0131mc\u0131lar 3 ya\u015f\u0131n\u0131 doldurmu\u015f olmal\u0131d\u0131r.<\/li>\n<li>Al\u0131n\u0131\u015f ve b\u0131rak\u0131l\u0131\u015f saatleri otelinizin konumuna g\u00f6re de\u011fi\u015fiklik g\u00f6sterebilir.<\/li>\n<\/ul>\n<h3>Genel Bilgiler:<\/h3>\n<ul>\n<li>Tur G\u00fcnleri: Pazartesi, Per\u015fembe, Cumartesi<\/li>\n<li>Al\u0131\u015f Noktas\u0131: Otel<\/li>\n<li>Al\u0131\u015f Saati: 08:00<\/li>\n<li>B\u0131rakma Noktas\u0131: Otel<\/li>\n<li>B\u0131rakma Saati: 18:00<\/li>\n<li>Tur S\u00fcresi: 10 (Ula\u015f\u0131m Dahil)<\/li>\n<\/ul>\n","protected":false},"excerpt":{"rendered":"<h3>Fiyat Listesi<\/h3>\n<table class=\"price-table\">\n<tbody>\n<tr>\n<td>Bir Ki\u015fi<\/td>\n<td>Yeti\u015fkin (&gt;11)<\/td>\n<td>1960 TL<\/td>\n<\/tr>\n<tr>\n<td>Bir Ki\u015fi<\/td>\n<td>\u00c7ocuk (5-10)<\/td>\n<td>1225 TL<\/td>\n<\/tr>\n<tr>\n<td>Bir Ki\u015fi<\/td>\n<td>Bebek (0-4)<\/td>\n<td>\u00dccretsiz<\/td>\n<\/tr>\n<\/tbody>\n<\/table>\n","protected":false},"featured_media":1936,"comment_status":"open","ping_status":"closed","template":"","meta":{"_joinchat":[]},"product_brand":[],"product_cat":[43],"product_tag":[],"class_list":{"0":"post-2400","1":"product","2":"type-product","3":"status-publish","4":"has-post-thumbnail","6":"product_cat-alanya-tatil-turlari","8":"first","9":"instock","10":"sold-individually","11":"shipping-taxable","12":"purchasable","13":"product-type-booking"},"booking_location":"","booking_location_type":"","booking_duration":1,"booking_duration_unit":"day","booking_buffer":0,"booking_cost":0,"booking_resources":[],"jetpack_sharing_enabled":true,"_links":{"self":[{"href":"https:\/\/tursaytravel.com\/tr\/wp-json\/wp\/v2\/product\/2400","targetHints":{"allow":["GET"]}}],"collection":[{"href":"https:\/\/tursaytravel.com\/tr\/wp-json\/wp\/v2\/product"}],"about":[{"href":"https:\/\/tursaytravel.com\/tr\/wp-json\/wp\/v2\/types\/product"}],"replies":[{"embeddable":true,"href":"https:\/\/tursaytravel.com\/tr\/wp-json\/wp\/v2\/comments?post=2400"}],"wp:featuredmedia":[{"embeddable":true,"href":"https:\/\/tursaytravel.com\/tr\/wp-json\/wp\/v2\/media\/1936"}],"wp:attachment":[{"href":"https:\/\/tursaytravel.com\/tr\/wp-json\/wp\/v2\/media?parent=2400"}],"wp:term":[{"taxonomy":"product_brand","embeddable":true,"href":"https:\/\/tursaytravel.com\/tr\/wp-json\/wp\/v2\/product_brand?post=2400"},{"taxonomy":"product_cat","embeddable":true,"href":"https:\/\/tursaytravel.com\/tr\/wp-json\/wp\/v2\/product_cat?post=2400"},{"taxonomy":"product_tag","embeddable":true,"href":"https:\/\/tursaytravel.com\/tr\/wp-json\/wp\/v2\/product_tag?post=2400"}],"curies":[{"name":"wp","href":"https:\/\/api.w.org\/{rel}","templated":true}]}}