{"id":2396,"date":"2024-05-22T00:41:55","date_gmt":"2024-05-21T21:41:55","guid":{"rendered":"https:\/\/tursaytravel.com\/alanya-jeep-safari-turu\/"},"modified":"2026-04-03T23:59:15","modified_gmt":"2026-04-03T20:59:15","slug":"alanya-jeep-safari-turu","status":"publish","type":"product","link":"https:\/\/tursaytravel.com\/tr\/alanya-jeep-safari-turu\/","title":{"rendered":"Alanya Jeep Safari Turu"},"content":{"rendered":"<h2>Alanya Jeep Safari Turu<\/h2>\n<p>Alanya jeep safari, Toros Da\u011flar\u0131&#8217;nda \u00fcst\u00fc a\u00e7\u0131k jeeplerle d\u00fczenledi\u011fimiz do\u011fa ve e\u011flence turudur. K\u00f6yleri, k\u00f6y ya\u015fam\u0131n\u0131, Oba \u00e7ay\u0131n\u0131, camiyi ve Dim \u00c7ay\u0131n\u0131 gezerken ayn\u0131 zamanda su sava\u015flar\u0131 ve e\u011flenceli aktivitelerle harika bir g\u00fcn ge\u00e7ireceksiniz. Do\u011fa, adrenalin ve e\u011flence bir arada olan bu turumuzu ka\u00e7\u0131rmay\u0131n.  <\/p>\n<h3>Tur Detaylar\u0131:<\/h3>\n<ul>\n<li>Sabah saat 09:00 civar\u0131nda sizi otelinizden alaca\u011f\u0131z.<\/li>\n<li>Safari grubuyla bulu\u015faca\u011f\u0131z.<\/li>\n<li>Toros da\u011flar\u0131nda safariye ba\u015flayaca\u011f\u0131z.<\/li>\n<li>Panoramik foto\u011fraf molas\u0131 verece\u011fiz ve rehberimiz size orada jeep safari hakk\u0131nda bilgi verecektir.<\/li>\n<li>Daha sonra k\u00f6y\u00fc, k\u00f6y ya\u015fam\u0131n\u0131 g\u00f6rece\u011fiz, \u00e7ad\u0131r ve cami ziyareti yapaca\u011f\u0131z.<\/li>\n<li>K\u00f6y \u00e7ad\u0131r\u0131nda animasyon ve e\u011flenceli aktiviteler olacakt\u0131r.<\/li>\n<li>K\u00f6y ziyaretimizin ard\u0131ndan oba \u00e7ay\u0131na gidiyoruz. Orada yar\u0131m saat y\u00fczme molas\u0131 verilecektir. Orada yar\u0131m saat y\u00fczme molas\u0131 verilecektir. <\/li>\n<li>\u00d6\u011fle yeme\u011fi molas\u0131 ve y\u00fczme molas\u0131 i\u00e7in Dim \u00c7ay\u0131&#8217;na gidece\u011fiz.<\/li>\n<li>\u00d6\u011fle yeme\u011fi tura dahildir ancak i\u00e7ecekler tura dahil de\u011fildir. (\u00d6\u011fle yeme\u011fi tavuk veya bal\u0131k, pilav ve salatadan olu\u015fur). <\/li>\n<li>\u0130sterseniz havuzda veya derede y\u00fczebilirsiniz.<\/li>\n<li>Bu tur s\u00fcresince jeepler aras\u0131nda e\u011flenceli su sava\u015flar\u0131 yap\u0131lacakt\u0131r.<\/li>\n<li>Tur bitiminde saat 16:00 civar\u0131nda sizi otelinize b\u0131rakaca\u011f\u0131z.<\/li>\n<\/ul>\n<p>\u015eimdiden iyi e\u011flenceler \ud83d\ude42<\/p>\n<h3>Fiyata dahil:<\/h3>\n<ul>\n<li>Sigorta<\/li>\n<li>Rehber<\/li>\n<li>Otelinizden Al\u0131n\u0131\u015f\/Otelinize B\u0131rak\u0131l\u0131\u015f<\/li>\n<li>\u00d6\u011fle yeme\u011fi<\/li>\n<\/ul>\n<h3>\u0130ste\u011fe ba\u011fl\u0131 fiyata dahil olmayanlar:<\/h3>\n<ul>\n<li>\u0130\u00e7ecekler<\/li>\n<li>Foto\u011fraf ve video<\/li>\n<li>K\u00f6y \u00e7ad\u0131r\u0131nda yiyecek ve i\u00e7ecekler<\/li>\n<li>Ki\u015fisel giderler<\/li>\n<\/ul>\n<h3>Tavsiyeler ve ek bilgiler:<\/h3>\n<ul>\n<li>K\u0131yafetleriniz kirlenece\u011fi i\u00e7in uygun k\u0131yafetler giymelisiniz.<\/li>\n<li>Y\u00fczmek istiyorsan\u0131z yan\u0131n\u0131zda mayo ve havlu getirin.<\/li>\n<li>Safari jeeplerimiz bak\u0131ml\u0131 olup her y\u0131l resmi denetimlerden ge\u00e7mektedir.<\/li>\n<li>Al\u0131n\u0131\u015f ve b\u0131rak\u0131l\u0131\u015f saatleri otelinizin konumuna g\u00f6re de\u011fi\u015fiklik g\u00f6sterebilir.<\/li>\n<\/ul>\n<h3>Genel Bilgiler:<\/h3>\n<ul>\n<li>Tur G\u00fcnleri: Her g\u00fcn<\/li>\n<li>Al\u0131\u015f Noktas\u0131: Otel<\/li>\n<li>Al\u0131\u015f Saati: 09:00<\/li>\n<li>B\u0131rakma Noktas\u0131: Otel<\/li>\n<li>B\u0131rakma Saati: 16:00<\/li>\n<li>Tur S\u00fcresi: 7 (Ula\u015f\u0131m Dahil)<\/li>\n<\/ul>\n","protected":false},"excerpt":{"rendered":"<h3>Fiyat Listesi<\/h3>\n<table class=\"price-table\">\n<tbody>\n<tr>\n<td>Bir Ki\u015fi<\/td>\n<td>Yeti\u015fkin (&gt;11)<\/td>\n<td>1225 TL<\/td>\n<\/tr>\n<tr>\n<td>Bir Ki\u015fi<\/td>\n<td>\u00c7ocuk (4-10)<\/td>\n<td>735 TL<\/td>\n<\/tr>\n<tr>\n<td>Bir Ki\u015fi<\/td>\n<td>Bebek (0-3)<\/td>\n<td>\u00dccretsiz<\/td>\n<\/tr>\n<\/tbody>\n<\/table>\n","protected":false},"featured_media":940,"comment_status":"open","ping_status":"closed","template":"","meta":{"_joinchat":[]},"product_brand":[],"product_cat":[43],"product_tag":[],"class_list":{"0":"post-2396","1":"product","2":"type-product","3":"status-publish","4":"has-post-thumbnail","6":"product_cat-alanya-tatil-turlari","8":"first","9":"instock","10":"sold-individually","11":"shipping-taxable","12":"purchasable","13":"product-type-booking"},"booking_location":"","booking_location_type":"","booking_duration":1,"booking_duration_unit":"day","booking_buffer":0,"booking_cost":0,"booking_resources":[],"jetpack_sharing_enabled":true,"_links":{"self":[{"href":"https:\/\/tursaytravel.com\/tr\/wp-json\/wp\/v2\/product\/2396","targetHints":{"allow":["GET"]}}],"collection":[{"href":"https:\/\/tursaytravel.com\/tr\/wp-json\/wp\/v2\/product"}],"about":[{"href":"https:\/\/tursaytravel.com\/tr\/wp-json\/wp\/v2\/types\/product"}],"replies":[{"embeddable":true,"href":"https:\/\/tursaytravel.com\/tr\/wp-json\/wp\/v2\/comments?post=2396"}],"wp:featuredmedia":[{"embeddable":true,"href":"https:\/\/tursaytravel.com\/tr\/wp-json\/wp\/v2\/media\/940"}],"wp:attachment":[{"href":"https:\/\/tursaytravel.com\/tr\/wp-json\/wp\/v2\/media?parent=2396"}],"wp:term":[{"taxonomy":"product_brand","embeddable":true,"href":"https:\/\/tursaytravel.com\/tr\/wp-json\/wp\/v2\/product_brand?post=2396"},{"taxonomy":"product_cat","embeddable":true,"href":"https:\/\/tursaytravel.com\/tr\/wp-json\/wp\/v2\/product_cat?post=2396"},{"taxonomy":"product_tag","embeddable":true,"href":"https:\/\/tursaytravel.com\/tr\/wp-json\/wp\/v2\/product_tag?post=2396"}],"curies":[{"name":"wp","href":"https:\/\/api.w.org\/{rel}","templated":true}]}}