{"id":2392,"date":"2024-05-21T23:34:15","date_gmt":"2024-05-21T20:34:15","guid":{"rendered":"https:\/\/tursaytravel.com\/alanya-jeep-safari-gece-turu\/"},"modified":"2026-04-17T16:26:15","modified_gmt":"2026-04-17T13:26:15","slug":"alanya-jeep-safari-gece-turu","status":"publish","type":"product","link":"https:\/\/tursaytravel.com\/tr\/alanya-jeep-safari-gece-turu\/","title":{"rendered":"Alanya Jeep Safari Gece Turu"},"content":{"rendered":"<h2>Alanya Jeep Safari Gece Turu<\/h2>\n<p>Alanya&#8217;da gece safari turu olduk\u00e7a e\u011flenceli bir deneyim sunuyor! Bu tur Akdeniz ak\u015famlar\u0131nda \u00fcst\u00fc a\u00e7\u0131k jeeplerle yap\u0131lan bir macera turudur. Alanya&#8217;n\u0131n g\u00fczelliklerini e\u011flenceli bir \u015fekilde ke\u015ffetmek i\u00e7in harika bir f\u0131rsat! E\u011flence ve macera dolu bir gece ge\u00e7irmek istiyorsan\u0131z bir geceyi Alanya gece safari turuna ay\u0131rmay\u0131 unutmay\u0131n. Asla pi\u015fman olmayacaks\u0131n.    <\/p>\n<h3>Tur Detaylar\u0131:<\/h3>\n<ul>\n<li>Sizi saat 17:30 civar\u0131nda otelinizden alaca\u011f\u0131z.<\/li>\n<li>Daha sonra safari grubuyla bulu\u015fuca\u011fiz.<\/li>\n<li>Alanya kalesi yamac\u0131nda seyir molas\u0131 verece\u011fiz.<\/li>\n<li>2 saatlik tekne turu yap\u0131lacakt\u0131r.<\/li>\n<li>Teknede y\u00fczme molas\u0131, animasyon, e\u011flence olacakt\u0131r.<\/li>\n<li>Alanya seyir teras\u0131nda mola. Orada me\u015fale ve havai fi\u015fek g\u00f6sterisi yap\u0131lacak. <\/li>\n<li>Daha sonra ak\u015fam yeme\u011fi i\u00e7in Dim \u00c7ay\u0131&#8217;na gidece\u011fiz.Ak\u015fam yeme\u011fi tura dahil olup i\u00e7ecekler ekstrad\u0131r.<\/li>\n<li>Ayr\u0131ca Dim \u00c7ay\u0131&#8217;nda oryantal dans ve animasyon g\u00f6sterileri yap\u0131lacakt\u0131r.<\/li>\n<li>Ak\u015fam saat 22:00 civar\u0131nda sizi otelinize b\u0131rakaca\u011f\u0131z.<\/li>\n<\/ul>\n<p>\u015eimdiden iyi e\u011flenceler \ud83d\ude42<\/p>\n<h3>Fiyata dahil:<\/h3>\n<ul>\n<li>Sigorta<\/li>\n<li>Rehber<\/li>\n<li>Otelinizden Al\u0131n\u0131\u015f\/Otelinize B\u0131rak\u0131l\u0131\u015f<\/li>\n<li>Ak\u015fam Yeme\u011fi (tavuk,makarna,salata)(a\u00e7\u0131k b\u00fcfe)<\/li>\n<li>\u0130ki saatlik tekne turu<\/li>\n<li>Me\u015fale ve havai fi\u015fek g\u00f6sterisi<\/li>\n<\/ul>\n<h3>\u0130ste\u011fe ba\u011fl\u0131 fiyata dahil olmayanlar:<\/h3>\n<ul>\n<li>\u0130\u00e7ecekler<\/li>\n<li>Foto\u011fraf ve video<\/li>\n<li>Ki\u015fisel giderler<\/li>\n<\/ul>\n<h3>Tavsiyeler ve ek bilgiler:<\/h3>\n<ul>\n<li>Yan\u0131n\u0131zda mayo, havlu getirin<\/li>\n<li>Foto\u011fraf ve videonuzu tur sonunda rehberimizden sat\u0131n alabilirsiniz.(ekstra)<\/li>\n<li>Al\u0131n\u0131\u015f ve b\u0131rak\u0131l\u0131\u015f saatleri otelinizin konumuna g\u00f6re de\u011fi\u015fiklik g\u00f6sterebilir.<\/li>\n<\/ul>\n<h3>Genel Bilgiler:<\/h3>\n<ul>\n<li>Tur G\u00fcnleri:<\/li>\n<li>Al\u0131\u015f Noktas\u0131: Otel<\/li>\n<li>Al\u0131\u015f Saati: 17:30<\/li>\n<li>B\u0131rakma Noktas\u0131: Otel<\/li>\n<li>B\u0131rakma Saati: 22:00<\/li>\n<li>Tur S\u00fcresi:4 (Ula\u015f\u0131m Dahil)<\/li>\n<\/ul>\n","protected":false},"excerpt":{"rendered":"<h3>Fiyat Listesi<\/h3>\n<table class=\"price-table\">\n<tbody>\n<tr>\n<td>Bir Ki\u015fi<\/td>\n<td>Yeti\u015fkin (&gt;11)<\/td>\n<td>1470 TL<\/td>\n<\/tr>\n<tr>\n<td>Bir Ki\u015fi<\/td>\n<td>\u00c7ocuk (4-10)<\/td>\n<td>980 TL<\/td>\n<\/tr>\n<tr>\n<td>Bir Ki\u015fi<\/td>\n<td>Bebek (0-3)<\/td>\n<td>\u00dccretsiz<\/td>\n<\/tr>\n<\/tbody>\n<\/table>\n","protected":false},"featured_media":828,"comment_status":"open","ping_status":"closed","template":"","meta":{"_joinchat":[]},"product_brand":[],"product_cat":[43],"product_tag":[],"class_list":{"0":"post-2392","1":"product","2":"type-product","3":"status-publish","4":"has-post-thumbnail","6":"product_cat-alanya-tatil-turlari","8":"first","9":"instock","10":"sold-individually","11":"shipping-taxable","12":"purchasable","13":"product-type-booking"},"booking_location":"","booking_location_type":"","booking_duration":1,"booking_duration_unit":"day","booking_buffer":0,"booking_cost":0,"booking_resources":[],"jetpack_sharing_enabled":true,"_links":{"self":[{"href":"https:\/\/tursaytravel.com\/tr\/wp-json\/wp\/v2\/product\/2392","targetHints":{"allow":["GET"]}}],"collection":[{"href":"https:\/\/tursaytravel.com\/tr\/wp-json\/wp\/v2\/product"}],"about":[{"href":"https:\/\/tursaytravel.com\/tr\/wp-json\/wp\/v2\/types\/product"}],"replies":[{"embeddable":true,"href":"https:\/\/tursaytravel.com\/tr\/wp-json\/wp\/v2\/comments?post=2392"}],"wp:featuredmedia":[{"embeddable":true,"href":"https:\/\/tursaytravel.com\/tr\/wp-json\/wp\/v2\/media\/828"}],"wp:attachment":[{"href":"https:\/\/tursaytravel.com\/tr\/wp-json\/wp\/v2\/media?parent=2392"}],"wp:term":[{"taxonomy":"product_brand","embeddable":true,"href":"https:\/\/tursaytravel.com\/tr\/wp-json\/wp\/v2\/product_brand?post=2392"},{"taxonomy":"product_cat","embeddable":true,"href":"https:\/\/tursaytravel.com\/tr\/wp-json\/wp\/v2\/product_cat?post=2392"},{"taxonomy":"product_tag","embeddable":true,"href":"https:\/\/tursaytravel.com\/tr\/wp-json\/wp\/v2\/product_tag?post=2392"}],"curies":[{"name":"wp","href":"https:\/\/api.w.org\/{rel}","templated":true}]}}