{"id":2383,"date":"2024-05-21T22:35:17","date_gmt":"2024-05-21T19:35:17","guid":{"rendered":"https:\/\/tursaytravel.com\/alanya-dalis-turu\/"},"modified":"2026-02-05T17:15:20","modified_gmt":"2026-02-05T14:15:20","slug":"alanya-dalis-turu","status":"publish","type":"product","link":"https:\/\/tursaytravel.com\/tr\/alanya-dalis-turu\/","title":{"rendered":"Alanya Dal\u0131\u015f Turu"},"content":{"rendered":"<h2>Alanya Dal\u0131\u015f Turu<\/h2>\n<p>Alanya&#8217;da t\u00fcpl\u00fc dal\u0131\u015f, su alt\u0131 g\u00fczelliklerini ke\u015ffetmek isteyenler i\u00e7in olduk\u00e7a keyifli bir deneyimdir. Akdeniz&#8217;in berrak sular\u0131nda y\u00fczeye yak\u0131n derinliklerde rengarenk mercan resifleri, bal\u0131klar ve di\u011fer deniz canl\u0131lar\u0131yla kar\u015f\u0131la\u015fabilirsiniz. Profesyonel e\u011fitmenler e\u015fli\u011finde Akdeniz&#8217;in su alt\u0131 g\u00fczelliklerini ke\u015ffedece\u011finiz, harika deneyimler ya\u015fayaca\u011f\u0131n\u0131z g\u00fcn\u00fcbirlik bir turdur.  <\/p>\n<h3>Tur Detaylar\u0131:<\/h3>\n<ul>\n<li>Saat 08.00 gibi sizi otelinizden alaca\u011f\u0131z.<\/li>\n<li>Okurcalar liman\u0131na gidece\u011fiz. (Okurcalar, Alanya&#8217;ya 30 km uzakl\u0131ktad\u0131r). <\/li>\n<li>Daha sonra dal\u0131\u015f teknemize transfer olacakt\u0131r.<\/li>\n<li>Dal\u0131\u015f e\u011fitmenleri size ekipman ve g\u00fcvenlik prosed\u00fcrleri hakk\u0131nda bilgi verecektir.<\/li>\n<li>Ayr\u0131ca e\u011fitmen size ekipman verecektir ama isterseniz kendiniz de getirebilirsiniz.<\/li>\n<li>\u0130lk dal\u0131\u015f kaplumba\u011fa adas\u0131nda dal\u0131\u015f e\u011fitmeni e\u015fli\u011finde yap\u0131lacakt\u0131r.<\/li>\n<li>Teknede \u00f6\u011fle yeme\u011fi molas\u0131 verilecek. \u00d6\u011fle yeme\u011fi tura dahildir ancak i\u00e7ecekler tura dahil de\u011fildir. <\/li>\n<li>\u00d6\u011fle yeme\u011fi molas\u0131n\u0131n ard\u0131ndan ikinci dal\u0131\u015fa ge\u00e7ece\u011fiz.<\/li>\n<li>\u0130kinci dal\u0131\u015fta (akvaryum gibi) \u00e7ok fazla bal\u0131k g\u00f6rece\u011fiz.<\/li>\n<li>Bu s\u00fcre zarf\u0131nda g\u00fcne\u015flenme, dinlenme, \u015fnorkel ve y\u00fczme aktiviteleri yap\u0131lacakt\u0131r.<\/li>\n<li>Ayr\u0131ca deniz alt\u0131nda foto\u011fraf\u0131n\u0131z ve videonuz \u00e7ekilecektir.<\/li>\n<li>Sizi saat 16:30 civar\u0131nda otelinize b\u0131rakaca\u011f\u0131z.<\/li>\n<\/ul>\n<p>\u015eimdiden iyi e\u011flenceler \ud83d\ude42<\/p>\n<h3>Fiyata dahil:<\/h3>\n<ul>\n<li>Sigorta<\/li>\n<li>Otelinizden Al\u0131n\u0131\u015f\/Otelinize B\u0131rak\u0131l\u0131\u015f<\/li>\n<li>Rehber, e\u011fitmen<\/li>\n<li>Ekipmanlar<\/li>\n<li>\u00d6\u011fle yeme\u011fi<\/li>\n<\/ul>\n<h3>\u0130ste\u011fe ba\u011fl\u0131 fiyata dahil olmayanlar:<\/h3>\n<ul>\n<li>\u0130\u00e7ecekler<\/li>\n<li>Deniz alt\u0131nda foto\u011fraf ve video<\/li>\n<li>Ki\u015fisel giderler<\/li>\n<\/ul>\n<h3>Tavsiyeler ve ek bilgiler:<\/h3>\n<ul>\n<li>Y\u00fczme bilmiyorsan\u0131z dal\u0131\u015f yapabilirsiniz turumuzda profesyonel e\u011fitmen bulunmaktad\u0131r. Profesyonel e\u011fitmenlerimiz size yard\u0131mc\u0131 olacakt\u0131r. <\/li>\n<li>E\u011fer ilk dal\u0131\u015f\u0131n\u0131z olacaksa korkman\u0131za gerek yok. profesyonel e\u011fitmenlerimiz sayesinde \u00e7ok e\u011flenceli ve farkl\u0131 an\u0131lara sahip olacaks\u0131n\u0131z . <\/li>\n<li>Al\u0131n\u0131\u015f ve b\u0131rak\u0131l\u0131\u015f saatleri otelinizin konumuna g\u00f6re de\u011fi\u015fiklik g\u00f6sterebilir.<\/li>\n<\/ul>\n<h3>Genel Bilgiler:<\/h3>\n<ul>\n<li>Tur G\u00fcnleri: Her g\u00fcn<\/li>\n<li>Al\u0131\u015f Noktas\u0131: Otel<\/li>\n<li>Al\u0131\u015f Saati: 08:00<\/li>\n<li>B\u0131rakma Noktas\u0131: Otel<\/li>\n<li>B\u0131rakma Saati: 16:30<\/li>\n<li>Tur S\u00fcresi: 9 (Ula\u015f\u0131m Dahil)<\/li>\n<\/ul>\n","protected":false},"excerpt":{"rendered":"<h3>Fiyat Listesi<\/h3>\n<table class=\"price-table\">\n<tbody>\n<tr>\n<td>Bir Ki\u015fi<\/td>\n<td>Yeti\u015fkin (&gt;12)<\/td>\n<td>1715 TL<\/td>\n<\/tr>\n<tr>\n<td>Bir Ki\u015fi<\/td>\n<td>\u00c7ocuk (7-11)<\/td>\n<td>1715 TL<\/td>\n<\/tr>\n<tr>\n<td>Bir Ki\u015fi<\/td>\n<td>Bebek (0-6)<\/td>\n<td>\u00dccretsiz<\/td>\n<\/tr>\n<\/tbody>\n<\/table>\n","protected":false},"featured_media":632,"comment_status":"open","ping_status":"closed","template":"","meta":{"_joinchat":[]},"product_brand":[],"product_cat":[43],"product_tag":[],"class_list":{"0":"post-2383","1":"product","2":"type-product","3":"status-publish","4":"has-post-thumbnail","6":"product_cat-alanya-tatil-turlari","8":"first","9":"instock","10":"sold-individually","11":"shipping-taxable","12":"purchasable","13":"product-type-booking"},"booking_location":"","booking_location_type":"","booking_duration":1,"booking_duration_unit":"day","booking_buffer":0,"booking_cost":0,"booking_resources":[],"jetpack_sharing_enabled":true,"_links":{"self":[{"href":"https:\/\/tursaytravel.com\/tr\/wp-json\/wp\/v2\/product\/2383","targetHints":{"allow":["GET"]}}],"collection":[{"href":"https:\/\/tursaytravel.com\/tr\/wp-json\/wp\/v2\/product"}],"about":[{"href":"https:\/\/tursaytravel.com\/tr\/wp-json\/wp\/v2\/types\/product"}],"replies":[{"embeddable":true,"href":"https:\/\/tursaytravel.com\/tr\/wp-json\/wp\/v2\/comments?post=2383"}],"wp:featuredmedia":[{"embeddable":true,"href":"https:\/\/tursaytravel.com\/tr\/wp-json\/wp\/v2\/media\/632"}],"wp:attachment":[{"href":"https:\/\/tursaytravel.com\/tr\/wp-json\/wp\/v2\/media?parent=2383"}],"wp:term":[{"taxonomy":"product_brand","embeddable":true,"href":"https:\/\/tursaytravel.com\/tr\/wp-json\/wp\/v2\/product_brand?post=2383"},{"taxonomy":"product_cat","embeddable":true,"href":"https:\/\/tursaytravel.com\/tr\/wp-json\/wp\/v2\/product_cat?post=2383"},{"taxonomy":"product_tag","embeddable":true,"href":"https:\/\/tursaytravel.com\/tr\/wp-json\/wp\/v2\/product_tag?post=2383"}],"curies":[{"name":"wp","href":"https:\/\/api.w.org\/{rel}","templated":true}]}}