{"id":2379,"date":"2024-05-21T01:13:10","date_gmt":"2024-05-20T22:13:10","guid":{"rendered":"https:\/\/tursaytravel.com\/alanya-buggy-rafting-zipline-turu\/"},"modified":"2026-01-31T21:40:04","modified_gmt":"2026-01-31T18:40:04","slug":"alanya-buggy-rafting-zipline-turu","status":"publish","type":"product","link":"https:\/\/tursaytravel.com\/tr\/alanya-buggy-rafting-zipline-turu\/","title":{"rendered":"Alanya Buggy-Rafting-Zipline Turu"},"content":{"rendered":"<h2>Alanya Buggy-Rafting-Zipline Turu<\/h2>\n<p>Muhte\u015fem bir 3&#8217;\u00fc 1 arada turla b\u00fcy\u00fcleyici k\u0131rsal b\u00f6lgeyi ke\u015ffetmeye ba\u015flay\u0131n! Tam g\u00fcn s\u00fcrecek bu macera sizi buggy safari, rafting deneyimi ve zipline keyfine davet ediyor. K\u00f6pr\u00fcl\u00fc Kanyon&#8217;da muhte\u015fem manzaralar e\u015fli\u011finde foto\u011fraf \u00e7ekme imkan\u0131 da bulunmaktad\u0131r. Bu gezi hem e\u011flenceli ve alternatif bir g\u00fcn\u00fcn par\u00e7as\u0131 olmak isteyenler hem de ekstra adrenalin arayanlar i\u00e7in m\u00fckemmel bir kombinasyon. Vah\u015fi ve serin sularda 14 km rafting keyfi.   <\/p>\n<p>Do\u011fada 1 saatlik buggy safari s\u00fcr\u00fc\u015f keyfi.<\/p>\n<p>250 metrelik \u00e7elik halat \u00fczerinde ku\u015f gibi u\u00e7man\u0131n heyecan\u0131n\u0131 ya\u015fay\u0131n.<\/p>\n<h3>Tur Detaylar\u0131:<\/h3>\n<ul>\n<li>Saat 08.00 gibi sizi otelinizden alaca\u011f\u0131z.<\/li>\n<li>Klimal\u0131 otob\u00fcsle iki bu\u00e7uk saatlik yolculuk olacakt\u0131r.<\/li>\n<li>K\u00f6pr\u00fcl\u00fc Kanyon&#8217;a gidece\u011fiz.<\/li>\n<li>Rehberimiz size buggy hakk\u0131nda bilgi verecektir.<\/li>\n<li>\u00c7amurlu arazide yakla\u015f\u0131k 1 saatlik buggy safari yapaca\u011f\u0131z.<\/li>\n<li>Buggy safari sonras\u0131 rehberimiz sizlere rafting hakk\u0131nda bilgi verecektir. Ayr\u0131ca rafting ekipmanlar\u0131 da verilecektir.<\/li>\n<li>Rafting&#8217;e ba\u015flayaca\u011f\u0131z. (14 km ve yakla\u015f\u0131k 2 saat)<\/li>\n<li>Rafting sonras\u0131 nehir kenar\u0131nda \u00f6\u011fle yeme\u011fi molas\u0131 verece\u011fiz (Yakla\u015f\u0131k 1 saat)<\/li>\n<li>\u00d6\u011fle yeme\u011finden sonra rehberimiz size zipline hakk\u0131nda bilgi verecektir.Ayr\u0131ca zipline ekipmanlar\u0131n\u0131z\u0131 da verece\u011fiz.<\/li>\n<li>1 saat zipline s\u00fcresi (Bilgiler dahil) (Zipline alan\u0131 250 mt-tek y\u00f6n)<\/li>\n<li>Alanya&#8217;ya d\u00f6n\u00fc\u015f.<\/li>\n<li>Sizi saat 18:30 civar\u0131nda otelinize b\u0131rakaca\u011f\u0131z.<\/li>\n<\/ul>\n<p>\u015eimdiden iyi e\u011flenceler \ud83d\ude42<\/p>\n<h3>Fiyata dahil:<\/h3>\n<ul>\n<li>Sigorta<\/li>\n<li>Rehber<\/li>\n<li>Otelinizden Al\u0131n\u0131\u015f\/Otelinize B\u0131rak\u0131l\u0131\u015f<\/li>\n<li>\u00d6\u011fle yeme\u011fi<\/li>\n<li>Ekipmanlar<\/li>\n<\/ul>\n<h3>\u0130ste\u011fe ba\u011fl\u0131 fiyata dahil olmayanlar:<\/h3>\n<ul>\n<li>\u0130\u00e7ecekler<\/li>\n<li>Ki\u015fisel giderler<\/li>\n<li>Foto\u011fraf<\/li>\n<\/ul>\n<h3>Tavsiyeler ve ek bilgiler:<\/h3>\n<ul>\n<li>Grup yo\u011funlu\u011funa g\u00f6re tur s\u0131ras\u0131 de\u011fi\u015febilir.<\/li>\n<li>Kum ve toz i\u00e7in yan\u0131n\u0131zda g\u00fcne\u015f g\u00f6zl\u00fc\u011f\u00fc, bandana getirin.<\/li>\n<li>Havlu, mayo, \u015fort, g\u00fcne\u015f kremi, suya dayan\u0131kl\u0131 ayakkab\u0131 ve sandalet getirmelisiniz.<\/li>\n<li>Bu ayakkab\u0131 ve bandanay\u0131 tur rehberimizden sat\u0131n alabilirsiniz (ekstra)<\/li>\n<li>Hamile bayanlar bu tura kat\u0131lamaz.<\/li>\n<li>Kat\u0131l\u0131mc\u0131lar 3 ya\u015f\u0131n\u0131 doldurmu\u015f olmal\u0131d\u0131r.<\/li>\n<li>Al\u0131n\u0131\u015f ve b\u0131rak\u0131l\u0131\u015f saatleri otelinizin konumuna g\u00f6re de\u011fi\u015fiklik g\u00f6sterebilir.<\/li>\n<\/ul>\n<h3>Genel Bilgiler:<\/h3>\n<ul>\n<li>Tur G\u00fcnleri: Her g\u00fcn<\/li>\n<li>Al\u0131\u015f Noktas\u0131: Otel<\/li>\n<li>Al\u0131\u015f Saati: 08:00<\/li>\n<li>B\u0131rakma Noktas\u0131: Otel<\/li>\n<li>B\u0131rakma Saati: 18:30<\/li>\n<li>Tur S\u00fcresi: 10 (Ula\u015f\u0131m Dahil)<\/li>\n<\/ul>\n","protected":false},"excerpt":{"rendered":"<h3>Fiyat Listesi<\/h3>\n<table class=\"price-table\">\n<tbody>\n<tr>\n<td>Bir Ki\u015fi<\/td>\n<td>Yeti\u015fkin (&gt;11)<\/td>\n<td>1470 TL<\/td>\n<\/tr>\n<tr>\n<td>Bir Ki\u015fi<\/td>\n<td>\u00c7ocuk (5-10)<\/td>\n<td>980 TL<\/td>\n<\/tr>\n<tr>\n<td>Bir Ki\u015fi<\/td>\n<td>Bebek (0-4)<\/td>\n<td>\u00dccretsiz<\/td>\n<\/tr>\n<\/tbody>\n<\/table>\n","protected":false},"featured_media":1940,"comment_status":"open","ping_status":"closed","template":"","meta":{"_joinchat":[]},"product_brand":[],"product_cat":[43],"product_tag":[],"class_list":{"0":"post-2379","1":"product","2":"type-product","3":"status-publish","4":"has-post-thumbnail","6":"product_cat-alanya-tatil-turlari","8":"first","9":"instock","10":"sold-individually","11":"shipping-taxable","12":"purchasable","13":"product-type-booking"},"booking_location":"","booking_location_type":"","booking_duration":1,"booking_duration_unit":"day","booking_buffer":0,"booking_cost":0,"booking_resources":[],"jetpack_sharing_enabled":true,"_links":{"self":[{"href":"https:\/\/tursaytravel.com\/tr\/wp-json\/wp\/v2\/product\/2379","targetHints":{"allow":["GET"]}}],"collection":[{"href":"https:\/\/tursaytravel.com\/tr\/wp-json\/wp\/v2\/product"}],"about":[{"href":"https:\/\/tursaytravel.com\/tr\/wp-json\/wp\/v2\/types\/product"}],"replies":[{"embeddable":true,"href":"https:\/\/tursaytravel.com\/tr\/wp-json\/wp\/v2\/comments?post=2379"}],"wp:featuredmedia":[{"embeddable":true,"href":"https:\/\/tursaytravel.com\/tr\/wp-json\/wp\/v2\/media\/1940"}],"wp:attachment":[{"href":"https:\/\/tursaytravel.com\/tr\/wp-json\/wp\/v2\/media?parent=2379"}],"wp:term":[{"taxonomy":"product_brand","embeddable":true,"href":"https:\/\/tursaytravel.com\/tr\/wp-json\/wp\/v2\/product_brand?post=2379"},{"taxonomy":"product_cat","embeddable":true,"href":"https:\/\/tursaytravel.com\/tr\/wp-json\/wp\/v2\/product_cat?post=2379"},{"taxonomy":"product_tag","embeddable":true,"href":"https:\/\/tursaytravel.com\/tr\/wp-json\/wp\/v2\/product_tag?post=2379"}],"curies":[{"name":"wp","href":"https:\/\/api.w.org\/{rel}","templated":true}]}}