{"id":2373,"date":"2024-05-22T00:57:35","date_gmt":"2024-05-21T21:57:35","guid":{"rendered":"https:\/\/tursaytravel.com\/alanya-atv-safari-turu\/"},"modified":"2026-01-31T23:06:11","modified_gmt":"2026-01-31T20:06:11","slug":"alanya-atv-safari-turu","status":"publish","type":"product","link":"https:\/\/tursaytravel.com\/tr\/alanya-atv-safari-turu\/","title":{"rendered":"Alanya Atv Safari Turu"},"content":{"rendered":"<h2>Alanya Atv Safari Turu<\/h2>\n<p>Alanya Atv safari, d\u00f6rt tekerlekli motosikletler \u00fczerinde heyecan ve adrenalin dolu, g\u00fcnl\u00fck bir macera turudur. Toros Da\u011flar\u0131&#8217;n\u0131n ormanlarla kapl\u0131 eteklerinde \u00e7amurlu off-road yollarda macera dolu an\u0131lar biriktirebilirsiniz. Bunun i\u00e7in s\u00fcr\u00fcc\u00fc ehliyetine gerek yoktur. Motorlar otomatik ve kolayd\u0131r. Adrenalini seviyorsan\u0131z bu tur tam size g\u00f6re.    <\/p>\n<h3>Tur Detaylar\u0131:<\/h3>\n<ul>\n<li>Tur s\u00fcresi i\u00e7in iki se\u00e7ene\u011fimiz mevcuttur.<\/li>\n<li>\u0130lk grup 08:30-12:30 aras\u0131<\/li>\n<li>\u0130kinci grup 14:30-18:30 aras\u0131<\/li>\n<li>\u0130ki se\u00e7enekten istedi\u011finiz saate rezervasyon yapabilirsiniz.<\/li>\n<li>Sizi otelinizden veya adresinizden alaca\u011f\u0131z<\/li>\n<li>Quad safari alan\u0131na gidece\u011fiz.<\/li>\n<li>Rehberimiz size orada s\u00fcr\u00fc\u015f ve g\u00fcvenlikle ilgili bilgiler verecektir.<\/li>\n<li>Tur \u00f6ncesi k\u0131sa bir test s\u00fcr\u00fc\u015f\u00fc yapaca\u011f\u0131z.<\/li>\n<li>Test s\u00fcr\u00fc\u015f\u00fcn\u00fcn ard\u0131ndan rehber e\u015fli\u011finde tur ba\u015flayacakt\u0131r.<\/li>\n<li>Dinlenmek i\u00e7in y\u00fczmek i\u00e7in k\u0131sa bir mola verece\u011fiz.<\/li>\n<li>Daha sonra Alarahan&#8217;da foto\u011fraf molas\u0131 verece\u011fiz.<\/li>\n<li>Daha sonra ATV istasyonuna geri d\u00f6n\u00fcp sizi otelinize b\u0131rakaca\u011f\u0131z.<\/li>\n<\/ul>\n<p>\u015eimdiden iyi e\u011flenceler \ud83d\ude42<\/p>\n<h3>Fiyata dahil:<\/h3>\n<ul>\n<li>Sigorta<\/li>\n<li>Rehber<\/li>\n<li>Otelinizden Al\u0131n\u0131\u015f\/Otelinize B\u0131rak\u0131l\u0131\u015f<\/li>\n<li>Yakla\u015f\u0131k 2 saatlik s\u00fcr\u00fc\u015f<\/li>\n<li>Kask<\/li>\n<\/ul>\n<h3>\u0130ste\u011fe ba\u011fl\u0131 fiyata dahil olmayanlar:<\/h3>\n<ul>\n<li>Yiyecek, i\u00e7ecekler<\/li>\n<li>Foto\u011fraf ve video<\/li>\n<li>Bandana<\/li>\n<li>Ki\u015fisel giderler<\/li>\n<\/ul>\n<h3>Tavsiyeler ve ek bilgiler:<\/h3>\n<ul>\n<li>K\u0131yafetleriniz kirlenece\u011finden uygun k\u0131yafet ve ayakkab\u0131 giymelisiniz.<\/li>\n<li>Kum ve toz i\u00e7in yan\u0131n\u0131zda g\u00fcne\u015f g\u00f6zl\u00fc\u011f\u00fc, bandana getirin.<\/li>\n<li>E\u011fer bandanan\u0131z yoksa oradaki rehberimizden sat\u0131n alabilirsiniz (ekstra)<\/li>\n<li>Y\u00fczmek istiyorsan\u0131z yan\u0131n\u0131zda mayo ve havlu getirin.<\/li>\n<li>Al\u0131n\u0131\u015f ve b\u0131rak\u0131l\u0131\u015f saatleri otelinizin konumuna g\u00f6re de\u011fi\u015fiklik g\u00f6sterebilir.<\/li>\n<\/ul>\n<h3>Genel Bilgiler:<\/h3>\n<ul>\n<li>Tur G\u00fcnleri: Her g\u00fcn<\/li>\n<li>Al\u0131\u015f Noktas\u0131: Otel<\/li>\n<li>Al\u0131\u015f Saati: 08:30\/14:30<\/li>\n<li>B\u0131rakma Noktas\u0131: Otel<\/li>\n<li>B\u0131rakma Saati: 12:30\/18:30<\/li>\n<li>Tur S\u00fcresi:4 (Ula\u015f\u0131m Dahil)<\/li>\n<\/ul>\n","protected":false},"excerpt":{"rendered":"<h3>Fiyat Listesi<\/h3>\n<table class=\"price-table\">\n<tbody>\n<tr>\n<td>Bir Ki\u015fi<\/td>\n<td>Yeti\u015fkin<\/td>\n<td>1225 TL<\/td>\n<\/tr>\n<tr>\n<td>Bir Ki\u015fi<\/td>\n<td>Yolcu<\/td>\n<td>490 TL<\/td>\n<\/tr>\n<\/tbody>\n<\/table>\n","protected":false},"featured_media":1080,"comment_status":"open","ping_status":"closed","template":"","meta":{"_joinchat":[]},"product_brand":[],"product_cat":[43],"product_tag":[],"class_list":{"0":"post-2373","1":"product","2":"type-product","3":"status-publish","4":"has-post-thumbnail","6":"product_cat-alanya-tatil-turlari","8":"first","9":"instock","10":"sold-individually","11":"shipping-taxable","12":"purchasable","13":"product-type-booking"},"booking_location":"","booking_location_type":"","booking_duration":1,"booking_duration_unit":"day","booking_buffer":0,"booking_cost":0,"booking_resources":[],"jetpack_sharing_enabled":true,"_links":{"self":[{"href":"https:\/\/tursaytravel.com\/tr\/wp-json\/wp\/v2\/product\/2373","targetHints":{"allow":["GET"]}}],"collection":[{"href":"https:\/\/tursaytravel.com\/tr\/wp-json\/wp\/v2\/product"}],"about":[{"href":"https:\/\/tursaytravel.com\/tr\/wp-json\/wp\/v2\/types\/product"}],"replies":[{"embeddable":true,"href":"https:\/\/tursaytravel.com\/tr\/wp-json\/wp\/v2\/comments?post=2373"}],"wp:featuredmedia":[{"embeddable":true,"href":"https:\/\/tursaytravel.com\/tr\/wp-json\/wp\/v2\/media\/1080"}],"wp:attachment":[{"href":"https:\/\/tursaytravel.com\/tr\/wp-json\/wp\/v2\/media?parent=2373"}],"wp:term":[{"taxonomy":"product_brand","embeddable":true,"href":"https:\/\/tursaytravel.com\/tr\/wp-json\/wp\/v2\/product_brand?post=2373"},{"taxonomy":"product_cat","embeddable":true,"href":"https:\/\/tursaytravel.com\/tr\/wp-json\/wp\/v2\/product_cat?post=2373"},{"taxonomy":"product_tag","embeddable":true,"href":"https:\/\/tursaytravel.com\/tr\/wp-json\/wp\/v2\/product_tag?post=2373"}],"curies":[{"name":"wp","href":"https:\/\/api.w.org\/{rel}","templated":true}]}}