{"id":2369,"date":"2024-05-21T23:08:29","date_gmt":"2024-05-21T20:08:29","guid":{"rendered":"https:\/\/tursaytravel.com\/alanya-at-binme-turu\/"},"modified":"2026-01-31T21:17:25","modified_gmt":"2026-01-31T18:17:25","slug":"alanya-at-binme-turu","status":"publish","type":"product","link":"https:\/\/tursaytravel.com\/tr\/alanya-at-binme-turu\/","title":{"rendered":"Alanya At Binme Turu"},"content":{"rendered":"<h2>Alanya At Binme Turu<\/h2>\n<p>Binicilik, do\u011fayla i\u00e7 i\u00e7e olmay\u0131 sevenler i\u00e7in harika bir aktivitedir. At s\u0131rt\u0131nda do\u011fan\u0131n i\u00e7inden ge\u00e7mek, r\u00fczgar\u0131n sa\u00e7lar\u0131n\u0131za vuru\u015funu hissetmek ve ku\u015flar\u0131n c\u0131v\u0131lt\u0131lar\u0131n\u0131 dinlemek ger\u00e7ek bir ka\u00e7\u0131\u015f deneyimi. Atlar sadeli\u011fi ve g\u00fcc\u00fcyle b\u00fcy\u00fcl\u00fcyor. Onlarla ileti\u015fim kurmak ve onlar\u0131n do\u011fal ritmine uyum sa\u011flamak insan\u0131 huzura kavu\u015fturur. At s\u0131rt\u0131ndayken etraf\u0131n\u0131zdaki manzaran\u0131n tad\u0131n\u0131 \u00e7\u0131karabilirsiniz. Do\u011fal g\u00fczellikler, g\u00f6ky\u00fcz\u00fc ve ye\u015fillik sizi b\u00fcy\u00fcleyecek.     <\/p>\n<h3>Tur Detaylar\u0131:<\/h3>\n<ul>\n<li>Sabah saat 09:00 civar\u0131nda sizi otelinizden alaca\u011f\u0131z.<\/li>\n<li>Demirta\u015f k\u00f6y\u00fcndeki at \u00e7iftli\u011fine gidece\u011fiz.<\/li>\n<li>Rehberimiz size kurallar hakk\u0131nda bilgi verecektir.<\/li>\n<li>Syedra antik kentinin bulundu\u011fu ormanl\u0131k ve da\u011fl\u0131k b\u00f6lgede ata binme turumuz ba\u015flayacak. (3 saat)<\/li>\n<li>At \u00e7iftli\u011fine d\u00f6n\u00fc\u015f.<\/li>\n<li>At \u00e7iftli\u011finde dinlenme ve serbest zaman.<\/li>\n<li>Ayr\u0131ca tur s\u0131ras\u0131nda \u00e7ekilen foto\u011fraflar\u0131n\u0131za da bakabilirsiniz.<\/li>\n<li>Sizi saat 13:00 civar\u0131nda otelinize b\u0131rakaca\u011f\u0131z.<\/li>\n<\/ul>\n<p>\u015eimdiden iyi e\u011flenceler \ud83d\ude42<\/p>\n<h3>Fiyata dahil:<\/h3>\n<ul>\n<li>Sigorta<\/li>\n<li>Rehber<\/li>\n<li>Otelinizden Al\u0131n\u0131\u015f\/Otelinize B\u0131rak\u0131l\u0131\u015f<\/li>\n<li>Ekipmanlar<\/li>\n<\/ul>\n<h3>\u0130ste\u011fe ba\u011fl\u0131 fiyata dahil olmayanlar:<\/h3>\n<ul>\n<li>Ki\u015fisel giderler<\/li>\n<li>Foto\u011fraf<\/li>\n<\/ul>\n<h3>Tavsiyeler ve ek bilgiler:<\/h3>\n<ul>\n<li>Hi\u00e7 ata binmemi\u015f olanlar binicilik turumuza kat\u0131labilir.<\/li>\n<li>G\u00fcne\u015f kremi ve \u015fapka kullanabilirsiniz.<\/li>\n<li>At turumuza 100 kg \u00fczeri ki\u015filer kat\u0131lamaz.<\/li>\n<li>Al\u0131n\u0131\u015f ve b\u0131rak\u0131l\u0131\u015f saatleri otelinizin konumuna g\u00f6re de\u011fi\u015fiklik g\u00f6sterebilir.<\/li>\n<\/ul>\n<h3>Genel Bilgiler:<\/h3>\n<ul>\n<li>Tur G\u00fcnleri: Tur g\u00fcn\u00fcn\u00fc \u00f6\u011frenmek i\u00e7in l\u00fctfen WhatsApp \u00fczerinden ileti\u015fime ge\u00e7iniz.<\/li>\n<li>Al\u0131\u015f Noktas\u0131: Otel<\/li>\n<li>Al\u0131\u015f Saati: 09:00<\/li>\n<li>B\u0131rakma Noktas\u0131: Otel<\/li>\n<li>B\u0131rakma Saati: 13:00<\/li>\n<li>Tur S\u00fcresi: 4 (Ula\u015f\u0131m Dahil)<\/li>\n<\/ul>\n","protected":false},"excerpt":{"rendered":"<h3>Fiyat Listesi<\/h3>\n<table class=\"price-table\">\n<tbody>\n<tr>\n<td>Bir Ki\u015fi<\/td>\n<td>Yeti\u015fkin (&gt;12)<\/td>\n<td>2695 TL<\/td>\n<\/tr>\n<tr>\n<td>Bir Ki\u015fi<\/td>\n<td>\u00c7ocuk (7-11)<\/td>\n<td>2695 TL<\/td>\n<\/tr>\n<tr>\n<td>Bir Ki\u015fi<\/td>\n<td>Bebek (0-6)<\/td>\n<td>2695 TL<\/td>\n<\/tr>\n<\/tbody>\n<\/table>\n","protected":false},"featured_media":768,"comment_status":"open","ping_status":"closed","template":"","meta":{"_joinchat":[]},"product_brand":[],"product_cat":[43],"product_tag":[],"class_list":{"0":"post-2369","1":"product","2":"type-product","3":"status-publish","4":"has-post-thumbnail","6":"product_cat-alanya-tatil-turlari","8":"first","9":"instock","10":"sold-individually","11":"shipping-taxable","12":"purchasable","13":"product-type-booking"},"booking_location":"","booking_location_type":"","booking_duration":1,"booking_duration_unit":"day","booking_buffer":0,"booking_cost":0,"booking_resources":[],"jetpack_sharing_enabled":true,"_links":{"self":[{"href":"https:\/\/tursaytravel.com\/tr\/wp-json\/wp\/v2\/product\/2369","targetHints":{"allow":["GET"]}}],"collection":[{"href":"https:\/\/tursaytravel.com\/tr\/wp-json\/wp\/v2\/product"}],"about":[{"href":"https:\/\/tursaytravel.com\/tr\/wp-json\/wp\/v2\/types\/product"}],"replies":[{"embeddable":true,"href":"https:\/\/tursaytravel.com\/tr\/wp-json\/wp\/v2\/comments?post=2369"}],"wp:featuredmedia":[{"embeddable":true,"href":"https:\/\/tursaytravel.com\/tr\/wp-json\/wp\/v2\/media\/768"}],"wp:attachment":[{"href":"https:\/\/tursaytravel.com\/tr\/wp-json\/wp\/v2\/media?parent=2369"}],"wp:term":[{"taxonomy":"product_brand","embeddable":true,"href":"https:\/\/tursaytravel.com\/tr\/wp-json\/wp\/v2\/product_brand?post=2369"},{"taxonomy":"product_cat","embeddable":true,"href":"https:\/\/tursaytravel.com\/tr\/wp-json\/wp\/v2\/product_cat?post=2369"},{"taxonomy":"product_tag","embeddable":true,"href":"https:\/\/tursaytravel.com\/tr\/wp-json\/wp\/v2\/product_tag?post=2369"}],"curies":[{"name":"wp","href":"https:\/\/api.w.org\/{rel}","templated":true}]}}