{"id":20746,"date":"2026-05-04T21:45:24","date_gmt":"2026-05-04T18:45:24","guid":{"rendered":"https:\/\/tursaytravel.com\/?post_type=product&#038;p=20746"},"modified":"2026-05-09T01:44:29","modified_gmt":"2026-05-08T22:44:29","slug":"alanyadan-side-gece-turu-ve-green-lake-tekne-turu","status":"publish","type":"product","link":"https:\/\/tursaytravel.com\/tr\/alanyadan-side-gece-turu-ve-green-lake-tekne-turu\/","title":{"rendered":"Alanya\u2019dan Side Gece Turu ve Green Lake Tekne Turu"},"content":{"rendered":"<h2>Alanya\u2019dan Side Gece Turu ve Green Lake Tekne Turu<\/h2>\n<p>Alanya\u2019dan ba\u015flayan bu e\u015fsiz turda do\u011fa, tarih ve e\u011flenceyi bir arada ya\u015fayacaks\u0131n\u0131z. G\u00fcn bat\u0131m\u0131n\u0131n b\u00fcy\u00fcleyici atmosferinde Green Lake\u2019te tekne turu yapacak, ard\u0131ndan tarihi Side Antik Kenti\u2019ni gece \u0131\u015f\u0131klar\u0131 alt\u0131nda ke\u015ffedeceksiniz. Ayr\u0131ca do\u011fan\u0131n en g\u00fczel duraklar\u0131ndan biri olan Manavgat \u015eelalesi\u2019ni ziyaret ederek unutulmaz anlar ya\u015fayacaks\u0131n\u0131z. Alanya \u00e7\u0131k\u0131\u015fl\u0131 bu tur, hem dinlenmek hem de ke\u015ffetmek isteyenler i\u00e7in m\u00fckemmel bir se\u00e7enektir.  <\/p>\n<h2>Tur Detaylar\u0131:<\/h2>\n<ul>\n<li>Saat 15:00 civar\u0131 otelinizden klimal\u0131 otob\u00fcsler ile al\u0131n\u0131\u015f<\/li>\n<li>Manavgat Baraj\u0131 G\u00f6lba\u015f\u0131 Restoran\u2019da bulu\u015fma<\/li>\n<li>Manavgat Baraj\u0131 liman\u0131na var\u0131\u015f ve Green Lake tekne turunun ba\u015flang\u0131c\u0131<\/li>\n<li>Tekne turu boyunca e\u011flence ve y\u00fczme molalar\u0131<\/li>\n<li>Limana d\u00f6n\u00fc\u015f<\/li>\n<li>G\u00fcn bat\u0131m\u0131 e\u015fli\u011finde g\u00f6l kenar\u0131ndaki restoranda ak\u015fam yeme\u011fi molas\u0131<br \/>\n(Ak\u015fam yeme\u011fi fiyata dahildir, i\u00e7ecekler ekstrad\u0131r)<\/li>\n<li>Manavgat \u015eelalesi ziyareti ve foto\u011fraf molas\u0131<br \/>\n(Giri\u015f \u00fccreti fiyata dahildir)<\/li>\n<li>Side Antik Kenti\u2019ne hareket<\/li>\n<li>Profesyonel rehber e\u015fli\u011finde 2 saat serbest zaman ile Side Antik Kenti ke\u015ffi<\/li>\n<li>Saat 23:30 civar\u0131 otellere b\u0131rak\u0131l\u0131\u015f<\/li>\n<\/ul>\n<p>\u015eimdiden iyi e\u011flenceler \ud83d\ude42<\/p>\n<h3>Fiyata dahil:<\/h3>\n<ul>\n<li>Sigorta<\/li>\n<li>Rehber<\/li>\n<li>Otelinizden Al\u0131n\u0131\u015f\/Otelinize B\u0131rak\u0131l\u0131\u015f<\/li>\n<li>Tekne Turu<\/li>\n<li>Ak\u015fam yeme\u011fi<\/li>\n<li>Manavgat \u015eelalesi giri\u015f \u00fccreti<\/li>\n<\/ul>\n<h3>\u0130ste\u011fe ba\u011fl\u0131 fiyata dahil olmayanlar:<\/h3>\n<ul>\n<li>\u0130\u00e7ecekler<\/li>\n<li>Ki\u015fisel giderler<\/li>\n<li>Foto\u011fraf<\/li>\n<\/ul>\n<h2>Tavsiyeler ve ek bilgiler:<\/h2>\n<ul>\n<li>Y\u00fczmek isterseniz mayo ve havlu getirmelisiniz.<\/li>\n<li>Tekne turundan sonra k\u0131yafetlerinizi de\u011fi\u015ftirebilece\u011finiz ve sa\u00e7lar\u0131n\u0131z\u0131 kurutabilece\u011finiz bir yerimiz var. Yan\u0131n\u0131zda yedek k\u0131yafet de getirebilirsiniz. <\/li>\n<li>Al\u0131n\u0131\u015f ve b\u0131rak\u0131l\u0131\u015f saatleri otelinizin konumuna g\u00f6re de\u011fi\u015fiklik g\u00f6sterebilir.<\/li>\n<\/ul>\n<h2>Genel Bilgiler:<\/h2>\n<ul>\n<li>Tur G\u00fcnleri: Pazartesi, \u00c7ar\u015famba, Cuma<\/li>\n<li>Al\u0131\u015f Noktas\u0131: Otel<\/li>\n<li>Al\u0131\u015f Saati: 15:00<\/li>\n<li>B\u0131rakma Noktas\u0131: Otel<\/li>\n<li>B\u0131rakma Saati: 23:30<\/li>\n<li>Tur S\u00fcresi: 9 (Ula\u015f\u0131m Dahil)<\/li>\n<\/ul>\n","protected":false},"excerpt":{"rendered":"<h3>Fiyat Listesi<\/h3>\n<table class=\"price-table\">\n<tbody>\n<tr>\n<td>Bir Ki\u015fi<\/td>\n<td>Yeti\u015fkin (&gt;12)<\/td>\n<td>735 TL<\/td>\n<\/tr>\n<tr>\n<td>Bir Ki\u015fi<\/td>\n<td>\u00c7ocuk (7-11)<\/td>\n<td>490 TL<\/td>\n<\/tr>\n<tr>\n<td>Bir Ki\u015fi<\/td>\n<td>Bebek (0-6)<\/td>\n<td>\u00dccretsiz<\/td>\n<\/tr>\n<\/tbody>\n<\/table>\n","protected":false},"featured_media":20759,"comment_status":"open","ping_status":"closed","template":"","meta":{"_joinchat":[]},"product_brand":[],"product_cat":[43],"product_tag":[],"class_list":{"0":"post-20746","1":"product","2":"type-product","3":"status-publish","4":"has-post-thumbnail","6":"product_cat-alanya-tatil-turlari","8":"first","9":"instock","10":"sold-individually","11":"shipping-taxable","12":"purchasable","13":"product-type-booking"},"booking_location":"","booking_location_type":"","booking_duration":1,"booking_duration_unit":"day","booking_buffer":0,"booking_cost":0,"booking_resources":[],"jetpack_sharing_enabled":true,"_links":{"self":[{"href":"https:\/\/tursaytravel.com\/tr\/wp-json\/wp\/v2\/product\/20746","targetHints":{"allow":["GET"]}}],"collection":[{"href":"https:\/\/tursaytravel.com\/tr\/wp-json\/wp\/v2\/product"}],"about":[{"href":"https:\/\/tursaytravel.com\/tr\/wp-json\/wp\/v2\/types\/product"}],"replies":[{"embeddable":true,"href":"https:\/\/tursaytravel.com\/tr\/wp-json\/wp\/v2\/comments?post=20746"}],"wp:featuredmedia":[{"embeddable":true,"href":"https:\/\/tursaytravel.com\/tr\/wp-json\/wp\/v2\/media\/20759"}],"wp:attachment":[{"href":"https:\/\/tursaytravel.com\/tr\/wp-json\/wp\/v2\/media?parent=20746"}],"wp:term":[{"taxonomy":"product_brand","embeddable":true,"href":"https:\/\/tursaytravel.com\/tr\/wp-json\/wp\/v2\/product_brand?post=20746"},{"taxonomy":"product_cat","embeddable":true,"href":"https:\/\/tursaytravel.com\/tr\/wp-json\/wp\/v2\/product_cat?post=20746"},{"taxonomy":"product_tag","embeddable":true,"href":"https:\/\/tursaytravel.com\/tr\/wp-json\/wp\/v2\/product_tag?post=20746"}],"curies":[{"name":"wp","href":"https:\/\/api.w.org\/{rel}","templated":true}]}}