{"id":20661,"date":"2026-05-04T21:14:21","date_gmt":"2026-05-04T18:14:21","guid":{"rendered":"https:\/\/tursaytravel.com\/?post_type=product&#038;p=20661"},"modified":"2026-05-12T15:54:49","modified_gmt":"2026-05-12T12:54:49","slug":"alanya-sapadere-kanyonu-ve-dim-cayi-combo-turu","status":"publish","type":"product","link":"https:\/\/tursaytravel.com\/tr\/alanya-sapadere-kanyonu-ve-dim-cayi-combo-turu\/","title":{"rendered":"Alanya Sapadere Kanyonu ve Dim \u00c7ay\u0131 Combo Turu"},"content":{"rendered":"<h2>Alanya Sapadere Kanyonu ve Dim \u00c7ay\u0131 Combo Turu<\/h2>\n<p>Alanya\u2019n\u0131n do\u011fal g\u00fczelliklerini ke\u015ffetmek isteyenler i\u00e7in haz\u0131rlanan bu keyifli turda, serin kanyon sular\u0131nda y\u00fcr\u00fcy\u00fc\u015f yapacak, do\u011fayla i\u00e7 i\u00e7e e\u015fsiz manzaralar\u0131n tad\u0131n\u0131 \u00e7\u0131karacaks\u0131n\u0131z. Sapadere Kanyonu\u2019nda ferahlat\u0131c\u0131 bir mola, ard\u0131ndan Dim \u00c7ay\u0131\u2019nda do\u011fa ile i\u00e7 i\u00e7e bir \u00f6\u011fle yeme\u011fi sizleri bekliyor. G\u00fcn boyunca hem dinlenip hem de ke\u015ffedece\u011finiz dolu dolu bir program   <\/p>\n<h2>Tur Detaylar\u0131:<\/h2>\n<ul>\n<li>Sabah saat 08:00 civar\u0131nda otellerinizden al\u0131n\u0131\u015f<\/li>\n<li>Muz bah\u00e7esi ziyareti<\/li>\n<li>Sapadere Kanyonu\u2019na hareket<\/li>\n<li>Kanyonda y\u00fcr\u00fcy\u00fc\u015f ve y\u00fczme i\u00e7in yakla\u015f\u0131k 1 saat serbest zaman<\/li>\n<li>Lavanta bah\u00e7esi ve k\u00f6y pazar\u0131 ziyareti<\/li>\n<li>C\u00fcceler Ma\u011faras\u0131 ziyareti (giri\u015f \u00fccreti ekstrad\u0131r)<\/li>\n<li>Tarihi Antik Roma K\u00f6pr\u00fcs\u00fc\u2019ne hareket<\/li>\n<li>Burada y\u00fczme, do\u011fa y\u00fcr\u00fcy\u00fc\u015f\u00fc ve foto\u011fraf molas\u0131<\/li>\n<li>Dim \u00c7ay\u0131\u2019na ge\u00e7i\u015f ve \u00f6\u011fle yeme\u011fi molas\u0131 (yakla\u015f\u0131k 1 saat)<\/li>\n<li>Dileyen misafirlerimiz y\u00fczebilir<\/li>\n<li>(\u00d6\u011fle yeme\u011fi fiyata dahildir, i\u00e7ecekler ekstrad\u0131r)<\/li>\n<li>Saat 16:30 civar\u0131 otellere b\u0131rak\u0131l\u0131\u015f<\/li>\n<\/ul>\n<p>\u015eimdiden iyi e\u011flenceler \ud83d\ude42<\/p>\n<h3>Fiyata dahil:<\/h3>\n<ul>\n<li>Sigorta<\/li>\n<li>Rehber<\/li>\n<li>Otelinizden Al\u0131n\u0131\u015f\/Otelinize B\u0131rak\u0131l\u0131\u015f<\/li>\n<li>\u00d6\u011fle yeme\u011fi<\/li>\n<li>Sapadere Kanyonu giri\u015f \u00fccreti<\/li>\n<\/ul>\n<h3>\u0130ste\u011fe ba\u011fl\u0131 fiyata dahil olmayanlar:<\/h3>\n<ul>\n<li>\u0130\u00e7ecekler<\/li>\n<li>Ki\u015fisel Harcamalar<\/li>\n<li>C\u00fcceler ma\u011faras\u0131na giri\u015f \u00fccreti<\/li>\n<\/ul>\n<h3>Tavsiyeler ve ek bilgiler:<\/h3>\n<ul>\n<li>Y\u00fczmek istiyorsan\u0131z, mayo ve havlunuzu yan\u0131n\u0131zda getirmenizi \u00f6neririz.<\/li>\n<li>Al\u0131n\u0131\u015f ve b\u0131rak\u0131l\u0131\u015f saatleri otelinizin konumuna g\u00f6re de\u011fi\u015fiklik g\u00f6sterebilir.<\/li>\n<\/ul>\n<h2>Genel Bilgiler:<\/h2>\n<ul>\n<li>Tur G\u00fcnleri: Her g\u00fcn<\/li>\n<li>Al\u0131\u015f Noktas\u0131: Otel<\/li>\n<li>Al\u0131\u015f Saati: 08:00<\/li>\n<li>B\u0131rakma Noktas\u0131: Otel<\/li>\n<li>B\u0131rakma Saati: 16:30<\/li>\n<li>Tur S\u00fcresi: 9 (Ula\u015f\u0131m Dahil)<\/li>\n<\/ul>\n","protected":false},"excerpt":{"rendered":"<h3>Fiyat Listesi<\/h3>\n<table class=\"price-table\">\n<tbody>\n<tr>\n<td>Bir Ki\u015fi<\/td>\n<td>Yeti\u015fkin (&gt;12)<\/td>\n<td>735 TL<\/td>\n<\/tr>\n<tr>\n<td>Bir Ki\u015fi<\/td>\n<td>\u00c7ocuk (7-11)<\/td>\n<td>490 TL<\/td>\n<\/tr>\n<tr>\n<td>Bir Ki\u015fi<\/td>\n<td>Bebek (0-6)<\/td>\n<td>\u00dccretsiz<\/td>\n<\/tr>\n<\/tbody>\n<\/table>\n","protected":false},"featured_media":20669,"comment_status":"open","ping_status":"closed","template":"","meta":{"_joinchat":[]},"product_brand":[],"product_cat":[43],"product_tag":[],"class_list":{"0":"post-20661","1":"product","2":"type-product","3":"status-publish","4":"has-post-thumbnail","6":"product_cat-alanya-tatil-turlari","8":"first","9":"instock","10":"sold-individually","11":"shipping-taxable","12":"purchasable","13":"product-type-booking"},"booking_location":"","booking_location_type":"","booking_duration":1,"booking_duration_unit":"day","booking_buffer":0,"booking_cost":0,"booking_resources":[],"jetpack_sharing_enabled":true,"_links":{"self":[{"href":"https:\/\/tursaytravel.com\/tr\/wp-json\/wp\/v2\/product\/20661","targetHints":{"allow":["GET"]}}],"collection":[{"href":"https:\/\/tursaytravel.com\/tr\/wp-json\/wp\/v2\/product"}],"about":[{"href":"https:\/\/tursaytravel.com\/tr\/wp-json\/wp\/v2\/types\/product"}],"replies":[{"embeddable":true,"href":"https:\/\/tursaytravel.com\/tr\/wp-json\/wp\/v2\/comments?post=20661"}],"wp:featuredmedia":[{"embeddable":true,"href":"https:\/\/tursaytravel.com\/tr\/wp-json\/wp\/v2\/media\/20669"}],"wp:attachment":[{"href":"https:\/\/tursaytravel.com\/tr\/wp-json\/wp\/v2\/media?parent=20661"}],"wp:term":[{"taxonomy":"product_brand","embeddable":true,"href":"https:\/\/tursaytravel.com\/tr\/wp-json\/wp\/v2\/product_brand?post=20661"},{"taxonomy":"product_cat","embeddable":true,"href":"https:\/\/tursaytravel.com\/tr\/wp-json\/wp\/v2\/product_cat?post=20661"},{"taxonomy":"product_tag","embeddable":true,"href":"https:\/\/tursaytravel.com\/tr\/wp-json\/wp\/v2\/product_tag?post=20661"}],"curies":[{"name":"wp","href":"https:\/\/api.w.org\/{rel}","templated":true}]}}