{"id":19944,"date":"2026-04-20T01:02:09","date_gmt":"2026-04-19T22:02:09","guid":{"rendered":"https:\/\/tursaytravel.com\/?post_type=product&#038;p=19944"},"modified":"2026-04-20T01:18:59","modified_gmt":"2026-04-19T22:18:59","slug":"belekten-green-canyon-manavgat-selalesi-ve-hayvanat-bahcesi-turu","status":"publish","type":"product","link":"https:\/\/tursaytravel.com\/tr\/belekten-green-canyon-manavgat-selalesi-ve-hayvanat-bahcesi-turu\/","title":{"rendered":"Belek\u2019ten Green Canyon, Manavgat \u015eelalesi ve Hayvanat Bah\u00e7esi Turu"},"content":{"rendered":"<h2>Belek\u2019ten Green Canyon, Manavgat \u015eelalesi ve Hayvanat Bah\u00e7esi Turu<\/h2>\n<p>Do\u011fayla i\u00e7 i\u00e7e, keyif dolu ve dolu dolu bir g\u00fcn ge\u00e7irmek isteyenler i\u00e7in harika bir tur! Green Canyon\u2019un b\u00fcy\u00fcleyici manzaras\u0131nda tekne turuna \u00e7\u0131kacak, g\u00f6l kenar\u0131nda huzurlu bir \u00f6\u011fle yeme\u011fi yiyecek, Manavgat \u015eelalesi\u2019nin serin atmosferini hissedecek ve hayvanat bah\u00e7esi ziyareti ile g\u00fcn\u00fc renklendireceksiniz. Hem dinlenme hem ke\u015fif dolu bu tur, tatilinize unutulmaz an\u0131lar katacak.<\/p>\n<h2>Tur Detaylar\u0131:<\/h2>\n<ul>\n<li>Sabah saat 08:30 civar\u0131nda otelinizden al\u0131n\u0131\u015f<\/li>\n<li>Toplanma alan\u0131na var\u0131\u015f ve rehberimiz taraf\u0131ndan tur hakk\u0131nda bilgilendirme<\/li>\n<li>Tur ba\u015flang\u0131c\u0131<\/li>\n<li>Hayvanat bah\u00e7esine var\u0131\u015f (giri\u015f \u00fccreti dahildir) \u2013 45 dakika serbest zaman<\/li>\n<li>Geleneksel g\u00f6zleme yap\u0131lan alanda mola (yakla\u015f\u0131k 30 dakika)<\/li>\n<li>Green Canyon g\u00f6l kenar\u0131ndaki restoranda \u00f6\u011fle yeme\u011fi molas\u0131<br \/>\n(\u00d6\u011fle yeme\u011fi fiyata dahildir, i\u00e7ecekler ekstrad\u0131r)<\/li>\n<li>\u00d6\u011fle yeme\u011fi sonras\u0131 Green Canyon tekne turu (orijinal Green Canyon\u2019da)<\/li>\n<li>Tekne turu s\u0131ras\u0131nda alkols\u00fcz i\u00e7ecekler fiyata dahildir<\/li>\n<li>Turun son dura\u011f\u0131: Manavgat \u015eelalesi ziyareti<br \/>\n(giri\u015f \u00fccreti dahildir)<\/li>\n<li>D\u00f6n\u00fc\u015f<\/li>\n<li>Saat 18:00 civar\u0131nda otellere b\u0131rak\u0131l\u0131\u015f<\/li>\n<\/ul>\n<p>\u015eimdiden iyi e\u011flenceler \ud83d\ude42<\/p>\n<h3>Fiyata dahil:<\/h3>\n<ul>\n<li>Sigorta<\/li>\n<li>Rehber<\/li>\n<li>Otelinizden Al\u0131n\u0131\u015f\/Otelinize B\u0131rak\u0131l\u0131\u015f<\/li>\n<li>\u00d6\u011fle yeme\u011fi<\/li>\n<li>Hayvanat bah\u00e7esi giri\u015f \u00fccreti<\/li>\n<li>Green Canyon\u2019da tekne turu<\/li>\n<li>Alkols\u00fcz i\u00e7ecekler (Sadece teknede)<\/li>\n<li>Manavgat \u015eelalesi giri\u015f \u00fccreti<\/li>\n<\/ul>\n<h3>\u0130ste\u011fe ba\u011fl\u0131 fiyata dahil olmayanlar:<\/h3>\n<ul>\n<li>Foto\u011fraf videosu<\/li>\n<li>Ki\u015fisel giderler<\/li>\n<li>\u0130\u00e7ecekler<\/li>\n<\/ul>\n<h2>Tavsiyeler ve ek bilgiler:<\/h2>\n<ul>\n<li>Y\u00fczmek istiyorsan\u0131z yan\u0131n\u0131zda mayo ve havlu getirin.<\/li>\n<li>Al\u0131n\u0131\u015f ve b\u0131rak\u0131l\u0131\u015f saatleri otelinizin konumuna g\u00f6re de\u011fi\u015fiklik g\u00f6sterebilir.<\/li>\n<\/ul>\n<h2>Genel Bilgiler:<\/h2>\n<ul>\n<li>Tur G\u00fcnleri: Her g\u00fcn<\/li>\n<li>Al\u0131\u015f Noktas\u0131: Otel<\/li>\n<li>Al\u0131\u015f Saati:08:30<\/li>\n<li>B\u0131rakma Noktas\u0131: Otel<\/li>\n<li>B\u0131rakma Saati: 18:00<\/li>\n<li>Tur S\u00fcresi: 10 (Ula\u015f\u0131m Dahil)<\/li>\n<\/ul>\n","protected":false},"excerpt":{"rendered":"<h3>Fiyat Listesi<\/h3>\n<table class=\"price-table\">\n<tbody>\n<tr>\n<td>Bir Ki\u015fi<\/td>\n<td>Yeti\u015fkin (&gt;12)<\/td>\n<td>735 TL<\/td>\n<\/tr>\n<tr>\n<td>Bir Ki\u015fi<\/td>\n<td>\u00c7ocuk (7-11)<\/td>\n<td>490 TL<\/td>\n<\/tr>\n<tr>\n<td>Bir Ki\u015fi<\/td>\n<td>Bebek (0-6)<\/td>\n<td>\u00dccretsiz<\/td>\n<\/tr>\n<\/tbody>\n<\/table>\n","protected":false},"featured_media":19952,"comment_status":"open","ping_status":"closed","template":"","meta":{"_joinchat":[]},"product_brand":[],"product_cat":[71],"product_tag":[],"class_list":{"0":"post-19944","1":"product","2":"type-product","3":"status-publish","4":"has-post-thumbnail","6":"product_cat-belek-tatil-turlari","8":"first","9":"instock","10":"sold-individually","11":"shipping-taxable","12":"purchasable","13":"product-type-booking"},"booking_location":"","booking_location_type":"","booking_duration":1,"booking_duration_unit":"day","booking_buffer":0,"booking_cost":0,"booking_resources":[],"jetpack_sharing_enabled":true,"_links":{"self":[{"href":"https:\/\/tursaytravel.com\/tr\/wp-json\/wp\/v2\/product\/19944","targetHints":{"allow":["GET"]}}],"collection":[{"href":"https:\/\/tursaytravel.com\/tr\/wp-json\/wp\/v2\/product"}],"about":[{"href":"https:\/\/tursaytravel.com\/tr\/wp-json\/wp\/v2\/types\/product"}],"replies":[{"embeddable":true,"href":"https:\/\/tursaytravel.com\/tr\/wp-json\/wp\/v2\/comments?post=19944"}],"wp:featuredmedia":[{"embeddable":true,"href":"https:\/\/tursaytravel.com\/tr\/wp-json\/wp\/v2\/media\/19952"}],"wp:attachment":[{"href":"https:\/\/tursaytravel.com\/tr\/wp-json\/wp\/v2\/media?parent=19944"}],"wp:term":[{"taxonomy":"product_brand","embeddable":true,"href":"https:\/\/tursaytravel.com\/tr\/wp-json\/wp\/v2\/product_brand?post=19944"},{"taxonomy":"product_cat","embeddable":true,"href":"https:\/\/tursaytravel.com\/tr\/wp-json\/wp\/v2\/product_cat?post=19944"},{"taxonomy":"product_tag","embeddable":true,"href":"https:\/\/tursaytravel.com\/tr\/wp-json\/wp\/v2\/product_tag?post=19944"}],"curies":[{"name":"wp","href":"https:\/\/api.w.org\/{rel}","templated":true}]}}