{"id":6924,"date":"2025-04-23T02:44:09","date_gmt":"2025-04-22T23:44:09","guid":{"rendered":"https:\/\/tursaytravel.com\/?post_type=product&#038;p=6924"},"modified":"2026-04-17T15:18:01","modified_gmt":"2026-04-17T12:18:01","slug":"wycieczka-do-kanionu-tazi-i-raftingu-z-alanyi","status":"publish","type":"product","link":"https:\/\/tursaytravel.com\/pl\/wycieczka-do-kanionu-tazi-i-raftingu-z-alanyi\/","title":{"rendered":"Wycieczka do Kanionu Taz\u0131 i raftingu z Alanyi"},"content":{"rendered":"<h2>Wycieczka do Kanionu Taz\u0131 i raftingu z Alanyi<\/h2>\n<p>Przygotuj si\u0119 na odkrywanie magicznego pi\u0119kna natury podczas wycieczki po kanionie Taz\u0131 z Alanyi! Kanion Taz\u0131 ma spektakularny widok, a jego wysoko\u015b\u0107 przekracza 400 metr\u00f3w. Odkryjesz wyj\u0105tkowe pi\u0119kno natury Parku Narodowego Kanionu K\u00f6pr\u00fcl\u00fc  <\/p>\n<p>Rafting w Alanyi to idealna opcja dla tych, kt\u00f3rzy szukaj\u0105 wspania\u0142ej przygody w naturze. To idealna aktywno\u015b\u0107 dla tych, kt\u00f3rzy chc\u0105 prze\u017cy\u0107 pe\u0142ne adrenaliny do\u015bwiadczenie, jednocze\u015bnie ciesz\u0105c si\u0119 pi\u0119knem natury regionu. <\/p>\n<p>Przygotuj si\u0119 na odkrycie magicznego pi\u0119kna natury podczas Taz\u0131 Canyon Tour from Alanya! Taz\u0131 Canyon ma spektakularny widok, a jego wysoko\u015b\u0107 przekracza 400 metr\u00f3w. Odkryjesz wyj\u0105tkowe pi\u0119kno natury Parku Narodowego K\u00f6pr\u00fcl\u00fc Canyon. <\/p>\n<h2>Szczeg\u00f3\u0142y informacji o wycieczce:<\/h2>\n<ul>\n<li>Odbierzemy Ci\u0119 z hotelu klimatyzowanym autobusem o godzinie 08:00. (Kanion Taz\u0131 jest oddalony od Alanyi o oko\u0142o 130 km)<\/li>\n<li>Pojedziemy do Kanionu K\u00f6pr\u00fcl\u00fc i tam przesi\u0105dziemy si\u0119 do kabriolet\u00f3w.<\/li>\n<li>Kontynuujemy nasz\u0105 podr\u00f3\u017c przez natur\u0119 pojazdami typu cabrio z G\u00f3r Taurus do Kanionu Taz\u0131. W mi\u0119dzyczasie zobaczymy kanion nad Kanionem K\u00f6pr\u00fcl\u00fc i stary rzymski most antyczny <\/li>\n<li>Nast\u0119pnie zrobimy sobie przerw\u0119 na zdj\u0119cia w Panoramie Taurus.<\/li>\n<li>Nast\u0119pnie udamy si\u0119 do Kanionu Taz\u0131, gdzie b\u0119dzie czas wolny.<\/li>\n<li>Nast\u0119pnie udamy si\u0119 na teren raftingu.<\/li>\n<li>Nasz przewodnik udzieli Ci informacji i sprz\u0119tu do raftingu.<\/li>\n<li>Obszar raftingu ma oko\u0142o 14 km. Pierwszy obszar ma 8 km, nast\u0119pny 6 km. <\/li>\n<li>Po pierwszym odcinku raftingu, nad rzek\u0105 zrobimy sobie przerw\u0119 na lunch. (Obiad wliczony w cen\u0119 wycieczki) <\/li>\n<li>Na koniec wycieczki wr\u00f3cimy do Alanyi i odwieziemy Ci\u0119 do hotelu oko\u0142o 18:30.<\/li>\n<\/ul>\n<p>Baw si\u0119 ju\u017c\ud83d\ude42<\/p>\n<h2>W cenie:<\/h2>\n<ul>\n<li>Ubezpieczenie<\/li>\n<li>Przewodnik<\/li>\n<li>Odbi\u00f3r z hotelu\/powr\u00f3t do hotelu<\/li>\n<li>Sprz\u0119t<\/li>\n<li>Obiad<\/li>\n<\/ul>\n<h2>Opcjonalnie z ceny wy\u0142\u0105czone:<\/h2>\n<ul>\n<li>Napoje<\/li>\n<li>Zdj\u0119cia i wideo<\/li>\n<li>Wydatki osobiste<\/li>\n<\/ul>\n<h2>Wskaz\u00f3wki i dodatkowe informacje:<\/h2>\n<ul>\n<li>Nale\u017cy zabra\u0107 ze sob\u0105 r\u0119cznik, str\u00f3j k\u0105pielowy, spodenki, krem do opalania, buty do wody (na rafting) i buty do chodzenia (na kanion Taz\u0131). Je\u015bli nie masz but\u00f3w do wody, mo\u017cesz je kupi\u0107 u naszego przewodnika na terenie raftingu. (Ponadto)<\/li>\n<li>Kobiety w ci\u0105\u017cy nie mog\u0105 uczestniczy\u0107 w wycieczce raftingowej.<\/li>\n<li>Uczestnicy musz\u0105 mie\u0107 uko\u0144czone 3 lata<\/li>\n<li>Godziny odbioru i powr\u00f3t mog\u0105 si\u0119 r\u00f3\u017cni\u0107 w zale\u017cno\u015bci od lokalizacji hotelu.<\/li>\n<\/ul>\n<h2>Informacje og\u00f3lne:<\/h2>\n<ul>\n<li>Dni wycieczek: Poniedzia\u0142ek, Czwartek, Sobota<\/li>\n<li>Miejsce spotkania: Hotel.<\/li>\n<li>Godzina spotkania: 08:30<\/li>\n<li>Miejsce powr\u00f3tu: Hotel.<\/li>\n<li>Godzina powr\u00f3tu: 18:00<\/li>\n<li>Czas trwania wycieczki: 10 (transport wliczony)<\/li>\n<\/ul>\n","protected":false},"excerpt":{"rendered":"<h3>Cennik<\/h3>\n<table class=\"price-table\">\n<tbody>\n<tr>\n<td>Jedna osoba<\/td>\n<td>Doros\u0142y (&gt;11)<\/td>\n<td>35 \u20ac<\/td>\n<\/tr>\n<tr>\n<td>Jedna osoba<\/td>\n<td>Doros\u0142y (5-10)<\/td>\n<td>20 \u20ac<\/td>\n<\/tr>\n<tr>\n<td>Jedna osoba<\/td>\n<td>Niemowl\u0119 (0-4)<\/td>\n<td>Bezp\u0142atny<\/td>\n<\/tr>\n<\/tbody>\n<\/table>\n","protected":false},"featured_media":6932,"comment_status":"open","ping_status":"closed","template":"","meta":{"_joinchat":[]},"product_brand":[],"product_cat":[60],"product_tag":[],"class_list":{"0":"post-6924","1":"product","2":"type-product","3":"status-publish","4":"has-post-thumbnail","6":"product_cat-wycieczki-w-alanyi","8":"first","9":"instock","10":"sold-individually","11":"shipping-taxable","12":"purchasable","13":"product-type-booking"},"booking_location":"","booking_location_type":"","booking_duration":1,"booking_duration_unit":"day","booking_buffer":0,"booking_cost":0,"booking_resources":[],"jetpack_sharing_enabled":true,"_links":{"self":[{"href":"https:\/\/tursaytravel.com\/pl\/wp-json\/wp\/v2\/product\/6924","targetHints":{"allow":["GET"]}}],"collection":[{"href":"https:\/\/tursaytravel.com\/pl\/wp-json\/wp\/v2\/product"}],"about":[{"href":"https:\/\/tursaytravel.com\/pl\/wp-json\/wp\/v2\/types\/product"}],"replies":[{"embeddable":true,"href":"https:\/\/tursaytravel.com\/pl\/wp-json\/wp\/v2\/comments?post=6924"}],"wp:featuredmedia":[{"embeddable":true,"href":"https:\/\/tursaytravel.com\/pl\/wp-json\/wp\/v2\/media\/6932"}],"wp:attachment":[{"href":"https:\/\/tursaytravel.com\/pl\/wp-json\/wp\/v2\/media?parent=6924"}],"wp:term":[{"taxonomy":"product_brand","embeddable":true,"href":"https:\/\/tursaytravel.com\/pl\/wp-json\/wp\/v2\/product_brand?post=6924"},{"taxonomy":"product_cat","embeddable":true,"href":"https:\/\/tursaytravel.com\/pl\/wp-json\/wp\/v2\/product_cat?post=6924"},{"taxonomy":"product_tag","embeddable":true,"href":"https:\/\/tursaytravel.com\/pl\/wp-json\/wp\/v2\/product_tag?post=6924"}],"curies":[{"name":"wp","href":"https:\/\/api.w.org\/{rel}","templated":true}]}}