{"id":6826,"date":"2025-04-23T01:39:40","date_gmt":"2025-04-22T22:39:40","guid":{"rendered":"https:\/\/tursaytravel.com\/?post_type=product&#038;p=6826"},"modified":"2026-01-31T21:14:04","modified_gmt":"2026-01-31T18:14:04","slug":"wycieczka-po-miescie-alanya-i-rzece-dim","status":"publish","type":"product","link":"https:\/\/tursaytravel.com\/pl\/wycieczka-po-miescie-alanya-i-rzece-dim\/","title":{"rendered":"Wycieczka po mie\u015bcie Alanya i rzece Dim"},"content":{"rendered":"<h2>Wycieczka po mie\u015bcie Alanya i rzece Dim<\/h2>\n<p>Wycieczka po mie\u015bcie Alanya i rzece Dim to bardzo przyjemna opcja jednodniowej wycieczki dla tych, kt\u00f3rzy chc\u0105 odkry\u0107 pi\u0119kno Morza \u015ar\u00f3dziemnego. Pierwsza cz\u0119\u015b\u0107 wycieczki odb\u0119dzie si\u0119 w centrum miasta Alanya, a druga w regionie rzeki Dim, kt\u00f3ry jest otoczony natur\u0105. Nie przegap tej wspania\u0142ej wycieczki po Alanyi, kt\u00f3ra \u0142\u0105czy w sobie oba te elementy.  <\/p>\n<h2>Szczeg\u00f3\u0142y informacji o wycieczce:<\/h2>\n<ul>\n<li>Odbierzemy Pa\u0144stwa z hotelu oko\u0142o godziny 09:00 klimatyzowanym autokarem<\/li>\n<li>Udamy si\u0119 do Damlata\u015f, a nasz przewodnik udzieli Ci informacji o wycieczce.<\/li>\n<li>P\u00f3\u017aniej b\u0119dzie czas wolny.<\/li>\n<li>W wolnym czasie mo\u017cesz pop\u0142ywa\u0107 na pla\u017cy Damlata\u015f, zrobi\u0107 zakupy na targu, p\u00f3j\u015b\u0107 do jaskini Damlata\u015f i przejecha\u0107 si\u0119 kolejk\u0105 linow\u0105. (Bilet wst\u0119pu do jaskini i bilet wst\u0119pu na kolejk\u0119 linow\u0105 nie s\u0105 wliczone w wycieczk\u0119) <\/li>\n<li>Po wolnym czasie udamy si\u0119 w kierunku rzeki Dim na lunch. (Lunch jest wliczony w wycieczk\u0119)<\/li>\n<li>Mo\u017cesz pop\u0142ywa\u0107 w rzece Dim lub w basenie<\/li>\n<li>Po obiadu odwiedzimy du\u017cy ogr\u00f3d owoc\u00f3w tropikalnych i zjemy r\u00f3wnie\u017c owocowe smako\u0142yki.<\/li>\n<li>Nast\u0119pnie udamy si\u0119 do I LOVE ALANYA na przerw\u0119 na zdj\u0119cia.<\/li>\n<li>Odwieziemy Ci\u0119 do hotelu oko\u0142o godziny 17:00.<\/li>\n<\/ul>\n<p>Baw si\u0119 ju\u017c\ud83d\ude42<\/p>\n<h2>W cenie:<\/h2>\n<ul>\n<li>Ubezpieczenie<\/li>\n<li>Przewodnik<\/li>\n<li>Odbi\u00f3r z hotelu\/powr\u00f3t do hotelu<\/li>\n<li>Obiad<\/li>\n<li>Degustacja owoc\u00f3w<\/li>\n<\/ul>\n<h2>Opcjonalnie z ceny wy\u0142\u0105czone:<\/h2>\n<ul>\n<li>Wydatki osobiste<\/li>\n<li>Napoje<\/li>\n<li>Bilety wst\u0119pu do jaskini Damlata\u015f lub kolejki linowej<\/li>\n<\/ul>\n<h2>Wskaz\u00f3wki i dodatkowe informacje:<\/h2>\n<ul>\n<li>Godziny odbioru i powr\u00f3t mog\u0105 si\u0119 r\u00f3\u017cni\u0107 w zale\u017cno\u015bci od lokalizacji hotelu.<\/li>\n<li>Je\u015bli chcesz pop\u0142ywa\u0107, powiniene\u015b zabra\u0107 ze sob\u0105 r\u0119cznik i str\u00f3j k\u0105pielowy.<\/li>\n<\/ul>\n<h2>Informacje og\u00f3lne:<\/h2>\n<ul>\n<li>Dni wycieczek: wtorek, czwartek, pi\u0105tek, niedziela<\/li>\n<li>Miejsce spotkania: Hotel.<\/li>\n<li>Godzina spotkania: 09:00<\/li>\n<li>Miejsce powr\u00f3tu: Hotel.<\/li>\n<li>Godzina powr\u00f3tu: 17:00<\/li>\n<li>Czas trwania wycieczki: 8 (transport wliczony)<\/li>\n<\/ul>\n","protected":false},"excerpt":{"rendered":"<h3>Cennik<\/h3>\n<table class=\"price-table\">\n<tbody>\n<tr>\n<td>Jedna osoba<\/td>\n<td>Doros\u0142y (&gt;10)<\/td>\n<td>25 \u20ac<\/td>\n<\/tr>\n<tr>\n<td>Jedna osoba\n<\/td>\n<td>Dziecko (5-9)<\/td>\n<td>15 \u20ac<\/td>\n<\/tr>\n<tr>\n<td>Jedna osoba<\/td>\n<td>Niemowl\u0119 (0-4)<\/td>\n<td>Bezp\u0142atny<\/td>\n<\/tr>\n<\/tbody>\n<\/table>\n","protected":false},"featured_media":6834,"comment_status":"open","ping_status":"closed","template":"","meta":{"_joinchat":[]},"product_brand":[],"product_cat":[60],"product_tag":[],"class_list":{"0":"post-6826","1":"product","2":"type-product","3":"status-publish","4":"has-post-thumbnail","6":"product_cat-wycieczki-w-alanyi","8":"first","9":"instock","10":"sold-individually","11":"shipping-taxable","12":"purchasable","13":"product-type-booking"},"booking_location":"","booking_location_type":"","booking_duration":1,"booking_duration_unit":"day","booking_buffer":0,"booking_cost":0,"booking_resources":[],"jetpack_sharing_enabled":true,"_links":{"self":[{"href":"https:\/\/tursaytravel.com\/pl\/wp-json\/wp\/v2\/product\/6826","targetHints":{"allow":["GET"]}}],"collection":[{"href":"https:\/\/tursaytravel.com\/pl\/wp-json\/wp\/v2\/product"}],"about":[{"href":"https:\/\/tursaytravel.com\/pl\/wp-json\/wp\/v2\/types\/product"}],"replies":[{"embeddable":true,"href":"https:\/\/tursaytravel.com\/pl\/wp-json\/wp\/v2\/comments?post=6826"}],"wp:featuredmedia":[{"embeddable":true,"href":"https:\/\/tursaytravel.com\/pl\/wp-json\/wp\/v2\/media\/6834"}],"wp:attachment":[{"href":"https:\/\/tursaytravel.com\/pl\/wp-json\/wp\/v2\/media?parent=6826"}],"wp:term":[{"taxonomy":"product_brand","embeddable":true,"href":"https:\/\/tursaytravel.com\/pl\/wp-json\/wp\/v2\/product_brand?post=6826"},{"taxonomy":"product_cat","embeddable":true,"href":"https:\/\/tursaytravel.com\/pl\/wp-json\/wp\/v2\/product_cat?post=6826"},{"taxonomy":"product_tag","embeddable":true,"href":"https:\/\/tursaytravel.com\/pl\/wp-json\/wp\/v2\/product_tag?post=6826"}],"curies":[{"name":"wp","href":"https:\/\/api.w.org\/{rel}","templated":true}]}}