{"id":6784,"date":"2025-04-23T00:32:39","date_gmt":"2025-04-22T21:32:39","guid":{"rendered":"https:\/\/tursaytravel.com\/?post_type=product&#038;p=6784"},"modified":"2025-09-05T16:06:07","modified_gmt":"2025-09-05T13:06:07","slug":"prywatna-wycieczka-lodzia-w-alanyi","status":"publish","type":"product","link":"https:\/\/tursaytravel.com\/pl\/prywatna-wycieczka-lodzia-w-alanyi\/","title":{"rendered":"Prywatna wycieczka \u0142odzi\u0105 w Alanyi"},"content":{"rendered":"<h2>Prywatna wycieczka \u0142odzi\u0105 w Alanyi<\/h2>\n<p>Prywatna wycieczka \u0142odzi\u0105 w Alanyi oferuje niezapomniane wra\u017cenia w sercu Morza \u015ar\u00f3dziemnego. Alanya przyci\u0105ga tysi\u0105ce turyst\u00f3w ka\u017cdego roku nie tylko swoim historycznym pi\u0119knem i g\u0142\u0119bokim, b\u0142\u0119kitnym morzem, ale tak\u017ce wyj\u0105tkowymi mo\u017cliwo\u015bciami morskimi, jakie oferuje. Jedn\u0105 z najbardziej wyj\u0105tkowych i uprzywilejowanych z tych aktywno\u015bci s\u0105 niew\u0105tpliwie prywatne wycieczki \u0142odzi\u0105. Je\u015bli chcesz mieszka\u0107 z dala od t\u0142umu, tylko z ukochanymi osobami i cieszy\u0107 si\u0119 morzem i spokojem, mo\u017cesz sp\u0119dzi\u0107 wspania\u0142y dzie\u0144 w spokoju Morza \u015ar\u00f3dziemnego dzi\u0119ki naszej prywatnej wycieczce \u0142odzi\u0105 w Alanyi.   <\/p>\n<h2>Szczeg\u00f3\u0142y informacji o wycieczce:<\/h2>\n<h3>Mamy 2 opcje czasu trwania wycieczki;<\/h3>\n<ul>\n<li>10:00\/14:00<\/li>\n<li>15:00\/19:00<\/li>\n<\/ul>\n<p>Mo\u017cesz wybra\u0107 godzin\u0119, kt\u00f3r\u0105 chcesz z 2 opcji.<\/p>\n<ul>\n<li>Po odebraniu z hotelu udamy si\u0119 do portu w Alanyi.<\/li>\n<li>Po wyp\u0142yni\u0119ciu \u0142odzi z portu zrobimy pierwsz\u0105 przerw\u0119 na p\u0142ywanie w stoczni obok Czerwonej Wie\u017cy.<\/li>\n<li>Zobaczymy 3 jaskinie, aby zrobi\u0107 sobie przerw\u0119 na zdj\u0119cia (Jaskinia Pirat\u00f3w, Jaskinia Kochank\u00f3w, Jaskinia Fosforowa)<\/li>\n<li>Udamy si\u0119 na pla\u017c\u0119 Kleopatry i zrobimy sobie przerw\u0119 na p\u0142ywanie.<\/li>\n<li>Zrobimy sobie przerw\u0119 na obiad. (Obiad sk\u0142ada si\u0119 z kurczaka lub makaronu rybnego, sa\u0142atki i owoc\u00f3w) <\/li>\n<li>Obiad jest wliczony w cen\u0119 wycieczki. Ponadto napoje bezalkoholowe s\u0105 bezp\u0142atne przez ca\u0142y dzie\u0144. <\/li>\n<li>Wr\u00f3cimy do portu z otwartego morza.<\/li>\n<li>Po zako\u0144czeniu wycieczki zostaniesz odwieziony do hotelu.<\/li>\n<\/ul>\n<p>Baw si\u0119 ju\u017c\ud83d\ude42<\/p>\n<h2>W cenie:<\/h2>\n<ul>\n<li>Ubezpieczenie<\/li>\n<li>Przewodnik<\/li>\n<li>Odbi\u00f3r z hotelu\/powr\u00f3t do hotelu<\/li>\n<li>Obiad, owoce<\/li>\n<li>Nap\u00f3j bezalkoholowy na ca\u0142y dzie\u0144<\/li>\n<\/ul>\n<h2>Opcjonalnie z ceny wy\u0142\u0105czone:<\/h2>\n<ul>\n<li>Alkohol<\/li>\n<\/ul>\n<h2>Wskaz\u00f3wki i dodatkowe informacje:<\/h2>\n<ul>\n<li>Prosimy o kontakt przez WhatsApp w celu dokonania rezerwacji.<\/li>\n<li>Nasz limit to 5 os\u00f3b. Cena wynosi 350 euro. Nawet je\u015bli liczba os\u00f3b si\u0119 zmniejszy, cena si\u0119 nie zmieni. Ca\u0142kowita cena dla 1 do 5 os\u00f3b wynosi 350 euro.   <\/li>\n<li>Je\u015bli liczba os\u00f3b jest wi\u0119ksza, nasza wycieczka odb\u0119dzie si\u0119 nasz\u0105 nieco wi\u0119ksz\u0105 \u0142odzi\u0105. W tej sprawie nale\u017cy si\u0119 z nami skontaktowa\u0107 <\/li>\n<li>Godziny odbioru i powr\u00f3t mog\u0105 si\u0119 r\u00f3\u017cni\u0107 w zale\u017cno\u015bci od lokalizacji hotelu.<\/li>\n<li>Powiniene\u015b zabra\u0107 ze sob\u0105 r\u0119cznik, str\u00f3j k\u0105pielowy, okulary przeciws\u0142oneczne i krem z filtrem przeciws\u0142onecznym.<\/li>\n<li>Mo\u017cesz zabra\u0107 ze sob\u0105 w\u0142asny alkohol (1 lub 2 butelki), ale musisz mie\u0107 przy sobie paragon za alkohol.<\/li>\n<\/ul>\n<h2>Informacje og\u00f3lne:<\/h2>\n<ul>\n<li>Dni wycieczek: Prosimy o kontakt przez Whatsapp<\/li>\n<li>Miejsce spotkania: Hotel.<\/li>\n<li>Godzina spotkania: 10:00\/15:00<\/li>\n<li>Miejsce powr\u00f3tu: Hotel.<\/li>\n<li>Godzina powr\u00f3tu: 14:00\/19:00<\/li>\n<li>Czas trwania wycieczki: 4 (transport wliczony)<\/li>\n<\/ul>\n","protected":false},"excerpt":{"rendered":"<h3>Cennik<\/h3>\n<p><span style=\"font-size: 120%;\"><span style=\"color: #000000;\">350 euro dla maksymalnie 5 os\u00f3b<\/span><\/span><\/p>\n<p><span style=\"font-size: 120%;\"><strong><span style=\"color: #000000;\">Prosimy o kontakt przez WhatsApp w celu uzyskania szczeg\u00f3\u0142owych informacji i termin\u00f3w wycieczek.<\/span><\/strong><\/span><\/p>\n","protected":false},"featured_media":6805,"comment_status":"open","ping_status":"closed","template":"","meta":{"_joinchat":[]},"product_brand":[],"product_cat":[60],"product_tag":[],"class_list":{"0":"post-6784","1":"product","2":"type-product","3":"status-publish","4":"has-post-thumbnail","6":"product_cat-wycieczki-w-alanyi","8":"first","9":"instock","10":"sold-individually","11":"shipping-taxable","12":"purchasable","13":"product-type-booking"},"booking_location":"","booking_location_type":"","booking_duration":1,"booking_duration_unit":"day","booking_buffer":0,"booking_cost":350,"booking_resources":[],"jetpack_sharing_enabled":true,"_links":{"self":[{"href":"https:\/\/tursaytravel.com\/pl\/wp-json\/wp\/v2\/product\/6784","targetHints":{"allow":["GET"]}}],"collection":[{"href":"https:\/\/tursaytravel.com\/pl\/wp-json\/wp\/v2\/product"}],"about":[{"href":"https:\/\/tursaytravel.com\/pl\/wp-json\/wp\/v2\/types\/product"}],"replies":[{"embeddable":true,"href":"https:\/\/tursaytravel.com\/pl\/wp-json\/wp\/v2\/comments?post=6784"}],"wp:featuredmedia":[{"embeddable":true,"href":"https:\/\/tursaytravel.com\/pl\/wp-json\/wp\/v2\/media\/6805"}],"wp:attachment":[{"href":"https:\/\/tursaytravel.com\/pl\/wp-json\/wp\/v2\/media?parent=6784"}],"wp:term":[{"taxonomy":"product_brand","embeddable":true,"href":"https:\/\/tursaytravel.com\/pl\/wp-json\/wp\/v2\/product_brand?post=6784"},{"taxonomy":"product_cat","embeddable":true,"href":"https:\/\/tursaytravel.com\/pl\/wp-json\/wp\/v2\/product_cat?post=6784"},{"taxonomy":"product_tag","embeddable":true,"href":"https:\/\/tursaytravel.com\/pl\/wp-json\/wp\/v2\/product_tag?post=6784"}],"curies":[{"name":"wp","href":"https:\/\/api.w.org\/{rel}","templated":true}]}}