{"id":6351,"date":"2025-04-22T21:49:00","date_gmt":"2025-04-22T18:49:00","guid":{"rendered":"https:\/\/tursaytravel.com\/?post_type=product&#038;p=6351"},"modified":"2026-01-31T21:54:40","modified_gmt":"2026-01-31T18:54:40","slug":"3-dniowa-wycieczka-do-kapadocji-z-alanyi","status":"publish","type":"product","link":"https:\/\/tursaytravel.com\/pl\/3-dniowa-wycieczka-do-kapadocji-z-alanyi\/","title":{"rendered":"3-Dniowa Wycieczka do Kapadocji z Alanyi"},"content":{"rendered":"<h2>3-Dniowa Wycieczka do Kapadocji z Alanyi<\/h2>\n<p>Wycieczka z Alanyi do Kapadocji to \u015bwietna opcja dla tych, kt\u00f3rzy chc\u0105 odkry\u0107 pi\u0119kno natury, zabytki i bogactwo kulturowe. Organizowany jest w systemie 2 noce i 3 dni. <\/p>\n<p>Kapadocja znajduje si\u0119 na p\u00f3\u0142nocny wsch\u00f3d od Alanyi, w odleg\u0142o\u015bci oko\u0142o 500 km. W cen\u0119 wycieczki wliczony jest nocleg w hotelu 3-gwiazdkowym.  Kapadocja s\u0142ynie z podziemnych miast, dolin, jaski\u0144 i komin\u00f3w bajkowych. Naturalne formacje skalne powstaj\u0105 w wyniku milion\u00f3w lat erozji. To mistyczne miejsce, w kt\u00f3rym historia spotyka si\u0119 z natur\u0105. Wycieczka z Alanyi do Kapadocji b\u0119dzie wspania\u0142ym prze\u017cyciem dla tych, kt\u00f3rzy chc\u0105 odkry\u0107 pi\u0119kno natury i bogactwo historii.   <\/p>\n<h2>Szczeg\u00f3\u0142y informacji o wycieczce:<\/h2>\n<h3>Pierwszy dzie\u0144:<\/h3>\n<ul>\n<li>Odbierzemy Ci\u0119 z hotelu o godzinie 04:30.<\/li>\n<li>Zrobimy Ci przerw\u0119 na zdj\u0119cia i \u015bniadanie w g\u00f3rach Taurus. (\u015aniadanie nie jest wliczone w cen\u0119 wycieczki) <\/li>\n<li>Odwiedzimy Mauzoleum Mevlany w mie\u015bcie Konya.<\/li>\n<li>Odwiedzimy Karawanseraj Sultanhan\u0131<\/li>\n<li>Zrobimy sobie przerw\u0119 na obiad w Aksaray (Obiad nie jest wliczony w cen\u0119 wycieczki)<\/li>\n<li>Odwiedzimy Podziemne Miasto Tatlarin i Ko\u015bci\u00f3\u0142 (dodatkowo. Oko\u0142o 2 euro)<\/li>\n<li>Kolacja w hotelu (Kolacja jest wliczona w cen\u0119 wycieczki)<\/li>\n<\/ul>\n<h3>Drugi dzie\u0144:<\/h3>\n<ul>\n<li>Transfer na parad\u0119 balon\u00f3w o \u015bwicie wcze\u015bnie rano, aby zobaczy\u0107 panoramiczny punkt widokowy i lataj\u0105ce balony. (Z zastrze\u017ceniem opcjonalnej op\u0142aty dodatkowej) <\/li>\n<li>\u015aniadanie w hotelu (wliczone w cen\u0119)<\/li>\n<li>Dolina Devrent (piesza w\u0119dr\u00f3wka 2 km)<\/li>\n<li>Odwiedzimy warsztat ceramiczny.<\/li>\n<li>Odwiedzimy miasteczko \u00c7avu\u015fin. P\u00f3\u017aniej odwiedzimy ko\u015bci\u00f3\u0142 \u015bw. Jana<\/li>\n<li>Obiad w Avanos (Obiad nie jest wliczony w cen\u0119 wycieczki)<\/li>\n<li>Spacer po Avanos K\u0131z\u0131l\u0131rmak (Czerwona Rzeka)<\/li>\n<li>Odwiedzimy Dolin\u0119 Mi\u0142o\u015bci.<\/li>\n<li>Zrobimy sobie przerw\u0119 na zdj\u0119cia w dolinie G\u00f6reme.<\/li>\n<li>Zrobimy sobie przerw\u0119 na zdj\u0119cia w zamku U\u00e7hisar.<\/li>\n<li>Na przerw\u0119 na zdj\u0119cia pojedziemy do doliny G\u00fcvercinlik.<\/li>\n<li>Odpoczynek w hotelu i kolacja.<\/li>\n<\/ul>\n<h3>Trzeci dzie\u0144:<\/h3>\n<ul>\n<li>\u015aniadanie w hotelu. (wliczone w cen\u0119)<\/li>\n<li>Wyjazd z hotelu.<\/li>\n<li>Odwiedzimy fabryk\u0119 Onix.<\/li>\n<li>Odwiedzimy lokalny sklep Cappadocia Pumpkins.<\/li>\n<li>Przerwa w drodze przy karawanseraju Tepesidelik.<\/li>\n<li>Obiad w mie\u015bcie Konya. (Obiad nie jest wliczony w cen\u0119 wycieczki) <\/li>\n<li>Powr\u00f3t do Alanyi<\/li>\n<li>Odwieziemy Ci\u0119 do hotelu oko\u0142o godziny 18:00.<\/li>\n<\/ul>\n<p>Baw si\u0119 ju\u017c\ud83d\ude42<\/p>\n<h2>W cenie:<\/h2>\n<ul>\n<li>Ubezpieczenie<\/li>\n<li>Przewodnik<\/li>\n<li>Odbi\u00f3r z hotelu\/powr\u00f3t do hotelu<\/li>\n<li>2 noclegi w 3-gwiazdkowym hotelu w \u00dcrg\u00fcp \/p\u00f3\u0142pensjonat.<\/li>\n<li>2 kolacje i 2 \u015bniadania w hotelu.<\/li>\n<\/ul>\n<h2>Opcjonalnie z ceny wy\u0142\u0105czone:<\/h2>\n<ul>\n<li>\u015aniadanie pierwszego dnia i ca\u0142y obiad.<\/li>\n<li>Wszystkie napoje<\/li>\n<li>Op\u0142ata za wst\u0119p do podziemnego miasta Tatlarin i ko\u015bcio\u0142a. (Oko\u0142o 2 euro)<\/li>\n<li>Wydatki osobiste<\/li>\n<li>Turecki pokaz nocny, pokaz wiruj\u0105cych derwisz\u00f3w, loty balonem i ogl\u0105danie balon\u00f3w.<\/li>\n<li>Pok\u00f3j jednoosobowy w hotelu &#8211; 15 euro za noc. (Je\u015bli jeste\u015b jedn\u0105 osob\u0105 i chcesz zatrzyma\u0107 si\u0119 w pokoju jednoosobowym) <\/li>\n<\/ul>\n<h2>Wskaz\u00f3wki i dodatkowe informacje:<\/h2>\n<ul>\n<li>Paszport lub dow\u00f3d osobisty, zabierz ze sob\u0105 aparat i telefon kom\u00f3rkowy.<\/li>\n<li>Mo\u017cesz zabra\u0107 ze sob\u0105 kurtk\u0119, poniewa\u017c w Kapadocji mo\u017ce by\u0107 ch\u0142odniej.  <\/li>\n<li>Powiniene\u015b zabra\u0107 ze sob\u0105 wygodne buty do chodzenia.<\/li>\n<li>Godziny odbioru i powr\u00f3t mog\u0105 si\u0119 r\u00f3\u017cni\u0107 w zale\u017cno\u015bci od lokalizacji hotelu.<\/li>\n<\/ul>\n<h2>Informacje og\u00f3lne:<\/h2>\n<ul>\n<li>Dni wycieczek: wtorek<\/li>\n<li>Miejsce spotkania: Hotel.<\/li>\n<li>Godzina spotkania: 04:30<\/li>\n<li>Miejsce powr\u00f3tu: Hotel.<\/li>\n<li>Godzina powr\u00f3tu: 18:00<\/li>\n<li>Czas trwania wycieczki: 3 dni<\/li>\n<\/ul>\n","protected":false},"excerpt":{"rendered":"<h3>Cennik<\/h3>\n<table class=\"price-table\">\n<tbody>\n<tr>\n<td>Jedna osoba<\/td>\n<td>Doros\u0142y (&gt;11)<\/td>\n<td>130 \u20ac<\/td>\n<\/tr>\n<tr>\n<td>Jedna osoba<\/td>\n<td>Dziecko(6-10)<\/td>\n<td> 65 \u20ac<\/td>\n<\/tr>\n<tr>\n<td>Jedna osoba<\/td>\n<td>Niemowl\u0119 (0-5)<\/td>\n<td>Bezp\u0142atny<\/td>\n<\/tr>\n<\/tbody>\n<\/table>\n","protected":false},"featured_media":6476,"comment_status":"open","ping_status":"closed","template":"","meta":{"_joinchat":[]},"product_brand":[],"product_cat":[60],"product_tag":[],"class_list":{"0":"post-6351","1":"product","2":"type-product","3":"status-publish","4":"has-post-thumbnail","6":"product_cat-wycieczki-w-alanyi","8":"first","9":"instock","10":"sold-individually","11":"shipping-taxable","12":"purchasable","13":"product-type-booking"},"booking_location":"","booking_location_type":"","booking_duration":1,"booking_duration_unit":"day","booking_buffer":0,"booking_cost":0,"booking_resources":[],"jetpack_sharing_enabled":true,"_links":{"self":[{"href":"https:\/\/tursaytravel.com\/pl\/wp-json\/wp\/v2\/product\/6351","targetHints":{"allow":["GET"]}}],"collection":[{"href":"https:\/\/tursaytravel.com\/pl\/wp-json\/wp\/v2\/product"}],"about":[{"href":"https:\/\/tursaytravel.com\/pl\/wp-json\/wp\/v2\/types\/product"}],"replies":[{"embeddable":true,"href":"https:\/\/tursaytravel.com\/pl\/wp-json\/wp\/v2\/comments?post=6351"}],"wp:featuredmedia":[{"embeddable":true,"href":"https:\/\/tursaytravel.com\/pl\/wp-json\/wp\/v2\/media\/6476"}],"wp:attachment":[{"href":"https:\/\/tursaytravel.com\/pl\/wp-json\/wp\/v2\/media?parent=6351"}],"wp:term":[{"taxonomy":"product_brand","embeddable":true,"href":"https:\/\/tursaytravel.com\/pl\/wp-json\/wp\/v2\/product_brand?post=6351"},{"taxonomy":"product_cat","embeddable":true,"href":"https:\/\/tursaytravel.com\/pl\/wp-json\/wp\/v2\/product_cat?post=6351"},{"taxonomy":"product_tag","embeddable":true,"href":"https:\/\/tursaytravel.com\/pl\/wp-json\/wp\/v2\/product_tag?post=6351"}],"curies":[{"name":"wp","href":"https:\/\/api.w.org\/{rel}","templated":true}]}}