{"id":5606,"date":"2024-05-21T00:36:10","date_gmt":"2024-05-20T21:36:10","guid":{"rendered":"https:\/\/tursaytravel.com\/wycieczka-do-aquaparku-w-alanyi\/"},"modified":"2026-01-31T21:18:21","modified_gmt":"2026-01-31T18:18:21","slug":"wycieczka-do-aquaparku-w-alanyi","status":"publish","type":"product","link":"https:\/\/tursaytravel.com\/pl\/wycieczka-do-aquaparku-w-alanyi\/","title":{"rendered":"Wycieczka do Aquaparku w Alanyi"},"content":{"rendered":"<h2>Wycieczka do Aquaparku w Alanyi<\/h2>\n<p>Eftalia Aquapark to du\u017cy park wodny po\u0142o\u017cony w mie\u015bcie Alanya w T\u00fcrkler, kt\u00f3ry oferuje rozrywk\u0119 dla os\u00f3b w ka\u017cdym wieku. Mo\u017cesz zamieni\u0107 swoje wakacje w pyszne do\u015bwiadczenie dzi\u0119ki nieograniczonemu bufetowi z jedzeniem i napojami. Eftalia Aquapark jest dla tych, kt\u00f3rzy chc\u0105 sp\u0119dzi\u0107 gor\u0105ce letnie dni w ch\u0142odnej i zabawnej atmosferze. \u015awietna opcja dla.   <\/p>\n<h3>Szczeg\u00f3\u0142y informacji o wycieczce:<\/h3>\n<ul>\n<li>Odbierzemy Ci\u0119 z hotelu oko\u0142o 09:00 rano.<\/li>\n<li>Aquapark znajduje si\u0119 w dzielnicy T\u00fcrkler, oko\u0142o 25 km od Alanyi.<\/li>\n<li>Przyjazd do aquaparku i czas wolny.<\/li>\n<li>Nieograniczone jedzenie w bufecie (mi\u0119dzy godzin\u0105 12:00 a 16:00)<\/li>\n<li>Nieograniczone napoje bezalkoholowe i lody (mi\u0119dzy godzin\u0105 12:00 a 16:00)<\/li>\n<li>Nieograniczone lokalne napoje alkoholowe (piwo, wino). (mi\u0119dzy godzin\u0105 12:00 a 16:00)<\/li>\n<li>W aquaparku znajduje si\u0119 7 basen\u00f3w i 19 zje\u017cd\u017calni.<\/li>\n<li>Odwieziemy Ci\u0119 do hotelu oko\u0142o godziny 17:30.<\/li>\n<\/ul>\n<p>Baw si\u0119 ju\u017c \ud83d\ude42<\/p>\n<h3>W cenie:<\/h3>\n<ul>\n<li>Ubezpieczenie<\/li>\n<li>Przewodnik<\/li>\n<li>Odbi\u00f3r z hotelu\/powr\u00f3t do hotelu<\/li>\n<li>Op\u0142ata za wst\u0119p do Aquaparku<\/li>\n<li>Jedzenie, napoje, lokalne napoje alkoholowe, lody<\/li>\n<li>Le\u017cak, parasol<\/li>\n<\/ul>\n<h3>Opcjonalnie z ceny wy\u0142\u0105czone:<\/h3>\n<ul>\n<li>Wydatki osobiste<\/li>\n<\/ul>\n<h3>Wskaz\u00f3wki i dodatkowe informacje:<\/h3>\n<ul>\n<li>Mo\u017cesz bezpiecznie zostawi\u0107 swoje rzeczy w naszym poje\u017adzie.<\/li>\n<li>Zabierz ze sob\u0105 krem do opalania, r\u0119cznik, kostium k\u0105pielowy.<\/li>\n<li>Godziny odbioru i powr\u00f3t mog\u0105 si\u0119 r\u00f3\u017cni\u0107 w zale\u017cno\u015bci od lokalizacji hotelu.<\/li>\n<\/ul>\n<h3>Informacje og\u00f3lne:<\/h3>\n<ul>\n<li>Dni wycieczek: Codziennie<\/li>\n<li>Miejsce spotkania: Hotel.<\/li>\n<li>Godzina spotkania: 09:00<\/li>\n<li>Miejsce powr\u00f3tu: Hotel.<\/li>\n<li>Godzina powr\u00f3tu: 17:30<\/li>\n<li>Czas trwania wycieczki: 8 (transport wliczony)<\/li>\n<\/ul>\n","protected":false},"excerpt":{"rendered":"<h3>Cennik<\/h3>\n<table class=\"price-table\">\n<tbody>\n<tr>\n<td>Jedna osoba<\/td>\n<td>Doros\u0142y (&gt;12)<\/td>\n<td>55 \u20ac<\/td>\n<\/tr>\n<tr>\n<td>Jedna osoba<\/td>\n<td>Dziecko (6-11)<\/td>\n<td>40 \u20ac<\/td>\n<\/tr>\n<tr>\n<td>Jedna osoba<\/td>\n<td>Niemowl\u0119 (0-5)<\/td>\n<td>Bezp\u0142atny<\/td>\n<\/tr>\n<\/tbody>\n<\/table>\n","protected":false},"featured_media":5610,"comment_status":"open","ping_status":"closed","template":"","meta":{"_joinchat":[]},"product_brand":[],"product_cat":[60],"product_tag":[],"class_list":{"0":"post-5606","1":"product","2":"type-product","3":"status-publish","4":"has-post-thumbnail","6":"product_cat-wycieczki-w-alanyi","8":"first","9":"instock","10":"sold-individually","11":"shipping-taxable","12":"purchasable","13":"product-type-booking"},"booking_location":"","booking_location_type":"","booking_duration":1,"booking_duration_unit":"day","booking_buffer":0,"booking_cost":0,"booking_resources":[],"jetpack_sharing_enabled":true,"_links":{"self":[{"href":"https:\/\/tursaytravel.com\/pl\/wp-json\/wp\/v2\/product\/5606","targetHints":{"allow":["GET"]}}],"collection":[{"href":"https:\/\/tursaytravel.com\/pl\/wp-json\/wp\/v2\/product"}],"about":[{"href":"https:\/\/tursaytravel.com\/pl\/wp-json\/wp\/v2\/types\/product"}],"replies":[{"embeddable":true,"href":"https:\/\/tursaytravel.com\/pl\/wp-json\/wp\/v2\/comments?post=5606"}],"wp:featuredmedia":[{"embeddable":true,"href":"https:\/\/tursaytravel.com\/pl\/wp-json\/wp\/v2\/media\/5610"}],"wp:attachment":[{"href":"https:\/\/tursaytravel.com\/pl\/wp-json\/wp\/v2\/media?parent=5606"}],"wp:term":[{"taxonomy":"product_brand","embeddable":true,"href":"https:\/\/tursaytravel.com\/pl\/wp-json\/wp\/v2\/product_brand?post=5606"},{"taxonomy":"product_cat","embeddable":true,"href":"https:\/\/tursaytravel.com\/pl\/wp-json\/wp\/v2\/product_cat?post=5606"},{"taxonomy":"product_tag","embeddable":true,"href":"https:\/\/tursaytravel.com\/pl\/wp-json\/wp\/v2\/product_tag?post=5606"}],"curies":[{"name":"wp","href":"https:\/\/api.w.org\/{rel}","templated":true}]}}