{"id":5572,"date":"2024-05-21T22:09:37","date_gmt":"2024-05-21T19:09:37","guid":{"rendered":"https:\/\/tursaytravel.com\/wycieczka-kanionu-rafting-zipline-w-alanyi\/"},"modified":"2026-01-31T21:40:53","modified_gmt":"2026-01-31T18:40:53","slug":"wycieczka-kanionu-rafting-zipline-w-alanyi","status":"publish","type":"product","link":"https:\/\/tursaytravel.com\/pl\/wycieczka-kanionu-rafting-zipline-w-alanyi\/","title":{"rendered":"Wycieczka kanionu-Rafting-Zipline w Alanyi"},"content":{"rendered":"<h2>Wycieczka kanionu-Rafting-Zipline w Alanyi<\/h2>\n<p>Rafting, kanionu i Zipline Wycieczka w K\u00f6pr\u00fcl\u00fc kanionu to ekscytuj\u0105ce prze\u017cycie oferowane w K\u00f6pr\u00fcl\u00fc kanionu, jednym z naturalnych cud\u00f3w Antalyi. Oto kilka informacji o tej wycieczce: <\/p>\n<h3>Rafting:<\/h3>\n<ul>\n<li>To aktywno\u015b\u0107 zespo\u0142owa wykonywana w ch\u0142odnych wodach kanionu K\u00f6pr\u00fcl\u00fc.<\/li>\n<li>Mo\u017cesz poczu\u0107 magi\u0119 natury i emocje razem, p\u0142ywaj\u0105c w ramionach pr\u0105d\u00f3w.<\/li>\n<\/ul>\n<h3>Kanionu marzec:<\/h3>\n<ul>\n<li>To wyj\u0105tkowa aktywno\u015b\u0107, kt\u00f3ra pozwala odkry\u0107 tajemniczy \u015bwiat kanionu.<\/li>\n<li>Obejmuje spacery, chodzenie i wspinaczk\u0119.<\/li>\n<\/ul>\n<h3>Zipline:<\/h3>\n<ul>\n<li>Daje poczucie wolno\u015bci bez wysoko\u015bci.<\/li>\n<li>Mo\u017cesz szybko przelecie\u0107 nad kanionem i podziwia\u0107 widok niczym z lotu ptaka.<\/li>\n<li>Wycieczki raftingowe, kanionowe i tyrolkowe w kanionie K\u00f6pr\u00fcl\u00fc dostarczaj\u0105 wspania\u0142ych wspomnie\u0144 mi\u0142o\u015bnikom natury i adrenaliny. To wyj\u0105tkowa okazja dla ka\u017cdego, kto chce prze\u017cy\u0107 ekscytuj\u0105ce chwile w naturalnych obj\u0119ciach tych wydarze\u0144. <\/li>\n<\/ul>\n<h3>Szczeg\u00f3\u0142y informacji o wycieczce:<\/h3>\n<ul>\n<li>Odbierzemy Ci\u0119 z hotelu oko\u0142o godziny 08:00.<\/li>\n<li>To b\u0119dzie dwuip\u00f3\u0142godzinna podr\u00f3\u017c klimatyzowanym autobusem.<\/li>\n<li>Udamy si\u0119 do kanionu K\u00f6pr\u00fcl\u00fc.<\/li>\n<li>Nasz przewodnik udzieli Ci informacji o wycieczce i wr\u0119czy Ci sprz\u0119t.<\/li>\n<li>B\u0119dzie to p\u0142ywanie, spacery i skakanie w kanionie przez oko\u0142o p\u00f3\u0142torej godziny.<\/li>\n<li>Przep\u0142yniemy dystans 600 metr\u00f3w i dotrzemy na miejsce raftingu.<\/li>\n<li>Zaczniemy rafting. (14 km i oko\u0142o 2 godziny)<\/li>\n<li>Po raftingu nasz przewodnik udzieli Ci informacji o tyrolce i wr\u0119czy Ci sprz\u0119t do zjazdu<\/li>\n<li>Czas trwania zipline 1 godzina (informacje wliczone) (Odleg\u0142o\u015b\u0107 od zipline wynosi 700 metr\u00f3w w obie strony.)<\/li>\n<li>Po zipline zejdziemy na obiad nad rzek\u0119.<\/li>\n<li>Powr\u00f3t do Alanyi<\/li>\n<li>Odwieziemy Ci\u0119 do hotelu o godzinie 18:30.<\/li>\n<\/ul>\n<p>Baw si\u0119 ju\u017c \ud83d\ude42<\/p>\n<h3>W cenie:<\/h3>\n<ul>\n<li>Ubezpieczenie<\/li>\n<li>Przewodnik<\/li>\n<li>Odbi\u00f3r z hotelu\/powr\u00f3t do hotelu<\/li>\n<li>Obiad<\/li>\n<li>Sprz\u0119t<\/li>\n<\/ul>\n<h3>Opcjonalnie z ceny wy\u0142\u0105czone:<\/h3>\n<ul>\n<li>Napoje<\/li>\n<li>Wydatki osobiste<\/li>\n<li>Zdj\u0119cia, wideo<\/li>\n<\/ul>\n<h3>Wskaz\u00f3wki i dodatkowe informacje:<\/h3>\n<ul>\n<li>Powiniene\u015b zabra\u0107 ze sob\u0105 r\u0119cznik, str\u00f3j k\u0105pielowy, spodenki, krem przeciws\u0142oneczny, wodoodporne buty i sanda\u0142y.<\/li>\n<li>Mo\u017cna kupi\u0107 te buty u naszego przewodnika (dodatkowo)<\/li>\n<li>Kobiety w ci\u0105\u017cy nie mog\u0105 uczestniczy\u0107 w tej wycieczce.<\/li>\n<li>Uczestnicy musz\u0105 mie\u0107 uko\u0144czone 3 lata<\/li>\n<li>Godziny odbioru i powr\u00f3t mog\u0105 si\u0119 r\u00f3\u017cni\u0107 w zale\u017cno\u015bci od lokalizacji hotelu.<\/li>\n<\/ul>\n<h3>Informacje og\u00f3lne:<\/h3>\n<ul>\n<li>Dni wycieczek: Poniedzia\u0142ek, Czwartek, Sobota<\/li>\n<li>Miejsce spotkania: Hotel.<\/li>\n<li>Godzina spotkania: 08:00<\/li>\n<li>Miejsce powr\u00f3tu: Hotel.<\/li>\n<li>Godzina powr\u00f3tu: 18:00<\/li>\n<li>Czas trwania wycieczki: 10 (transport wliczony)<\/li>\n<\/ul>\n","protected":false},"excerpt":{"rendered":"<h3>Cennik<\/h3>\n<table class=\"price-table\">\n<tbody>\n<tr>\n<td>Jedna osoba<\/td>\n<td>Doros\u0142y (&gt;11)<\/td>\n<td>40 \u20ac<\/td>\n<\/tr>\n<tr>\n<td>Jedna osoba<\/td>\n<td>Dziecko (5-10)<\/td>\n<td>25 \u20ac<\/td>\n<\/tr>\n<tr>\n<td>Jedna osoba<\/td>\n<td>Niemowl\u0119 (0-4)<\/td>\n<td>Bezp\u0142atny<\/td>\n<\/tr>\n<\/tbody>\n<\/table>\n","protected":false},"featured_media":5576,"comment_status":"open","ping_status":"closed","template":"","meta":{"_joinchat":[]},"product_brand":[],"product_cat":[60],"product_tag":[],"class_list":{"0":"post-5572","1":"product","2":"type-product","3":"status-publish","4":"has-post-thumbnail","6":"product_cat-wycieczki-w-alanyi","8":"first","9":"instock","10":"sold-individually","11":"shipping-taxable","12":"purchasable","13":"product-type-booking"},"booking_location":"","booking_location_type":"","booking_duration":1,"booking_duration_unit":"day","booking_buffer":0,"booking_cost":0,"booking_resources":[],"jetpack_sharing_enabled":true,"_links":{"self":[{"href":"https:\/\/tursaytravel.com\/pl\/wp-json\/wp\/v2\/product\/5572","targetHints":{"allow":["GET"]}}],"collection":[{"href":"https:\/\/tursaytravel.com\/pl\/wp-json\/wp\/v2\/product"}],"about":[{"href":"https:\/\/tursaytravel.com\/pl\/wp-json\/wp\/v2\/types\/product"}],"replies":[{"embeddable":true,"href":"https:\/\/tursaytravel.com\/pl\/wp-json\/wp\/v2\/comments?post=5572"}],"wp:featuredmedia":[{"embeddable":true,"href":"https:\/\/tursaytravel.com\/pl\/wp-json\/wp\/v2\/media\/5576"}],"wp:attachment":[{"href":"https:\/\/tursaytravel.com\/pl\/wp-json\/wp\/v2\/media?parent=5572"}],"wp:term":[{"taxonomy":"product_brand","embeddable":true,"href":"https:\/\/tursaytravel.com\/pl\/wp-json\/wp\/v2\/product_brand?post=5572"},{"taxonomy":"product_cat","embeddable":true,"href":"https:\/\/tursaytravel.com\/pl\/wp-json\/wp\/v2\/product_cat?post=5572"},{"taxonomy":"product_tag","embeddable":true,"href":"https:\/\/tursaytravel.com\/pl\/wp-json\/wp\/v2\/product_tag?post=5572"}],"curies":[{"name":"wp","href":"https:\/\/api.w.org\/{rel}","templated":true}]}}