{"id":5550,"date":"2024-05-21T01:13:10","date_gmt":"2024-05-20T22:13:10","guid":{"rendered":"https:\/\/tursaytravel.com\/wycieczka-buggy-rafting-zipline-w-alanyi\/"},"modified":"2026-01-31T21:38:39","modified_gmt":"2026-01-31T18:38:39","slug":"wycieczka-buggy-rafting-zipline-w-alanyi","status":"publish","type":"product","link":"https:\/\/tursaytravel.com\/pl\/wycieczka-buggy-rafting-zipline-w-alanyi\/","title":{"rendered":"Wycieczka Buggy-Rafting-Zipline w Alanyi"},"content":{"rendered":"<h2>Wycieczka Buggy-Rafting-Zipline w Alanyi<\/h2>\n<p>Rozpocznij odkrywanie fascynuj\u0105cej okolicy dzi\u0119ki wspania\u0142ej wycieczce 3 w 1! Ta ca\u0142odniowa przygoda zaprasza na safari buggy, rafting i zjazd na linie. Istnieje r\u00f3wnie\u017c mo\u017cliwo\u015b\u0107 zrobienia zdj\u0119\u0107 z pi\u0119knymi widokami w kanionie K\u00f6pr\u00fcl\u00fc. Ta wycieczka to idealne po\u0142\u0105czenie zar\u00f3wno dla tych, kt\u00f3rzy chc\u0105 wzi\u0105\u0107 udzia\u0142 w zabawnym i alternatywnym dniu, jak i dla tych, kt\u00f3rzy szukaj\u0105 dodatkowego zastrzyku adrenaliny.14 km przyjemno\u015bci raftingu w dzikich i ch\u0142odnych wodach   <\/p>\n<p>1-godzinna przyjemno\u015b\u0107 jazdy buggy safari w naturze<\/p>\n<p>Prze\u017cyj emocje latania jak ptak na 250-metrowej stalowej linie<\/p>\n<h3>Szczeg\u00f3\u0142y informacji o wycieczce:<\/h3>\n<ul>\n<li>Odbierzemy Ci\u0119 z hotelu oko\u0142o godziny 08:00.<\/li>\n<li>To b\u0119dzie dwuip\u00f3\u0142godzinna podr\u00f3\u017c klimatyzowanym autobusem.<\/li>\n<li>Udamy si\u0119 do kanionu K\u00f6pr\u00fcl\u00fc.<\/li>\n<li>Nasz przewodnik udzieli Ci informacji na temat safari buggy.<\/li>\n<li>Oko\u0142o 1 godziny safari buggy w b\u0142otnistym terenie.<\/li>\n<li>Po safari buggy nasz przewodnik udzieli Ci informacji na temat raftingu. Przeka\u017cemy Ci r\u00f3wnie\u017c sprz\u0119t do raftingu.<\/li>\n<li>Zaczniemy rafting. (14 km i oko\u0142o 2 godziny)<\/li>\n<li>Po raftingu zrobimy przerw\u0119 na obiad w pobli\u017cu rzeki (oko\u0142o 1 godziny)<\/li>\n<li>Po obiadu nasz przewodnik udzieli Ci informacji na temat zipline. Przeka\u017cemy Ci r\u00f3wnie\u017c sprz\u0119t do zipline.<\/li>\n<li>1 godzina czasu trwania zipline (informacje wliczone) (obszar zipline 250 mt-w jedn\u0105 stron\u0119)<\/li>\n<li>Powr\u00f3t do Alanyi<\/li>\n<li>Odwieziemy Ci\u0119 do hotelu o godzinie 18:30.<\/li>\n<\/ul>\n<p>Baw si\u0119 ju\u017c \ud83d\ude42<\/p>\n<h3>W cenie:<\/h3>\n<ul>\n<li>Ubezpieczenie<\/li>\n<li>Przewodnik<\/li>\n<li>Odbi\u00f3r z hotelu\/powr\u00f3t do hotelu<\/li>\n<li>Obiad<\/li>\n<li>Sprz\u0119t<\/li>\n<\/ul>\n<h3>Opcjonalnie z ceny wy\u0142\u0105czone:<\/h3>\n<ul>\n<li>Napoje<\/li>\n<li>Wydatki osobiste<\/li>\n<li>Zdj\u0119cie<\/li>\n<\/ul>\n<h3>Wskaz\u00f3wki i dodatkowe informacje:<\/h3>\n<ul>\n<li>Kolejno\u015b\u0107 wycieczki mo\u017ce ulec zmianie w zale\u017cno\u015bci od g\u0119sto\u015bci grupy.<\/li>\n<li>Zabierz ze sob\u0105 okulary przeciws\u0142oneczne i bandan\u0119 na piasek i kurz.<\/li>\n<li>Powiniene\u015b zabra\u0107 ze sob\u0105 r\u0119cznik, str\u00f3j k\u0105pielowy, spodenki, krem przeciws\u0142oneczny, wodoodporne buty i sanda\u0142y.<\/li>\n<li>Mo\u017cesz kupi\u0107 te buty i bandan\u0119 u naszego przewodnika (dodatkowo)<\/li>\n<li>Kobiety w ci\u0105\u017cy nie mog\u0105 uczestniczy\u0107 w tej wycieczce.<\/li>\n<li>Uczestnicy musz\u0105 mie\u0107 uko\u0144czone 3 lata<\/li>\n<li>Godziny odbioru i powr\u00f3t mog\u0105 si\u0119 r\u00f3\u017cni\u0107 w zale\u017cno\u015bci od lokalizacji hotelu.<\/li>\n<\/ul>\n<h3>Informacje og\u00f3lne:<\/h3>\n<ul>\n<li>Dni wycieczek: Codziennie<\/li>\n<li>Miejsce spotkania: Hotel.<\/li>\n<li>Godzina spotkania: 08:00<\/li>\n<li>Miejsce powr\u00f3tu: Hotel.<\/li>\n<li>Godzina powr\u00f3tu: 18:30<\/li>\n<li>Czas trwania wycieczki: 10 (transport wliczony)<\/li>\n<\/ul>\n","protected":false},"excerpt":{"rendered":"<h3>Cennik<\/h3>\n<table class=\"price-table\">\n<tbody>\n<tr>\n<td>Jedna osoba<\/td>\n<td>Doros\u0142y (&gt;11)<\/td>\n<td>30 \u20ac<\/td>\n<\/tr>\n<tr>\n<td>Jedna osoba<\/td>\n<td>Dziecko (5-10)<\/td>\n<td>20 \u20ac<\/td>\n<\/tr>\n<tr>\n<td>Jedna osoba<\/td>\n<td>Niemowl\u0119 (0-4)<\/td>\n<td>Bezp\u0142atny<\/td>\n<\/tr>\n<\/tbody>\n<\/table>\n","protected":false},"featured_media":5554,"comment_status":"open","ping_status":"closed","template":"","meta":{"_joinchat":[]},"product_brand":[],"product_cat":[60],"product_tag":[],"class_list":{"0":"post-5550","1":"product","2":"type-product","3":"status-publish","4":"has-post-thumbnail","6":"product_cat-wycieczki-w-alanyi","8":"first","9":"instock","10":"sold-individually","11":"shipping-taxable","12":"purchasable","13":"product-type-booking"},"booking_location":"","booking_location_type":"","booking_duration":1,"booking_duration_unit":"day","booking_buffer":0,"booking_cost":0,"booking_resources":[],"jetpack_sharing_enabled":true,"_links":{"self":[{"href":"https:\/\/tursaytravel.com\/pl\/wp-json\/wp\/v2\/product\/5550","targetHints":{"allow":["GET"]}}],"collection":[{"href":"https:\/\/tursaytravel.com\/pl\/wp-json\/wp\/v2\/product"}],"about":[{"href":"https:\/\/tursaytravel.com\/pl\/wp-json\/wp\/v2\/types\/product"}],"replies":[{"embeddable":true,"href":"https:\/\/tursaytravel.com\/pl\/wp-json\/wp\/v2\/comments?post=5550"}],"wp:featuredmedia":[{"embeddable":true,"href":"https:\/\/tursaytravel.com\/pl\/wp-json\/wp\/v2\/media\/5554"}],"wp:attachment":[{"href":"https:\/\/tursaytravel.com\/pl\/wp-json\/wp\/v2\/media?parent=5550"}],"wp:term":[{"taxonomy":"product_brand","embeddable":true,"href":"https:\/\/tursaytravel.com\/pl\/wp-json\/wp\/v2\/product_brand?post=5550"},{"taxonomy":"product_cat","embeddable":true,"href":"https:\/\/tursaytravel.com\/pl\/wp-json\/wp\/v2\/product_cat?post=5550"},{"taxonomy":"product_tag","embeddable":true,"href":"https:\/\/tursaytravel.com\/pl\/wp-json\/wp\/v2\/product_tag?post=5550"}],"curies":[{"name":"wp","href":"https:\/\/api.w.org\/{rel}","templated":true}]}}