{"id":5499,"date":"2024-05-21T22:59:45","date_gmt":"2024-05-21T19:59:45","guid":{"rendered":"https:\/\/tursaytravel.com\/wycieczka-safari-po-zielonym-kanionie-z-alanyi\/"},"modified":"2026-01-31T22:19:25","modified_gmt":"2026-01-31T19:19:25","slug":"wycieczka-safari-po-zielonym-kanionie-z-alanyi","status":"publish","type":"product","link":"https:\/\/tursaytravel.com\/pl\/wycieczka-safari-po-zielonym-kanionie-z-alanyi\/","title":{"rendered":"Wycieczka safari po zielonym kanionie z Alanyi"},"content":{"rendered":"<h2>Wycieczka safari po zielonym kanionie z Alanyi<\/h2>\n<p>Zielony kanion to wyj\u0105tkowe miejsce, kt\u00f3re \u0142\u0105czy spok\u00f3j i przygod\u0119 w naturze Manavgat. Dzi\u0119ki turkusowym wodom, fascynuj\u0105cym widokom otoczonym bujnymi lasami sosnowymi i orze\u017awiaj\u0105cemu powietrzu, Green Canyon jest idealnym miejscem ucieczki dla mi\u0142o\u015bnik\u00f3w natury, kt\u00f3rzy chc\u0105 uciec od miejskiego zgie\u0142ku, szczeg\u00f3lnie w miesi\u0105cach letnich. Jednym z najprzyjemniejszych sposob\u00f3w na odkrycie tego wyj\u0105tkowego cudu natury jest do\u0142\u0105czenie do wycieczki Green Canyon Safari. Green Canyon Safari oferuje uczestnikom szereg zaj\u0119\u0107 zar\u00f3wno na wodzie, jak i na l\u0105dzie. Oferuje niezapomniane wra\u017cenia dla ka\u017cdego, kto chce uciec od chaosu miejskiego \u017cycia i odkry\u0107 ukryte pi\u0119kno Turcji.    <\/p>\n<h3>Szczeg\u00f3\u0142y informacji o wycieczce:<\/h3>\n<ul>\n<li>Odbierzemy Pa\u0144stwa z hotelu busem cabrio o godzinie 8:30 rano.<\/li>\n<li>Odwiedzimy Zoopark Zoo. (Bilet wst\u0119pu dodatkowo p\u0142atny)<\/li>\n<li>Odwiedzimy ogr\u00f3d owocowy w Domu Gozleme w wiosce Oymap\u0131nar (pomara\u0144cze, cytryny, granaty itp. Gozleme i wszystkie napoje s\u0105 dodatkowo p\u0142atne)<\/li>\n<li>Zrobimy sobie przerwy na zdj\u0119cia przy Zielonym Jeziorze, tamie Oymap\u0131nar i tarasie Zielonego Kanionu.<\/li>\n<li>Odb\u0119dzie si\u0119 godzinny rejs katamaranem po Zielonym Kanionie (Oryginalnym Zielonym Kanionie). Je\u015bli chcesz, mo\u017cesz pop\u0142ywa\u0107. Je\u015bli chcesz, mo\u017cesz pop\u0142ywa\u0107.<\/li>\n<li>Nast\u0119pnie udamy si\u0119 na lunch do restauracji w Green Lake. (Lunch jest wliczony w cen\u0119 wycieczki)<\/li>\n<li>W tym czasie planujemy r\u00f3wnie\u017c przerw\u0119 na p\u0142ywanie, opalanie i w\u0119dkowanie.<\/li>\n<li>Powr\u00f3t.<\/li>\n<li>Odwieziemy Ci\u0119 do hotelu oko\u0142o godziny 18:00.<\/li>\n<\/ul>\n<p>Baw si\u0119 ju\u017c \ud83d\ude42<\/p>\n<h3>W cenie:<\/h3>\n<ul>\n<li>Ubezpieczenie<\/li>\n<li>Przewodnik<\/li>\n<li>Odbi\u00f3r z hotelu\/powr\u00f3t do hotelu<\/li>\n<li>Obiad<\/li>\n<li>Wycieczka \u0142odzi\u0105 po Zielonym Kanionie<\/li>\n<\/ul>\n<h3>Opcjonalnie z ceny wy\u0142\u0105czone:<\/h3>\n<ul>\n<li>Napoje<\/li>\n<li>Op\u0142ata za wst\u0119p do zoo<\/li>\n<li>Zdj\u0119cie\/wideo<\/li>\n<li>Wydatki osobiste<\/li>\n<\/ul>\n<h3>Wskaz\u00f3wki i dodatkowe informacje:<\/h3>\n<ul>\n<li>Je\u015bli chcesz p\u0142ywa\u0107, zabierz ze sob\u0105 str\u00f3j k\u0105pielowy i r\u0119cznik.<\/li>\n<li>Godziny odbioru i powr\u00f3t mog\u0105 si\u0119 r\u00f3\u017cni\u0107 w zale\u017cno\u015bci od lokalizacji hotelu.<\/li>\n<\/ul>\n<h3>Informacje og\u00f3lne:<\/h3>\n<ul>\n<li>Dni wycieczek: Codziennie<\/li>\n<li>Miejsce spotkania: Hotel.<\/li>\n<li>Godzina spotkania: 08:30<\/li>\n<li>Miejsce powr\u00f3tu: Hotel.<\/li>\n<li>Godzina powr\u00f3tu: 18:00<\/li>\n<li>Czas trwania wycieczki: 10 (transport wliczony)<\/li>\n<\/ul>\n","protected":false},"excerpt":{"rendered":"<h3>Cennik<\/h3>\n<table class=\"price-table\">\n<tbody>\n<tr>\n<td>Jedna osoba<\/td>\n<td>Doros\u0142y (&gt;11)<\/td>\n<td>35 \u20ac<\/td>\n<\/tr>\n<tr>\n<td>Jedna osoba<\/td>\n<td>Dziecko (4-10)<\/td>\n<td>20 \u20ac<\/td>\n<\/tr>\n<tr>\n<td>Jedna osoba<\/td>\n<td>Niemowl\u0119 (0-3)<\/td>\n<td>Bezp\u0142atny<\/td>\n<\/tr>\n<\/tbody>\n<\/table>\n","protected":false},"featured_media":6269,"comment_status":"open","ping_status":"closed","template":"","meta":{"_joinchat":[]},"product_brand":[],"product_cat":[60],"product_tag":[],"class_list":{"0":"post-5499","1":"product","2":"type-product","3":"status-publish","4":"has-post-thumbnail","6":"product_cat-wycieczki-w-alanyi","8":"first","9":"instock","10":"sold-individually","11":"shipping-taxable","12":"purchasable","13":"product-type-booking"},"booking_location":"","booking_location_type":"","booking_duration":1,"booking_duration_unit":"day","booking_buffer":0,"booking_cost":0,"booking_resources":[],"jetpack_sharing_enabled":true,"_links":{"self":[{"href":"https:\/\/tursaytravel.com\/pl\/wp-json\/wp\/v2\/product\/5499","targetHints":{"allow":["GET"]}}],"collection":[{"href":"https:\/\/tursaytravel.com\/pl\/wp-json\/wp\/v2\/product"}],"about":[{"href":"https:\/\/tursaytravel.com\/pl\/wp-json\/wp\/v2\/types\/product"}],"replies":[{"embeddable":true,"href":"https:\/\/tursaytravel.com\/pl\/wp-json\/wp\/v2\/comments?post=5499"}],"wp:featuredmedia":[{"embeddable":true,"href":"https:\/\/tursaytravel.com\/pl\/wp-json\/wp\/v2\/media\/6269"}],"wp:attachment":[{"href":"https:\/\/tursaytravel.com\/pl\/wp-json\/wp\/v2\/media?parent=5499"}],"wp:term":[{"taxonomy":"product_brand","embeddable":true,"href":"https:\/\/tursaytravel.com\/pl\/wp-json\/wp\/v2\/product_brand?post=5499"},{"taxonomy":"product_cat","embeddable":true,"href":"https:\/\/tursaytravel.com\/pl\/wp-json\/wp\/v2\/product_cat?post=5499"},{"taxonomy":"product_tag","embeddable":true,"href":"https:\/\/tursaytravel.com\/pl\/wp-json\/wp\/v2\/product_tag?post=5499"}],"curies":[{"name":"wp","href":"https:\/\/api.w.org\/{rel}","templated":true}]}}