{"id":5467,"date":"2024-05-21T23:08:29","date_gmt":"2024-05-21T20:08:29","guid":{"rendered":"https:\/\/tursaytravel.com\/wycieczka-konna-po-alanyi\/"},"modified":"2026-01-31T21:17:11","modified_gmt":"2026-01-31T18:17:11","slug":"wycieczka-konna-po-alanyi","status":"publish","type":"product","link":"https:\/\/tursaytravel.com\/pl\/wycieczka-konna-po-alanyi\/","title":{"rendered":"Wycieczka konna po Alanyi"},"content":{"rendered":"<h2>Wycieczka konna po Alanyi<\/h2>\n<p>Jazda konna to \u015bwietna aktywno\u015b\u0107 dla tych, kt\u00f3rzy lubi\u0105 kontakt z natur\u0105. Jazda konna przez natur\u0119, czucie wiatru we w\u0142osach i s\u0142uchanie \u015bpiewu ptak\u00f3w to prawdziwe do\u015bwiadczenie ucieczki. Konie fascynuj\u0105 swoj\u0105 prostot\u0105 i si\u0142\u0105. Komunikowanie si\u0119 z nimi i bycie w harmonii z ich naturalnym rytmem przynosi ludziom spok\u00f3j. Mo\u017cesz cieszy\u0107 si\u0119 widokami wok\u00f3\u0142 siebie podczas jazdy konnej. Pi\u0119kno natury, niebo i ziele\u0144 Ci\u0119 zafascynuj\u0105.     <\/p>\n<h3>Szczeg\u00f3\u0142y informacji o wycieczce:<\/h3>\n<ul>\n<li>Odbierzemy Ci\u0119 z hotelu oko\u0142o 09:00 rano.<\/li>\n<li>Udamy si\u0119 do stadniny koni w wiosce Demirta\u015f.<\/li>\n<li>Nasz przewodnik udzieli Ci informacji o zasadach<\/li>\n<li>Jazda konna w zalesionym i g\u00f3rzystym regionie, w kt\u00f3rym znajduje si\u0119 staro\u017cytne miasto Syedra. (3 godziny)<\/li>\n<li>Wr\u00f3cimy na farm\u0119<\/li>\n<li>B\u0119dzie czas wolny na relaks w gospodarstwie.<\/li>\n<li>Mo\u017cesz r\u00f3wnie\u017c obejrze\u0107 zdj\u0119cia zrobione podczas wycieczki.<\/li>\n<li>Odwieziemy Ci\u0119 do hotelu oko\u0142o godziny 13:00<\/li>\n<\/ul>\n<p>Baw si\u0119 ju\u017c \ud83d\ude42<\/p>\n<h3>W cenie:<\/h3>\n<ul>\n<li>Ubezpieczenie<\/li>\n<li>Przewodnik<\/li>\n<li>Odbi\u00f3r z hotelu\/powr\u00f3t do hotelu<\/li>\n<li>Sprz\u0119t<\/li>\n<\/ul>\n<h3>Opcjonalnie z ceny wy\u0142\u0105czone:<\/h3>\n<ul>\n<li>Wydatki osobiste<\/li>\n<li>Zdj\u0119cie<\/li>\n<\/ul>\n<h3>Wskaz\u00f3wki i dodatkowe informacje:<\/h3>\n<ul>\n<li>Osoby, kt\u00f3re nigdy nie je\u017adzi\u0142y konno, mog\u0105 do\u0142\u0105czy\u0107 do naszej wycieczki konnej.<\/li>\n<li>Mo\u017cna u\u017cywa\u0107 kremu przeciws\u0142onecznego i kapelusza.<\/li>\n<li>Osoby wa\u017c\u0105ce ponad 100 kg nie mog\u0105 do\u0142\u0105czy\u0107 do naszej wycieczki konnej.<\/li>\n<li>Godziny odbioru i powr\u00f3t mog\u0105 si\u0119 r\u00f3\u017cni\u0107 w zale\u017cno\u015bci od lokalizacji hotelu.<\/li>\n<\/ul>\n<h3>Informacje og\u00f3lne:<\/h3>\n<ul>\n<li>Dni wycieczek: Prosimy o kontakt przez WhatsApp w celu ustalenia dnia wycieczki.<\/li>\n<li>Miejsce spotkania: Hotel.<\/li>\n<li>Godzina spotkania: 09:00<\/li>\n<li>Miejsce powr\u00f3tu: Hotel.<\/li>\n<li>Godzina powr\u00f3tu: 13:00<\/li>\n<li>Czas trwania wycieczki: 4 (transport wliczony)<\/li>\n<\/ul>\n","protected":false},"excerpt":{"rendered":"<h3>Cennik<\/h3>\n<table class=\"price-table\">\n<tbody>\n<tr>\n<td>Jedna osoba<\/td>\n<td>Doros\u0142y (&gt;12)<\/td>\n<td>55 \u20ac<\/td>\n<\/tr>\n<tr>\n<td>Jedna osoba<\/td>\n<td>Dziecko (7-11)<\/td>\n<td>55 \u20ac<\/td>\n<\/tr>\n<tr>\n<td>Jedna osoba<\/td>\n<td>Niemowl\u0119 (0-6)<\/td>\n<td>55 \u20ac<\/td>\n<\/tr>\n<\/tbody>\n<\/table>\n","protected":false},"featured_media":5471,"comment_status":"open","ping_status":"closed","template":"","meta":{"_joinchat":[]},"product_brand":[],"product_cat":[60],"product_tag":[],"class_list":{"0":"post-5467","1":"product","2":"type-product","3":"status-publish","4":"has-post-thumbnail","6":"product_cat-wycieczki-w-alanyi","8":"first","9":"instock","10":"sold-individually","11":"shipping-taxable","12":"purchasable","13":"product-type-booking"},"booking_location":"","booking_location_type":"","booking_duration":1,"booking_duration_unit":"day","booking_buffer":0,"booking_cost":0,"booking_resources":[],"jetpack_sharing_enabled":true,"_links":{"self":[{"href":"https:\/\/tursaytravel.com\/pl\/wp-json\/wp\/v2\/product\/5467","targetHints":{"allow":["GET"]}}],"collection":[{"href":"https:\/\/tursaytravel.com\/pl\/wp-json\/wp\/v2\/product"}],"about":[{"href":"https:\/\/tursaytravel.com\/pl\/wp-json\/wp\/v2\/types\/product"}],"replies":[{"embeddable":true,"href":"https:\/\/tursaytravel.com\/pl\/wp-json\/wp\/v2\/comments?post=5467"}],"wp:featuredmedia":[{"embeddable":true,"href":"https:\/\/tursaytravel.com\/pl\/wp-json\/wp\/v2\/media\/5471"}],"wp:attachment":[{"href":"https:\/\/tursaytravel.com\/pl\/wp-json\/wp\/v2\/media?parent=5467"}],"wp:term":[{"taxonomy":"product_brand","embeddable":true,"href":"https:\/\/tursaytravel.com\/pl\/wp-json\/wp\/v2\/product_brand?post=5467"},{"taxonomy":"product_cat","embeddable":true,"href":"https:\/\/tursaytravel.com\/pl\/wp-json\/wp\/v2\/product_cat?post=5467"},{"taxonomy":"product_tag","embeddable":true,"href":"https:\/\/tursaytravel.com\/pl\/wp-json\/wp\/v2\/product_tag?post=5467"}],"curies":[{"name":"wp","href":"https:\/\/api.w.org\/{rel}","templated":true}]}}