{"id":5365,"date":"2024-05-22T01:06:00","date_gmt":"2024-05-21T22:06:00","guid":{"rendered":"https:\/\/tursaytravel.com\/wycieczka-rafting-w-alanyi\/"},"modified":"2026-01-31T22:57:13","modified_gmt":"2026-01-31T19:57:13","slug":"wycieczka-rafting-w-alanyi","status":"publish","type":"product","link":"https:\/\/tursaytravel.com\/pl\/wycieczka-rafting-w-alanyi\/","title":{"rendered":"Wycieczka Rafting w Alanyi"},"content":{"rendered":"<h2>Wycieczka Rafting w Alanyi<\/h2>\n<p>Rafting w Alanyi to idealna opcja dla tych, kt\u00f3rzy szukaj\u0105 wspania\u0142ej przygody w naturze. To idealna aktywno\u015b\u0107 dla tych, kt\u00f3rzy chc\u0105 prze\u017cy\u0107 pe\u0142ne adrenaliny do\u015bwiadczenie, jednocze\u015bnie ciesz\u0105c si\u0119 pi\u0119knem natury regionu.  Dodaj emocji do swojego \u017cycia i stw\u00f3rz wspania\u0142e wspomnienia, do\u0142\u0105czaj\u0105c do tej przygody.<\/p>\n<h3>Szczeg\u00f3\u0142y informacji o wycieczce:<\/h3>\n<ul>\n<li>Odbierzemy Ci\u0119 z hotelu oko\u0142o 08:00 rano. To b\u0119dzie dwuip\u00f3\u0142godzinna podr\u00f3\u017c klimatyzowanym autobusem.<\/li>\n<li>Udamy si\u0119 do kanionu K\u00f6pr\u00fcl\u00fc. Kanion K\u00f6pr\u00fcl\u00fc jest najwi\u0119kszym miejscem do raftingu.<\/li>\n<li>Nasz przewodnik udzieli Ci informacji na temat raftingu w kanionie K\u00f6pr\u00fcl\u00fc. Damy Ci r\u00f3wnie\u017c sprz\u0119t do raftingu.<\/li>\n<li>Potem udamy si\u0119 do staro\u017cytnego mostu rzymskiego oko\u0142o 11:30. B\u0119dzie przerwa na p\u0142ywanie, przerwa na zdj\u0119cia i spacer w zimnej wodzie. <\/li>\n<li>P\u00f3\u017aniej rozpoczniemy rafting z profesjonalnym przewodnikiem.<\/li>\n<li>Rejon raftingu oko\u0142o 15 km. Pierwszy obszar to 9 km, a kolejny 6 km. <\/li>\n<li>Mamy r\u00f3wnie\u017c dwuosobow\u0105 \u0142\u00f3d\u017a kajakow\u0105 bez przewodnika, je\u015bli chcesz, mo\u017cesz z niej skorzysta\u0107.<\/li>\n<li>Po pierwszym rejonie raftingu zrobimy Ci przerw\u0119 na obiad w pobli\u017cu rzeki. Je\u015bli chcesz, mo\u017cesz tam pop\u0142ywa\u0107.<\/li>\n<li>Na obiad jest kurczak, ry\u017c i sa\u0142atka. Obiad jest wliczony w cen\u0119 wycieczki, ale napoje s\u0105 dodatkowo p\u0142atne. <\/li>\n<li>Po obiad kontynuujemy wycieczk\u0119.<\/li>\n<li>Wycieczka zako\u0144czy si\u0119 oko\u0142o 15:30. Odwieziemy Ci\u0119 do hotelu oko\u0142o 18:30. <\/li>\n<\/ul>\n<p>Baw si\u0119 ju\u017c \ud83d\ude42<\/p>\n<h3>W cenie:<\/h3>\n<ul>\n<li>Ubezpieczenie<\/li>\n<li>Przewodnik i sprz\u0119t<\/li>\n<li>Odbi\u00f3r z hotelu\/powr\u00f3t do hotelu<\/li>\n<li>Obiad<\/li>\n<\/ul>\n<h3>Opcjonalnie z ceny wy\u0142\u0105czone:<\/h3>\n<ul>\n<li>Napoje<\/li>\n<li>Zdj\u0119cia i wideo<\/li>\n<li>Wydatki osobiste<\/li>\n<\/ul>\n<h3>Wskaz\u00f3wki i dodatkowe informacje:<\/h3>\n<ul>\n<li>Mo\u017cesz kupi\u0107 swoje zdj\u0119cia i wideo na koniec wycieczki.<\/li>\n<li>Powiniene\u015b zabra\u0107 r\u0119cznik, str\u00f3j k\u0105pielowy, spodenki, krem do opalania, wodoodporne buty i sanda\u0142y. Te buty mo\u017cesz tak\u017ce kupi\u0107 w naszym przewodniku.(dodatkowa op\u0142ata).  <\/li>\n<li>Kobiety w ci\u0105\u017cy nie mog\u0105 uczestniczy\u0107 w wycieczce raftingowej.<\/li>\n<li>Uczestnicy musz\u0105 mie\u0107 uko\u0144czone 3 lata<\/li>\n<li>Godziny odbioru i powr\u00f3t mog\u0105 si\u0119 r\u00f3\u017cni\u0107 w zale\u017cno\u015bci od lokalizacji hotelu.<\/li>\n<\/ul>\n<h3>Informacje og\u00f3lne:<\/h3>\n<ul>\n<li>Dni wycieczek: Poniedzia\u0142ek, Czwartek, Sobota<\/li>\n<li>Miejsce spotkania: Hotel.<\/li>\n<li>Godzina spotkania: 08:00<\/li>\n<li>Miejsce powr\u00f3tu: Hotel.<\/li>\n<li>Godzina powr\u00f3tu: 18:30<\/li>\n<li>Czas trwania wycieczki: 10 (transport wliczony)<\/li>\n<\/ul>\n","protected":false},"excerpt":{"rendered":"<h3>Cennik<\/h3>\n<table class=\"price-table\">\n<tbody>\n<tr>\n<td>Jedna osoba<\/td>\n<td>Doros\u0142y (&gt;11)<\/td>\n<td>20 \u20ac<\/td>\n<\/tr>\n<tr>\n<td>Jedna osoba<\/td>\n<td>Dziecko (5-10)<\/td>\n<td>10 \u20ac<\/td>\n<\/tr>\n<tr>\n<td>Jedna osoba<\/td>\n<td>Niemowl\u0119 (0-4)<\/td>\n<td>Bezp\u0142atny<\/td>\n<\/tr>\n<\/tbody>\n<\/table>\n","protected":false},"featured_media":5370,"comment_status":"open","ping_status":"closed","template":"","meta":{"_joinchat":[]},"product_brand":[],"product_cat":[60],"product_tag":[],"class_list":{"0":"post-5365","1":"product","2":"type-product","3":"status-publish","4":"has-post-thumbnail","6":"product_cat-wycieczki-w-alanyi","8":"first","9":"instock","10":"sold-individually","11":"shipping-taxable","12":"purchasable","13":"product-type-booking"},"booking_location":"","booking_location_type":"","booking_duration":1,"booking_duration_unit":"day","booking_buffer":0,"booking_cost":0,"booking_resources":[],"jetpack_sharing_enabled":true,"_links":{"self":[{"href":"https:\/\/tursaytravel.com\/pl\/wp-json\/wp\/v2\/product\/5365","targetHints":{"allow":["GET"]}}],"collection":[{"href":"https:\/\/tursaytravel.com\/pl\/wp-json\/wp\/v2\/product"}],"about":[{"href":"https:\/\/tursaytravel.com\/pl\/wp-json\/wp\/v2\/types\/product"}],"replies":[{"embeddable":true,"href":"https:\/\/tursaytravel.com\/pl\/wp-json\/wp\/v2\/comments?post=5365"}],"wp:featuredmedia":[{"embeddable":true,"href":"https:\/\/tursaytravel.com\/pl\/wp-json\/wp\/v2\/media\/5370"}],"wp:attachment":[{"href":"https:\/\/tursaytravel.com\/pl\/wp-json\/wp\/v2\/media?parent=5365"}],"wp:term":[{"taxonomy":"product_brand","embeddable":true,"href":"https:\/\/tursaytravel.com\/pl\/wp-json\/wp\/v2\/product_brand?post=5365"},{"taxonomy":"product_cat","embeddable":true,"href":"https:\/\/tursaytravel.com\/pl\/wp-json\/wp\/v2\/product_cat?post=5365"},{"taxonomy":"product_tag","embeddable":true,"href":"https:\/\/tursaytravel.com\/pl\/wp-json\/wp\/v2\/product_tag?post=5365"}],"curies":[{"name":"wp","href":"https:\/\/api.w.org\/{rel}","templated":true}]}}