{"id":5350,"date":"2024-05-22T00:57:35","date_gmt":"2024-05-21T21:57:35","guid":{"rendered":"https:\/\/tursaytravel.com\/quad-atv-safari-w-alanyi\/"},"modified":"2026-01-31T23:06:14","modified_gmt":"2026-01-31T20:06:14","slug":"quad-atv-safari-w-alanyi","status":"publish","type":"product","link":"https:\/\/tursaytravel.com\/pl\/quad-atv-safari-w-alanyi\/","title":{"rendered":"Quad (Atv) safari w Alanyi"},"content":{"rendered":"<h2>Quad (Atv) safari w Alanyi<\/h2>\n<p>Quad safari w Alanyi to codzienna wycieczka pe\u0142na przyg\u00f3d i adrenaliny na czteroko\u0142owych motocyklach. Mo\u017cesz zbiera\u0107 wspomnienia pe\u0142ne przyg\u00f3d na b\u0142otnistych drogach terenowych u podn\u00f3\u017ca g\u00f3r Toros poro\u015bni\u0119tych lasem. Prawo jazdy nie jest wymagane do tego celu. Silniki s\u0105 automatyczne i \u0142atwe. Je\u015bli lubisz adrenalin\u0119, ta wycieczka jest dla Ciebie.    <\/p>\n<h3>Szczeg\u00f3\u0142y informacji o wycieczce:<\/h3>\n<ul>\n<li>Istniej\u0105 dwie opcje czasu wycieczki.<\/li>\n<li>Pierwsza grupa mi\u0119dzy 08:30 a 12:30<\/li>\n<li>Druga grupa mi\u0119dzy 14:30 a 18:30<\/li>\n<li>Mo\u017cesz wybra\u0107 jedn\u0105 z dw\u00f3ch opcji.<\/li>\n<li>Odbierzemy Ci\u0119 z hotelu<\/li>\n<li>Udamy si\u0119 na teren safari quadami.<\/li>\n<li>Nasz przewodnik udzieli Ci informacji na temat jazdy i bezpiecze\u0144stwa w tym miejscu.<\/li>\n<li>Przed wycieczk\u0105 odb\u0119dzie si\u0119 kr\u00f3tka jazda pr\u00f3bna.<\/li>\n<li>Po je\u017adzie pr\u00f3bnej rozpocznie si\u0119 wycieczka z przewodnikiem.<\/li>\n<li>Zrobimy kr\u00f3tk\u0105 przerw\u0119 na odpoczynek i p\u0142ywanie.<\/li>\n<li>Nast\u0119pnie zrobimy przerw\u0119 na zdj\u0119cia w Alarahan.<\/li>\n<li>Nast\u0119pnie wr\u00f3cimy na stacj\u0119 quad\u00f3w i odwieziemy Ci\u0119 do hotelu.<\/li>\n<\/ul>\n<p>Baw si\u0119 ju\u017c \ud83d\ude42<\/p>\n<h3>W cenie:<\/h3>\n<ul>\n<li>Ubezpieczenie<\/li>\n<li>Przewodnik<\/li>\n<li>Odbi\u00f3r z hotelu\/powr\u00f3t do hotelu<\/li>\n<li>Oko\u0142o 2 godzin jazdy<\/li>\n<li>Kask<\/li>\n<\/ul>\n<h3>Opcjonalnie z ceny wy\u0142\u0105czone:<\/h3>\n<ul>\n<li>Jedzenie, napoje<\/li>\n<li>Zdj\u0119cia i wideo<\/li>\n<li>Chustka<\/li>\n<li>Wydatki osobiste<\/li>\n<\/ul>\n<h3>Wskaz\u00f3wki i dodatkowe informacje:<\/h3>\n<ul>\n<li>Poniewa\u017c Twoje ubrania b\u0119d\u0105 si\u0119 brudzi\u0107, powiniene\u015b nosi\u0107 odpowiednie ubrania i buty.<\/li>\n<li>Zabierz ze sob\u0105 okulary przeciws\u0142oneczne i bandan\u0119 na piasek i kurz.<\/li>\n<li>Je\u015bli nie masz bandany, mo\u017cesz j\u0105 kupi\u0107 u naszego przewodnika (dodatkowa op\u0142ata)<\/li>\n<li>Je\u015bli chcesz p\u0142ywa\u0107, zabierz ze sob\u0105 kostium k\u0105pielowy i r\u0119cznik.<\/li>\n<li>Godziny odbioru i powr\u00f3t mog\u0105 si\u0119 r\u00f3\u017cni\u0107 w zale\u017cno\u015bci od lokalizacji hotelu.<\/li>\n<\/ul>\n<h3>Informacje og\u00f3lne:<\/h3>\n<ul>\n<li>Dni wycieczek: Codziennie<\/li>\n<li>Miejsce spotkania: Hotel.<\/li>\n<li>Godzina spotkania: 08:30\/14:30<\/li>\n<li>Miejsce powr\u00f3tu: Hotel.<\/li>\n<li>Godzina powr\u00f3tu: 12:30\/18:30<\/li>\n<li>Czas trwania wycieczki: 4 (transport wliczony)<\/li>\n<\/ul>\n","protected":false},"excerpt":{"rendered":"<h3>Cennik<\/h3>\n<table class=\"price-table\">\n<tbody>\n<tr>\n<td>Jedna osoba<\/td>\n<td>Doros\u0142y <\/td>\n<td>25 \u20ac<\/td>\n<\/tr>\n<tr>\n<td>Jedna osoba<\/td>\n<td>Pasa\u017cer <\/td>\n<td>10 \u20ac<\/td>\n<\/tr>\n<\/tbody>\n<\/table>\n","protected":false},"featured_media":5353,"comment_status":"open","ping_status":"closed","template":"","meta":{"_joinchat":[]},"product_brand":[],"product_cat":[60],"product_tag":[],"class_list":{"0":"post-5350","1":"product","2":"type-product","3":"status-publish","4":"has-post-thumbnail","6":"product_cat-wycieczki-w-alanyi","8":"first","9":"instock","10":"sold-individually","11":"shipping-taxable","12":"purchasable","13":"product-type-booking"},"booking_location":"","booking_location_type":"","booking_duration":1,"booking_duration_unit":"day","booking_buffer":0,"booking_cost":0,"booking_resources":[],"jetpack_sharing_enabled":true,"_links":{"self":[{"href":"https:\/\/tursaytravel.com\/pl\/wp-json\/wp\/v2\/product\/5350","targetHints":{"allow":["GET"]}}],"collection":[{"href":"https:\/\/tursaytravel.com\/pl\/wp-json\/wp\/v2\/product"}],"about":[{"href":"https:\/\/tursaytravel.com\/pl\/wp-json\/wp\/v2\/types\/product"}],"replies":[{"embeddable":true,"href":"https:\/\/tursaytravel.com\/pl\/wp-json\/wp\/v2\/comments?post=5350"}],"wp:featuredmedia":[{"embeddable":true,"href":"https:\/\/tursaytravel.com\/pl\/wp-json\/wp\/v2\/media\/5353"}],"wp:attachment":[{"href":"https:\/\/tursaytravel.com\/pl\/wp-json\/wp\/v2\/media?parent=5350"}],"wp:term":[{"taxonomy":"product_brand","embeddable":true,"href":"https:\/\/tursaytravel.com\/pl\/wp-json\/wp\/v2\/product_brand?post=5350"},{"taxonomy":"product_cat","embeddable":true,"href":"https:\/\/tursaytravel.com\/pl\/wp-json\/wp\/v2\/product_cat?post=5350"},{"taxonomy":"product_tag","embeddable":true,"href":"https:\/\/tursaytravel.com\/pl\/wp-json\/wp\/v2\/product_tag?post=5350"}],"curies":[{"name":"wp","href":"https:\/\/api.w.org\/{rel}","templated":true}]}}