{"id":5310,"date":"2024-05-22T01:29:51","date_gmt":"2024-05-21T22:29:51","guid":{"rendered":"https:\/\/tursaytravel.com\/wycieczka-lodzia-alanya-starcraft\/"},"modified":"2026-01-31T21:43:52","modified_gmt":"2026-01-31T18:43:52","slug":"wycieczka-lodzia-alanya-starcraft","status":"publish","type":"product","link":"https:\/\/tursaytravel.com\/pl\/wycieczka-lodzia-alanya-starcraft\/","title":{"rendered":"Wycieczka \u0142odzi\u0105 Alanya Starcraft"},"content":{"rendered":"<h2>Wycieczka \u0142odzi\u0105 Alanya Starcraft<\/h2>\n<p>\u0141\u00f3d\u017a Starcraft ma bia\u0142y kolor i nowoczesny wygl\u0105d i jest znana jako najwi\u0119ksza i najbardziej luksusowa \u0142\u00f3d\u017a w Alanyi. Zesp\u00f3\u0142 animator\u00f3w oferuje wspania\u0142e \u015brodowisko rozrywkowe z pokazami tanecznymi i imprezami z pian\u0105. Ponadto zapewnia lepsze wra\u017cenia ni\u017c inne \u0142odzie dzi\u0119ki du\u017cej liczbie pasa\u017cer\u00f3w, przestronnemu projektowi i bogatemu menu. Je\u015bli jeste\u015b na wakacjach w Alanyi, zdecydowanie polecam Ci nie przegapi\u0107 wycieczki \u0142odzi\u0105 Starcraft.   <\/p>\n<h3>Szczeg\u00f3\u0142y informacji o wycieczce:<\/h3>\n<ul>\n<li>Odbierzemy Ci\u0119 z hotelu oko\u0142o godziny 9:00 rano.<\/li>\n<li>Przyjazd do portu w Alanyi.<\/li>\n<li>Nasz statek wyp\u0142ynie z portu w Alanyi.<\/li>\n<li>Przerw\u0119 na p\u0142ywanie zrobimy w stoczni obok Czerwonej Wie\u017cy.<\/li>\n<li>Zobaczymy jaskini\u0119 pirat\u00f3w, jaskini\u0119 kochank\u00f3w, jaskini\u0119 fosforow\u0105, pla\u017c\u0119 Kleopatry i nowy port.<\/li>\n<li>Przerwa na obiad w pobli\u017cu pla\u017cy Ula\u015f, a tak\u017ce przerwa na p\u0142ywanie.<\/li>\n<li>Napoje bezalkoholowe przez ca\u0142y dzie\u0144 s\u0105 bezp\u0142atne, ale w szklance i samoobs\u0142ugowe (woda, cola, fanta).<\/li>\n<li>Po tym przerwa na p\u0142ywanie na otwartej wodzie.<\/li>\n<li>Wr\u00f3cimy do portu w Alanyi z otwartej wody.<\/li>\n<li>Je\u015bli to Tw\u00f3j szcz\u0119\u015bliwy dzie\u0144, mo\u017cesz zobaczy\u0107 delfiny.<\/li>\n<li>Podczas tej wycieczki odb\u0119d\u0105 si\u0119 imprezy z pian\u0105, animacje, muzyka i inne zaj\u0119cia.<\/li>\n<li>Wycieczka zako\u0144czy si\u0119 oko\u0142o godziny 15:00. Odwieziemy Pa\u0144stwa do hotelu oko\u0142o godziny 15:30. <\/li>\n<\/ul>\n<p>Baw si\u0119 ju\u017c \ud83d\ude42<\/p>\n<h3>W cenie:<\/h3>\n<ul>\n<li>Ubezpieczenie<\/li>\n<li>Przewodnik<\/li>\n<li>Odbi\u00f3r z hotelu\/powr\u00f3t do hotelu<\/li>\n<li>Obiad<\/li>\n<li>Napoje bezalkoholowe przez ca\u0142y dzie\u0144<\/li>\n<li>Animacje<\/li>\n<\/ul>\n<h3>Opcjonalnie z ceny wy\u0142\u0105czone:<\/h3>\n<ul>\n<li>Alkohol<\/li>\n<li>Lody<\/li>\n<li>Wydatki osobiste<\/li>\n<\/ul>\n<h3>Wskaz\u00f3wki i dodatkowe informacje:<\/h3>\n<ul>\n<li>Zabierz ze sob\u0105 str\u00f3j k\u0105pielowy, krem do opalania, r\u0119cznik<\/li>\n<li>Godziny odbioru i powr\u00f3t mog\u0105 si\u0119 r\u00f3\u017cni\u0107 w zale\u017cno\u015bci od lokalizacji hotelu.<\/li>\n<li>Je\u015bli chcesz, aby nasza wycieczka Starcraft obejmowa\u0142a alkohol (cena 40 \u20ac)<\/li>\n<li>W tym celu mo\u017cesz skontaktowa\u0107 si\u0119 z nami za po\u015brednictwem WhatsApp.<\/li>\n<\/ul>\n<h3>Informacje og\u00f3lne:<\/h3>\n<ul>\n<li>Dni wycieczek: Poniedzia\u0142ek, \u015broda, Sobota<\/li>\n<li>Miejsce spotkania: Hotel.<\/li>\n<li>Godzina spotkania: 09:00<\/li>\n<li>Miejsce powr\u00f3tu: Hotel.<\/li>\n<li>Godzina powr\u00f3tu: 15:30<\/li>\n<li>Czas trwania wycieczki: 7 (transport wliczony)<\/li>\n<\/ul>\n","protected":false},"excerpt":{"rendered":"<h3>Cennik<\/h3>\n<table class=\"price-table\">\n<tbody>\n<tr>\n<td>Jedna osoba<\/td>\n<td>Doros\u0142y (&gt;13)<\/td>\n<td>25 \u20ac<\/td>\n<\/tr>\n<tr>\n<td>Jedna osoba<\/td>\n<td>Dziecko (4-12)<\/td>\n<td>20 \u20ac<\/td>\n<\/tr>\n<tr>\n<td>Jedna osoba <\/td>\n<td>Niemowl\u0119 (0-3)<\/td>\n<td>Bezp\u0142atny<\/td>\n<\/tr>\n<\/tbody>\n<\/table>\n","protected":false},"featured_media":5314,"comment_status":"open","ping_status":"closed","template":"","meta":{"_joinchat":[]},"product_brand":[],"product_cat":[60],"product_tag":[],"class_list":{"0":"post-5310","1":"product","2":"type-product","3":"status-publish","4":"has-post-thumbnail","6":"product_cat-wycieczki-w-alanyi","8":"first","9":"instock","10":"sold-individually","11":"shipping-taxable","12":"purchasable","13":"product-type-booking"},"booking_location":"","booking_location_type":"","booking_duration":1,"booking_duration_unit":"day","booking_buffer":0,"booking_cost":0,"booking_resources":[],"jetpack_sharing_enabled":true,"_links":{"self":[{"href":"https:\/\/tursaytravel.com\/pl\/wp-json\/wp\/v2\/product\/5310","targetHints":{"allow":["GET"]}}],"collection":[{"href":"https:\/\/tursaytravel.com\/pl\/wp-json\/wp\/v2\/product"}],"about":[{"href":"https:\/\/tursaytravel.com\/pl\/wp-json\/wp\/v2\/types\/product"}],"replies":[{"embeddable":true,"href":"https:\/\/tursaytravel.com\/pl\/wp-json\/wp\/v2\/comments?post=5310"}],"wp:featuredmedia":[{"embeddable":true,"href":"https:\/\/tursaytravel.com\/pl\/wp-json\/wp\/v2\/media\/5314"}],"wp:attachment":[{"href":"https:\/\/tursaytravel.com\/pl\/wp-json\/wp\/v2\/media?parent=5310"}],"wp:term":[{"taxonomy":"product_brand","embeddable":true,"href":"https:\/\/tursaytravel.com\/pl\/wp-json\/wp\/v2\/product_brand?post=5310"},{"taxonomy":"product_cat","embeddable":true,"href":"https:\/\/tursaytravel.com\/pl\/wp-json\/wp\/v2\/product_cat?post=5310"},{"taxonomy":"product_tag","embeddable":true,"href":"https:\/\/tursaytravel.com\/pl\/wp-json\/wp\/v2\/product_tag?post=5310"}],"curies":[{"name":"wp","href":"https:\/\/api.w.org\/{rel}","templated":true}]}}