{"id":5286,"date":"2024-05-22T18:56:28","date_gmt":"2024-05-22T15:56:28","guid":{"rendered":"https:\/\/tursaytravel.com\/wycieczka-lodzia-o-zachodzie-slonca-w-alanyi\/"},"modified":"2026-01-31T21:48:38","modified_gmt":"2026-01-31T18:48:38","slug":"wycieczka-lodzia-o-zachodzie-slonca-w-alanyi","status":"publish","type":"product","link":"https:\/\/tursaytravel.com\/pl\/wycieczka-lodzia-o-zachodzie-slonca-w-alanyi\/","title":{"rendered":"Wycieczka \u0142odzi\u0105 o zachodzie s\u0142o\u0144ca w Alanyi"},"content":{"rendered":"<h2>Wycieczka \u0142odzi\u0105 o zachodzie s\u0142o\u0144ca w Alanyi<\/h2>\n<p>Rejs \u0142odzi\u0105 o zachodzie s\u0142o\u0144ca organizowany na naszej trzypi\u0119trowej \u0142odzi w Alanyi to cichy, romantyczny, spokojny i rozrywkowy program rejsu \u0142odzi\u0105, kt\u00f3ry odbywa si\u0119 w ch\u0142odne wieczory. Zobaczysz s\u0142ynn\u0105 na ca\u0142ym \u015bwiecie pla\u017c\u0119 Kleopatry, historyczne jaskinie i najpi\u0119kniejsze pla\u017ce, a tak\u017ce b\u0119dziesz zadowolony z zabawnych zaj\u0119\u0107. Czeka na Ciebie w Alanyi.  <\/p>\n<h3>Szczeg\u00f3\u0142y informacji o wycieczce:<\/h3>\n<ul>\n<li>Odbierzemy Ci\u0119 z hotelu oko\u0142o 17:30.<\/li>\n<li>Przyjazd do portu w Alanyi.<\/li>\n<li>Zrobimy pierwsz\u0105 przerw\u0119 na p\u0142ywanie w stoczni obok czerwona wie\u017ca.<\/li>\n<li>Zobaczymy jaskini\u0119 pirat\u00f3w, jaskini\u0119 kochank\u00f3w i jaskini\u0119 fosforow\u0105.<\/li>\n<li>Przerwa na p\u0142ywanie na s\u0142ynnej pla\u017cy Kleopatry.<\/li>\n<li>Udamy si\u0119 do nowego portu na kolacj\u0119 i przerw\u0119 na p\u0142ywanie.<\/li>\n<li>Kolacja jest wliczona w cen\u0119 wycieczki (kurczak, makaron i sa\u0142atka).<\/li>\n<li>R\u00f3wnie\u017c napoje bezalkoholowe przez ca\u0142y dzie\u0144 s\u0105 bezp\u0142atne, ale w szklance i samoobs\u0142ugowe (woda, cola, fanta).<\/li>\n<li>Po przerwie na kolacj\u0119 udamy si\u0119 na pla\u017c\u0119 obok pla\u017cy Ula\u015f i zrobimy przerw\u0119 na p\u0142ywanie.<\/li>\n<li>W czasie tej wycieczki odb\u0119dzie si\u0119 impreza z pian\u0105, animacje, muzyka i r\u00f3\u017cne zaj\u0119cia.<\/li>\n<li>Wr\u00f3cimy do portu w Alanyi z otwartej wody.<\/li>\n<li>Odwieziemy Ci\u0119 do hotelu oko\u0142o 21:30.<\/li>\n<\/ul>\n<p>Baw si\u0119 ju\u017c \ud83d\ude42<\/p>\n<h3>W cenie:<\/h3>\n<ul>\n<li>Ubezpieczenie<\/li>\n<li>Przewodnik<\/li>\n<li>Odbi\u00f3r z hotelu\/powr\u00f3t do hotelu<\/li>\n<li>Kolacja<\/li>\n<li>Ca\u0142y dzie\u0144 napoje bezalkoholowe<\/li>\n<\/ul>\n<h3>Opcjonalnie z ceny wy\u0142\u0105czone:<\/h3>\n<ul>\n<li>Alkohol<\/li>\n<li>Zdj\u0119cia<\/li>\n<li>Wydatki osobiste<\/li>\n<\/ul>\n<h3>Wskaz\u00f3wki i dodatkowe informacje:<\/h3>\n<ul>\n<li>Zabierz ze sob\u0105 str\u00f3j k\u0105pielowy i r\u0119cznik.<\/li>\n<li>Godziny odbioru i powr\u00f3t mog\u0105 si\u0119 r\u00f3\u017cni\u0107 w zale\u017cno\u015bci od lokalizacji hotelu.<\/li>\n<\/ul>\n<h3>Informacje og\u00f3lne:<\/h3>\n<ul>\n<li>Dni wycieczek: Poniedzia\u0142ek, \u015aroda, Pi\u0105tek,<\/li>\n<li>Miejsce spotkania: Hotel.<\/li>\n<li>Godzina spotkania: 17:30<\/li>\n<li>Miejsce powr\u00f3tu: Hotel.<\/li>\n<li>Godzina powr\u00f3tu: 21:00<\/li>\n<li>Czas trwania wycieczki: 4 (transport wliczony)<\/li>\n<\/ul>\n","protected":false},"excerpt":{"rendered":"<h3>Cennik<\/h3>\n<table class=\"price-table\">\n<tbody>\n<tr>\n<td>Jedna osoba<\/td>\n<td>Doros\u0142y (&gt;12)<\/td>\n<td>20 \u20ac<\/td>\n<\/tr>\n<tr>\n<td>Jedna osoba<\/td>\n<td>Dziecko (7-11)<\/td>\n<td>10 \u20ac<\/td>\n<\/tr>\n<tr>\n<td>Jedna osoba <\/td>\n<td>Niemowl\u0119 (0-6)<\/td>\n<td>Bezp\u0142atny<\/td>\n<\/tr>\n<\/tbody>\n<\/table>\n","protected":false},"featured_media":5291,"comment_status":"open","ping_status":"closed","template":"","meta":{"_joinchat":[]},"product_brand":[],"product_cat":[60],"product_tag":[],"class_list":{"0":"post-5286","1":"product","2":"type-product","3":"status-publish","4":"has-post-thumbnail","6":"product_cat-wycieczki-w-alanyi","8":"first","9":"instock","10":"sold-individually","11":"shipping-taxable","12":"purchasable","13":"product-type-booking"},"booking_location":"","booking_location_type":"","booking_duration":1,"booking_duration_unit":"day","booking_buffer":0,"booking_cost":0,"booking_resources":[],"jetpack_sharing_enabled":true,"_links":{"self":[{"href":"https:\/\/tursaytravel.com\/pl\/wp-json\/wp\/v2\/product\/5286","targetHints":{"allow":["GET"]}}],"collection":[{"href":"https:\/\/tursaytravel.com\/pl\/wp-json\/wp\/v2\/product"}],"about":[{"href":"https:\/\/tursaytravel.com\/pl\/wp-json\/wp\/v2\/types\/product"}],"replies":[{"embeddable":true,"href":"https:\/\/tursaytravel.com\/pl\/wp-json\/wp\/v2\/comments?post=5286"}],"wp:featuredmedia":[{"embeddable":true,"href":"https:\/\/tursaytravel.com\/pl\/wp-json\/wp\/v2\/media\/5291"}],"wp:attachment":[{"href":"https:\/\/tursaytravel.com\/pl\/wp-json\/wp\/v2\/media?parent=5286"}],"wp:term":[{"taxonomy":"product_brand","embeddable":true,"href":"https:\/\/tursaytravel.com\/pl\/wp-json\/wp\/v2\/product_brand?post=5286"},{"taxonomy":"product_cat","embeddable":true,"href":"https:\/\/tursaytravel.com\/pl\/wp-json\/wp\/v2\/product_cat?post=5286"},{"taxonomy":"product_tag","embeddable":true,"href":"https:\/\/tursaytravel.com\/pl\/wp-json\/wp\/v2\/product_tag?post=5286"}],"curies":[{"name":"wp","href":"https:\/\/api.w.org\/{rel}","templated":true}]}}