{"id":5234,"date":"2024-05-22T20:53:07","date_gmt":"2024-05-22T17:53:07","guid":{"rendered":"https:\/\/tursaytravel.com\/wycieczka-do-kapadocji-2-dniowa-z-alanyi\/"},"modified":"2026-04-01T17:21:07","modified_gmt":"2026-04-01T14:21:07","slug":"wycieczka-do-kapadocji-2-dni-z-alanyi","status":"publish","type":"product","link":"https:\/\/tursaytravel.com\/pl\/wycieczka-do-kapadocji-2-dni-z-alanyi\/","title":{"rendered":"Wycieczka do Kapadocji 2 dni z Alanyi"},"content":{"rendered":"<h2>Wycieczka do Kapadocji 2 dni z Alanyi<\/h2>\n<p>Wycieczka do Kapadocji z Alanyi to \u015bwietna opcja dla tych, kt\u00f3rzy chc\u0105 odkry\u0107 pi\u0119kno natury, miejsca historyczne i bogactwo kulturowe. Jest organizowana z Alanyi z 2 noclegami. <\/p>\n<p>Kapadocja znajduje si\u0119 na p\u00f3\u0142nocnym wschodzie Alanyi i jest oddalona o oko\u0142o 500 km. Zakwaterowanie w 4-gwiazdkowym hotelu jest wliczone w cen\u0119 wycieczki. Kapadocja s\u0142ynie z podziemnych miast, dolin, jaski\u0144 i komin\u00f3w wr\u00f3\u017cek. Naturalne formacje skalne zosta\u0142y ukszta\u0142towane w wyniku milion\u00f3w lat erozji. Region jest mistycznym miejscem, w kt\u00f3rym historia spotyka si\u0119 z natur\u0105. Wycieczka do Kapadocji z Alanyi to \u015bwietne do\u015bwiadczenie dla tych, kt\u00f3rzy chc\u0105 odkry\u0107 pi\u0119kno natury i bogactwo historyczne.     <\/p>\n<h3>Szczeg\u00f3\u0142y informacji o wycieczce:<\/h3>\n<h3>Dzie\u0144 1:<\/h3>\n<ul>\n<li>Odbierzemy Ci\u0119 z hotelu oko\u0142o godziny 03:00.<\/li>\n<li>Przerw\u0119 na \u015bniadanie b\u0119dziemy mie\u0107 w restauracji w Akseki.<\/li>\n<li>Odwiedzimy podziemne miasto i muzeum Saratl\u0131.<\/li>\n<li>Przerw\u0119 na obiad b\u0119dziemy mie\u0107 w Kapadocji<\/li>\n<li>Potem odwiedzimy Dolin\u0119 Dewrent oraz Centrum Ceramiki i Ceramiki Dewrent.<\/li>\n<li>Panoramiczna przerwa w zamku U\u00e7hisar<\/li>\n<li>Wizyta w dolinie G\u00fcvercin.<\/li>\n<li>Panoramiczna przerwa w dolinie G\u00f6reme<\/li>\n<li>Wizyta w Dolina Zakochanych.<\/li>\n<li>Przyjazd i zakwaterowanie w hotelu<\/li>\n<li>Kolacja w hotelowej restauracji.<\/li>\n<li>Czas wolny w hotelu (je\u015bli chcesz, mo\u017cesz wzi\u0105\u0107 udzia\u0142 w tureckiej nocy i pokazie wiruj\u0105cych derwiszy)<\/li>\n<\/ul>\n<h3>Dzie\u0144 2:<\/h3>\n<ul>\n<li>Wczesnym rankiem przejazd na parad\u0119 balon\u00f3w. (Dodatkowa op\u0142ata)<\/li>\n<li>\u015aniadanie w hotelu.<\/li>\n<li>Wyjazd z hotelu.<\/li>\n<li>Wizyta w centrum Onyx i Sultaniti.<\/li>\n<li>Wizyta w centrum wyrob\u00f3w sk\u00f3rzanych<\/li>\n<li>Obiad w Konyi<\/li>\n<li>Przerwa w Seydi\u015fehir<\/li>\n<li>Powr\u00f3t do Alanyi.<\/li>\n<li>Odwieziemy Ci\u0119 do hotelu o godzinie 18:30.<\/li>\n<\/ul>\n<p>Baw si\u0119 ju\u017c \ud83d\ude42<\/p>\n<h3>W cenie:<\/h3>\n<ul>\n<li>Ubezpieczenie<\/li>\n<li>Przewodnik<\/li>\n<li>Odbi\u00f3r z hotelu\/powr\u00f3t do hotelu<\/li>\n<li>\u015aniadanie i kolacja w hotelu<\/li>\n<li>Op\u0142ata za wst\u0119p do Muzeum Podziemnego Miasta Saratl\u0131<\/li>\n<li>Zakwaterowanie w 4-gwiazdkowym hotelu<\/li>\n<\/ul>\n<h3>Opcjonalnie z ceny wy\u0142\u0105czone:<\/h3>\n<ul>\n<li>\u015aniadanie pierwszego dnia. \u015aniadanie mo\u017cesz zabra\u0107 ze sob\u0105 w pakiecie z hotelu.<\/li>\n<li>Obiady (dwa razy)<\/li>\n<li>Napoje<\/li>\n<li>Wydatki osobiste<\/li>\n<li>Lot balonem, panorama balonem, noc turecka, pokaz wiruj\u0105cych derwiszy<\/li>\n<li>Pok\u00f3j jednoosobowy w hotelu \u2013 25 euro za noc (je\u015bli jeste\u015b jedn\u0105 osob\u0105 i chcesz zatrzyma\u0107 si\u0119 w pokoju jednoosobowym)<\/li>\n<\/ul>\n<h3>Wskaz\u00f3wki i dodatkowe informacje:<\/h3>\n<ul>\n<li>Zabierz ze sob\u0105 paszport lub dow\u00f3d osobisty, aparat fotograficzny i telefon kom\u00f3rkowy.<\/li>\n<li>Warto zabra\u0107 ze sob\u0105 kurtk\u0119. Poniewa\u017c w Kpadokya pogoda mo\u017ce by\u0107 ch\u0142odniejsza.  <\/li>\n<li>Godziny odbioru i powr\u00f3t mog\u0105 si\u0119 r\u00f3\u017cni\u0107 w zale\u017cno\u015bci od lokalizacji hotelu.<\/li>\n<\/ul>\n<h3>Informacje og\u00f3lne:<\/h3>\n<ul>\n<li>Dni wycieczek: poniedzia\u0142ek, wtorek, czwartek, pi\u0105tek<\/li>\n<li>Miejsce spotkania: Hotel.<\/li>\n<li>Godzina spotkania: 03:00<\/li>\n<li>Miejsce powr\u00f3tu: Hotel.<\/li>\n<li>Godzina powr\u00f3tu: 18:30<\/li>\n<li>Czas trwania wycieczki: 2 dni<\/li>\n<\/ul>\n","protected":false},"excerpt":{"rendered":"<h3>Cennik<\/h3>\n<table class=\"price-table\">\n<tbody>\n<tr>\n<td>Jedna osoba<\/td>\n<td>Doros\u0142y (&gt;9)<\/td>\n<td>60 \u20ac<\/td>\n<\/tr>\n<tr>\n<td>Jedna osoba<\/td>\n<td>Dziecko (4-8)<\/td>\n<td>40 \u20ac<\/td>\n<\/tr>\n<tr>\n<td>Jedna osoba <\/td>\n<td>Niemowl\u0119 (0-3)<\/td>\n<td>Bezp\u0142atny<\/td>\n<\/tr>\n<\/tbody>\n<\/table>\n","protected":false},"featured_media":5238,"comment_status":"open","ping_status":"closed","template":"","meta":{"_joinchat":[]},"product_brand":[],"product_cat":[60],"product_tag":[],"class_list":{"0":"post-5234","1":"product","2":"type-product","3":"status-publish","4":"has-post-thumbnail","6":"product_cat-wycieczki-w-alanyi","8":"first","9":"instock","10":"sold-individually","11":"shipping-taxable","12":"purchasable","13":"product-type-booking"},"booking_location":"","booking_location_type":"","booking_duration":1,"booking_duration_unit":"day","booking_buffer":0,"booking_cost":0,"booking_resources":[],"jetpack_sharing_enabled":true,"_links":{"self":[{"href":"https:\/\/tursaytravel.com\/pl\/wp-json\/wp\/v2\/product\/5234","targetHints":{"allow":["GET"]}}],"collection":[{"href":"https:\/\/tursaytravel.com\/pl\/wp-json\/wp\/v2\/product"}],"about":[{"href":"https:\/\/tursaytravel.com\/pl\/wp-json\/wp\/v2\/types\/product"}],"replies":[{"embeddable":true,"href":"https:\/\/tursaytravel.com\/pl\/wp-json\/wp\/v2\/comments?post=5234"}],"wp:featuredmedia":[{"embeddable":true,"href":"https:\/\/tursaytravel.com\/pl\/wp-json\/wp\/v2\/media\/5238"}],"wp:attachment":[{"href":"https:\/\/tursaytravel.com\/pl\/wp-json\/wp\/v2\/media?parent=5234"}],"wp:term":[{"taxonomy":"product_brand","embeddable":true,"href":"https:\/\/tursaytravel.com\/pl\/wp-json\/wp\/v2\/product_brand?post=5234"},{"taxonomy":"product_cat","embeddable":true,"href":"https:\/\/tursaytravel.com\/pl\/wp-json\/wp\/v2\/product_cat?post=5234"},{"taxonomy":"product_tag","embeddable":true,"href":"https:\/\/tursaytravel.com\/pl\/wp-json\/wp\/v2\/product_tag?post=5234"}],"curies":[{"name":"wp","href":"https:\/\/api.w.org\/{rel}","templated":true}]}}