{"id":5215,"date":"2024-05-22T21:01:49","date_gmt":"2024-05-22T18:01:49","guid":{"rendered":"https:\/\/tursaytravel.com\/wycieczka-demre-kekova-myra-z-alanyi\/"},"modified":"2026-01-31T22:03:59","modified_gmt":"2026-01-31T19:03:59","slug":"wycieczka-demre-kekova-myra-z-alanyi","status":"publish","type":"product","link":"https:\/\/tursaytravel.com\/pl\/wycieczka-demre-kekova-myra-z-alanyi\/","title":{"rendered":"Wycieczka Demre-Kekova-Myra z Alanyi"},"content":{"rendered":"<h2>Wycieczka Demre-Kekova-Myra z Alanyi<\/h2>\n<p>Wycieczka Demre, Kekova i Myra z Alanyi to ekscytuj\u0105ca jednodniowa wycieczka, podczas kt\u00f3rej zwiedzisz trzy magiczne zabytki po\u0142o\u017cone na po\u0142udniowym wybrze\u017cu Antalyi! Podczas tej wycieczki zobaczysz staro\u017cytne ruiny, zatopione miasto i zobaczysz pi\u0119kno natury. <\/p>\n<h3>Szczeg\u00f3\u0142y informacji o wycieczce:<\/h3>\n<ul>\n<li>Odbierzemy Ci\u0119 z hotelu oko\u0142o godziny 02:00.<\/li>\n<li>Demre jest oddalone od Alanyi o oko\u0142o 280 km.<\/li>\n<li>Zorganizujemy przerw\u0119 na \u015bniadanie w restauracji w Antalyi. (\u015aniadanie nie jest wliczone w cen\u0119 wycieczki) <\/li>\n<li>Przyjazd do Demre<\/li>\n<li>Odwiedzimy muzeum i ko\u015bci\u00f3\u0142 Miko\u0142aja<\/li>\n<li>Przyjazd do Kekova<\/li>\n<li>B\u0119dzie to wycieczka \u0142odzi\u0105 po zatopionym mie\u015bcie Kekova (oko\u0142o 2 godzin)<\/li>\n<li>Je\u015bli chcesz, mo\u017cesz p\u0142ywa\u0107<\/li>\n<li>Przerwa na obiad w restauracji. (Obiad jest wliczony w cen\u0119 wycieczki)<\/li>\n<li>Przyjazd do Myry<\/li>\n<li>Odwiedzimy staro\u017cytne miasto, staro\u017cytny teatr i cmentarz skalny.<\/li>\n<li>Powr\u00f3t do Alanyi.<\/li>\n<li>Zrobimy przerw\u0119 na odpoczynek w Antalyi<\/li>\n<li>Odwieziemy Ci\u0119 do hotelu oko\u0142o godziny 20:00.<\/li>\n<\/ul>\n<p>Baw si\u0119 ju\u017c \ud83d\ude42<\/p>\n<h3>W cenie:<\/h3>\n<ul>\n<li>Ubezpieczenie<\/li>\n<li>Odbi\u00f3r z hotelu\/powr\u00f3t do hotelu<\/li>\n<li>Obiad<\/li>\n<li>Wycieczka \u0142odzi\u0105 po Kekova (oko\u0142o 2 godzin)<\/li>\n<li>Wej\u015bcia do muzeum i teatru<\/li>\n<\/ul>\n<h3>Opcjonalnie z ceny wy\u0142\u0105czone:<\/h3>\n<ul>\n<li>\u015aniadanie<\/li>\n<li>Napoje<\/li>\n<li>Wydatki osobiste<\/li>\n<\/ul>\n<h3>Wskaz\u00f3wki i dodatkowe informacje:<\/h3>\n<ul>\n<li>Je\u015bli chcesz pop\u0142ywa\u0107, zabierz ze sob\u0105 kostium k\u0105pielowy i r\u0119cznik.<\/li>\n<li>\u015aniadanie mo\u017cesz zabra\u0107 ze sob\u0105 w pakiecie z hotelu.<\/li>\n<li>Godziny odbioru i powr\u00f3t mog\u0105 si\u0119 r\u00f3\u017cni\u0107 w zale\u017cno\u015bci od lokalizacji hotelu.<\/li>\n<\/ul>\n<h3>Informacje og\u00f3lne:<\/h3>\n<ul>\n<li>Dni wycieczek: \u015aroda, niedziela<\/li>\n<li>Miejsce spotkania: Hotel.<\/li>\n<li>Godzina spotkania: 02:00<\/li>\n<li>Miejsce powr\u00f3tu: Hotel.<\/li>\n<li>Godzina powr\u00f3tu: 20:00<\/li>\n<li>Czas trwania wycieczki: 18 (transport wliczony)<\/li>\n<\/ul>\n","protected":false},"excerpt":{"rendered":"<h3>Cennik<\/h3>\n<table class=\"price-table\">\n<tbody>\n<tr>\n<td>Jedna osoba<\/td>\n<td>Doros\u0142y (&gt;9)<\/td>\n<td>80 \u20ac<\/td>\n<\/tr>\n<tr>\n<td>Jedna osoba<\/td>\n<td>Dziecko (4-8)<\/td>\n<td>40 \u20ac<\/td>\n<\/tr>\n<tr>\n<td>Jedna osoba <\/td>\n<td>Niemowl\u0119 (0-3)<\/td>\n<td>Bezp\u0142atny<\/td>\n<\/tr>\n<\/tbody>\n<\/table>\n","protected":false},"featured_media":5219,"comment_status":"open","ping_status":"closed","template":"","meta":{"_joinchat":[]},"product_brand":[],"product_cat":[60],"product_tag":[],"class_list":{"0":"post-5215","1":"product","2":"type-product","3":"status-publish","4":"has-post-thumbnail","6":"product_cat-wycieczki-w-alanyi","8":"first","9":"instock","10":"sold-individually","11":"shipping-taxable","12":"purchasable","13":"product-type-booking"},"booking_location":"","booking_location_type":"","booking_duration":1,"booking_duration_unit":"day","booking_buffer":0,"booking_cost":0,"booking_resources":[],"jetpack_sharing_enabled":true,"_links":{"self":[{"href":"https:\/\/tursaytravel.com\/pl\/wp-json\/wp\/v2\/product\/5215","targetHints":{"allow":["GET"]}}],"collection":[{"href":"https:\/\/tursaytravel.com\/pl\/wp-json\/wp\/v2\/product"}],"about":[{"href":"https:\/\/tursaytravel.com\/pl\/wp-json\/wp\/v2\/types\/product"}],"replies":[{"embeddable":true,"href":"https:\/\/tursaytravel.com\/pl\/wp-json\/wp\/v2\/comments?post=5215"}],"wp:featuredmedia":[{"embeddable":true,"href":"https:\/\/tursaytravel.com\/pl\/wp-json\/wp\/v2\/media\/5219"}],"wp:attachment":[{"href":"https:\/\/tursaytravel.com\/pl\/wp-json\/wp\/v2\/media?parent=5215"}],"wp:term":[{"taxonomy":"product_brand","embeddable":true,"href":"https:\/\/tursaytravel.com\/pl\/wp-json\/wp\/v2\/product_brand?post=5215"},{"taxonomy":"product_cat","embeddable":true,"href":"https:\/\/tursaytravel.com\/pl\/wp-json\/wp\/v2\/product_cat?post=5215"},{"taxonomy":"product_tag","embeddable":true,"href":"https:\/\/tursaytravel.com\/pl\/wp-json\/wp\/v2\/product_tag?post=5215"}],"curies":[{"name":"wp","href":"https:\/\/api.w.org\/{rel}","templated":true}]}}