{"id":5204,"date":"2024-05-22T21:12:56","date_gmt":"2024-05-22T18:12:56","guid":{"rendered":"https:\/\/tursaytravel.com\/wycieczka-lodzia-po-manavgat-z-alanyi\/"},"modified":"2026-01-31T21:49:21","modified_gmt":"2026-01-31T18:49:21","slug":"wycieczka-lodzia-po-manavgat-z-alanyi","status":"publish","type":"product","link":"https:\/\/tursaytravel.com\/pl\/wycieczka-lodzia-po-manavgat-z-alanyi\/","title":{"rendered":"Wycieczka \u0142odzi\u0105 po Manavgat z Alanyi"},"content":{"rendered":"<h2>Wycieczka \u0142odzi\u0105 po Manavgat z Alanyi<\/h2>\n<p>Rejs \u0142odzi\u0105 po Manavgat oferuje niezapomniane wra\u017cenia tym, kt\u00f3rzy chc\u0105 odkry\u0107 pi\u0119kno natury. Wodospad spadaj\u0105cy ze spokojnych w\u00f3d rzeki Manavgat to cud naturalnego pi\u0119kna. Podczas rejsu \u0142odzi\u0105 przez ziele\u0144 b\u0119dziesz mie\u0107 okazj\u0119 odkry\u0107 pi\u0119kno natury wok\u00f3\u0142 siebie. Pod koniec wycieczki zatrzymasz si\u0119 na targu w Manavgat. Znajdziesz tu lokalne produkty, r\u0119cznie robione pami\u0105tki oraz \u015bwie\u017ce owoce i warzywa.    <\/p>\n<h3>Szczeg\u00f3\u0142y informacji o wycieczce:<\/h3>\n<ul>\n<li>Odbierzemy Ci\u0119 z hotelu oko\u0142o 08:00 rano.<\/li>\n<li>Manavgat jest oddalony od Alanyi o 60 km.<\/li>\n<li>Przyjazd do portu rzecznego Manavgat.<\/li>\n<li>Wycieczka \u0142odzi\u0105 po rzece Manavgat potrwa 4 godziny.<\/li>\n<li>Zrobimy przerwy na p\u0142ywanie. Mo\u017cesz p\u0142ywa\u0107 zar\u00f3wno w morzu, jak i w rzece. <\/li>\n<li>Obiad na \u0142odzi. Obiad jest wliczony w cen\u0119 wycieczki, ale napoje nie s\u0105 wliczone w cen\u0119 wycieczki. <\/li>\n<li>Wr\u00f3cimy do portu rzecznego.<\/li>\n<li>Nast\u0119pnie odwiedzimy wodospad Manavgat (op\u0142ata za wst\u0119p do wodospadu jest wliczona w cen\u0119 wycieczki)<\/li>\n<li>Odwiedzimy du\u017cy bazar Manavgat i b\u0119dziemy mie\u0107 dwie godziny wolnego czasu.<\/li>\n<li>Wr\u00f3cimy i odwieziemy Ci\u0119 do hotelu oko\u0142o 18:00.<\/li>\n<\/ul>\n<p>Baw si\u0119 ju\u017c \ud83d\ude42<\/p>\n<h3>W cenie:<\/h3>\n<ul>\n<li>Ubezpieczenie<\/li>\n<li>Przewodnik<\/li>\n<li>Odbi\u00f3r z hotelu\/powr\u00f3t do hotelu<\/li>\n<li>Obiad<\/li>\n<li>Op\u0142ata za wst\u0119p do wodospadu Manavgat<\/li>\n<\/ul>\n<h3>Opcjonalnie z ceny wy\u0142\u0105czone:<\/h3>\n<ul>\n<li>Napoje<\/li>\n<li>Zdj\u0119cia<\/li>\n<li>Wydatki osobiste<\/li>\n<\/ul>\n<h3>Wskaz\u00f3wki i dodatkowe informacje:<\/h3>\n<ul>\n<li>Organizujemy nasz\u0105 wycieczk\u0119 w te dni ze wzgl\u0119du na bazar odbywaj\u0105cy si\u0119 w Manavgat w poniedzia\u0142ki i czwartki.<\/li>\n<li>Je\u015bli chcesz pop\u0142ywa\u0107, zabierz ze sob\u0105 kostium k\u0105pielowy, krem do opalania i r\u0119cznik.<\/li>\n<li>Godziny odbioru i powr\u00f3t mog\u0105 si\u0119 r\u00f3\u017cni\u0107 w zale\u017cno\u015bci od lokalizacji hotelu.<\/li>\n<\/ul>\n<h3>Informacje og\u00f3lne:<\/h3>\n<ul>\n<li>Dni wycieczek: Poniedzia\u0142ek, Czwartek<\/li>\n<li>Miejsce spotkania: Hotel.<\/li>\n<li>Godzina spotkania: 08:00<\/li>\n<li>Miejsce powr\u00f3tu: Hotel.<\/li>\n<li>Godzina powr\u00f3tu: 18:00<\/li>\n<li>Czas trwania wycieczki: 10 (transport wliczony)<\/li>\n<\/ul>\n","protected":false},"excerpt":{"rendered":"<h3>Cennik<\/h3>\n<table class=\"price-table\">\n<tbody>\n<tr>\n<td>Jedna osoba<\/td>\n<td>Doros\u0142y (&gt;11)<\/td>\n<td>35 \u20ac<\/td>\n<\/tr>\n<tr>\n<td>Jedna osoba<\/td>\n<td>Dziecko (5-10)<\/td>\n<td>25 \u20ac<\/td>\n<\/tr>\n<tr>\n<td>Jedna osoba<\/td>\n<td>Niemowl\u0119 (0-4)<\/td>\n<td>Bezp\u0142atny<\/td>\n<\/tr>\n<\/tbody>\n<\/table>\n","protected":false},"featured_media":5208,"comment_status":"open","ping_status":"closed","template":"","meta":{"_joinchat":[]},"product_brand":[],"product_cat":[60],"product_tag":[],"class_list":{"0":"post-5204","1":"product","2":"type-product","3":"status-publish","4":"has-post-thumbnail","6":"product_cat-wycieczki-w-alanyi","8":"first","9":"instock","10":"sold-individually","11":"shipping-taxable","12":"purchasable","13":"product-type-booking"},"booking_location":"","booking_location_type":"","booking_duration":1,"booking_duration_unit":"day","booking_buffer":0,"booking_cost":0,"booking_resources":[],"jetpack_sharing_enabled":true,"_links":{"self":[{"href":"https:\/\/tursaytravel.com\/pl\/wp-json\/wp\/v2\/product\/5204","targetHints":{"allow":["GET"]}}],"collection":[{"href":"https:\/\/tursaytravel.com\/pl\/wp-json\/wp\/v2\/product"}],"about":[{"href":"https:\/\/tursaytravel.com\/pl\/wp-json\/wp\/v2\/types\/product"}],"replies":[{"embeddable":true,"href":"https:\/\/tursaytravel.com\/pl\/wp-json\/wp\/v2\/comments?post=5204"}],"wp:featuredmedia":[{"embeddable":true,"href":"https:\/\/tursaytravel.com\/pl\/wp-json\/wp\/v2\/media\/5208"}],"wp:attachment":[{"href":"https:\/\/tursaytravel.com\/pl\/wp-json\/wp\/v2\/media?parent=5204"}],"wp:term":[{"taxonomy":"product_brand","embeddable":true,"href":"https:\/\/tursaytravel.com\/pl\/wp-json\/wp\/v2\/product_brand?post=5204"},{"taxonomy":"product_cat","embeddable":true,"href":"https:\/\/tursaytravel.com\/pl\/wp-json\/wp\/v2\/product_cat?post=5204"},{"taxonomy":"product_tag","embeddable":true,"href":"https:\/\/tursaytravel.com\/pl\/wp-json\/wp\/v2\/product_tag?post=5204"}],"curies":[{"name":"wp","href":"https:\/\/api.w.org\/{rel}","templated":true}]}}