{"id":5188,"date":"2024-05-22T21:21:55","date_gmt":"2024-05-22T18:21:55","guid":{"rendered":"https:\/\/tursaytravel.com\/wycieczka-do-jeziora-salda-i-pamukkale-z-alanyi\/"},"modified":"2026-05-12T15:35:31","modified_gmt":"2026-05-12T12:35:31","slug":"wycieczka-do-jeziora-salda-i-pamukkale-z-alanyi","status":"publish","type":"product","link":"https:\/\/tursaytravel.com\/pl\/wycieczka-do-jeziora-salda-i-pamukkale-z-alanyi\/","title":{"rendered":"Wycieczka do jeziora Salda i Pamukkale z Alanyi"},"content":{"rendered":"<h2>Wycieczka do jeziora Salda i Pamukkale z Alanyi<\/h2>\n<p>Pamukkale i Salda to dwa wyj\u0105tkowe miejsca po\u0142o\u017cone w regionie Morza Egejskiego w Turcji. Te naturalne pi\u0119kno fascynuje miliony turyst\u00f3w ka\u017cdego roku. Pamukkale s\u0142ynie ze \u015bnie\u017cnobia\u0142ych taras\u00f3w trawertynowych utworzonych przez wody termalne. Mo\u017cna spacerowa\u0107 po tych tarasach, podziwia\u0107 wyj\u0105tkowe widoki i odkrywa\u0107 historyczne i naturalne pi\u0119kno, takie jak Basen Kleopatry.   <\/p>\n<p>K\u0105piel w wodach termalnych w Pamukkale jest r\u00f3wnie\u017c bardzo korzystna dla zdrowia. Jezioro Salda ma fascynuj\u0105ce pi\u0119kno dzi\u0119ki turkusowym wodom i bia\u0142ym pla\u017com. To bogate w magnez jezioro nadaje wodzie turkusowy kolor. Mo\u017cesz stworzy\u0107 niezapomniane wspomnienia dzi\u0119ki aktywno\u015bciom, kt\u00f3re mo\u017cesz wykonywa\u0107 w Pamukkale i Saldzie.   <\/p>\n<h3>Szczeg\u00f3\u0142y informacji o wycieczce:<\/h3>\n<ul>\n<li>Odbierzemy Ci\u0119 z hotelu oko\u0142o 02:00.<\/li>\n<li>Salda jest oddalona od Alanyi o oko\u0142o 270 km, Pamukkale jest oddalone od Alanyi o oko\u0142o 380 km.<\/li>\n<li>B\u0119dziemy mie\u0107 przerw\u0119 na \u015bniadanie w restauracji w Antalyi.<\/li>\n<li>Odwiedzimy jezioro Salda (oko\u0142o 45 minut)<\/li>\n<li>Przyjazd do Pamukkale (oko\u0142o 11:00)<\/li>\n<li>Odwiedzimy tarasy Pamukkale, staro\u017cytne miasto i staro\u017cytny teatr, a nast\u0119pnie zapewnimy Pa\u0144stwu czas wolny. (to oko\u0142o trzech godzin)<\/li>\n<li>Je\u015bli chcesz, mo\u017cesz pop\u0142ywa\u0107 w trawertynie Pamukkale<\/li>\n<li>Przerw\u0119 na obiad b\u0119dziemy mie\u0107 w restauracji w Pamukkale.<\/li>\n<li>Powr\u00f3t do Alanyi<\/li>\n<li>B\u0119dziemy mie\u0107 przerw\u0119 na kolacj\u0119 w restauracji w Ac\u0131payam.<\/li>\n<li>Odwieziemy Ci\u0119 do hotelu oko\u0142o 23:00.<\/li>\n<\/ul>\n<p>Baw si\u0119 ju\u017c \ud83d\ude42<\/p>\n<h3>W cenie:<\/h3>\n<ul>\n<li>Ubezpieczenie<\/li>\n<li>Przewodnik<\/li>\n<li>Odbi\u00f3r z hotelu\/powr\u00f3t do hotelu<\/li>\n<li>\u015aniadanie, obiad, kolacja<\/li>\n<li>Trawertyny Pamukkale, staro\u017cytne miasto Hierapolis, staro\u017cytny teatr i op\u0142aty za wst\u0119p na jezioro Salda.<\/li>\n<\/ul>\n<h3>Opcjonalnie z ceny wy\u0142\u0105czone:<\/h3>\n<ul>\n<li>Napoje<\/li>\n<li>Wydatki osobiste<\/li>\n<li>Op\u0142ata za basen Kleopatry.<\/li>\n<\/ul>\n<h3>Wskaz\u00f3wki i dodatkowe informacje:<\/h3>\n<ul>\n<li>Je\u015bli chcesz p\u0142ywa\u0107, zabierz ze sob\u0105 str\u00f3j k\u0105pielowy i r\u0119cznik.<\/li>\n<li>Godziny odbioru i powr\u00f3t mog\u0105 si\u0119 r\u00f3\u017cni\u0107 w zale\u017cno\u015bci od lokalizacji hotelu.<\/li>\n<\/ul>\n<h3>Informacje og\u00f3lne:<\/h3>\n<ul>\n<li>Dni wycieczek: Codziennie<\/li>\n<li>Miejsce spotkania: Hotel.<\/li>\n<li>Godzina spotkania: 02:00<\/li>\n<li>Miejsce powr\u00f3tu: Hotel.<\/li>\n<li>Godzina powr\u00f3tu: 23:00<\/li>\n<li>Czas trwania wycieczki: 19 (transport wliczony)<\/li>\n<\/ul>\n","protected":false},"excerpt":{"rendered":"<h3>Cennik<\/h3>\n<table class=\"price-table\">\n<tbody>\n<tr>\n<td>Jedna osoba<\/td>\n<td>Doros\u0142y (&gt;9)<\/td>\n<td>70 \u20ac<\/td>\n<\/tr>\n<tr>\n<td>Jedna osoba<\/td>\n<td>Dziecko (4-8)<\/td>\n<td>40 \u20ac<\/td>\n<\/tr>\n<tr>\n<td>Jedna osoba <\/td>\n<td>Niemowl\u0119 (0-3)<\/td>\n<td>Bezp\u0142atny<\/td>\n<\/tr>\n<\/tbody>\n<\/table>\n","protected":false},"featured_media":5192,"comment_status":"open","ping_status":"closed","template":"","meta":{"_joinchat":[]},"product_brand":[],"product_cat":[60],"product_tag":[],"class_list":{"0":"post-5188","1":"product","2":"type-product","3":"status-publish","4":"has-post-thumbnail","6":"product_cat-wycieczki-w-alanyi","8":"first","9":"instock","10":"sold-individually","11":"shipping-taxable","12":"purchasable","13":"product-type-booking"},"booking_location":"","booking_location_type":"","booking_duration":1,"booking_duration_unit":"day","booking_buffer":0,"booking_cost":0,"booking_resources":[],"jetpack_sharing_enabled":true,"_links":{"self":[{"href":"https:\/\/tursaytravel.com\/pl\/wp-json\/wp\/v2\/product\/5188","targetHints":{"allow":["GET"]}}],"collection":[{"href":"https:\/\/tursaytravel.com\/pl\/wp-json\/wp\/v2\/product"}],"about":[{"href":"https:\/\/tursaytravel.com\/pl\/wp-json\/wp\/v2\/types\/product"}],"replies":[{"embeddable":true,"href":"https:\/\/tursaytravel.com\/pl\/wp-json\/wp\/v2\/comments?post=5188"}],"wp:featuredmedia":[{"embeddable":true,"href":"https:\/\/tursaytravel.com\/pl\/wp-json\/wp\/v2\/media\/5192"}],"wp:attachment":[{"href":"https:\/\/tursaytravel.com\/pl\/wp-json\/wp\/v2\/media?parent=5188"}],"wp:term":[{"taxonomy":"product_brand","embeddable":true,"href":"https:\/\/tursaytravel.com\/pl\/wp-json\/wp\/v2\/product_brand?post=5188"},{"taxonomy":"product_cat","embeddable":true,"href":"https:\/\/tursaytravel.com\/pl\/wp-json\/wp\/v2\/product_cat?post=5188"},{"taxonomy":"product_tag","embeddable":true,"href":"https:\/\/tursaytravel.com\/pl\/wp-json\/wp\/v2\/product_tag?post=5188"}],"curies":[{"name":"wp","href":"https:\/\/api.w.org\/{rel}","templated":true}]}}