{"id":5170,"date":"2024-05-22T21:32:15","date_gmt":"2024-05-22T18:32:15","guid":{"rendered":"https:\/\/tursaytravel.com\/wycieczka-side-manavgat-ukryty-raj-z-alanyi\/"},"modified":"2026-01-31T22:29:17","modified_gmt":"2026-01-31T19:29:17","slug":"wycieczka-side-manavgat-ukryty-raj-z-alanyi","status":"publish","type":"product","link":"https:\/\/tursaytravel.com\/pl\/wycieczka-side-manavgat-ukryty-raj-z-alanyi\/","title":{"rendered":"Wycieczka Side-Manavgat-Ukryty Raj z Alanyi"},"content":{"rendered":"<h2>Wycieczka Side-Manavgat-Ukryty Raj z Alanyi<\/h2>\n<p>Wycieczka Side-Manavgat-Ukryty Raj z Alanyi to kulturalna wycieczka, kt\u00f3ra \u0142\u0105czy w sobie naturalne pi\u0119kno i bogactwo historyczne. Podczas tej wycieczki odkryjesz ukryte skarby Alanyi i b\u0119dziesz mie\u0107 okazj\u0119 pozna\u0107 lokaln\u0105 kultur\u0119 z bliska. <\/p>\n<h3>Szczeg\u00f3\u0142y informacji o wycieczce:<\/h3>\n<ul>\n<li>Odbierzemy Ci\u0119 z hotelu autobusem cabrio lub klimatyzowanym autobusem oko\u0142o 08:30 rano.<\/li>\n<li>Side jest oddalone o oko\u0142o 65 km od Alanyi.<\/li>\n<li>Wizyta w meczetowym Manavgat (najwi\u0119kszy meczet w regionie Antalya o pojemno\u015bci 4000 os\u00f3b)<\/li>\n<li>Odwiedzimy staro\u017cytne miasto Side (oko\u0142o 2 godzin)<\/li>\n<li>B\u0119d\u0105 przerwy na spacery i zdj\u0119cia z przewodnikiem w staro\u017cytnym mie\u015bcie Side (Agora, Ulica Kolumnowa, Agora Pa\u0144stwowa, Bazylika Szpitala Bizantyjskiego i Amfiteatr Informacyjny) (oko\u0142o 1 godziny)<\/li>\n<li>Damy Ci godzin\u0119 wolnego czasu w Side (Bazar Side na ulicy Side Liman)<\/li>\n<li>Zrobimy przerw\u0119 na obiad przy ukrytych rajskich wodospadach (grillowany pstr\u0105g lub szasz\u0142yk z kurczaka, ry\u017c i sezonowa sa\u0142atka), przerw\u0119 na p\u0142ywanie w wodospadach i spacer po lesie.<\/li>\n<li>Powr\u00f3t do Alanyi<\/li>\n<li>Odwieziemy Ci\u0119 do hotelu oko\u0142o godziny 18:00.<\/li>\n<\/ul>\n<p>Baw si\u0119 ju\u017c \ud83d\ude42<\/p>\n<h3>W cenie:<\/h3>\n<ul>\n<li>Ubezpieczenie<\/li>\n<li>Przewodnik<\/li>\n<li>Odbi\u00f3r z hotelu\/powr\u00f3t do hotelu<\/li>\n<li>Obiad<\/li>\n<\/ul>\n<h3>Opcjonalnie z ceny wy\u0142\u0105czone:<\/h3>\n<ul>\n<li>Napoje<\/li>\n<li>Wydatki osobiste<\/li>\n<\/ul>\n<h3>Wskaz\u00f3wki i dodatkowe informacje:<\/h3>\n<ul>\n<li>Mo\u017cesz zabra\u0107 ze sob\u0105 aparat.<\/li>\n<li>Je\u015bli chcesz p\u0142ywa\u0107, zabierz ze sob\u0105 str\u00f3j k\u0105pielowy i r\u0119cznik<\/li>\n<li>Godziny odbioru i powr\u00f3t mog\u0105 si\u0119 r\u00f3\u017cni\u0107 w zale\u017cno\u015bci od lokalizacji hotelu.<\/li>\n<\/ul>\n<h3>Informacje og\u00f3lne:<\/h3>\n<ul>\n<li>Dni wycieczek: Wtorek, Pi\u0105tek, Niedziela<\/li>\n<li>Miejsce spotkania: Hotel.<\/li>\n<li>Godzina spotkania: 08:30<\/li>\n<li>Miejsce powr\u00f3tu: Hotel.<\/li>\n<li>Godzina powr\u00f3tu: 18:00<\/li>\n<li>Czas trwania wycieczki: 9 (transport wliczony)<\/li>\n<\/ul>\n","protected":false},"excerpt":{"rendered":"<h3>Cennik<\/h3>\n<table class=\"price-table\">\n<tbody>\n<tr>\n<td>Jedna osoba<\/td>\n<td>Doros\u0142y (&gt;11)<\/td>\n<td>35 \u20ac<\/td>\n<\/tr>\n<tr>\n<td>Jedna osoba<\/td>\n<td>Dziecko (4-10)<\/td>\n<td>20 \u20ac<\/td>\n<\/tr>\n<tr>\n<td>Jedna osoba <\/td>\n<td>Niemowl\u0119 (0-3)<\/td>\n<td>Bezp\u0142atny<\/td>\n<\/tr>\n<\/tbody>\n<\/table>\n","protected":false},"featured_media":5913,"comment_status":"open","ping_status":"closed","template":"","meta":{"_joinchat":[]},"product_brand":[],"product_cat":[60],"product_tag":[],"class_list":{"0":"post-5170","1":"product","2":"type-product","3":"status-publish","4":"has-post-thumbnail","6":"product_cat-wycieczki-w-alanyi","8":"first","9":"instock","10":"sold-individually","11":"shipping-taxable","12":"purchasable","13":"product-type-booking"},"booking_location":"","booking_location_type":"","booking_duration":1,"booking_duration_unit":"day","booking_buffer":0,"booking_cost":0,"booking_resources":[],"jetpack_sharing_enabled":true,"_links":{"self":[{"href":"https:\/\/tursaytravel.com\/pl\/wp-json\/wp\/v2\/product\/5170","targetHints":{"allow":["GET"]}}],"collection":[{"href":"https:\/\/tursaytravel.com\/pl\/wp-json\/wp\/v2\/product"}],"about":[{"href":"https:\/\/tursaytravel.com\/pl\/wp-json\/wp\/v2\/types\/product"}],"replies":[{"embeddable":true,"href":"https:\/\/tursaytravel.com\/pl\/wp-json\/wp\/v2\/comments?post=5170"}],"wp:featuredmedia":[{"embeddable":true,"href":"https:\/\/tursaytravel.com\/pl\/wp-json\/wp\/v2\/media\/5913"}],"wp:attachment":[{"href":"https:\/\/tursaytravel.com\/pl\/wp-json\/wp\/v2\/media?parent=5170"}],"wp:term":[{"taxonomy":"product_brand","embeddable":true,"href":"https:\/\/tursaytravel.com\/pl\/wp-json\/wp\/v2\/product_brand?post=5170"},{"taxonomy":"product_cat","embeddable":true,"href":"https:\/\/tursaytravel.com\/pl\/wp-json\/wp\/v2\/product_cat?post=5170"},{"taxonomy":"product_tag","embeddable":true,"href":"https:\/\/tursaytravel.com\/pl\/wp-json\/wp\/v2\/product_tag?post=5170"}],"curies":[{"name":"wp","href":"https:\/\/api.w.org\/{rel}","templated":true}]}}