{"id":5147,"date":"2024-05-22T21:39:51","date_gmt":"2024-05-22T18:39:51","guid":{"rendered":"https:\/\/tursaytravel.com\/wycieczka-do-kanionie-tazi-z-alanyi\/"},"modified":"2026-04-08T14:49:50","modified_gmt":"2026-04-08T11:49:50","slug":"wycieczka-do-kanionie-tazi-z-alanyi","status":"publish","type":"product","link":"https:\/\/tursaytravel.com\/pl\/wycieczka-do-kanionie-tazi-z-alanyi\/","title":{"rendered":"Wycieczka do kanionie Taz\u0131 z Alanyi"},"content":{"rendered":"<h2>Wycieczka do kanionie Taz\u0131 z Alanyi<\/h2>\n<p>Przygotuj si\u0119 na odkrywanie magicznego pi\u0119kna natury podczas wycieczki po kanionie Taz\u0131 z Alanyi! Kanion Taz\u0131 ma spektakularny widok, a jego wysoko\u015b\u0107 przekracza 400 metr\u00f3w. Odkryjesz wyj\u0105tkowe pi\u0119kno natury Parku Narodowego Kanionu K\u00f6pr\u00fcl\u00fc   Wycieczka po kanionie Taz\u0131 w Alanyi to \u015bwietna opcja, aby odkry\u0107 magiczne pi\u0119kno natury i odby\u0107 podr\u00f3\u017c przeplataj\u0105c\u0105 si\u0119 z histori\u0105.<\/p>\n<h3>Szczeg\u00f3\u0142y informacji o wycieczce:<\/h3>\n<ul>\n<li>Kanion Taz\u0131 jest oddalony od Alanyi o oko\u0142o 130 km<\/li>\n<li>Odbierzemy Ci\u0119 z hotelu klimatyzowanym autobusem o godzinie 08:00.<\/li>\n<li>Wsi\u0105dziemy do autobus\u00f3w typu cabrio i odwiedzimy historyczny rzymski most w kanionie K\u00f6pr\u00fcl\u00fc.<\/li>\n<li>Potem udamy si\u0119 do kanionu Taz\u0131 na przerw\u0119.<\/li>\n<li>Przerwa na obiad nad rzek\u0105 (kurczak, ry\u017c lub makaron, sa\u0142atka)<\/li>\n<li>Odwiedzimy staro\u017cytne miasto Selge i ska\u0142y Man (Adam Kayalar)<\/li>\n<li>Powr\u00f3t do Alanyi.<\/li>\n<li>Odwieziemy Ci\u0119 do hotelu o godzinie 18:30.<\/li>\n<\/ul>\n<p>Baw si\u0119 ju\u017c \ud83d\ude42<\/p>\n<h3>W cenie:<\/h3>\n<ul>\n<li>Ubezpieczenie<\/li>\n<li>Przewodnik<\/li>\n<li>Odbi\u00f3r z hotelu\/powr\u00f3t do hotelu<\/li>\n<li>Obiad<\/li>\n<li>Adam Kayalar op\u0142ata za wst\u0119p<\/li>\n<\/ul>\n<h3>Opcjonalnie z ceny wy\u0142\u0105czone:<\/h3>\n<ul>\n<li>Napoje<\/li>\n<li>Wej\u015bcie do kanionu<\/li>\n<li>Wydatki osobiste<\/li>\n<\/ul>\n<h3>Wskaz\u00f3wki i dodatkowe informacje:<\/h3>\n<ul>\n<li>Zawsze dbamy o Twoje bezpiecze\u0144stwo. Nasi do\u015bwiadczeni przewodnicy turystyczni poprowadz\u0105 Ci\u0119 bezpiecznie i zapewni\u0105 Ci maksymaln\u0105 przyjemno\u015b\u0107 ze wszystkich aktywno\u015bci.<\/li>\n<li>Godziny odbioru i powr\u00f3t mog\u0105 si\u0119 r\u00f3\u017cni\u0107 w zale\u017cno\u015bci od lokalizacji hotelu.<\/li>\n<\/ul>\n<h3>Informacje og\u00f3lne:<\/h3>\n<ul>\n<li>Dni wycieczek: Poniedzia\u0142ek, Czwartek, Sobota<\/li>\n<li>Miejsce spotkania: Hotel.<\/li>\n<li>Godzina spotkania: 08:30<\/li>\n<li>Miejsce powr\u00f3tu: Hotel.<\/li>\n<li>Godzina powr\u00f3tu: 18:00<\/li>\n<li>Czas trwania wycieczki: 10 (transport wliczony)<\/li>\n<\/ul>\n","protected":false},"excerpt":{"rendered":"<h3>Cennik<\/h3>\n<table class=\"price-table\">\n<tbody>\n<tr>\n<td>Jedna osoba<\/td>\n<td>Doros\u0142y (&gt;11)<\/td>\n<td>40 \u20ac<\/td>\n<\/tr>\n<tr>\n<td>Jedna osoba<\/td>\n<td>Dziecko (5-10)<\/td>\n<td>25 \u20ac<\/td>\n<\/tr>\n<tr>\n<td>Jedna osoba<\/td>\n<td>Niemowl\u0119 (0-4)<\/td>\n<td>Bezp\u0142atny<\/td>\n<\/tr>\n<\/tbody>\n<\/table>\n","protected":false},"featured_media":5151,"comment_status":"open","ping_status":"closed","template":"","meta":{"_joinchat":[]},"product_brand":[],"product_cat":[60],"product_tag":[],"class_list":{"0":"post-5147","1":"product","2":"type-product","3":"status-publish","4":"has-post-thumbnail","6":"product_cat-wycieczki-w-alanyi","8":"first","9":"instock","10":"sold-individually","11":"shipping-taxable","12":"purchasable","13":"product-type-booking"},"booking_location":"","booking_location_type":"","booking_duration":1,"booking_duration_unit":"day","booking_buffer":0,"booking_cost":0,"booking_resources":[],"jetpack_sharing_enabled":true,"_links":{"self":[{"href":"https:\/\/tursaytravel.com\/pl\/wp-json\/wp\/v2\/product\/5147","targetHints":{"allow":["GET"]}}],"collection":[{"href":"https:\/\/tursaytravel.com\/pl\/wp-json\/wp\/v2\/product"}],"about":[{"href":"https:\/\/tursaytravel.com\/pl\/wp-json\/wp\/v2\/types\/product"}],"replies":[{"embeddable":true,"href":"https:\/\/tursaytravel.com\/pl\/wp-json\/wp\/v2\/comments?post=5147"}],"wp:featuredmedia":[{"embeddable":true,"href":"https:\/\/tursaytravel.com\/pl\/wp-json\/wp\/v2\/media\/5151"}],"wp:attachment":[{"href":"https:\/\/tursaytravel.com\/pl\/wp-json\/wp\/v2\/media?parent=5147"}],"wp:term":[{"taxonomy":"product_brand","embeddable":true,"href":"https:\/\/tursaytravel.com\/pl\/wp-json\/wp\/v2\/product_brand?post=5147"},{"taxonomy":"product_cat","embeddable":true,"href":"https:\/\/tursaytravel.com\/pl\/wp-json\/wp\/v2\/product_cat?post=5147"},{"taxonomy":"product_tag","embeddable":true,"href":"https:\/\/tursaytravel.com\/pl\/wp-json\/wp\/v2\/product_tag?post=5147"}],"curies":[{"name":"wp","href":"https:\/\/api.w.org\/{rel}","templated":true}]}}