{"id":5130,"date":"2024-05-22T22:09:14","date_gmt":"2024-05-22T19:09:14","guid":{"rendered":"https:\/\/tursaytravel.com\/wycieczka-do-land-of-legends-nocny-pokaz-z-alanyi\/"},"modified":"2026-04-01T17:58:25","modified_gmt":"2026-04-01T14:58:25","slug":"wycieczka-do-land-of-legends-nocny-pokaz-z-alanyi","status":"publish","type":"product","link":"https:\/\/tursaytravel.com\/pl\/wycieczka-do-land-of-legends-nocny-pokaz-z-alanyi\/","title":{"rendered":"Wycieczka do Land of Legends Nocny pokaz z Alanyi"},"content":{"rendered":"<h2>Wycieczka do Land of Legends Nocny pokaz z Alanyi<\/h2>\n<p>The Land of Legends theme park is known as the legendary address of entertainment, adrenaline and excitement. Here you can meet a new legendary experience at any time. Night tours include spectacular entertainment shows held in this unique theme park. It offers the opportunity to experience a night full of light, sound, visual effects and unforgettable shows. These shows, adorned with acrobats, dancers and state-of-the-art visual effects, will amaze you. To experience an unforgettable evening in The Land of Legends, you can choose the night tour from Alanya.     <\/p>\n<h3>Szczeg\u00f3\u0142y informacji o wycieczce:<\/h3>\n<ul>\n<li>Land of legends, jeden z najwi\u0119kszych temat\u00f3w na \u015bwiecie.<\/li>\n<li>Znajduje si\u0119 w regionie Belek w pobli\u017cu Antalyi. -Oko\u0142o 120 km od Alanyi.<\/li>\n<li>Odbierzemy Ci\u0119 z hotelu oko\u0142o 16:45.<\/li>\n<li>Przyjazd do land of legends.<\/li>\n<li>Damy Ci wolny czas na zakupy, kawiarni\u0119<\/li>\n<li>B\u0119d\u0105 animacje, pokaz, parada \u0142odzi.<\/li>\n<li>Powr\u00f3t do Alanyi<\/li>\n<li>Odwieziemy Ci\u0119 do hotelu oko\u0142o 00:30.<\/li>\n<\/ul>\n<p>Baw si\u0119 ju\u017c \ud83d\ude42<\/p>\n<h3>W cenie:<\/h3>\n<ul>\n<li>Ubezpieczenie<\/li>\n<li>Przewodnik<\/li>\n<li>Odbi\u00f3r z hotelu\/powr\u00f3t do hotelu<\/li>\n<li>Animacje, pokaz, parada \u0142odzi<\/li>\n<\/ul>\n<h3>Opcjonalnie z ceny wy\u0142\u0105czone:<\/h3>\n<ul>\n<li>Wydatki osobiste<\/li>\n<li>Jedzenie, napoje<\/li>\n<\/ul>\n<h3>Wskaz\u00f3wki i dodatkowe informacje:<\/h3>\n<ul>\n<li>Godziny odbioru i powr\u00f3t mog\u0105 si\u0119 r\u00f3\u017cni\u0107 w zale\u017cno\u015bci od lokalizacji hotelu.<\/li>\n<\/ul>\n<h3>Informacje og\u00f3lne:<\/h3>\n<ul>\n<li>Dni wycieczek:Wtorek, Czwartek, Sobota<\/li>\n<li>Miejsce spotkania: Hotel.<\/li>\n<li>Godzina spotkania: 16:45<\/li>\n<li>Miejsce powr\u00f3tu: Hotel.<\/li>\n<li>Godzina powr\u00f3tu: 00:30<\/li>\n<li>Czas trwania wycieczki: 8 (transport wliczony)<\/li>\n<\/ul>\n","protected":false},"excerpt":{"rendered":"<h3>Cennik<\/h3>\n<table class=\"price-table\">\n<tbody>\n<tr>\n<td>Jedna osoba<\/td>\n<td>Doros\u0142y (&gt;11)<\/td>\n<td>20 \u20ac<\/td>\n<\/tr>\n<tr>\n<td>Jedna osoba<\/td>\n<td>Dziecko (4-10)<\/td>\n<td>20 \u20ac<\/td>\n<\/tr>\n<tr>\n<td>Jedna osoba <\/td>\n<td>Niemowl\u0119 (0-3)<\/td>\n<td>Bezp\u0142atny<\/td>\n<\/tr>\n<\/tbody>\n<\/table>\n","protected":false},"featured_media":5134,"comment_status":"open","ping_status":"closed","template":"","meta":{"_joinchat":[]},"product_brand":[],"product_cat":[60],"product_tag":[],"class_list":{"0":"post-5130","1":"product","2":"type-product","3":"status-publish","4":"has-post-thumbnail","6":"product_cat-wycieczki-w-alanyi","8":"first","9":"instock","10":"sold-individually","11":"shipping-taxable","12":"purchasable","13":"product-type-booking"},"booking_location":"","booking_location_type":"","booking_duration":1,"booking_duration_unit":"day","booking_buffer":0,"booking_cost":0,"booking_resources":[],"jetpack_sharing_enabled":true,"_links":{"self":[{"href":"https:\/\/tursaytravel.com\/pl\/wp-json\/wp\/v2\/product\/5130","targetHints":{"allow":["GET"]}}],"collection":[{"href":"https:\/\/tursaytravel.com\/pl\/wp-json\/wp\/v2\/product"}],"about":[{"href":"https:\/\/tursaytravel.com\/pl\/wp-json\/wp\/v2\/types\/product"}],"replies":[{"embeddable":true,"href":"https:\/\/tursaytravel.com\/pl\/wp-json\/wp\/v2\/comments?post=5130"}],"wp:featuredmedia":[{"embeddable":true,"href":"https:\/\/tursaytravel.com\/pl\/wp-json\/wp\/v2\/media\/5134"}],"wp:attachment":[{"href":"https:\/\/tursaytravel.com\/pl\/wp-json\/wp\/v2\/media?parent=5130"}],"wp:term":[{"taxonomy":"product_brand","embeddable":true,"href":"https:\/\/tursaytravel.com\/pl\/wp-json\/wp\/v2\/product_brand?post=5130"},{"taxonomy":"product_cat","embeddable":true,"href":"https:\/\/tursaytravel.com\/pl\/wp-json\/wp\/v2\/product_cat?post=5130"},{"taxonomy":"product_tag","embeddable":true,"href":"https:\/\/tursaytravel.com\/pl\/wp-json\/wp\/v2\/product_tag?post=5130"}],"curies":[{"name":"wp","href":"https:\/\/api.w.org\/{rel}","templated":true}]}}