{"id":5022,"date":"2024-06-28T21:26:33","date_gmt":"2024-06-28T18:26:33","guid":{"rendered":"https:\/\/tursaytravel.com\/rejs-katamaranem-w-alanyi\/"},"modified":"2026-05-04T17:08:41","modified_gmt":"2026-05-04T14:08:41","slug":"rejs-katamaranem-w-alanyi","status":"publish","type":"product","link":"https:\/\/tursaytravel.com\/pl\/rejs-katamaranem-w-alanyi\/","title":{"rendered":"Rejs katamaranem w Alanyi"},"content":{"rendered":"<h2>Rejs katamaranem w Alanyi<\/h2>\n<p>To codzienna wycieczka rozrywkowa organizowana na naszym katamaranie. Ta wycieczka, podczas kt\u00f3rej zobaczysz s\u0142ynn\u0105 na ca\u0142ym \u015bwiecie pla\u017c\u0119 Kleopatry, historyczne jaskinie i najpi\u0119kniejsze pla\u017ce, a tak\u017ce b\u0119dziesz cieszy\u0107 si\u0119 imprez\u0105 z pian\u0105 i zabawnymi zaj\u0119ciami, czeka na Ciebie w Alanyi. <\/p>\n<h2>Szczeg\u00f3\u0142y informacji o wycieczce:<\/h2>\n<ul>\n<li>Odbierzemy Ci\u0119 z hotelu oko\u0142o 09:30 rano.<\/li>\n<li>Przybycie do portu w Alanyi.<\/li>\n<li>Nasza \u0142\u00f3d\u017a odp\u0142ynie z portu w Alanyi oko\u0142o 10:30.<\/li>\n<li>Pierwsz\u0105 przerw\u0119 na p\u0142ywanie zrobimy w stoczni obok Redtower.<\/li>\n<li>Zobaczymy jaskini\u0119 pirat\u00f3w, jaskini\u0119 kochank\u00f3w, jaskini\u0119 fosforow\u0105.<\/li>\n<li>Na pla\u017c\u0119 Ula\u015f udamy si\u0119 z otwartego morza.<\/li>\n<li>B\u0119dziemy mie\u0107 przerw\u0119 na obiad na pla\u017cy Ula\u015f. Obiad jest wliczony w cen\u0119 wycieczki.<\/li>\n<li>R\u00f3wnie\u017c napoje bezalkoholowe przez ca\u0142y dzie\u0144 s\u0105 bezp\u0142atne, ale w szklance i samoobs\u0142ugowe (woda, cola, fanta).<\/li>\n<li>Zrobimy sobie przerw\u0119 na p\u0142ywanie w jaskini diab\u0142a (mo\u017cna wej\u015b\u0107 do jaskini i pop\u0142ywa\u0107).<\/li>\n<li>Nast\u0119pnie udamy si\u0119 na pla\u017c\u0119 Kleopatry na przerw\u0119 na p\u0142ywanie.<\/li>\n<li>W czasie tej wycieczki odb\u0119dzie si\u0119 impreza z pian\u0105, animacje, muzyka i r\u00f3\u017cne zaj\u0119cia.<\/li>\n<li>Powr\u00f3t do portu w Alanyi z otwartego morza.<\/li>\n<li>Je\u015bli to Tw\u00f3j szcz\u0119\u015bliwy dzie\u0144, mo\u017cesz zobaczy\u0107 delfiny.<\/li>\n<li>Wycieczka zako\u0144czy si\u0119 oko\u0142o 15:00 i odwieziemy Ci\u0119 do hotelu oko\u0142o 15:30.<\/li>\n<\/ul>\n<p>Baw si\u0119 ju\u017c \u263a\ufe0f<\/p>\n<h2>W cenie:<\/h2>\n<ul>\n<li>Ubezpieczenie<\/li>\n<li>Przewodnik<\/li>\n<li>Odbi\u00f3r z hotelu\/powr\u00f3t do hotelu<\/li>\n<li>Obiad (kurczak, makaron i sa\u0142atka)<\/li>\n<li>Napoje bezalkoholowe (ca\u0142y dzie\u0144 za darmo)<\/li>\n<\/ul>\n<h2>Opcjonalnie z ceny wy\u0142\u0105czone:<\/h2>\n<ul>\n<li>Zdj\u0119cie<\/li>\n<li>Lody<\/li>\n<li>Alkohol<\/li>\n<\/ul>\n<h2>Wskaz\u00f3wki i dodatkowe informacje:<\/h2>\n<ul>\n<li>Powiniene\u015b zabra\u0107 ze sob\u0105 kostium k\u0105pielowy, krem z filtrem, okulary przeciws\u0142oneczne, r\u0119cznik.<\/li>\n<li>Godziny odbioru i powr\u00f3t mog\u0105 si\u0119 r\u00f3\u017cni\u0107 w zale\u017cno\u015bci od lokalizacji hotelu.<\/li>\n<\/ul>\n<h2>Informacje og\u00f3lne:<\/h2>\n<ul>\n<li>Dni wycieczek: Codziennie<\/li>\n<li>Miejsce spotkania: Hotel.<\/li>\n<li>Godzina spotkania: 09:30<\/li>\n<li>Miejsce powr\u00f3tu: Hotel.<\/li>\n<li>Godzina powr\u00f3tu: 15:30<\/li>\n<li>Czas trwania wycieczki: 6 (transport wliczony)<\/li>\n<\/ul>\n","protected":false},"excerpt":{"rendered":"<h3>Cennik<\/h3>\n<table class=\"price-table\">\n<tbody>\n<tr>\n<td>Jedna osoba<\/td>\n<td>Doros\u0142y (&gt;12)<\/td>\n<td>20 \u20ac<\/td>\n<\/tr>\n<tr>\n<td>Jedna osoba<\/td>\n<td>Dziecko (7-11)<\/td>\n<td>10 \u20ac<\/td>\n<\/tr>\n<tr>\n<td>Jedna osoba <\/td>\n<td>Niemowl\u0119 (0-6)<\/td>\n<td>Bezp\u0142atny<\/td>\n<\/tr>\n<\/tbody>\n<\/table>\n","protected":false},"featured_media":5026,"comment_status":"open","ping_status":"closed","template":"","meta":{"_joinchat":[]},"product_brand":[],"product_cat":[60],"product_tag":[],"class_list":{"0":"post-5022","1":"product","2":"type-product","3":"status-publish","4":"has-post-thumbnail","6":"product_cat-wycieczki-w-alanyi","8":"first","9":"instock","10":"sold-individually","11":"shipping-taxable","12":"purchasable","13":"product-type-booking"},"booking_location":"","booking_location_type":"","booking_duration":1,"booking_duration_unit":"day","booking_buffer":0,"booking_cost":0,"booking_resources":[],"jetpack_sharing_enabled":true,"_links":{"self":[{"href":"https:\/\/tursaytravel.com\/pl\/wp-json\/wp\/v2\/product\/5022","targetHints":{"allow":["GET"]}}],"collection":[{"href":"https:\/\/tursaytravel.com\/pl\/wp-json\/wp\/v2\/product"}],"about":[{"href":"https:\/\/tursaytravel.com\/pl\/wp-json\/wp\/v2\/types\/product"}],"replies":[{"embeddable":true,"href":"https:\/\/tursaytravel.com\/pl\/wp-json\/wp\/v2\/comments?post=5022"}],"wp:featuredmedia":[{"embeddable":true,"href":"https:\/\/tursaytravel.com\/pl\/wp-json\/wp\/v2\/media\/5026"}],"wp:attachment":[{"href":"https:\/\/tursaytravel.com\/pl\/wp-json\/wp\/v2\/media?parent=5022"}],"wp:term":[{"taxonomy":"product_brand","embeddable":true,"href":"https:\/\/tursaytravel.com\/pl\/wp-json\/wp\/v2\/product_brand?post=5022"},{"taxonomy":"product_cat","embeddable":true,"href":"https:\/\/tursaytravel.com\/pl\/wp-json\/wp\/v2\/product_cat?post=5022"},{"taxonomy":"product_tag","embeddable":true,"href":"https:\/\/tursaytravel.com\/pl\/wp-json\/wp\/v2\/product_tag?post=5022"}],"curies":[{"name":"wp","href":"https:\/\/api.w.org\/{rel}","templated":true}]}}